{"id":5598,"date":"2022-08-02T17:11:51","date_gmt":"2022-08-02T17:11:51","guid":{"rendered":"https:\/\/austinpartners.org\/?page_id=5598"},"modified":"2024-10-16T22:57:23","modified_gmt":"2024-10-16T22:57:23","slug":"coordinator-forms","status":"publish","type":"page","link":"https:\/\/austinpartners.org\/vi\/coordinator-forms\/","title":{"rendered":"Bi\u1ec3u m\u1eabu \u0111i\u1ec1u ph\u1ed1i vi\u00ean"},"content":{"rendered":"<div data-elementor-type=\"wp-page\" data-elementor-id=\"5598\" class=\"elementor elementor-5598\" data-elementor-post-type=\"page\">\n\t\t\t\t\t\t<section class=\"elementor-section elementor-top-section elementor-element elementor-element-5e8e874d elementor-section-content-middle elementor-section-boxed elementor-section-height-default elementor-section-height-default\" data-id=\"5e8e874d\" data-element_type=\"section\" data-settings=\"{&quot;background_background&quot;:&quot;classic&quot;}\">\n\t\t\t\t\t\t\t<div class=\"elementor-background-overlay\"><\/div>\n\t\t\t\t\t\t\t<div class=\"elementor-container elementor-column-gap-default\">\n\t\t\t\t\t<div class=\"elementor-column elementor-col-100 elementor-top-column elementor-element elementor-element-6b716b63\" data-id=\"6b716b63\" data-element_type=\"column\">\n\t\t\t<div class=\"elementor-widget-wrap elementor-element-populated\">\n\t\t\t\t\t\t<div class=\"elementor-element elementor-element-d40c51b elementor-headline--style-highlight elementor-widget elementor-widget-animated-headline\" data-id=\"d40c51b\" data-element_type=\"widget\" data-settings=\"{&quot;marker&quot;:&quot;underline&quot;,&quot;highlighted_text&quot;:&quot;Mentor Coordinator Forms&quot;,&quot;headline_style&quot;:&quot;highlight&quot;,&quot;loop&quot;:&quot;yes&quot;,&quot;highlight_animation_duration&quot;:1200,&quot;highlight_iteration_delay&quot;:8000}\" data-widget_type=\"animated-headline.default\">\n\t\t\t\t<div class=\"elementor-widget-container\">\n\t\t\t\t\t\t\t<h3 class=\"elementor-headline\">\n\t\t\t\t<span class=\"elementor-headline-dynamic-wrapper elementor-headline-text-wrapper\">\n\t\t\t\t\t<span class=\"elementor-headline-dynamic-text elementor-headline-text-active\">Bi\u1ec3u m\u1eabu \u0111i\u1ec1u ph\u1ed1i vi\u00ean c\u1ed1 v\u1ea5n<\/span>\n\t\t\t\t<\/span>\n\t\t\t\t<\/h3>\n\t\t\t\t\t\t<\/div>\n\t\t\t\t<\/div>\n\t\t\t\t<div class=\"elementor-element elementor-element-bfccaf7 elementor-widget elementor-widget-text-editor\" data-id=\"bfccaf7\" data-element_type=\"widget\" data-widget_type=\"text-editor.default\">\n\t\t\t\t<div class=\"elementor-widget-container\">\n\t\t\t\t\t\t\t\t\t<p style=\"text-align: center;\"><span style=\"color: #ffffff;\"><span style=\"font-size: x-large;\">Ng\u01b0\u1eddi c\u1ed1 v\u1ea5n c\u00f3 th\u1ec3 t\u1ea1o ra t\u00e1c \u0111\u1ed9ng t\u00edch c\u1ef1c \u0111\u1ebfn cu\u1ed9c s\u1ed1ng c\u1ee7a h\u1ecdc sinh.<\/span><\/span><\/p>\n<p><\/p>\t\t\t\t\t\t\t\t<\/div>\n\t\t\t\t<\/div>\n\t\t\t\t<div class=\"elementor-element elementor-element-df6f772 elementor-align-center elementor-widget elementor-widget-button\" data-id=\"df6f772\" data-element_type=\"widget\" data-widget_type=\"button.default\">\n\t\t\t\t<div class=\"elementor-widget-container\">\n\t\t\t\t\t\t\t\t\t<div class=\"elementor-button-wrapper\">\n\t\t\t\t\t<a class=\"elementor-button elementor-button-link elementor-size-sm\" href=\"#Forms\">\n\t\t\t\t\t\t<span class=\"elementor-button-content-wrapper\">\n\t\t\t\t\t\t\t\t\t<span class=\"elementor-button-text\">Xem Bi\u1ec3u m\u1eabu<\/span>\n\t\t\t\t\t<\/span>\n\t\t\t\t\t<\/a>\n\t\t\t\t<\/div>\n\t\t\t\t\t\t\t\t<\/div>\n\t\t\t\t<\/div>\n\t\t\t\t\t<\/div>\n\t\t<\/div>\n\t\t\t\t\t<\/div>\n\t\t<\/section>\n\t\t\t\t<section class=\"elementor-section elementor-top-section elementor-element elementor-element-6cad827 elementor-section-content-middle elementor-section-boxed elementor-section-height-default elementor-section-height-default\" data-id=\"6cad827\" data-element_type=\"section\" data-settings=\"{&quot;background_background&quot;:&quot;classic&quot;}\">\n\t\t\t\t\t\t<div class=\"elementor-container elementor-column-gap-default\">\n\t\t\t\t\t<div class=\"elementor-column elementor-col-100 elementor-top-column elementor-element elementor-element-3f14d7a\" data-id=\"3f14d7a\" data-element_type=\"column\">\n\t\t\t<div class=\"elementor-widget-wrap elementor-element-populated\">\n\t\t\t\t\t\t<div class=\"elementor-element elementor-element-4020996 elementor-widget elementor-widget-accordion\" data-id=\"4020996\" data-element_type=\"widget\" id=\"Forms\" data-widget_type=\"accordion.default\">\n\t\t\t\t<div class=\"elementor-widget-container\">\n\t\t\t\t\t\t\t<div class=\"elementor-accordion\">\n\t\t\t\t\t\t\t<div class=\"elementor-accordion-item\">\n\t\t\t\t\t<div id=\"elementor-tab-title-6721\" class=\"elementor-tab-title\" data-tab=\"1\" role=\"button\" aria-controls=\"elementor-tab-content-6721\" aria-expanded=\"false\">\n\t\t\t\t\t\t\t\t\t\t\t\t\t<span class=\"elementor-accordion-icon elementor-accordion-icon-left\" aria-hidden=\"true\">\n\t\t\t\t\t\t\t\t\t\t\t\t\t\t\t<span class=\"elementor-accordion-icon-closed\"><i class=\"fas fa-plus\"><\/i><\/span>\n\t\t\t\t\t\t\t\t<span class=\"elementor-accordion-icon-opened\"><i class=\"fas fa-minus\"><\/i><\/span>\n\t\t\t\t\t\t\t\t\t\t\t\t\t\t<\/span>\n\t\t\t\t\t\t\t\t\t\t\t\t<a class=\"elementor-accordion-title\" tabindex=\"0\">\u0110i\u1ec1u ph\u1ed1i vi\u00ean c\u1ed1 v\u1ea5n<\/a>\n\t\t\t\t\t<\/div>\n\t\t\t\t\t<div id=\"elementor-tab-content-6721\" class=\"elementor-tab-content elementor-clearfix\" data-tab=\"1\" role=\"region\" aria-labelledby=\"elementor-tab-title-6721\"><h4><strong>H\u01b0\u1edbng d\u1eabn<\/strong><\/h4><ul><li><a href=\"https:\/\/austinpartners.org\/wp-content\/uploads\/2024\/08\/APIE-Mentor-Coordinator-Guide-24-25.pdf\">H\u01b0\u1edbng d\u1eabn \u0111i\u1ec1u ph\u1ed1i vi\u00ean c\u1ed1 v\u1ea5n 2024-2025<\/a><\/li><li><a href=\"https:\/\/austinpartners.org\/wp-content\/uploads\/2024\/08\/Mentor-Coordination-Process.pdf\">H\u01b0\u1edbng d\u1eabn d\u00e0nh cho \u0110i\u1ec1u ph\u1ed1i vi\u00ean c\u1ed1 v\u1ea5n_M\u1ed9t trang<\/a><\/li><li><a href=\"https:\/\/austinpartners.org\/wp-content\/uploads\/2024\/09\/Refugee-Student_Coordination-Process.pdf\">Sinh vi\u00ean t\u1ecb n\u1ea1n_ \u0110i\u1ec1u ph\u1ed1i danh s\u00e1ch \u01b0u ti\u00ean_ Dobie_ \u0110\u00f4ng B\u1eafc_ Qu\u1ed1c t\u1ebf_ Ch\u1ec9 Webb<\/a><\/li><li><a href=\"https:\/\/austinpartners.org\/wp-content\/uploads\/2023\/08\/Mentor-Agreement_2023-2024-1.pdf\">Th\u1ecfa thu\u1eadn c\u1ed1 v\u1ea5n 2024-2025 (<em>ng\u01b0\u1eddi c\u1ed1 v\u1ea5n k\u00fd m\u1eabu n\u00e0y v\u1edbi APIE<\/em>)<\/a><\/li><li><a href=\"https:\/\/austinpartners.org\/wp-content\/uploads\/2023\/08\/Volunteer-Confidentiality-Agreement-English-1.pdf\">Bi\u1ec3u m\u1eabu b\u1ea3o m\u1eadt c\u1ee7a AISD \u2013 Ti\u1ebfng Anh (Ng\u01b0\u1eddi h\u01b0\u1edbng d\u1eabn k\u00fd bi\u1ec3u m\u1eabu n\u00e0y c\u00f9ng v\u1edbi \u0111\u01a1n xin c\u1ea5p l\u00fd l\u1ecbch c\u1ee7a h\u1ecd)<\/a><\/li><li><a href=\"https:\/\/austinpartners.org\/wp-content\/uploads\/2023\/08\/Volunteer-Confidentiality-Agreement-Spanish-1.pdf\">Bi\u1ec3u m\u1eabu b\u1ea3o m\u1eadt AISD - Ti\u1ebfng T\u00e2y Ban Nha <\/a><a href=\"https:\/\/austinpartners.org\/wp-content\/uploads\/2023\/08\/Volunteer-Confidentiality-Agreement-English-1.pdf\">(Ng\u01b0\u1eddi h\u01b0\u1edbng d\u1eabn k\u00fd m\u1eabu n\u00e0y c\u00f9ng v\u1edbi \u0111\u01a1n xin vi\u1ec7c c\u1ee7a h\u1ecd)<\/a><\/li><li><a href=\"https:\/\/austinpartners.org\/wp-content\/uploads\/2023\/08\/Mentor-Sign-in-Sheet.xlsx\">Phi\u1ebfu \u0111\u0103ng k\u00fd c\u1ee7a c\u1ed1 v\u1ea5n (t\u00f9y ch\u1ecdn: C\u1ed1 v\u1ea5n \u0111i\u1ec1n v\u00e0o bi\u1ec3u m\u1eabu tr\u1ef1c tuy\u1ebfn m\u1ed7i tu\u1ea7n khi h\u1ecd g\u1eb7p c\u1ed1 v\u1ea5n c\u1ee7a m\u00ecnh)<\/a>\u00a0<\/li><\/ul><h4><strong>Bi\u1ec3u m\u1eabu sinh vi\u00ean<\/strong><\/h4><ul><li><a href=\"https:\/\/austinpartners.org\/wp-content\/uploads\/2024\/10\/Student-Interest-and-Agreement-Form_Fillable_Bilingual.pdf\">Bi\u1ec3u m\u1eabu d\u00e0nh cho sinh vi\u00ean \u2013 Bi\u1ec3u m\u1eabu quan t\u00e2m v\u00e0 th\u1ecfa thu\u1eadn c\u1ee7a ng\u01b0\u1eddi \u0111\u01b0\u1ee3c c\u1ed1 v\u1ea5n (c\u00f3 th\u1ec3 \u0111i\u1ec1n)<\/a><\/li><li><a href=\"https:\/\/austinpartners.org\/wp-content\/uploads\/2024\/08\/APIE-Mentor-Program_Student-Referral-2024-2025.pdf\">M\u1eabu gi\u1edbi thi\u1ec7u sinh vi\u00ean<\/a><\/li><\/ul><h4><strong>Bi\u1ec3u m\u1eabu d\u00e0nh cho ph\u1ee5 huynh<\/strong><\/h4><ul><li><a href=\"https:\/\/form.jotform.com\/242264263548156\">M\u1eabu \u0111\u01a1n \u0111\u1ed3ng \u00fd c\u1ee7a ph\u1ee5 huynh \u0111i\u1ec7n t\u1eed_Ti\u1ebfng Anh<\/a><\/li><li><a href=\"https:\/\/form.jotform.com\/242264913206149\">M\u1eabu \u0111\u01a1n \u0111\u1ed3ng \u00fd c\u1ee7a ph\u1ee5 huynh \u0111i\u1ec7n t\u1eed_Ti\u1ebfng T\u00e2y Ban Nha<\/a><\/li><li><a href=\"https:\/\/austinpartners.org\/wp-content\/uploads\/2024\/08\/Parent-Consent_APIE-Mentor-Program_2024-25-1.pdf\">M\u1eabu \u0111\u01a1n \u0111\u1ed3ng \u00fd c\u1ee7a ph\u1ee5 huynh c\u00f3 th\u1ec3 in \u0111\u01b0\u1ee3c \u2013 Ti\u1ebfng Anh\/Ti\u1ebfng T\u00e2y Ban Nha<\/a><\/li><\/ul><h4><strong>T\u1edd r\u01a1i<\/strong><\/h4><ul><li><a href=\"https:\/\/austinpartners.org\/wp-content\/uploads\/2024\/10\/High-School-Flyer.pdf\">T\u1edd r\u01a1i sinh vi\u00ean<\/a><\/li><li><a href=\"https:\/\/austinpartners.org\/wp-content\/uploads\/2024\/10\/APIE-Mentor-Program_ParentTeacher-Flyer_Bilingual.pdf\">T\u1edd r\u01a1i cho nh\u00e2n vi\u00ean\/ph\u1ee5 huynh<\/a><\/li><li><a href=\"https:\/\/austinpartners.org\/wp-content\/uploads\/2024\/10\/APIE-Volunteer-Mentors_Recruitment-Flyer.pdf\">T\u1edd r\u01a1i tuy\u1ec3n d\u1ee5ng t\u00ecnh nguy\u1ec7n vi\u00ean (APIE Mentor)<\/a><\/li><\/ul><\/div>\n\t\t\t\t<\/div>\n\t\t\t\t\t\t\t\t<\/div>\n\t\t\t\t\t\t<\/div>\n\t\t\t\t<\/div>\n\t\t\t\t\t<\/div>\n\t\t<\/div>\n\t\t\t\t\t<\/div>\n\t\t<\/section>\n\t\t\t\t<\/div>","protected":false},"excerpt":{"rendered":"<p>Bi\u1ec3u m\u1eabu \u0110i\u1ec1u ph\u1ed1i vi\u00ean c\u1ed1 v\u1ea5n Ng\u01b0\u1eddi c\u1ed1 v\u1ea5n c\u00f3 th\u1ec3 t\u1ea1o ra t\u00e1c \u0111\u1ed9ng t\u00edch c\u1ef1c trong cu\u1ed9c s\u1ed1ng c\u1ee7a h\u1ecdc sinh. Xem Bi\u1ec3u m\u1eabu H\u01b0\u1edbng d\u1eabn \u0110i\u1ec1u ph\u1ed1i vi\u00ean c\u1ed1 v\u1ea5n H\u01b0\u1edbng d\u1eabn \u0110i\u1ec1u ph\u1ed1i vi\u00ean c\u1ed1 v\u1ea5n 2024-2025 H\u01b0\u1edbng d\u1eabn \u0110i\u1ec1u ph\u1ed1i vi\u00ean c\u1ed1 v\u1ea5n_M\u1ed9t trang H\u1ecdc sinh t\u1ecb n\u1ea1n_Danh s\u00e1ch \u01b0u ti\u00ean \u0110i\u1ec1u ph\u1ed1i_Dobie_Northeast_International_Webb Ch\u1ec9 d\u00e0nh cho Th\u1ecfa thu\u1eadn c\u1ed1 v\u1ea5n 2024-2025 (ng\u01b0\u1eddi c\u1ed1 v\u1ea5n k\u00fd bi\u1ec3u m\u1eabu n\u00e0y v\u1edbi APIE) Bi\u1ec3u m\u1eabu b\u1ea3o m\u1eadt AISD \u2013 Ti\u1ebfng Anh (Ng\u01b0\u1eddi c\u1ed1 v\u1ea5n k\u00fd bi\u1ec3u m\u1eabu n\u00e0y v\u1edbi l\u00fd l\u1ecbch c\u1ee7a h\u1ecd [\u2026]<\/p>","protected":false},"author":2,"featured_media":0,"parent":0,"menu_order":0,"comment_status":"closed","ping_status":"closed","template":"","meta":{"_acf_changed":false,"inline_featured_image":false,"footnotes":""},"class_list":["post-5598","page","type-page","status-publish","hentry"],"acf":[],"yoast_head":"<!-- This site is optimized with the Yoast SEO plugin v24.9 - https:\/\/yoast.com\/wordpress\/plugins\/seo\/ -->\n<title>Coordinator Forms - Austin Partners in Education<\/title>\n<meta name=\"description\" content=\"Mentors work with 6th through 12th grade students weekly to help strengthen their communication skills and build self-confidence.\" \/>\n<meta name=\"robots\" content=\"index, follow, max-snippet:-1, max-image-preview:large, max-video-preview:-1\" \/>\n<link rel=\"canonical\" href=\"https:\/\/austinpartners.org\/vi\/coordinator-forms\/\" \/>\n<meta property=\"og:locale\" content=\"vi_VN\" \/>\n<meta property=\"og:type\" content=\"article\" \/>\n<meta property=\"og:title\" content=\"Coordinator Forms - Austin Partners in Education\" \/>\n<meta property=\"og:description\" content=\"Mentors work with 6th through 12th grade students weekly to help strengthen their communication skills and build self-confidence.\" \/>\n<meta property=\"og:url\" content=\"https:\/\/austinpartners.org\/vi\/coordinator-forms\/\" \/>\n<meta property=\"og:site_name\" content=\"Austin Partners in Education\" \/>\n<meta property=\"article:modified_time\" content=\"2024-10-16T22:57:23+00:00\" \/>\n<meta name=\"twitter:card\" content=\"summary_large_image\" \/>\n<meta name=\"twitter:label1\" content=\"\u01af\u1edbc t\u00ednh th\u1eddi gian \u0111\u1ecdc\" \/>\n\t<meta name=\"twitter:data1\" content=\"1 ph\u00fat\" \/>\n<script type=\"application\/ld+json\" class=\"yoast-schema-graph\">{\"@context\":\"https:\/\/schema.org\",\"@graph\":[{\"@type\":\"WebPage\",\"@id\":\"https:\/\/austinpartners.org\/coordinator-forms\/\",\"url\":\"https:\/\/austinpartners.org\/coordinator-forms\/\",\"name\":\"Coordinator Forms - Austin Partners in Education\",\"isPartOf\":{\"@id\":\"https:\/\/austinpartners.org\/#website\"},\"datePublished\":\"2022-08-02T17:11:51+00:00\",\"dateModified\":\"2024-10-16T22:57:23+00:00\",\"description\":\"Mentors work with 6th through 12th grade students weekly to help strengthen their communication skills and build self-confidence.\",\"breadcrumb\":{\"@id\":\"https:\/\/austinpartners.org\/coordinator-forms\/#breadcrumb\"},\"inLanguage\":\"vi\",\"potentialAction\":[{\"@type\":\"ReadAction\",\"target\":[\"https:\/\/austinpartners.org\/coordinator-forms\/\"]}]},{\"@type\":\"BreadcrumbList\",\"@id\":\"https:\/\/austinpartners.org\/coordinator-forms\/#breadcrumb\",\"itemListElement\":[{\"@type\":\"ListItem\",\"position\":1,\"name\":\"Home\",\"item\":\"https:\/\/austinpartners.org\/\"},{\"@type\":\"ListItem\",\"position\":2,\"name\":\"Coordinator Forms\"}]},{\"@type\":\"WebSite\",\"@id\":\"https:\/\/austinpartners.org\/#website\",\"url\":\"https:\/\/austinpartners.org\/\",\"name\":\"Austin Partners in Education\",\"description\":\"Inspire students to prepare them for school and life\",\"potentialAction\":[{\"@type\":\"SearchAction\",\"target\":{\"@type\":\"EntryPoint\",\"urlTemplate\":\"https:\/\/austinpartners.org\/?s={search_term_string}\"},\"query-input\":{\"@type\":\"PropertyValueSpecification\",\"valueRequired\":true,\"valueName\":\"search_term_string\"}}],\"inLanguage\":\"vi\"}]}<\/script>\n<!-- \/ Yoast SEO plugin. -->","yoast_head_json":{"title":"Coordinator Forms - Austin Partners in Education","description":"Mentors work with 6th through 12th grade students weekly to help strengthen their communication skills and build self-confidence.","robots":{"index":"index","follow":"follow","max-snippet":"max-snippet:-1","max-image-preview":"max-image-preview:large","max-video-preview":"max-video-preview:-1"},"canonical":"https:\/\/austinpartners.org\/vi\/coordinator-forms\/","og_locale":"vi_VN","og_type":"article","og_title":"Coordinator Forms - Austin Partners in Education","og_description":"Mentors work with 6th through 12th grade students weekly to help strengthen their communication skills and build self-confidence.","og_url":"https:\/\/austinpartners.org\/vi\/coordinator-forms\/","og_site_name":"Austin Partners in Education","article_modified_time":"2024-10-16T22:57:23+00:00","twitter_card":"summary_large_image","twitter_misc":{"\u01af\u1edbc t\u00ednh th\u1eddi gian \u0111\u1ecdc":"1 ph\u00fat"},"schema":{"@context":"https:\/\/schema.org","@graph":[{"@type":"WebPage","@id":"https:\/\/austinpartners.org\/coordinator-forms\/","url":"https:\/\/austinpartners.org\/coordinator-forms\/","name":"Coordinator Forms - Austin Partners in Education","isPartOf":{"@id":"https:\/\/austinpartners.org\/#website"},"datePublished":"2022-08-02T17:11:51+00:00","dateModified":"2024-10-16T22:57:23+00:00","description":"Mentors work with 6th through 12th grade students weekly to help strengthen their communication skills and build self-confidence.","breadcrumb":{"@id":"https:\/\/austinpartners.org\/coordinator-forms\/#breadcrumb"},"inLanguage":"vi","potentialAction":[{"@type":"ReadAction","target":["https:\/\/austinpartners.org\/coordinator-forms\/"]}]},{"@type":"BreadcrumbList","@id":"https:\/\/austinpartners.org\/coordinator-forms\/#breadcrumb","itemListElement":[{"@type":"ListItem","position":1,"name":"Home","item":"https:\/\/austinpartners.org\/"},{"@type":"ListItem","position":2,"name":"Coordinator Forms"}]},{"@type":"WebSite","@id":"https:\/\/austinpartners.org\/#website","url":"https:\/\/austinpartners.org\/","name":"Austin Partners in Education","description":"Inspire students to prepare them for school and life","potentialAction":[{"@type":"SearchAction","target":{"@type":"EntryPoint","urlTemplate":"https:\/\/austinpartners.org\/?s={search_term_string}"},"query-input":{"@type":"PropertyValueSpecification","valueRequired":true,"valueName":"search_term_string"}}],"inLanguage":"vi"}]}},"_links":{"self":[{"href":"https:\/\/austinpartners.org\/vi\/wp-json\/wp\/v2\/pages\/5598"}],"collection":[{"href":"https:\/\/austinpartners.org\/vi\/wp-json\/wp\/v2\/pages"}],"about":[{"href":"https:\/\/austinpartners.org\/vi\/wp-json\/wp\/v2\/types\/page"}],"author":[{"embeddable":true,"href":"https:\/\/austinpartners.org\/vi\/wp-json\/wp\/v2\/users\/2"}],"replies":[{"embeddable":true,"href":"https:\/\/austinpartners.org\/vi\/wp-json\/wp\/v2\/comments?post=5598"}],"version-history":[{"count":262,"href":"https:\/\/austinpartners.org\/vi\/wp-json\/wp\/v2\/pages\/5598\/revisions"}],"predecessor-version":[{"id":9318,"href":"https:\/\/austinpartners.org\/vi\/wp-json\/wp\/v2\/pages\/5598\/revisions\/9318"}],"wp:attachment":[{"href":"https:\/\/austinpartners.org\/vi\/wp-json\/wp\/v2\/media?parent=5598"}],"curies":[{"name":"wp","href":"https:\/\/api.w.org\/{rel}","templated":true}]}}