{"id":529,"date":"2020-03-26T17:15:11","date_gmt":"2020-03-26T17:15:11","guid":{"rendered":"https:\/\/austinpartners.org\/?page_id=529"},"modified":"2025-08-04T15:33:50","modified_gmt":"2025-08-04T15:33:50","slug":"austin-isd-school-based-volunteer","status":"publish","type":"page","link":"https:\/\/austinpartners.org\/vi\/austin-isd-school-based-volunteer\/","title":{"rendered":"T\u00ecnh nguy\u1ec7n t\u1ea1i tr\u01b0\u1eddng Austin ISD"},"content":{"rendered":"<div data-elementor-type=\"wp-page\" data-elementor-id=\"529\" class=\"elementor elementor-529\" data-elementor-post-type=\"page\">\n\t\t\t\t\t\t<section class=\"elementor-section elementor-top-section elementor-element elementor-element-c168a65 elementor-section-content-middle elementor-section-boxed elementor-section-height-default elementor-section-height-default\" data-id=\"c168a65\" data-element_type=\"section\" data-settings=\"{&quot;background_background&quot;:&quot;classic&quot;}\">\n\t\t\t\t\t\t\t<div class=\"elementor-background-overlay\"><\/div>\n\t\t\t\t\t\t\t<div class=\"elementor-container elementor-column-gap-default\">\n\t\t\t\t\t<div class=\"elementor-column elementor-col-100 elementor-top-column elementor-element elementor-element-13ecdaf8\" data-id=\"13ecdaf8\" data-element_type=\"column\">\n\t\t\t<div class=\"elementor-widget-wrap elementor-element-populated\">\n\t\t\t\t\t\t<div class=\"elementor-element elementor-element-320cb1ae elementor-widget elementor-widget-heading\" data-id=\"320cb1ae\" data-element_type=\"widget\" data-widget_type=\"heading.default\">\n\t\t\t\t<div class=\"elementor-widget-container\">\n\t\t\t\t\t<h1 class=\"elementor-heading-title elementor-size-default\">T\u00ecnh nguy\u1ec7n t\u1ea1i tr\u01b0\u1eddng Austin ISD<\/h1>\t\t\t\t<\/div>\n\t\t\t\t<\/div>\n\t\t\t\t<div class=\"elementor-element elementor-element-26d866e6 elementor-widget elementor-widget-heading\" data-id=\"26d866e6\" data-element_type=\"widget\" data-widget_type=\"heading.default\">\n\t\t\t\t<div class=\"elementor-widget-container\">\n\t\t\t\t\t<p class=\"elementor-heading-title elementor-size-default\">Ch\u00fang t\u00f4i r\u1ea5t vui m\u1eebng \u0111\u01b0\u1ee3c c\u00f4ng b\u1ed1 n\u1ec1n t\u1ea3ng qu\u1ea3n l\u00fd t\u00ecnh nguy\u1ec7n vi\u00ean m\u1edbi c\u1ee7a Austin ISD v\u1edbi VOLY. <\/p>\t\t\t\t<\/div>\n\t\t\t\t<\/div>\n\t\t\t\t<div class=\"elementor-element elementor-element-b1c9f4d elementor-align-center elementor-widget elementor-widget-button\" data-id=\"b1c9f4d\" data-element_type=\"widget\" data-widget_type=\"button.default\">\n\t\t\t\t<div class=\"elementor-widget-container\">\n\t\t\t\t\t\t\t\t\t<div class=\"elementor-button-wrapper\">\n\t\t\t\t\t<a class=\"elementor-button elementor-button-link elementor-size-sm elementor-animation-grow\" href=\"https:\/\/austinisd.voly.org\">\n\t\t\t\t\t\t<span class=\"elementor-button-content-wrapper\">\n\t\t\t\t\t\t\t\t\t<span class=\"elementor-button-text\">Truy c\u1eadp N\u1ec1n t\u1ea3ng m\u1edbi<\/span>\n\t\t\t\t\t<\/span>\n\t\t\t\t\t<\/a>\n\t\t\t\t<\/div>\n\t\t\t\t\t\t\t\t<\/div>\n\t\t\t\t<\/div>\n\t\t\t\t\t<\/div>\n\t\t<\/div>\n\t\t\t\t\t<\/div>\n\t\t<\/section>\n\t\t\t\t<section class=\"elementor-section elementor-top-section elementor-element elementor-element-738ee34 elementor-section-content-middle elementor-section-boxed elementor-section-height-default elementor-section-height-default\" data-id=\"738ee34\" data-element_type=\"section\" data-settings=\"{&quot;background_background&quot;:&quot;classic&quot;}\">\n\t\t\t\t\t\t<div class=\"elementor-container elementor-column-gap-default\">\n\t\t\t\t\t<div class=\"elementor-column elementor-col-50 elementor-top-column elementor-element elementor-element-4776cf39\" data-id=\"4776cf39\" data-element_type=\"column\">\n\t\t\t<div class=\"elementor-widget-wrap elementor-element-populated\">\n\t\t\t\t\t\t<div class=\"elementor-element elementor-element-3682708d elementor-widget elementor-widget-text-editor\" data-id=\"3682708d\" data-element_type=\"widget\" data-widget_type=\"text-editor.default\">\n\t\t\t\t<div class=\"elementor-widget-container\">\n\t\t\t\t\t\t\t\t\t<h2>Quy tr\u00ecnh v\u00e0 n\u1ec1n t\u1ea3ng \u0111\u0103ng k\u00fd t\u00ecnh nguy\u1ec7n vi\u00ean m\u1edbi<\/h2>\n<div>\n<p>Trong hai m\u01b0\u01a1i n\u0103m, Austin Partners in Education \u0111\u00e3 h\u1ee3p t\u00e1c v\u1edbi Austin ISD \u0111\u1ec3 x\u1eed l\u00fd h\u01a1n 59.000 h\u1ed3 s\u01a1 ki\u1ec3m tra l\u00fd l\u1ecbch t\u01b0 ph\u00e1p cho c\u00e1c t\u00ecnh nguy\u1ec7n vi\u00ean t\u1eadn t\u1ee5y, nh\u1eefng ng\u01b0\u1eddi c\u00f3 t\u00e1c \u0111\u1ed9ng t\u00edch c\u1ef1c \u0111\u1ebfn c\u1ed9ng \u0111\u1ed3ng tr\u01b0\u1eddng h\u1ecdc c\u1ee7a ch\u00fang t\u00f4i.<\/p>\n<p>Ch\u00fang t\u00f4i r\u1ea5t vui m\u1eebng th\u00f4ng b\u00e1o v\u1ec1 quan h\u1ec7 \u0111\u1ed1i t\u00e1c c\u1ee7a ch\u00fang t\u00f4i v\u1edbi Austin ISD \u0111\u1ec3 tri\u1ec3n khai n\u1ec1n t\u1ea3ng qu\u1ea3n l\u00fd t\u00ecnh nguy\u1ec7n vi\u00ean m\u1edbi t\u1ea1i <a href=\"https:\/\/austinisd.voly.org\/\">austinisd.voly.org<\/a>. <strong>APIE kh\u00f4ng c\u00f2n x\u1eed l\u00fd vi\u1ec7c \u0111\u0103ng k\u00fd t\u00ecnh nguy\u1ec7n ho\u1eb7c ki\u1ec3m tra l\u00fd l\u1ecbch.<\/strong><\/p>\n<p>B\u1eaft \u0111\u1ea7u t\u1eeb ng\u00e0y 8 th\u00e1ng 8 n\u0103m 2024, n\u1ec1n t\u1ea3ng qu\u1ea3n l\u00fd t\u00ecnh nguy\u1ec7n vi\u00ean c\u1ee7a Khu H\u1ecdc ch\u00e1nh Austin (Austin ISD) s\u1ebd m\u1edf \u0111\u01a1n \u0111\u0103ng k\u00fd. C\u00e1c c\u01a1 h\u1ed9i t\u00ecnh nguy\u1ec7n c\u1ee5 th\u1ec3 v\u00e0 ch\u01b0\u01a1ng tr\u00ecnh \u0111\u00e0o t\u1ea1o c\u1ee7a tr\u01b0\u1eddng s\u1ebd b\u1eaft \u0111\u1ea7u nh\u1eadn \u0111\u01a1n \u0111\u0103ng k\u00fd v\u00e0o th\u00e1ng 8. B\u1ea1n c\u00f3 th\u1ec3 <a href=\"http:\/\/austinisd.voly.org\">\u0111\u0103ng k\u00fd tr\u00ean n\u1ec1n t\u1ea3ng m\u1edbi c\u1ee7a Austin ISD t\u1ea1i \u0111\u00e2y<\/a> \u0111\u1ec3 l\u00e0m t\u00ecnh nguy\u1ec7n.<\/p>\n<p>Ch\u00fang t\u00f4i ti\u1ebfp t\u1ee5c cam k\u1ebft h\u1ed7 tr\u1ee3 h\u1ecdc sinh, tr\u01b0\u1eddng h\u1ecdc v\u00e0 c\u1ed9ng \u0111\u1ed3ng Austin ISD th\u00f4ng qua nhi\u1ec1u ch\u01b0\u01a1ng tr\u00ecnh c\u1ee7a ch\u00fang t\u00f4i. B\u1ea1n c\u00f3 th\u1ec3 t\u00ecm hi\u1ec3u th\u00eam v\u1ec1 c\u00e1c s\u00e1ng ki\u1ebfn t\u1eadp trung v\u00e0o t\u00ecnh nguy\u1ec7n c\u1ee7a APIE <a href=\"https:\/\/austinpartners.org\/vi\/\">\u0111\u00e2y<\/a>.<\/p>\n<\/div>\t\t\t\t\t\t\t\t<\/div>\n\t\t\t\t<\/div>\n\t\t\t\t\t<\/div>\n\t\t<\/div>\n\t\t\t\t<div class=\"elementor-column elementor-col-50 elementor-top-column elementor-element elementor-element-6076e13\" data-id=\"6076e13\" data-element_type=\"column\">\n\t\t\t<div class=\"elementor-widget-wrap elementor-element-populated\">\n\t\t\t\t\t\t<div class=\"elementor-element elementor-element-20a94cc elementor-widget elementor-widget-image\" data-id=\"20a94cc\" data-element_type=\"widget\" data-widget_type=\"image.default\">\n\t\t\t\t<div class=\"elementor-widget-container\">\n\t\t\t\t\t\t\t\t\t\t\t\t\t\t\t<img fetchpriority=\"high\" decoding=\"async\" width=\"766\" height=\"460\" src=\"https:\/\/austinpartners.org\/wp-content\/uploads\/2020\/03\/post-img-3@2x.png\" class=\"attachment-large size-large wp-image-197\" alt=\"\" srcset=\"https:\/\/austinpartners.org\/wp-content\/uploads\/2020\/03\/post-img-3@2x.png 766w, https:\/\/austinpartners.org\/wp-content\/uploads\/2020\/03\/post-img-3@2x-300x180.png 300w\" sizes=\"(max-width: 766px) 100vw, 766px\" \/>\t\t\t\t\t\t\t\t\t\t\t\t\t\t\t<\/div>\n\t\t\t\t<\/div>\n\t\t\t\t\t<\/div>\n\t\t<\/div>\n\t\t\t\t\t<\/div>\n\t\t<\/section>\n\t\t\t\t<\/div>","protected":false},"excerpt":{"rendered":"<p>Ch\u01b0\u01a1ng tr\u00ecnh T\u00ecnh nguy\u1ec7n t\u1ea1i Tr\u01b0\u1eddng h\u1ecdc c\u1ee7a Khu H\u1ecdc ch\u00e1nh Austin (Austin ISD) Ch\u00fang t\u00f4i r\u1ea5t vui m\u1eebng \u0111\u01b0\u1ee3c c\u00f4ng b\u1ed1 n\u1ec1n t\u1ea3ng qu\u1ea3n l\u00fd t\u00ecnh nguy\u1ec7n vi\u00ean m\u1edbi c\u1ee7a Khu H\u1ecdc ch\u00e1nh Austin (Austin ISD) v\u1edbi VOLY. Truy c\u1eadp N\u1ec1n t\u1ea3ng M\u1edbi Quy tr\u00ecnh \u0110\u0103ng k\u00fd T\u00ecnh nguy\u1ec7n vi\u00ean M\u1edbi v\u00e0 N\u1ec1n t\u1ea3ng Trong hai m\u01b0\u01a1i n\u0103m qua, Austin Partners in Education \u0111\u00e3 h\u1ee3p t\u00e1c v\u1edbi Khu H\u1ecdc ch\u00e1nh Austin \u0111\u1ec3 x\u1eed l\u00fd h\u01a1n 59.000 l\u01b0\u1ee3t ki\u1ec3m tra l\u00fd l\u1ecbch t\u01b0 ph\u00e1p cho c\u00e1c t\u00ecnh nguy\u1ec7n vi\u00ean t\u1eadn t\u1ee5y, nh\u1eefng ng\u01b0\u1eddi \u0111\u00e3 t\u00e1c \u0111\u1ed9ng t\u00edch c\u1ef1c \u0111\u1ebfn c\u1ed9ng \u0111\u1ed3ng tr\u01b0\u1eddng h\u1ecdc c\u1ee7a ch\u00fang t\u00f4i. Ch\u00fang t\u00f4i [\u2026]<\/p>","protected":false},"author":1,"featured_media":0,"parent":0,"menu_order":0,"comment_status":"closed","ping_status":"closed","template":"","meta":{"_acf_changed":false,"inline_featured_image":false,"footnotes":""},"class_list":["post-529","page","type-page","status-publish","hentry"],"acf":[],"yoast_head":"<!-- This site is optimized with the Yoast SEO plugin v24.9 - https:\/\/yoast.com\/wordpress\/plugins\/seo\/ -->\n<title>Austin ISD School-Based Volunteering - Austin Partners in Education<\/title>\n<meta name=\"description\" content=\"Austin ISD School-Based Volunteers help address specific campus needs. Austin ISD oversees these volunteer opportunities, but APIE processes background checks.\" \/>\n<meta name=\"robots\" content=\"index, follow, max-snippet:-1, max-image-preview:large, max-video-preview:-1\" \/>\n<link rel=\"canonical\" href=\"https:\/\/austinpartners.org\/vi\/austin-isd-school-based-volunteer\/\" \/>\n<meta property=\"og:locale\" content=\"vi_VN\" \/>\n<meta property=\"og:type\" content=\"article\" \/>\n<meta property=\"og:title\" content=\"Austin ISD School-Based Volunteering - Austin Partners in Education\" \/>\n<meta property=\"og:description\" content=\"Austin ISD School-Based Volunteers help address specific campus needs. Austin ISD oversees these volunteer opportunities, but APIE processes background checks.\" \/>\n<meta property=\"og:url\" content=\"https:\/\/austinpartners.org\/vi\/austin-isd-school-based-volunteer\/\" \/>\n<meta property=\"og:site_name\" content=\"Austin Partners in Education\" \/>\n<meta property=\"article:modified_time\" content=\"2025-08-04T15:33:50+00:00\" \/>\n<meta property=\"og:image\" content=\"https:\/\/austinpartners.org\/wp-content\/uploads\/2020\/03\/post-img-3@2x.png\" \/>\n\t<meta property=\"og:image:width\" content=\"766\" \/>\n\t<meta property=\"og:image:height\" content=\"460\" \/>\n\t<meta property=\"og:image:type\" content=\"image\/png\" \/>\n<meta name=\"twitter:card\" content=\"summary_large_image\" \/>\n<meta name=\"twitter:label1\" content=\"\u01af\u1edbc t\u00ednh th\u1eddi gian \u0111\u1ecdc\" \/>\n\t<meta name=\"twitter:data1\" content=\"1 ph\u00fat\" \/>\n<script type=\"application\/ld+json\" class=\"yoast-schema-graph\">{\"@context\":\"https:\/\/schema.org\",\"@graph\":[{\"@type\":\"WebPage\",\"@id\":\"https:\/\/austinpartners.org\/austin-isd-school-based-volunteer\/\",\"url\":\"https:\/\/austinpartners.org\/austin-isd-school-based-volunteer\/\",\"name\":\"Austin ISD School-Based Volunteering - Austin Partners in Education\",\"isPartOf\":{\"@id\":\"https:\/\/austinpartners.org\/#website\"},\"primaryImageOfPage\":{\"@id\":\"https:\/\/austinpartners.org\/austin-isd-school-based-volunteer\/#primaryimage\"},\"image\":{\"@id\":\"https:\/\/austinpartners.org\/austin-isd-school-based-volunteer\/#primaryimage\"},\"thumbnailUrl\":\"https:\/\/austinpartners.org\/wp-content\/uploads\/2020\/03\/post-img-3@2x.png\",\"datePublished\":\"2020-03-26T17:15:11+00:00\",\"dateModified\":\"2025-08-04T15:33:50+00:00\",\"description\":\"Austin ISD School-Based Volunteers help address specific campus needs. Austin ISD oversees these volunteer opportunities, but APIE processes background checks.\",\"breadcrumb\":{\"@id\":\"https:\/\/austinpartners.org\/austin-isd-school-based-volunteer\/#breadcrumb\"},\"inLanguage\":\"vi\",\"potentialAction\":[{\"@type\":\"ReadAction\",\"target\":[\"https:\/\/austinpartners.org\/austin-isd-school-based-volunteer\/\"]}]},{\"@type\":\"ImageObject\",\"inLanguage\":\"vi\",\"@id\":\"https:\/\/austinpartners.org\/austin-isd-school-based-volunteer\/#primaryimage\",\"url\":\"https:\/\/austinpartners.org\/wp-content\/uploads\/2020\/03\/post-img-3@2x.png\",\"contentUrl\":\"https:\/\/austinpartners.org\/wp-content\/uploads\/2020\/03\/post-img-3@2x.png\"},{\"@type\":\"BreadcrumbList\",\"@id\":\"https:\/\/austinpartners.org\/austin-isd-school-based-volunteer\/#breadcrumb\",\"itemListElement\":[{\"@type\":\"ListItem\",\"position\":1,\"name\":\"Home\",\"item\":\"https:\/\/austinpartners.org\/\"},{\"@type\":\"ListItem\",\"position\":2,\"name\":\"Austin ISD School-Based Volunteering\"}]},{\"@type\":\"WebSite\",\"@id\":\"https:\/\/austinpartners.org\/#website\",\"url\":\"https:\/\/austinpartners.org\/\",\"name\":\"Austin Partners in Education\",\"description\":\"Inspire students to prepare them for school and life\",\"potentialAction\":[{\"@type\":\"SearchAction\",\"target\":{\"@type\":\"EntryPoint\",\"urlTemplate\":\"https:\/\/austinpartners.org\/?s={search_term_string}\"},\"query-input\":{\"@type\":\"PropertyValueSpecification\",\"valueRequired\":true,\"valueName\":\"search_term_string\"}}],\"inLanguage\":\"vi\"}]}<\/script>\n<!-- \/ Yoast SEO plugin. -->","yoast_head_json":{"title":"Austin ISD School-Based Volunteering - Austin Partners in Education","description":"Austin ISD School-Based Volunteers help address specific campus needs. Austin ISD oversees these volunteer opportunities, but APIE processes background checks.","robots":{"index":"index","follow":"follow","max-snippet":"max-snippet:-1","max-image-preview":"max-image-preview:large","max-video-preview":"max-video-preview:-1"},"canonical":"https:\/\/austinpartners.org\/vi\/austin-isd-school-based-volunteer\/","og_locale":"vi_VN","og_type":"article","og_title":"Austin ISD School-Based Volunteering - Austin Partners in Education","og_description":"Austin ISD School-Based Volunteers help address specific campus needs. Austin ISD oversees these volunteer opportunities, but APIE processes background checks.","og_url":"https:\/\/austinpartners.org\/vi\/austin-isd-school-based-volunteer\/","og_site_name":"Austin Partners in Education","article_modified_time":"2025-08-04T15:33:50+00:00","og_image":[{"width":766,"height":460,"url":"https:\/\/austinpartners.org\/wp-content\/uploads\/2020\/03\/post-img-3@2x.png","type":"image\/png"}],"twitter_card":"summary_large_image","twitter_misc":{"\u01af\u1edbc t\u00ednh th\u1eddi gian \u0111\u1ecdc":"1 ph\u00fat"},"schema":{"@context":"https:\/\/schema.org","@graph":[{"@type":"WebPage","@id":"https:\/\/austinpartners.org\/austin-isd-school-based-volunteer\/","url":"https:\/\/austinpartners.org\/austin-isd-school-based-volunteer\/","name":"Austin ISD School-Based Volunteering - Austin Partners in Education","isPartOf":{"@id":"https:\/\/austinpartners.org\/#website"},"primaryImageOfPage":{"@id":"https:\/\/austinpartners.org\/austin-isd-school-based-volunteer\/#primaryimage"},"image":{"@id":"https:\/\/austinpartners.org\/austin-isd-school-based-volunteer\/#primaryimage"},"thumbnailUrl":"https:\/\/austinpartners.org\/wp-content\/uploads\/2020\/03\/post-img-3@2x.png","datePublished":"2020-03-26T17:15:11+00:00","dateModified":"2025-08-04T15:33:50+00:00","description":"Austin ISD School-Based Volunteers help address specific campus needs. Austin ISD oversees these volunteer opportunities, but APIE processes background checks.","breadcrumb":{"@id":"https:\/\/austinpartners.org\/austin-isd-school-based-volunteer\/#breadcrumb"},"inLanguage":"vi","potentialAction":[{"@type":"ReadAction","target":["https:\/\/austinpartners.org\/austin-isd-school-based-volunteer\/"]}]},{"@type":"ImageObject","inLanguage":"vi","@id":"https:\/\/austinpartners.org\/austin-isd-school-based-volunteer\/#primaryimage","url":"https:\/\/austinpartners.org\/wp-content\/uploads\/2020\/03\/post-img-3@2x.png","contentUrl":"https:\/\/austinpartners.org\/wp-content\/uploads\/2020\/03\/post-img-3@2x.png"},{"@type":"BreadcrumbList","@id":"https:\/\/austinpartners.org\/austin-isd-school-based-volunteer\/#breadcrumb","itemListElement":[{"@type":"ListItem","position":1,"name":"Home","item":"https:\/\/austinpartners.org\/"},{"@type":"ListItem","position":2,"name":"Austin ISD School-Based Volunteering"}]},{"@type":"WebSite","@id":"https:\/\/austinpartners.org\/#website","url":"https:\/\/austinpartners.org\/","name":"Austin Partners in Education","description":"Inspire students to prepare them for school and life","potentialAction":[{"@type":"SearchAction","target":{"@type":"EntryPoint","urlTemplate":"https:\/\/austinpartners.org\/?s={search_term_string}"},"query-input":{"@type":"PropertyValueSpecification","valueRequired":true,"valueName":"search_term_string"}}],"inLanguage":"vi"}]}},"_links":{"self":[{"href":"https:\/\/austinpartners.org\/vi\/wp-json\/wp\/v2\/pages\/529"}],"collection":[{"href":"https:\/\/austinpartners.org\/vi\/wp-json\/wp\/v2\/pages"}],"about":[{"href":"https:\/\/austinpartners.org\/vi\/wp-json\/wp\/v2\/types\/page"}],"author":[{"embeddable":true,"href":"https:\/\/austinpartners.org\/vi\/wp-json\/wp\/v2\/users\/1"}],"replies":[{"embeddable":true,"href":"https:\/\/austinpartners.org\/vi\/wp-json\/wp\/v2\/comments?post=529"}],"version-history":[{"count":58,"href":"https:\/\/austinpartners.org\/vi\/wp-json\/wp\/v2\/pages\/529\/revisions"}],"predecessor-version":[{"id":10167,"href":"https:\/\/austinpartners.org\/vi\/wp-json\/wp\/v2\/pages\/529\/revisions\/10167"}],"wp:attachment":[{"href":"https:\/\/austinpartners.org\/vi\/wp-json\/wp\/v2\/media?parent=529"}],"curies":[{"name":"wp","href":"https:\/\/api.w.org\/{rel}","templated":true}]}}