{"id":525,"date":"2020-03-26T17:14:05","date_gmt":"2020-03-26T17:14:05","guid":{"rendered":"https:\/\/austinpartners.org\/?page_id=525"},"modified":"2023-01-19T16:36:05","modified_gmt":"2023-01-19T16:36:05","slug":"gear-up","status":"publish","type":"page","link":"https:\/\/austinpartners.org\/vi\/our-programs\/gear-up\/","title":{"rendered":"C\u1ea4T C\u00c1NH"},"content":{"rendered":"<div data-elementor-type=\"wp-page\" data-elementor-id=\"525\" class=\"elementor elementor-525\" data-elementor-post-type=\"page\">\n\t\t\t\t\t\t<section class=\"elementor-section elementor-top-section elementor-element elementor-element-4fa0e54a elementor-section-content-middle elementor-section-boxed elementor-section-height-default elementor-section-height-default\" data-id=\"4fa0e54a\" data-element_type=\"section\" data-settings=\"{&quot;background_background&quot;:&quot;classic&quot;}\">\n\t\t\t\t\t\t\t<div class=\"elementor-background-overlay\"><\/div>\n\t\t\t\t\t\t\t<div class=\"elementor-container elementor-column-gap-default\">\n\t\t\t\t\t<div class=\"elementor-column elementor-col-100 elementor-top-column elementor-element elementor-element-5d1c0380\" data-id=\"5d1c0380\" data-element_type=\"column\">\n\t\t\t<div class=\"elementor-widget-wrap elementor-element-populated\">\n\t\t\t\t\t\t<div class=\"elementor-element elementor-element-55047453 elementor-widget elementor-widget-heading\" data-id=\"55047453\" data-element_type=\"widget\" data-widget_type=\"heading.default\">\n\t\t\t\t<div class=\"elementor-widget-container\">\n\t\t\t\t\t<h1 class=\"elementor-heading-title elementor-size-default\">Nh\u1eadn th\u1ee9c s\u1edbm v\u00e0 s\u1eb5n s\u00e0ng cho c\u00e1c ch\u01b0\u01a1ng tr\u00ecnh \u0111\u1ea1i h\u1ecdc<\/h1>\t\t\t\t<\/div>\n\t\t\t\t<\/div>\n\t\t\t\t<div class=\"elementor-element elementor-element-2e3e6752 elementor-widget elementor-widget-heading\" data-id=\"2e3e6752\" data-element_type=\"widget\" data-widget_type=\"heading.default\">\n\t\t\t\t<div class=\"elementor-widget-container\">\n\t\t\t\t\t<p class=\"elementor-heading-title elementor-size-default\">H\u1ed7 tr\u1ee3 h\u1ecdc t\u1eadp v\u00e0 h\u1ed7 tr\u1ee3 sinh vi\u00ean<\/p>\t\t\t\t<\/div>\n\t\t\t\t<\/div>\n\t\t\t\t\t<\/div>\n\t\t<\/div>\n\t\t\t\t\t<\/div>\n\t\t<\/section>\n\t\t\t\t<section class=\"elementor-section elementor-top-section elementor-element elementor-element-2a97eb23 elementor-section-content-middle elementor-section-boxed elementor-section-height-default elementor-section-height-default\" data-id=\"2a97eb23\" data-element_type=\"section\" data-settings=\"{&quot;background_background&quot;:&quot;classic&quot;}\">\n\t\t\t\t\t\t<div class=\"elementor-container elementor-column-gap-default\">\n\t\t\t\t\t<div class=\"elementor-column elementor-col-50 elementor-top-column elementor-element elementor-element-451f287a\" data-id=\"451f287a\" data-element_type=\"column\">\n\t\t\t<div class=\"elementor-widget-wrap elementor-element-populated\">\n\t\t\t\t\t\t<div class=\"elementor-element elementor-element-515adc10 elementor-widget elementor-widget-heading\" data-id=\"515adc10\" data-element_type=\"widget\" data-widget_type=\"heading.default\">\n\t\t\t\t<div class=\"elementor-widget-container\">\n\t\t\t\t\t<h2 class=\"elementor-heading-title elementor-size-default\">GEAR UP l\u00e0 g\u00ec?<\/h2>\t\t\t\t<\/div>\n\t\t\t\t<\/div>\n\t\t\t\t<div class=\"elementor-element elementor-element-3c12e403 elementor-widget elementor-widget-heading\" data-id=\"3c12e403\" data-element_type=\"widget\" data-widget_type=\"heading.default\">\n\t\t\t\t<div class=\"elementor-widget-container\">\n\t\t\t\t\t<p class=\"elementor-heading-title elementor-size-default\">GEAR UP l\u00e0 vi\u1ebft t\u1eaft c\u1ee7a \u0110\u1ea1t \u0111\u01b0\u1ee3c Nh\u1eadn th\u1ee9c S\u1edbm v\u00e0 S\u1ef1 s\u1eb5n s\u00e0ng cho c\u00e1c Ch\u01b0\u01a1ng tr\u00ecnh \u0110\u1ea1i h\u1ecdc. <\/p>\t\t\t\t<\/div>\n\t\t\t\t<\/div>\n\t\t\t\t<div class=\"elementor-element elementor-element-32484f0d elementor-widget elementor-widget-text-editor\" data-id=\"32484f0d\" data-element_type=\"widget\" data-widget_type=\"text-editor.default\">\n\t\t\t\t<div class=\"elementor-widget-container\">\n\t\t\t\t\t\t\t\t\t<p>Ch\u01b0\u01a1ng tr\u00ecnh GEAR UP c\u1ee7a APIE cung c\u1ea5p d\u1ecbch v\u1ee5 d\u1ea1y k\u00e8m theo nh\u00f3m nh\u1ecf v\u00e0 c\u1ed1 v\u1ea5n kh\u00f4ng ch\u00ednh th\u1ee9c t\u1ea1i c\u00e1c c\u01a1 s\u1edf c\u1ee7a GEAR UP. C\u00e1c tr\u1ee3 gi\u1ea3ng APIE c\u1ee7a ch\u00fang t\u00f4i cung c\u1ea5p h\u01b0\u1edbng d\u1eabn b\u1ed5 sung v\u1ec1 \u0111\u1ecdc, vi\u1ebft v\u00e0 to\u00e1n trong ng\u00e0y t\u1ea1i t\u1ea5t c\u1ea3 c\u00e1c tr\u01b0\u1eddng do <a href=\"https:\/\/www2.ed.gov\/programs\/gearup\/index.html\" target=\"_blank\" rel=\"noopener\">Kho\u1ea3n t\u00e0i tr\u1ee3 GEAR UP c\u1ee7a Austin ISD<\/a>.<\/p>\t\t\t\t\t\t\t\t<\/div>\n\t\t\t\t<\/div>\n\t\t\t\t\t<\/div>\n\t\t<\/div>\n\t\t\t\t<div class=\"elementor-column elementor-col-50 elementor-top-column elementor-element elementor-element-77c4cf30\" data-id=\"77c4cf30\" data-element_type=\"column\">\n\t\t\t<div class=\"elementor-widget-wrap elementor-element-populated\">\n\t\t\t\t\t\t<div class=\"elementor-element elementor-element-61f9e372 elementor-widget elementor-widget-image\" data-id=\"61f9e372\" data-element_type=\"widget\" data-widget_type=\"image.default\">\n\t\t\t\t<div class=\"elementor-widget-container\">\n\t\t\t\t\t\t\t\t\t\t\t\t\t\t\t<img fetchpriority=\"high\" decoding=\"async\" width=\"1024\" height=\"512\" src=\"https:\/\/austinpartners.org\/wp-content\/uploads\/2020\/06\/mentor-helping-student-1024x512.jpg\" class=\"attachment-large size-large wp-image-3486\" alt=\"\" srcset=\"https:\/\/austinpartners.org\/wp-content\/uploads\/2020\/06\/mentor-helping-student-1024x512.jpg 1024w, https:\/\/austinpartners.org\/wp-content\/uploads\/2020\/06\/mentor-helping-student-300x150.jpg 300w, https:\/\/austinpartners.org\/wp-content\/uploads\/2020\/06\/mentor-helping-student-768x384.jpg 768w, https:\/\/austinpartners.org\/wp-content\/uploads\/2020\/06\/mentor-helping-student-1536x768.jpg 1536w, https:\/\/austinpartners.org\/wp-content\/uploads\/2020\/06\/mentor-helping-student.jpg 1600w\" sizes=\"(max-width: 1024px) 100vw, 1024px\" \/>\t\t\t\t\t\t\t\t\t\t\t\t\t\t\t<\/div>\n\t\t\t\t<\/div>\n\t\t\t\t\t<\/div>\n\t\t<\/div>\n\t\t\t\t\t<\/div>\n\t\t<\/section>\n\t\t\t\t<section class=\"elementor-section elementor-top-section elementor-element elementor-element-1758395c elementor-section-content-middle elementor-section-boxed elementor-section-height-default elementor-section-height-default\" data-id=\"1758395c\" data-element_type=\"section\" data-settings=\"{&quot;background_background&quot;:&quot;classic&quot;}\">\n\t\t\t\t\t\t<div class=\"elementor-container elementor-column-gap-wide\">\n\t\t\t\t\t<div class=\"elementor-column elementor-col-100 elementor-top-column elementor-element elementor-element-68b29785\" data-id=\"68b29785\" data-element_type=\"column\">\n\t\t\t<div class=\"elementor-widget-wrap elementor-element-populated\">\n\t\t\t\t\t\t<div class=\"elementor-element elementor-element-6cd32973 elementor-widget elementor-widget-heading\" data-id=\"6cd32973\" data-element_type=\"widget\" data-widget_type=\"heading.default\">\n\t\t\t\t<div class=\"elementor-widget-container\">\n\t\t\t\t\t<h2 class=\"elementor-heading-title elementor-size-default\">H\u1ee3p t\u00e1c v\u00ec th\u00e0nh c\u00f4ng trong h\u1ecdc t\u1eadp c\u1ee7a sinh vi\u00ean<\/h2>\t\t\t\t<\/div>\n\t\t\t\t<\/div>\n\t\t\t\t<div class=\"elementor-element elementor-element-3b43c944 elementor-widget elementor-widget-text-editor\" data-id=\"3b43c944\" data-element_type=\"widget\" data-widget_type=\"text-editor.default\">\n\t\t\t\t<div class=\"elementor-widget-container\">\n\t\t\t\t\t\t\t\t\t<p>Austin ISD \u0111\u00e3 trao m\u1ed9t kho\u1ea3n t\u00e0i tr\u1ee3 GEAR UP v\u00e0o n\u0103m 2017 cho L\u1edbp 2024. \u0110\u00e2y l\u00e0 kho\u1ea3n t\u00e0i tr\u1ee3 li\u00ean bang b\u1ea3y n\u0103m t\u1eeb B\u1ed9 Gi\u00e1o d\u1ee5c Hoa K\u1ef3 nh\u1eb1m th\u00fac \u0111\u1ea9y s\u1ef1 s\u1eb5n s\u00e0ng h\u1ecdc \u0111\u1ea1i h\u1ecdc v\u00e0 th\u00e0nh c\u00f4ng th\u00f4ng qua nhi\u1ec1u chi\u1ebfn l\u01b0\u1ee3c v\u00e0 ho\u1ea1t \u0111\u1ed9ng.<\/p><p>B\u1eaft \u0111\u1ea7u t\u1eeb m\u00f9a xu\u00e2n n\u0103m 2018, Austin Partners in Education \u0111\u00e3 cung c\u1ea5p d\u1ecbch v\u1ee5 d\u1ea1y k\u00e8m h\u1ecdc thu\u1eadt cho h\u1ecdc sinh t\u1ea1i c\u00e1c c\u01a1 s\u1edf c\u1ee7a GEAR UP. APIE v\u00e0 AISD h\u1ee3p t\u00e1c v\u1ec1 ti\u00eau ch\u00ed \u0111\u1ee7 \u0111i\u1ec1u ki\u1ec7n d\u1ea1y k\u00e8m, thi\u1ebft k\u1ebf v\u00e0 th\u1ef1c hi\u1ec7n ch\u01b0\u01a1ng tr\u00ecnh. Khi L\u1edbp 2024 chuy\u1ec3n sang tr\u01b0\u1eddng trung h\u1ecdc, s\u1ef1 h\u1ee3p t\u00e1c gi\u1eefa APIE v\u00e0 AISD s\u1ebd ti\u1ebfp t\u1ee5c v\u00ec ch\u00fang t\u00f4i \u0111\u1ea3m b\u1ea3o h\u1ecdc sinh GEAR UP \u0111ang tr\u00ean \u0111\u01b0\u1eddng chu\u1ea9n b\u1ecb t\u1ed1t nghi\u1ec7p \u0111\u1ea1i h\u1ecdc.<\/p>\t\t\t\t\t\t\t\t<\/div>\n\t\t\t\t<\/div>\n\t\t\t\t<div class=\"elementor-element elementor-element-44aab54 elementor-widget elementor-widget-button\" data-id=\"44aab54\" data-element_type=\"widget\" data-widget_type=\"button.default\">\n\t\t\t\t<div class=\"elementor-widget-container\">\n\t\t\t\t\t\t\t\t\t<div class=\"elementor-button-wrapper\">\n\t\t\t\t\t<a class=\"elementor-button elementor-button-link elementor-size-sm elementor-animation-grow\" href=\"http:\/\/austinpartners.org\/vi\/about\/our-impact\/\">\n\t\t\t\t\t\t<span class=\"elementor-button-content-wrapper\">\n\t\t\t\t\t\t\t\t\t<span class=\"elementor-button-text\">\u0110\u1ecdc th\u00eam v\u1ec1 t\u00e1c \u0111\u1ed9ng c\u1ee7a ch\u00fang t\u00f4i<\/span>\n\t\t\t\t\t<\/span>\n\t\t\t\t\t<\/a>\n\t\t\t\t<\/div>\n\t\t\t\t\t\t\t\t<\/div>\n\t\t\t\t<\/div>\n\t\t\t\t\t<\/div>\n\t\t<\/div>\n\t\t\t\t\t<\/div>\n\t\t<\/section>\n\t\t\t\t<section class=\"elementor-section elementor-top-section elementor-element elementor-element-7b022556 elementor-section-content-middle elementor-section-boxed elementor-section-height-default elementor-section-height-default\" data-id=\"7b022556\" data-element_type=\"section\" data-settings=\"{&quot;background_background&quot;:&quot;classic&quot;}\">\n\t\t\t\t\t\t<div class=\"elementor-container elementor-column-gap-default\">\n\t\t\t\t\t<div class=\"elementor-column elementor-col-33 elementor-top-column elementor-element elementor-element-c471d86\" data-id=\"c471d86\" data-element_type=\"column\">\n\t\t\t<div class=\"elementor-widget-wrap\">\n\t\t\t\t\t\t\t<\/div>\n\t\t<\/div>\n\t\t\t\t<div class=\"elementor-column elementor-col-33 elementor-top-column elementor-element elementor-element-161f1120\" data-id=\"161f1120\" data-element_type=\"column\">\n\t\t\t<div class=\"elementor-widget-wrap elementor-element-populated\">\n\t\t\t\t\t\t<div class=\"elementor-element elementor-element-2cff400c elementor-widget elementor-widget-heading\" data-id=\"2cff400c\" data-element_type=\"widget\" data-widget_type=\"heading.default\">\n\t\t\t\t<div class=\"elementor-widget-container\">\n\t\t\t\t\t<h2 class=\"elementor-heading-title elementor-size-default\">C\u01a1 s\u1edf tham gia<\/h2>\t\t\t\t<\/div>\n\t\t\t\t<\/div>\n\t\t\t\t<div class=\"elementor-element elementor-element-047af5c elementor-widget elementor-widget-text-editor\" data-id=\"047af5c\" data-element_type=\"widget\" data-widget_type=\"text-editor.default\">\n\t\t\t\t<div class=\"elementor-widget-container\">\n\t\t\t\t\t\t\t\t\t<ul><li style=\"font-weight: 400;\"><a href=\"https:\/\/akinsechs.austinschools.org\/\" target=\"_blank\" rel=\"noopener\"><span style=\"font-weight: 400;\">Tr\u01b0\u1eddng trung h\u1ecdc Akins Early College<\/span><\/a><\/li><li style=\"font-weight: 400;\"><a href=\"https:\/\/crockett.austinschools.org\/\" target=\"_blank\" rel=\"noopener\"><span style=\"font-weight: 400;\">Tr\u01b0\u1eddng trung h\u1ecdc Crockett Early College<\/span><\/a><\/li><li style=\"font-weight: 400;\"><a href=\"https:\/\/eastside.austinschools.org\/\" target=\"_blank\" rel=\"noopener\"><span style=\"font-weight: 400;\">Tr\u01b0\u1eddng trung h\u1ecdc Eastside Memorial Early College<\/span><\/a><\/li><li style=\"font-weight: 400;\"><a href=\"https:\/\/lbjechs.austinschools.org\/\" target=\"_blank\" rel=\"noopener\"><span style=\"font-weight: 400;\">LBJ Early College High School<\/span><\/a><\/li><li style=\"font-weight: 400;\"><a href=\"https:\/\/navarro.austinschools.org\/\" target=\"_blank\" rel=\"noopener\"><span style=\"font-weight: 400;\">Tr\u01b0\u1eddng trung h\u1ecdc Navarro Early College<\/span><\/a><\/li><li style=\"font-weight: 400;\"><a href=\"https:\/\/northeastechs.austinschools.org\/\" target=\"_blank\" rel=\"noopener\"><span style=\"font-weight: 400;\">Tr\u01b0\u1eddng trung h\u1ecdc Indochina Early College<\/span><\/a><\/li><li style=\"font-weight: 400;\"><a href=\"https:\/\/travis.austinschools.org\/\" target=\"_blank\" rel=\"noopener\"><span style=\"font-weight: 400;\">Tr\u01b0\u1eddng trung h\u1ecdc Travis Early College<\/span><\/a><\/li><\/ul>\t\t\t\t\t\t\t\t<\/div>\n\t\t\t\t<\/div>\n\t\t\t\t\t<\/div>\n\t\t<\/div>\n\t\t\t\t<div class=\"elementor-column elementor-col-33 elementor-top-column elementor-element elementor-element-6a8f9ae\" data-id=\"6a8f9ae\" data-element_type=\"column\">\n\t\t\t<div class=\"elementor-widget-wrap\">\n\t\t\t\t\t\t\t<\/div>\n\t\t<\/div>\n\t\t\t\t\t<\/div>\n\t\t<\/section>\n\t\t\t\t<\/div>","protected":false},"excerpt":{"rendered":"<p>Nh\u1eadn th\u1ee9c s\u1edbm v\u00e0 s\u1eb5n s\u00e0ng cho c\u00e1c ch\u01b0\u01a1ng tr\u00ecnh \u0111\u1ea1i h\u1ecdc D\u1ea1y k\u00e8m h\u1ecdc thu\u1eadt v\u00e0 H\u1ed7 tr\u1ee3 sinh vi\u00ean GEAR UP l\u00e0 g\u00ec? GEAR UP l\u00e0 vi\u1ebft t\u1eaft c\u1ee7a \u0110\u1ea1t \u0111\u01b0\u1ee3c Nh\u1eadn th\u1ee9c S\u1edbm v\u00e0 S\u1ef1 s\u1eb5n s\u00e0ng cho c\u00e1c Ch\u01b0\u01a1ng tr\u00ecnh \u0110\u1ea1i h\u1ecdc. Ch\u01b0\u01a1ng tr\u00ecnh GEAR UP c\u1ee7a APIE cung c\u1ea5p d\u1ecbch v\u1ee5 d\u1ea1y k\u00e8m theo nh\u00f3m nh\u1ecf v\u00e0 c\u1ed1 v\u1ea5n kh\u00f4ng ch\u00ednh th\u1ee9c t\u1ea1i c\u00e1c c\u01a1 s\u1edf c\u1ee7a GEAR UP. C\u00e1c tr\u1ee3 gi\u1ea3ng APIE c\u1ee7a ch\u00fang t\u00f4i cung c\u1ea5p th\u00eam h\u01b0\u1edbng d\u1eabn v\u1ec1 \u0111\u1ecdc, vi\u1ebft v\u00e0 to\u00e1n [\u2026]<\/p>","protected":false},"author":1,"featured_media":0,"parent":21,"menu_order":0,"comment_status":"closed","ping_status":"closed","template":"","meta":{"_acf_changed":false,"inline_featured_image":false,"footnotes":""},"class_list":["post-525","page","type-page","status-publish","hentry"],"acf":[],"yoast_head":"<!-- This site is optimized with the Yoast SEO plugin v24.9 - https:\/\/yoast.com\/wordpress\/plugins\/seo\/ -->\n<title>GEAR UP - Austin Partners in Education<\/title>\n<meta name=\"description\" content=\"APIE\u2019s GEAR UP program improves academic outcomes with small group tutoring in English and Math and informal mentoring for the GEAR UP cohort Class of 2024.\" \/>\n<meta name=\"robots\" content=\"index, follow, max-snippet:-1, max-image-preview:large, max-video-preview:-1\" \/>\n<link rel=\"canonical\" href=\"https:\/\/austinpartners.org\/vi\/our-programs\/gear-up\/\" \/>\n<meta property=\"og:locale\" content=\"vi_VN\" \/>\n<meta property=\"og:type\" content=\"article\" \/>\n<meta property=\"og:title\" content=\"GEAR UP - Austin Partners in Education\" \/>\n<meta property=\"og:description\" content=\"APIE\u2019s GEAR UP program improves academic outcomes with small group tutoring in English and Math and informal mentoring for the GEAR UP cohort Class of 2024.\" \/>\n<meta property=\"og:url\" content=\"https:\/\/austinpartners.org\/vi\/our-programs\/gear-up\/\" \/>\n<meta property=\"og:site_name\" content=\"Austin Partners in Education\" \/>\n<meta property=\"article:modified_time\" content=\"2023-01-19T16:36:05+00:00\" \/>\n<meta property=\"og:image\" content=\"https:\/\/austinpartners.org\/wp-content\/uploads\/2020\/06\/mentor-helping-student-1024x512.jpg\" \/>\n<meta name=\"twitter:card\" content=\"summary_large_image\" \/>\n<meta name=\"twitter:label1\" content=\"\u01af\u1edbc t\u00ednh th\u1eddi gian \u0111\u1ecdc\" \/>\n\t<meta name=\"twitter:data1\" content=\"2 ph\u00fat\" \/>\n<script type=\"application\/ld+json\" class=\"yoast-schema-graph\">{\"@context\":\"https:\/\/schema.org\",\"@graph\":[{\"@type\":\"WebPage\",\"@id\":\"https:\/\/austinpartners.org\/our-programs\/gear-up\/\",\"url\":\"https:\/\/austinpartners.org\/our-programs\/gear-up\/\",\"name\":\"GEAR UP - Austin Partners in Education\",\"isPartOf\":{\"@id\":\"https:\/\/austinpartners.org\/#website\"},\"primaryImageOfPage\":{\"@id\":\"https:\/\/austinpartners.org\/our-programs\/gear-up\/#primaryimage\"},\"image\":{\"@id\":\"https:\/\/austinpartners.org\/our-programs\/gear-up\/#primaryimage\"},\"thumbnailUrl\":\"https:\/\/austinpartners.org\/wp-content\/uploads\/2020\/06\/mentor-helping-student-1024x512.jpg\",\"datePublished\":\"2020-03-26T17:14:05+00:00\",\"dateModified\":\"2023-01-19T16:36:05+00:00\",\"description\":\"APIE\u2019s GEAR UP program improves academic outcomes with small group tutoring in English and Math and informal mentoring for the GEAR UP cohort Class of 2024.\",\"breadcrumb\":{\"@id\":\"https:\/\/austinpartners.org\/our-programs\/gear-up\/#breadcrumb\"},\"inLanguage\":\"vi\",\"potentialAction\":[{\"@type\":\"ReadAction\",\"target\":[\"https:\/\/austinpartners.org\/our-programs\/gear-up\/\"]}]},{\"@type\":\"ImageObject\",\"inLanguage\":\"vi\",\"@id\":\"https:\/\/austinpartners.org\/our-programs\/gear-up\/#primaryimage\",\"url\":\"https:\/\/austinpartners.org\/wp-content\/uploads\/2020\/06\/mentor-helping-student-1024x512.jpg\",\"contentUrl\":\"https:\/\/austinpartners.org\/wp-content\/uploads\/2020\/06\/mentor-helping-student-1024x512.jpg\"},{\"@type\":\"BreadcrumbList\",\"@id\":\"https:\/\/austinpartners.org\/our-programs\/gear-up\/#breadcrumb\",\"itemListElement\":[{\"@type\":\"ListItem\",\"position\":1,\"name\":\"Home\",\"item\":\"https:\/\/austinpartners.org\/\"},{\"@type\":\"ListItem\",\"position\":2,\"name\":\"Our Programs\",\"item\":\"https:\/\/austinpartners.org\/our-programs\/\"},{\"@type\":\"ListItem\",\"position\":3,\"name\":\"GEAR UP\"}]},{\"@type\":\"WebSite\",\"@id\":\"https:\/\/austinpartners.org\/#website\",\"url\":\"https:\/\/austinpartners.org\/\",\"name\":\"Austin Partners in Education\",\"description\":\"Inspire students to prepare them for school and life\",\"potentialAction\":[{\"@type\":\"SearchAction\",\"target\":{\"@type\":\"EntryPoint\",\"urlTemplate\":\"https:\/\/austinpartners.org\/?s={search_term_string}\"},\"query-input\":{\"@type\":\"PropertyValueSpecification\",\"valueRequired\":true,\"valueName\":\"search_term_string\"}}],\"inLanguage\":\"vi\"}]}<\/script>\n<!-- \/ Yoast SEO plugin. -->","yoast_head_json":{"title":"GEAR UP - Austin Partners in Education","description":"APIE\u2019s GEAR UP program improves academic outcomes with small group tutoring in English and Math and informal mentoring for the GEAR UP cohort Class of 2024.","robots":{"index":"index","follow":"follow","max-snippet":"max-snippet:-1","max-image-preview":"max-image-preview:large","max-video-preview":"max-video-preview:-1"},"canonical":"https:\/\/austinpartners.org\/vi\/our-programs\/gear-up\/","og_locale":"vi_VN","og_type":"article","og_title":"GEAR UP - Austin Partners in Education","og_description":"APIE\u2019s GEAR UP program improves academic outcomes with small group tutoring in English and Math and informal mentoring for the GEAR UP cohort Class of 2024.","og_url":"https:\/\/austinpartners.org\/vi\/our-programs\/gear-up\/","og_site_name":"Austin Partners in Education","article_modified_time":"2023-01-19T16:36:05+00:00","og_image":[{"url":"https:\/\/austinpartners.org\/wp-content\/uploads\/2020\/06\/mentor-helping-student-1024x512.jpg","type":"","width":"","height":""}],"twitter_card":"summary_large_image","twitter_misc":{"\u01af\u1edbc t\u00ednh th\u1eddi gian \u0111\u1ecdc":"2 ph\u00fat"},"schema":{"@context":"https:\/\/schema.org","@graph":[{"@type":"WebPage","@id":"https:\/\/austinpartners.org\/our-programs\/gear-up\/","url":"https:\/\/austinpartners.org\/our-programs\/gear-up\/","name":"GEAR UP - Austin Partners in Education","isPartOf":{"@id":"https:\/\/austinpartners.org\/#website"},"primaryImageOfPage":{"@id":"https:\/\/austinpartners.org\/our-programs\/gear-up\/#primaryimage"},"image":{"@id":"https:\/\/austinpartners.org\/our-programs\/gear-up\/#primaryimage"},"thumbnailUrl":"https:\/\/austinpartners.org\/wp-content\/uploads\/2020\/06\/mentor-helping-student-1024x512.jpg","datePublished":"2020-03-26T17:14:05+00:00","dateModified":"2023-01-19T16:36:05+00:00","description":"APIE\u2019s GEAR UP program improves academic outcomes with small group tutoring in English and Math and informal mentoring for the GEAR UP cohort Class of 2024.","breadcrumb":{"@id":"https:\/\/austinpartners.org\/our-programs\/gear-up\/#breadcrumb"},"inLanguage":"vi","potentialAction":[{"@type":"ReadAction","target":["https:\/\/austinpartners.org\/our-programs\/gear-up\/"]}]},{"@type":"ImageObject","inLanguage":"vi","@id":"https:\/\/austinpartners.org\/our-programs\/gear-up\/#primaryimage","url":"https:\/\/austinpartners.org\/wp-content\/uploads\/2020\/06\/mentor-helping-student-1024x512.jpg","contentUrl":"https:\/\/austinpartners.org\/wp-content\/uploads\/2020\/06\/mentor-helping-student-1024x512.jpg"},{"@type":"BreadcrumbList","@id":"https:\/\/austinpartners.org\/our-programs\/gear-up\/#breadcrumb","itemListElement":[{"@type":"ListItem","position":1,"name":"Home","item":"https:\/\/austinpartners.org\/"},{"@type":"ListItem","position":2,"name":"Our Programs","item":"https:\/\/austinpartners.org\/our-programs\/"},{"@type":"ListItem","position":3,"name":"GEAR UP"}]},{"@type":"WebSite","@id":"https:\/\/austinpartners.org\/#website","url":"https:\/\/austinpartners.org\/","name":"Austin Partners in Education","description":"Inspire students to prepare them for school and life","potentialAction":[{"@type":"SearchAction","target":{"@type":"EntryPoint","urlTemplate":"https:\/\/austinpartners.org\/?s={search_term_string}"},"query-input":{"@type":"PropertyValueSpecification","valueRequired":true,"valueName":"search_term_string"}}],"inLanguage":"vi"}]}},"_links":{"self":[{"href":"https:\/\/austinpartners.org\/vi\/wp-json\/wp\/v2\/pages\/525"}],"collection":[{"href":"https:\/\/austinpartners.org\/vi\/wp-json\/wp\/v2\/pages"}],"about":[{"href":"https:\/\/austinpartners.org\/vi\/wp-json\/wp\/v2\/types\/page"}],"author":[{"embeddable":true,"href":"https:\/\/austinpartners.org\/vi\/wp-json\/wp\/v2\/users\/1"}],"replies":[{"embeddable":true,"href":"https:\/\/austinpartners.org\/vi\/wp-json\/wp\/v2\/comments?post=525"}],"version-history":[{"count":11,"href":"https:\/\/austinpartners.org\/vi\/wp-json\/wp\/v2\/pages\/525\/revisions"}],"predecessor-version":[{"id":6143,"href":"https:\/\/austinpartners.org\/vi\/wp-json\/wp\/v2\/pages\/525\/revisions\/6143"}],"up":[{"embeddable":true,"href":"https:\/\/austinpartners.org\/vi\/wp-json\/wp\/v2\/pages\/21"}],"wp:attachment":[{"href":"https:\/\/austinpartners.org\/vi\/wp-json\/wp\/v2\/media?parent=525"}],"curies":[{"name":"wp","href":"https:\/\/api.w.org\/{rel}","templated":true}]}}