{"id":3909,"date":"2020-09-17T20:09:24","date_gmt":"2020-09-17T20:09:24","guid":{"rendered":"https:\/\/austinpartners.org\/?page_id=3909"},"modified":"2024-10-10T20:00:11","modified_gmt":"2024-10-10T20:00:11","slug":"404-error-page","status":"publish","type":"page","link":"https:\/\/austinpartners.org\/vi\/404-error-page\/","title":{"rendered":"Trang l\u1ed7i 404"},"content":{"rendered":"<div data-elementor-type=\"wp-page\" data-elementor-id=\"3909\" class=\"elementor elementor-3909\" data-elementor-post-type=\"page\">\n\t\t\t\t\t\t<section class=\"elementor-section elementor-top-section elementor-element elementor-element-2fefe50c elementor-section-boxed elementor-section-height-default elementor-section-height-default\" data-id=\"2fefe50c\" data-element_type=\"section\">\n\t\t\t\t\t\t<div class=\"elementor-container elementor-column-gap-default\">\n\t\t\t\t\t<div class=\"elementor-column elementor-col-100 elementor-top-column elementor-element elementor-element-7e5091c3\" data-id=\"7e5091c3\" data-element_type=\"column\">\n\t\t\t<div class=\"elementor-widget-wrap elementor-element-populated\">\n\t\t\t\t\t\t<div class=\"elementor-element elementor-element-51e8e63c elementor-widget elementor-widget-text-editor\" data-id=\"51e8e63c\" data-element_type=\"widget\" data-widget_type=\"text-editor.default\">\n\t\t\t\t<div class=\"elementor-widget-container\">\n\t\t\t\t\t\t\t\t\t<h2 style=\"text-align: center;\">\u00d4i kh\u00f4ng!<\/h2>\r\n<p style=\"text-align: center;\">Kh\u00f4ng t\u00ecm th\u1ea5y trang b\u1ea1n \u0111ang t\u00ecm ki\u1ebfm.<\/p>\r\n<p style=\"text-align: center;\">H\u00e3y th\u1eed \u0111\u1ebfn v\u1edbi ch\u00fang t\u00f4i <a href=\"http:\/\/austinpartners.org\/vi\/\">Trang ch\u1ee7<\/a>.<\/p>\t\t\t\t\t\t\t\t<\/div>\n\t\t\t\t<\/div>\n\t\t\t\t\t<\/div>\n\t\t<\/div>\n\t\t\t\t\t<\/div>\n\t\t<\/section>\n\t\t\t\t<\/div>","protected":false},"excerpt":{"rendered":"<p>\u00d4i kh\u00f4ng! Kh\u00f4ng t\u00ecm th\u1ea5y trang b\u1ea1n \u0111ang t\u00ecm ki\u1ebfm. H\u00e3y th\u1eed v\u00e0o Trang ch\u1ee7 c\u1ee7a ch\u00fang t\u00f4i.<\/p>","protected":false},"author":2,"featured_media":0,"parent":0,"menu_order":0,"comment_status":"closed","ping_status":"closed","template":"","meta":{"_acf_changed":false,"inline_featured_image":false,"footnotes":""},"class_list":["post-3909","page","type-page","status-publish","hentry"],"acf":[],"yoast_head":"<!-- This site is optimized with the Yoast SEO plugin v24.9 - https:\/\/yoast.com\/wordpress\/plugins\/seo\/ -->\n<title>404 Error Page - Austin Partners in Education<\/title>\n<meta name=\"robots\" content=\"index, follow, max-snippet:-1, max-image-preview:large, max-video-preview:-1\" \/>\n<link rel=\"canonical\" href=\"https:\/\/austinpartners.org\/vi\/404-error-page\/\" \/>\n<meta property=\"og:locale\" content=\"vi_VN\" \/>\n<meta property=\"og:type\" content=\"article\" \/>\n<meta property=\"og:title\" content=\"404 Error Page - Austin Partners in Education\" \/>\n<meta property=\"og:description\" content=\"Oh no! The page you are looking for cannot be found. Try going to our Home Page.\" \/>\n<meta property=\"og:url\" content=\"https:\/\/austinpartners.org\/vi\/404-error-page\/\" \/>\n<meta property=\"og:site_name\" content=\"Austin Partners in Education\" \/>\n<meta property=\"article:modified_time\" content=\"2024-10-10T20:00:11+00:00\" \/>\n<meta name=\"twitter:card\" content=\"summary_large_image\" \/>\n<meta name=\"twitter:label1\" content=\"\u01af\u1edbc t\u00ednh th\u1eddi gian \u0111\u1ecdc\" \/>\n\t<meta name=\"twitter:data1\" content=\"1 ph\u00fat\" \/>\n<script type=\"application\/ld+json\" class=\"yoast-schema-graph\">{\"@context\":\"https:\/\/schema.org\",\"@graph\":[{\"@type\":\"WebPage\",\"@id\":\"https:\/\/austinpartners.org\/404-error-page\/\",\"url\":\"https:\/\/austinpartners.org\/404-error-page\/\",\"name\":\"404 Error Page - Austin Partners in Education\",\"isPartOf\":{\"@id\":\"https:\/\/austinpartners.org\/#website\"},\"datePublished\":\"2020-09-17T20:09:24+00:00\",\"dateModified\":\"2024-10-10T20:00:11+00:00\",\"breadcrumb\":{\"@id\":\"https:\/\/austinpartners.org\/404-error-page\/#breadcrumb\"},\"inLanguage\":\"vi\",\"potentialAction\":[{\"@type\":\"ReadAction\",\"target\":[\"https:\/\/austinpartners.org\/404-error-page\/\"]}]},{\"@type\":\"BreadcrumbList\",\"@id\":\"https:\/\/austinpartners.org\/404-error-page\/#breadcrumb\",\"itemListElement\":[{\"@type\":\"ListItem\",\"position\":1,\"name\":\"Home\",\"item\":\"https:\/\/austinpartners.org\/\"},{\"@type\":\"ListItem\",\"position\":2,\"name\":\"404 Error Page\"}]},{\"@type\":\"WebSite\",\"@id\":\"https:\/\/austinpartners.org\/#website\",\"url\":\"https:\/\/austinpartners.org\/\",\"name\":\"Austin Partners in Education\",\"description\":\"Inspire students to prepare them for school and life\",\"potentialAction\":[{\"@type\":\"SearchAction\",\"target\":{\"@type\":\"EntryPoint\",\"urlTemplate\":\"https:\/\/austinpartners.org\/?s={search_term_string}\"},\"query-input\":{\"@type\":\"PropertyValueSpecification\",\"valueRequired\":true,\"valueName\":\"search_term_string\"}}],\"inLanguage\":\"vi\"}]}<\/script>\n<!-- \/ Yoast SEO plugin. -->","yoast_head_json":{"title":"404 Error Page - Austin Partners in Education","robots":{"index":"index","follow":"follow","max-snippet":"max-snippet:-1","max-image-preview":"max-image-preview:large","max-video-preview":"max-video-preview:-1"},"canonical":"https:\/\/austinpartners.org\/vi\/404-error-page\/","og_locale":"vi_VN","og_type":"article","og_title":"404 Error Page - Austin Partners in Education","og_description":"Oh no! The page you are looking for cannot be found. Try going to our Home Page.","og_url":"https:\/\/austinpartners.org\/vi\/404-error-page\/","og_site_name":"Austin Partners in Education","article_modified_time":"2024-10-10T20:00:11+00:00","twitter_card":"summary_large_image","twitter_misc":{"\u01af\u1edbc t\u00ednh th\u1eddi gian \u0111\u1ecdc":"1 ph\u00fat"},"schema":{"@context":"https:\/\/schema.org","@graph":[{"@type":"WebPage","@id":"https:\/\/austinpartners.org\/404-error-page\/","url":"https:\/\/austinpartners.org\/404-error-page\/","name":"404 Error Page - Austin Partners in Education","isPartOf":{"@id":"https:\/\/austinpartners.org\/#website"},"datePublished":"2020-09-17T20:09:24+00:00","dateModified":"2024-10-10T20:00:11+00:00","breadcrumb":{"@id":"https:\/\/austinpartners.org\/404-error-page\/#breadcrumb"},"inLanguage":"vi","potentialAction":[{"@type":"ReadAction","target":["https:\/\/austinpartners.org\/404-error-page\/"]}]},{"@type":"BreadcrumbList","@id":"https:\/\/austinpartners.org\/404-error-page\/#breadcrumb","itemListElement":[{"@type":"ListItem","position":1,"name":"Home","item":"https:\/\/austinpartners.org\/"},{"@type":"ListItem","position":2,"name":"404 Error Page"}]},{"@type":"WebSite","@id":"https:\/\/austinpartners.org\/#website","url":"https:\/\/austinpartners.org\/","name":"Austin Partners in Education","description":"Inspire students to prepare them for school and life","potentialAction":[{"@type":"SearchAction","target":{"@type":"EntryPoint","urlTemplate":"https:\/\/austinpartners.org\/?s={search_term_string}"},"query-input":{"@type":"PropertyValueSpecification","valueRequired":true,"valueName":"search_term_string"}}],"inLanguage":"vi"}]}},"_links":{"self":[{"href":"https:\/\/austinpartners.org\/vi\/wp-json\/wp\/v2\/pages\/3909"}],"collection":[{"href":"https:\/\/austinpartners.org\/vi\/wp-json\/wp\/v2\/pages"}],"about":[{"href":"https:\/\/austinpartners.org\/vi\/wp-json\/wp\/v2\/types\/page"}],"author":[{"embeddable":true,"href":"https:\/\/austinpartners.org\/vi\/wp-json\/wp\/v2\/users\/2"}],"replies":[{"embeddable":true,"href":"https:\/\/austinpartners.org\/vi\/wp-json\/wp\/v2\/comments?post=3909"}],"version-history":[{"count":7,"href":"https:\/\/austinpartners.org\/vi\/wp-json\/wp\/v2\/pages\/3909\/revisions"}],"predecessor-version":[{"id":9172,"href":"https:\/\/austinpartners.org\/vi\/wp-json\/wp\/v2\/pages\/3909\/revisions\/9172"}],"wp:attachment":[{"href":"https:\/\/austinpartners.org\/vi\/wp-json\/wp\/v2\/media?parent=3909"}],"curies":[{"name":"wp","href":"https:\/\/api.w.org\/{rel}","templated":true}]}}