{"id":3509,"date":"2020-06-23T15:57:29","date_gmt":"2020-06-23T15:57:29","guid":{"rendered":"https:\/\/austinpartners.org\/?page_id=3509"},"modified":"2024-11-22T22:30:50","modified_gmt":"2024-11-22T22:30:50","slug":"make-a-difference","status":"publish","type":"page","link":"https:\/\/austinpartners.org\/vi\/make-a-difference\/","title":{"rendered":"T\u1ea1o n\u00ean s\u1ef1 kh\u00e1c bi\u1ec7t"},"content":{"rendered":"<div data-elementor-type=\"wp-page\" data-elementor-id=\"3509\" class=\"elementor elementor-3509\" data-elementor-post-type=\"page\">\n\t\t\t\t\t\t<section class=\"elementor-section elementor-top-section elementor-element elementor-element-3d20d836 elementor-section-content-middle elementor-section-boxed elementor-section-height-default elementor-section-height-default\" data-id=\"3d20d836\" data-element_type=\"section\" data-settings=\"{&quot;background_background&quot;:&quot;classic&quot;}\">\n\t\t\t\t\t\t\t<div class=\"elementor-background-overlay\"><\/div>\n\t\t\t\t\t\t\t<div class=\"elementor-container elementor-column-gap-default\">\n\t\t\t\t\t<div class=\"elementor-column elementor-col-100 elementor-top-column elementor-element elementor-element-3ca668a8\" data-id=\"3ca668a8\" data-element_type=\"column\">\n\t\t\t<div class=\"elementor-widget-wrap elementor-element-populated\">\n\t\t\t\t\t\t<div class=\"elementor-element elementor-element-d25b8dd elementor-widget elementor-widget-heading\" data-id=\"d25b8dd\" data-element_type=\"widget\" data-widget_type=\"heading.default\">\n\t\t\t\t<div class=\"elementor-widget-container\">\n\t\t\t\t\t<h1 class=\"elementor-heading-title elementor-size-default\">T\u1ea0O RA S\u1ef0 KH\u00c1C BI\u1ec6T NGAY H\u00d4M NAY!<\/h1>\t\t\t\t<\/div>\n\t\t\t\t<\/div>\n\t\t\t\t<div class=\"elementor-element elementor-element-3c2ffd59 elementor-widget elementor-widget-heading\" data-id=\"3c2ffd59\" data-element_type=\"widget\" data-widget_type=\"heading.default\">\n\t\t\t\t<div class=\"elementor-widget-container\">\n\t\t\t\t\t<p class=\"elementor-heading-title elementor-size-default\">K\u1ec3 t\u1eeb n\u0103m 2004, Austin Partners in Education \u0111\u00e3 t\u00e1c \u0111\u1ed9ng \u0111\u1ebfn cu\u1ed9c s\u1ed1ng c\u1ee7a h\u00e0ng ngh\u00ecn h\u1ecdc sinh ISD c\u1ee7a Austin b\u1eb1ng c\u00e1ch cung c\u1ea5p h\u1ed7 tr\u1ee3 k\u00e8m c\u1eb7p v\u00e0 c\u1ed1 v\u1ea5n.<\/p>\t\t\t\t<\/div>\n\t\t\t\t<\/div>\n\t\t\t\t\t<\/div>\n\t\t<\/div>\n\t\t\t\t\t<\/div>\n\t\t<\/section>\n\t\t\t\t<section class=\"elementor-section elementor-top-section elementor-element elementor-element-6e4ff6ac elementor-section-content-middle elementor-section-boxed elementor-section-height-default elementor-section-height-default\" data-id=\"6e4ff6ac\" data-element_type=\"section\" data-settings=\"{&quot;background_background&quot;:&quot;classic&quot;}\">\n\t\t\t\t\t\t<div class=\"elementor-container elementor-column-gap-default\">\n\t\t\t\t\t<div class=\"elementor-column elementor-col-50 elementor-top-column elementor-element elementor-element-1ab0022f\" data-id=\"1ab0022f\" data-element_type=\"column\">\n\t\t\t<div class=\"elementor-widget-wrap elementor-element-populated\">\n\t\t\t\t\t\t<div class=\"elementor-element elementor-element-4274b75e elementor-widget elementor-widget-heading\" data-id=\"4274b75e\" data-element_type=\"widget\" data-widget_type=\"heading.default\">\n\t\t\t\t<div class=\"elementor-widget-container\">\n\t\t\t\t\t<h2 class=\"elementor-heading-title elementor-size-default\">Ch\u00fang t\u00f4i kh\u00f4ng th\u1ec3 l\u00e0m c\u00f4ng vi\u1ec7c quan tr\u1ecdng n\u00e0y m\u00e0 kh\u00f4ng c\u00f3 b\u1ea1n!<\/h2>\t\t\t\t<\/div>\n\t\t\t\t<\/div>\n\t\t\t\t\t<\/div>\n\t\t<\/div>\n\t\t\t\t<div class=\"elementor-column elementor-col-50 elementor-top-column elementor-element elementor-element-57023ef9\" data-id=\"57023ef9\" data-element_type=\"column\">\n\t\t\t<div class=\"elementor-widget-wrap elementor-element-populated\">\n\t\t\t\t\t\t<section class=\"elementor-section elementor-inner-section elementor-element elementor-element-4c0e93d7 elementor-section-content-middle elementor-section-boxed elementor-section-height-default elementor-section-height-default\" data-id=\"4c0e93d7\" data-element_type=\"section\">\n\t\t\t\t\t\t<div class=\"elementor-container elementor-column-gap-default\">\n\t\t\t\t\t<div class=\"elementor-column elementor-col-50 elementor-inner-column elementor-element elementor-element-435efc09\" data-id=\"435efc09\" data-element_type=\"column\">\n\t\t\t<div class=\"elementor-widget-wrap elementor-element-populated\">\n\t\t\t\t\t\t<div class=\"elementor-element elementor-element-1e0f62c5 elementor-widget elementor-widget-image\" data-id=\"1e0f62c5\" data-element_type=\"widget\" data-widget_type=\"image.default\">\n\t\t\t\t<div class=\"elementor-widget-container\">\n\t\t\t\t\t\t\t\t\t\t\t\t\t\t\t<img fetchpriority=\"high\" decoding=\"async\" width=\"1024\" height=\"1024\" src=\"https:\/\/austinpartners.org\/wp-content\/uploads\/2020\/03\/positive-and-caring.svg\" class=\"attachment-large size-large wp-image-578\" alt=\"\" \/>\t\t\t\t\t\t\t\t\t\t\t\t\t\t\t<\/div>\n\t\t\t\t<\/div>\n\t\t\t\t\t<\/div>\n\t\t<\/div>\n\t\t\t\t<div class=\"elementor-column elementor-col-50 elementor-inner-column elementor-element elementor-element-7cfe2ecd\" data-id=\"7cfe2ecd\" data-element_type=\"column\">\n\t\t\t<div class=\"elementor-widget-wrap elementor-element-populated\">\n\t\t\t\t\t\t<div class=\"elementor-element elementor-element-667044bc elementor-widget elementor-widget-counter\" data-id=\"667044bc\" data-element_type=\"widget\" data-widget_type=\"counter.default\">\n\t\t\t\t<div class=\"elementor-widget-container\">\n\t\t\t\t\t\t\t<div class=\"elementor-counter\">\n\t\t\t\t\t\t<div class=\"elementor-counter-number-wrapper\">\n\t\t\t\t<span class=\"elementor-counter-number-prefix\"><\/span>\n\t\t\t\t<span class=\"elementor-counter-number\" data-duration=\"2000\" data-to-value=\"2500\" data-from-value=\"0\" data-delimiter=\",\">0<\/span>\n\t\t\t\t<span class=\"elementor-counter-number-suffix\"><\/span>\n\t\t\t<\/div>\n\t\t<\/div>\n\t\t\t\t\t\t<\/div>\n\t\t\t\t<\/div>\n\t\t\t\t<div class=\"elementor-element elementor-element-4e3f87 elementor-widget elementor-widget-heading\" data-id=\"4e3f87\" data-element_type=\"widget\" data-widget_type=\"heading.default\">\n\t\t\t\t<div class=\"elementor-widget-container\">\n\t\t\t\t\t<h3 class=\"elementor-heading-title elementor-size-default\">H\u1ecdc sinh k\u00e8m c\u1eb7p &amp; k\u00e8m c\u1eb7p h\u00e0ng n\u0103m<\/h3>\t\t\t\t<\/div>\n\t\t\t\t<\/div>\n\t\t\t\t\t<\/div>\n\t\t<\/div>\n\t\t\t\t\t<\/div>\n\t\t<\/section>\n\t\t\t\t\t<\/div>\n\t\t<\/div>\n\t\t\t\t\t<\/div>\n\t\t<\/section>\n\t\t\t\t<section class=\"elementor-section elementor-top-section elementor-element elementor-element-41d5ce2b elementor-section-content-middle elementor-section-boxed elementor-section-height-default elementor-section-height-default\" data-id=\"41d5ce2b\" data-element_type=\"section\" data-settings=\"{&quot;background_background&quot;:&quot;classic&quot;}\">\n\t\t\t\t\t\t<div class=\"elementor-container elementor-column-gap-default\">\n\t\t\t\t\t<div class=\"elementor-column elementor-col-50 elementor-top-column elementor-element elementor-element-1371121e\" data-id=\"1371121e\" data-element_type=\"column\">\n\t\t\t<div class=\"elementor-widget-wrap elementor-element-populated\">\n\t\t\t\t\t\t<div class=\"elementor-element elementor-element-437fd24 elementor-widget elementor-widget-heading\" data-id=\"437fd24\" data-element_type=\"widget\" data-widget_type=\"heading.default\">\n\t\t\t\t<div class=\"elementor-widget-container\">\n\t\t\t\t\t<h3 class=\"elementor-heading-title elementor-size-default\">Quy\u00ean g\u00f3p ngay h\u00f4m nay<\/h3>\t\t\t\t<\/div>\n\t\t\t\t<\/div>\n\t\t\t\t<div class=\"elementor-element elementor-element-7a247d27 elementor-widget elementor-widget-text-editor\" data-id=\"7a247d27\" data-element_type=\"widget\" data-widget_type=\"text-editor.default\">\n\t\t\t\t<div class=\"elementor-widget-container\">\n\t\t\t\t\t\t\t\t\t<p>L\u00e0 m\u1ed9t \u0111i\u1ec1u 501 (c) 3 \u0111\u1ed9c l\u1eadp, APIE d\u1ef1a v\u00e0o s\u1ef1 h\u1ed7 tr\u1ee3 t\u1eeb b\u00ean ngo\u00e0i t\u1eeb c\u00e1c c\u00e1 nh\u00e2n, doanh nghi\u1ec7p v\u00e0 c\u00e1c t\u1ed5 ch\u1ee9c t\u01b0 nh\u00e2n \u0111\u1ec3 ph\u1ee5c v\u1ee5 h\u01a1n 2.500 sinh vi\u00ean Austin ISD m\u1ed7i n\u0103m. C\u00e1c kho\u1ea3n \u0111\u00f3ng g\u00f3p c\u1ee7a b\u1ea1n gi\u00fap ch\u00fang t\u00f4i duy tr\u00ec v\u00e0 ti\u1ebfp t\u1ee5c ph\u00e1t tri\u1ec3n c\u00e1c ch\u01b0\u01a1ng tr\u00ecnh \u0111ang thay \u0111\u1ed5i cu\u1ed9c s\u1ed1ng c\u1ee7a h\u1ecdc sinh.<\/p><p>\u00a0<\/p><p><strong>R<i>Ch\u00ednh s\u00e1ch efund<br \/><\/i><\/strong><i>Y\u00eau c\u1ea7u ho\u00e0n ti\u1ec1n ch\u1ec9 c\u00f3 th\u1ec3 \u0111\u01b0\u1ee3c x\u1eed l\u00fd sau khi kho\u1ea3n quy\u00ean g\u00f3p c\u1ee7a b\u1ea1n \u0111\u01b0\u1ee3c x\u00f3a. C\u1ea3m \u01a1n b\u1ea1n \u0111\u00e3 hi\u1ec3u v\u00e0 \u1ee7ng h\u1ed9 s\u1ee9 m\u1ec7nh c\u1ee7a ch\u00fang t\u00f4i.<\/i><\/p>\t\t\t\t\t\t\t\t<\/div>\n\t\t\t\t<\/div>\n\t\t\t\t\t<\/div>\n\t\t<\/div>\n\t\t\t\t<div class=\"elementor-column elementor-col-50 elementor-top-column elementor-element elementor-element-582a696a\" data-id=\"582a696a\" data-element_type=\"column\">\n\t\t\t<div class=\"elementor-widget-wrap elementor-element-populated\">\n\t\t\t\t\t\t<div class=\"elementor-element elementor-element-1cb2fa4 elementor-align-center elementor-widget elementor-widget-button\" data-id=\"1cb2fa4\" data-element_type=\"widget\" data-widget_type=\"button.default\">\n\t\t\t\t<div class=\"elementor-widget-container\">\n\t\t\t\t\t\t\t\t\t<div class=\"elementor-button-wrapper\">\n\t\t\t\t\t<a class=\"elementor-button elementor-button-link elementor-size-sm elementor-animation-grow\" href=\"https:\/\/gcld.co\/8gjXBvZ\" target=\"_blank\">\n\t\t\t\t\t\t<span class=\"elementor-button-content-wrapper\">\n\t\t\t\t\t\t\t\t\t<span class=\"elementor-button-text\">Quy\u00ean g\u00f3p<\/span>\n\t\t\t\t\t<\/span>\n\t\t\t\t\t<\/a>\n\t\t\t\t<\/div>\n\t\t\t\t\t\t\t\t<\/div>\n\t\t\t\t<\/div>\n\t\t\t\t\t<\/div>\n\t\t<\/div>\n\t\t\t\t\t<\/div>\n\t\t<\/section>\n\t\t\t\t<\/div>","protected":false},"excerpt":{"rendered":"<p>T\u1ea0O RA S\u1ef0 KH\u00c1C BI\u1ec6T NGAY H\u00d4M NAY! T\u1eeb n\u0103m 2004, Austin Partners in Education \u0111\u00e3 t\u00e1c \u0111\u1ed9ng \u0111\u1ebfn cu\u1ed9c s\u1ed1ng c\u1ee7a h\u00e0ng ng\u00e0n h\u1ecdc sinh Austin ISD b\u1eb1ng c\u00e1ch cung c\u1ea5p h\u1ed7 tr\u1ee3 k\u00e8m c\u1eb7p v\u00e0 c\u1ed1 v\u1ea5n. Ch\u00fang t\u00f4i kh\u00f4ng th\u1ec3 th\u1ef1c hi\u1ec7n c\u00f4ng vi\u1ec7c quan tr\u1ecdng n\u00e0y n\u1ebfu kh\u00f4ng c\u00f3 b\u1ea1n! 0 H\u1ecdc sinh \u0111\u01b0\u1ee3c k\u00e8m c\u1eb7p v\u00e0 c\u1ed1 v\u1ea5n m\u1ed7i n\u0103m H\u00e3y quy\u00ean g\u00f3p ngay h\u00f4m nay L\u00e0 m\u1ed9t t\u1ed5 ch\u1ee9c \u0111\u1ed9c l\u1eadp 501(c) 3, APIE d\u1ef1a v\u00e0o s\u1ef1 h\u1ed7 tr\u1ee3 b\u00ean ngo\u00e0i t\u1eeb c\u00e1c c\u00e1 nh\u00e2n, [\u2026]<\/p>","protected":false},"author":1,"featured_media":0,"parent":0,"menu_order":0,"comment_status":"closed","ping_status":"closed","template":"","meta":{"_acf_changed":false,"inline_featured_image":false,"footnotes":""},"class_list":["post-3509","page","type-page","status-publish","hentry"],"acf":[],"yoast_head":"<!-- This site is optimized with the Yoast SEO plugin v24.9 - https:\/\/yoast.com\/wordpress\/plugins\/seo\/ -->\n<title>Make a Difference - Austin Partners in Education<\/title>\n<meta name=\"robots\" content=\"index, follow, max-snippet:-1, max-image-preview:large, max-video-preview:-1\" \/>\n<link rel=\"canonical\" href=\"https:\/\/austinpartners.org\/vi\/make-a-difference\/\" \/>\n<meta property=\"og:locale\" content=\"vi_VN\" \/>\n<meta property=\"og:type\" content=\"article\" \/>\n<meta property=\"og:title\" content=\"Make a Difference - Austin Partners in Education\" \/>\n<meta property=\"og:description\" content=\"MAKE A DIFFERENCE TODAY! Since 2004, Austin Partners in Education has impacted the lives of thousands of Austin ISD students by providing tutoring and mentoring support. We can\u2019t do this important work without you! 0 Students Tutored &amp; Mentored Every Year Donate Today As a stand-alone 501(c) 3, APIE relies on outside support from individuals, [&hellip;]\" \/>\n<meta property=\"og:url\" content=\"https:\/\/austinpartners.org\/vi\/make-a-difference\/\" \/>\n<meta property=\"og:site_name\" content=\"Austin Partners in Education\" \/>\n<meta property=\"article:modified_time\" content=\"2024-11-22T22:30:50+00:00\" \/>\n<meta name=\"twitter:card\" content=\"summary_large_image\" \/>\n<meta name=\"twitter:label1\" content=\"\u01af\u1edbc t\u00ednh th\u1eddi gian \u0111\u1ecdc\" \/>\n\t<meta name=\"twitter:data1\" content=\"1 ph\u00fat\" \/>\n<script type=\"application\/ld+json\" class=\"yoast-schema-graph\">{\"@context\":\"https:\/\/schema.org\",\"@graph\":[{\"@type\":\"WebPage\",\"@id\":\"https:\/\/austinpartners.org\/make-a-difference\/\",\"url\":\"https:\/\/austinpartners.org\/make-a-difference\/\",\"name\":\"Make a Difference - Austin Partners in Education\",\"isPartOf\":{\"@id\":\"https:\/\/austinpartners.org\/#website\"},\"primaryImageOfPage\":{\"@id\":\"https:\/\/austinpartners.org\/make-a-difference\/#primaryimage\"},\"image\":{\"@id\":\"https:\/\/austinpartners.org\/make-a-difference\/#primaryimage\"},\"thumbnailUrl\":\"https:\/\/austinpartners.org\/wp-content\/uploads\/2020\/03\/positive-and-caring.svg\",\"datePublished\":\"2020-06-23T15:57:29+00:00\",\"dateModified\":\"2024-11-22T22:30:50+00:00\",\"breadcrumb\":{\"@id\":\"https:\/\/austinpartners.org\/make-a-difference\/#breadcrumb\"},\"inLanguage\":\"vi\",\"potentialAction\":[{\"@type\":\"ReadAction\",\"target\":[\"https:\/\/austinpartners.org\/make-a-difference\/\"]}]},{\"@type\":\"ImageObject\",\"inLanguage\":\"vi\",\"@id\":\"https:\/\/austinpartners.org\/make-a-difference\/#primaryimage\",\"url\":\"https:\/\/austinpartners.org\/wp-content\/uploads\/2020\/03\/positive-and-caring.svg\",\"contentUrl\":\"https:\/\/austinpartners.org\/wp-content\/uploads\/2020\/03\/positive-and-caring.svg\"},{\"@type\":\"BreadcrumbList\",\"@id\":\"https:\/\/austinpartners.org\/make-a-difference\/#breadcrumb\",\"itemListElement\":[{\"@type\":\"ListItem\",\"position\":1,\"name\":\"Home\",\"item\":\"https:\/\/austinpartners.org\/\"},{\"@type\":\"ListItem\",\"position\":2,\"name\":\"Make a Difference\"}]},{\"@type\":\"WebSite\",\"@id\":\"https:\/\/austinpartners.org\/#website\",\"url\":\"https:\/\/austinpartners.org\/\",\"name\":\"Austin Partners in Education\",\"description\":\"Inspire students to prepare them for school and life\",\"potentialAction\":[{\"@type\":\"SearchAction\",\"target\":{\"@type\":\"EntryPoint\",\"urlTemplate\":\"https:\/\/austinpartners.org\/?s={search_term_string}\"},\"query-input\":{\"@type\":\"PropertyValueSpecification\",\"valueRequired\":true,\"valueName\":\"search_term_string\"}}],\"inLanguage\":\"vi\"}]}<\/script>\n<!-- \/ Yoast SEO plugin. -->","yoast_head_json":{"title":"Make a Difference - Austin Partners in Education","robots":{"index":"index","follow":"follow","max-snippet":"max-snippet:-1","max-image-preview":"max-image-preview:large","max-video-preview":"max-video-preview:-1"},"canonical":"https:\/\/austinpartners.org\/vi\/make-a-difference\/","og_locale":"vi_VN","og_type":"article","og_title":"Make a Difference - Austin Partners in Education","og_description":"MAKE A DIFFERENCE TODAY! Since 2004, Austin Partners in Education has impacted the lives of thousands of Austin ISD students by providing tutoring and mentoring support. We can\u2019t do this important work without you! 0 Students Tutored &amp; Mentored Every Year Donate Today As a stand-alone 501(c) 3, APIE relies on outside support from individuals, [&hellip;]","og_url":"https:\/\/austinpartners.org\/vi\/make-a-difference\/","og_site_name":"Austin Partners in Education","article_modified_time":"2024-11-22T22:30:50+00:00","twitter_card":"summary_large_image","twitter_misc":{"\u01af\u1edbc t\u00ednh th\u1eddi gian \u0111\u1ecdc":"1 ph\u00fat"},"schema":{"@context":"https:\/\/schema.org","@graph":[{"@type":"WebPage","@id":"https:\/\/austinpartners.org\/make-a-difference\/","url":"https:\/\/austinpartners.org\/make-a-difference\/","name":"Make a Difference - Austin Partners in Education","isPartOf":{"@id":"https:\/\/austinpartners.org\/#website"},"primaryImageOfPage":{"@id":"https:\/\/austinpartners.org\/make-a-difference\/#primaryimage"},"image":{"@id":"https:\/\/austinpartners.org\/make-a-difference\/#primaryimage"},"thumbnailUrl":"https:\/\/austinpartners.org\/wp-content\/uploads\/2020\/03\/positive-and-caring.svg","datePublished":"2020-06-23T15:57:29+00:00","dateModified":"2024-11-22T22:30:50+00:00","breadcrumb":{"@id":"https:\/\/austinpartners.org\/make-a-difference\/#breadcrumb"},"inLanguage":"vi","potentialAction":[{"@type":"ReadAction","target":["https:\/\/austinpartners.org\/make-a-difference\/"]}]},{"@type":"ImageObject","inLanguage":"vi","@id":"https:\/\/austinpartners.org\/make-a-difference\/#primaryimage","url":"https:\/\/austinpartners.org\/wp-content\/uploads\/2020\/03\/positive-and-caring.svg","contentUrl":"https:\/\/austinpartners.org\/wp-content\/uploads\/2020\/03\/positive-and-caring.svg"},{"@type":"BreadcrumbList","@id":"https:\/\/austinpartners.org\/make-a-difference\/#breadcrumb","itemListElement":[{"@type":"ListItem","position":1,"name":"Home","item":"https:\/\/austinpartners.org\/"},{"@type":"ListItem","position":2,"name":"Make a Difference"}]},{"@type":"WebSite","@id":"https:\/\/austinpartners.org\/#website","url":"https:\/\/austinpartners.org\/","name":"Austin Partners in Education","description":"Inspire students to prepare them for school and life","potentialAction":[{"@type":"SearchAction","target":{"@type":"EntryPoint","urlTemplate":"https:\/\/austinpartners.org\/?s={search_term_string}"},"query-input":{"@type":"PropertyValueSpecification","valueRequired":true,"valueName":"search_term_string"}}],"inLanguage":"vi"}]}},"_links":{"self":[{"href":"https:\/\/austinpartners.org\/vi\/wp-json\/wp\/v2\/pages\/3509"}],"collection":[{"href":"https:\/\/austinpartners.org\/vi\/wp-json\/wp\/v2\/pages"}],"about":[{"href":"https:\/\/austinpartners.org\/vi\/wp-json\/wp\/v2\/types\/page"}],"author":[{"embeddable":true,"href":"https:\/\/austinpartners.org\/vi\/wp-json\/wp\/v2\/users\/1"}],"replies":[{"embeddable":true,"href":"https:\/\/austinpartners.org\/vi\/wp-json\/wp\/v2\/comments?post=3509"}],"version-history":[{"count":35,"href":"https:\/\/austinpartners.org\/vi\/wp-json\/wp\/v2\/pages\/3509\/revisions"}],"predecessor-version":[{"id":9390,"href":"https:\/\/austinpartners.org\/vi\/wp-json\/wp\/v2\/pages\/3509\/revisions\/9390"}],"wp:attachment":[{"href":"https:\/\/austinpartners.org\/vi\/wp-json\/wp\/v2\/media?parent=3509"}],"curies":[{"name":"wp","href":"https:\/\/api.w.org\/{rel}","templated":true}]}}