{"id":9090,"date":"2024-10-09T17:04:07","date_gmt":"2024-10-09T17:04:07","guid":{"rendered":"https:\/\/austinpartners.org\/?page_id=9090"},"modified":"2025-01-28T17:55:39","modified_gmt":"2025-01-28T17:55:39","slug":"austin-marathon-2025","status":"publish","type":"page","link":"https:\/\/austinpartners.org\/fr\/austin-marathon-2025\/","title":{"rendered":"Marathon d&#039;Austin 2025"},"content":{"rendered":"<div data-elementor-type=\"wp-page\" data-elementor-id=\"9090\" class=\"elementor elementor-9090\" data-elementor-post-type=\"page\">\n\t\t\t\t\t\t<section class=\"elementor-section elementor-top-section elementor-element elementor-element-740c095 elementor-section-boxed elementor-section-height-default elementor-section-height-default\" data-id=\"740c095\" data-element_type=\"section\">\n\t\t\t\t\t\t<div class=\"elementor-container elementor-column-gap-default\">\n\t\t\t\t\t<div class=\"elementor-column elementor-col-100 elementor-top-column elementor-element elementor-element-c411327\" data-id=\"c411327\" data-element_type=\"column\">\n\t\t\t<div class=\"elementor-widget-wrap\">\n\t\t\t\t\t\t\t<\/div>\n\t\t<\/div>\n\t\t\t\t\t<\/div>\n\t\t<\/section>\n\t\t\t\t<section class=\"elementor-section elementor-top-section elementor-element elementor-element-7e2cd3df elementor-section-content-middle elementor-section-boxed elementor-section-height-default elementor-section-height-default\" data-id=\"7e2cd3df\" data-element_type=\"section\" data-settings=\"{&quot;background_background&quot;:&quot;classic&quot;}\">\n\t\t\t\t\t\t\t<div class=\"elementor-background-overlay\"><\/div>\n\t\t\t\t\t\t\t<div class=\"elementor-container elementor-column-gap-default\">\n\t\t\t\t\t<div class=\"elementor-column elementor-col-100 elementor-top-column elementor-element elementor-element-3b794c17\" data-id=\"3b794c17\" data-element_type=\"column\">\n\t\t\t<div class=\"elementor-widget-wrap elementor-element-populated\">\n\t\t\t\t\t\t<div class=\"elementor-element elementor-element-677530ca elementor-widget elementor-widget-heading\" data-id=\"677530ca\" data-element_type=\"widget\" data-widget_type=\"heading.default\">\n\t\t\t\t<div class=\"elementor-widget-container\">\n\t\t\t\t\t<h1 class=\"elementor-heading-title elementor-size-default\">Marathon d&#039;Austin 2025<\/h1>\t\t\t\t<\/div>\n\t\t\t\t<\/div>\n\t\t\t\t\t<\/div>\n\t\t<\/div>\n\t\t\t\t\t<\/div>\n\t\t<\/section>\n\t\t\t\t<section class=\"elementor-section elementor-top-section elementor-element elementor-element-59cd473 elementor-section-boxed elementor-section-height-default elementor-section-height-default\" data-id=\"59cd473\" data-element_type=\"section\">\n\t\t\t\t\t\t<div class=\"elementor-container elementor-column-gap-default\">\n\t\t\t\t\t<div class=\"elementor-column elementor-col-100 elementor-top-column elementor-element elementor-element-a9ad5aa\" data-id=\"a9ad5aa\" data-element_type=\"column\">\n\t\t\t<div class=\"elementor-widget-wrap elementor-element-populated\">\n\t\t\t\t\t\t<div class=\"elementor-element elementor-element-108a23c elementor-widget elementor-widget-image\" data-id=\"108a23c\" data-element_type=\"widget\" data-widget_type=\"image.default\">\n\t\t\t\t<div class=\"elementor-widget-container\">\n\t\t\t\t\t\t\t\t\t\t\t\t\t\t\t<img fetchpriority=\"high\" decoding=\"async\" width=\"1024\" height=\"722\" src=\"https:\/\/austinpartners.org\/wp-content\/uploads\/2024\/10\/Austin-Marathon-Picture.jpeg\" class=\"attachment-large size-large wp-image-9101\" alt=\"\" srcset=\"https:\/\/austinpartners.org\/wp-content\/uploads\/2024\/10\/Austin-Marathon-Picture.jpeg 1024w, https:\/\/austinpartners.org\/wp-content\/uploads\/2024\/10\/Austin-Marathon-Picture-300x212.jpeg 300w, https:\/\/austinpartners.org\/wp-content\/uploads\/2024\/10\/Austin-Marathon-Picture-768x542.jpeg 768w, https:\/\/austinpartners.org\/wp-content\/uploads\/2024\/10\/Austin-Marathon-Picture-18x12.jpeg 18w\" sizes=\"(max-width: 1024px) 100vw, 1024px\" \/>\t\t\t\t\t\t\t\t\t\t\t\t\t\t\t<\/div>\n\t\t\t\t<\/div>\n\t\t\t\t\t<\/div>\n\t\t<\/div>\n\t\t\t\t\t<\/div>\n\t\t<\/section>\n\t\t\t\t<section class=\"elementor-section elementor-top-section elementor-element elementor-element-2324c21 elementor-section-boxed elementor-section-height-default elementor-section-height-default\" data-id=\"2324c21\" data-element_type=\"section\">\n\t\t\t\t\t\t<div class=\"elementor-container elementor-column-gap-default\">\n\t\t\t\t\t<div class=\"elementor-column elementor-col-100 elementor-top-column elementor-element elementor-element-c5c1d72\" data-id=\"c5c1d72\" data-element_type=\"column\">\n\t\t\t<div class=\"elementor-widget-wrap elementor-element-populated\">\n\t\t\t\t\t\t<div class=\"elementor-element elementor-element-a2a34de elementor-widget elementor-widget-spacer\" data-id=\"a2a34de\" data-element_type=\"widget\" data-widget_type=\"spacer.default\">\n\t\t\t\t<div class=\"elementor-widget-container\">\n\t\t\t\t\t\t\t<div class=\"elementor-spacer\">\n\t\t\t<div class=\"elementor-spacer-inner\"><\/div>\n\t\t<\/div>\n\t\t\t\t\t\t<\/div>\n\t\t\t\t<\/div>\n\t\t\t\t\t<\/div>\n\t\t<\/div>\n\t\t\t\t\t<\/div>\n\t\t<\/section>\n\t\t\t\t<section class=\"elementor-section elementor-top-section elementor-element elementor-element-e34be03 elementor-section-boxed elementor-section-height-default elementor-section-height-default\" data-id=\"e34be03\" data-element_type=\"section\">\n\t\t\t\t\t\t<div class=\"elementor-container elementor-column-gap-default\">\n\t\t\t\t\t<div class=\"elementor-column elementor-col-100 elementor-top-column elementor-element elementor-element-beb0ca2\" data-id=\"beb0ca2\" data-element_type=\"column\">\n\t\t\t<div class=\"elementor-widget-wrap elementor-element-populated\">\n\t\t\t\t\t\t<div class=\"elementor-element elementor-element-40a85d5 elementor-widget elementor-widget-heading\" data-id=\"40a85d5\" data-element_type=\"widget\" data-widget_type=\"heading.default\">\n\t\t\t\t<div class=\"elementor-widget-container\">\n\t\t\t\t\t<h2 class=\"elementor-heading-title elementor-size-default\">L\u2019\u00e9ducation est un marathon, pas un sprint !<\/h2>\t\t\t\t<\/div>\n\t\t\t\t<\/div>\n\t\t\t\t<div class=\"elementor-element elementor-element-d5789f5 elementor-widget elementor-widget-text-editor\" data-id=\"d5789f5\" data-element_type=\"widget\" data-widget_type=\"text-editor.default\">\n\t\t\t\t<div class=\"elementor-widget-container\">\n\t\t\t\t\t\t\t\t\t<p>L&#039;APIE est honor\u00e9e d&#039;avoir \u00e9t\u00e9 s\u00e9lectionn\u00e9e comme association caritative officielle du Marathon d&#039;Austin pour l&#039;\u00e9dition 2025 du Marathon d&#039;Austin. Cette ann\u00e9e, le marathon aura lieu le dimanche 16 f\u00e9vrier 2025. L&#039;ann\u00e9e derni\u00e8re, nous avons collect\u00e9 plus de 14\u00a0000\u00a0000\u00a0$ gr\u00e2ce \u00e0 une collecte de fonds entre pairs, deux parrainages et une g\u00e9n\u00e9reuse contribution de la Fondation Moody. Nous avons \u00e9galement g\u00e9r\u00e9 le poste de secours du kilom\u00e8tre 5 le jour de la course avec l&#039;aide de plus de 80\u00a0b\u00e9n\u00e9voles dynamiques\u00a0!<\/p><p>Nous avons h\u00e2te de poursuivre sur cette lanc\u00e9e pour la campagne 2025, qui culminera avec le marathon d&#039;Austin le 16 f\u00e9vrier 2025\u00a0! Voici quelques fa\u00e7ons de vous impliquer\u00a0:<\/p><p><strong>COURIR<\/strong>: <a href=\"https:\/\/eventdog.com\/a\/eventpage.php?eID=58961&amp;refData=topmenu\" target=\"_blank\" rel=\"noopener\">Inscrivez-vous pour courir<\/a> Lors de votre inscription, rejoignez notre \u00e9quipe \u00ab\u00a0APIE Runners\u00a0\u00bb. Si vous souhaitez \u00e9galement collecter des fonds (pour b\u00e9n\u00e9ficier d&#039;une inscription gratuite ou simplement pour soutenir notre mission), il vous sera demand\u00e9, \u00e0 la fin de l&#039;inscription, si vous souhaitez collecter des fonds au profit d&#039;une association caritative. Vous pourrez ainsi cr\u00e9er votre page personnelle de collecte de fonds via GivenGain. Si vous souhaitez b\u00e9n\u00e9ficier d&#039;une prise en charge compl\u00e8te de vos frais d&#039;inscription, n&#039;h\u00e9sitez pas \u00e0 nous contacter\u00a0! Un nombre limit\u00e9 de codes d&#039;inscription gratuits sont mis \u00e0 notre disposition via le site du Marathon d&#039;Austin. <a href=\"https:\/\/form.jotform.com\/highfiveevents\/2025RUNFORWARD\" target=\"_blank\" rel=\"noopener\">Courir en avant<\/a> Programme qui vous remboursera int\u00e9gralement vos frais d&#039;inscription une fois que vous aurez cr\u00e9\u00e9 une page de collecte de fonds et collect\u00e9 $250\u00a0! Contactez-nous <a href=\"mailto:jjacobsohn@austinpartners.org\" target=\"_blank\" rel=\"noopener\">jjacobsohn@austinpartners.org<\/a> pour plus d&#039;infos.<\/p><p><strong>COLLECTE DE FONDS<\/strong>:APIE est une association caritative officielle d&#039;Austin Marathon Gives cette ann\u00e9e, vous nous verrez donc en vedette sur le <a href=\"https:\/\/youraustinmarathon.com\/austinmarathongives\/run-for-charity\/\" target=\"_blank\" rel=\"noopener\">Site Web du marathon d&#039;Austin<\/a>. Vous pouvez \u00e9galement choisir d&#039;aller directement \u00e0 <a href=\"https:\/\/www.givengain.com\/campaign\/apie-2025\" target=\"_blank\" rel=\"noopener\">Page de collecte de fonds de l&#039;APIE<\/a> Cr\u00e9ez une page de collecte de fonds unique et personnalisable, facile \u00e0 partager avec des donateurs potentiels\u00a0!* Cliquez simplement sur le bouton \u00ab\u00a0Lancer la collecte\u00a0\u00bb en haut \u00e0 droite de la page. Vous serez invit\u00e9 \u00e0 cr\u00e9er un compte GivenGain gratuit, puis \u00e0 configurer votre page personnalis\u00e9e.<\/p><p>*Cette option est ouverte \u00e0 tous, que vous soyez inscrit ou non, que vous pr\u00e9voyiez de vous inscrire ou d&#039;\u00eatre b\u00e9n\u00e9vole le jour J, ou que vous souhaitiez simplement apporter votre soutien \u00e0 distance\u00a0! Pour un guide d\u00e9taill\u00e9 pour bien d\u00e9marrer, consultez ce guide pratique. <a href=\"https:\/\/austinpartners.org\/wp-content\/uploads\/2024\/09\/2025-Austin-Marathon-Fundraiser-Set-Up.pdf\" target=\"_blank\" rel=\"noopener\">Guide \u00e9tape par \u00e9tape pour mettre en place une collecte de fonds.<\/a><\/p><p><strong>B\u00c9N\u00c9VOLE<\/strong>Rejoignez-nous sur le parcours le jour de la course\u00a0! Nous g\u00e9rerons le ravitaillement situ\u00e9 au kilom\u00e8tre #5 (1919 S. 1st St.) et recherchons 60 \u00e0 80 b\u00e9n\u00e9voles pour participer \u00e0 l&#039;installation, au d\u00e9montage et au fonctionnement du ravitaillement (remplissage des gobelets, pr\u00e9paration des boissons \u00e9lectrolytiques et distribution des boissons aux participants). Pour en savoir plus et vous inscrire comme b\u00e9n\u00e9vole, cliquez ici. <a href=\"https:\/\/eventdog.com\/a\/eventpage.php?eID=60134\">ici.<\/a><\/p><p><strong>PARRAINER<\/strong>Nous recherchons des entreprises et des organisations pour sponsoriser l&#039;\u00e9quipe APIE\u00a0! Plusieurs niveaux de sponsoring offrent diff\u00e9rents avantages. C&#039;est une excellente occasion de vous impliquer dans la communaut\u00e9 et de faire conna\u00eetre votre entreprise \u00e0 plus de 80\u00a0000 coureurs, b\u00e9n\u00e9voles et spectateurs le jour de la course.<\/p><p><strong>DONNER<\/strong>:Faites un don d\u00e9ductible des imp\u00f4ts \u00e0 l&#039;un de nos formidables champions de la collecte de fonds, tous li\u00e9s au r\u00e9seau principal de l&#039;APIE <a href=\"https:\/\/www.givengain.com\/campaign\/apie-2025\" target=\"_blank\" rel=\"noopener\">campagne de financement<\/a> ou faites un don \u00e0 la campagne g\u00e9n\u00e9rale. Tous les b\u00e9n\u00e9fices seront revers\u00e9s directement \u00e0 notre action aupr\u00e8s des \u00e9tudiants d&#039;Austin.<\/p>\t\t\t\t\t\t\t\t<\/div>\n\t\t\t\t<\/div>\n\t\t\t\t\t<\/div>\n\t\t<\/div>\n\t\t\t\t\t<\/div>\n\t\t<\/section>\n\t\t\t\t<section class=\"elementor-section elementor-top-section elementor-element elementor-element-18bf2fa elementor-section-boxed elementor-section-height-default elementor-section-height-default\" data-id=\"18bf2fa\" data-element_type=\"section\">\n\t\t\t\t\t\t<div class=\"elementor-container elementor-column-gap-default\">\n\t\t\t\t\t<div class=\"elementor-column elementor-col-100 elementor-top-column elementor-element elementor-element-3f940af\" data-id=\"3f940af\" data-element_type=\"column\">\n\t\t\t<div class=\"elementor-widget-wrap elementor-element-populated\">\n\t\t\t\t\t\t<div class=\"elementor-element elementor-element-10c7bcd elementor-widget__width-initial elementor-widget elementor-widget-image\" data-id=\"10c7bcd\" data-element_type=\"widget\" data-widget_type=\"image.default\">\n\t\t\t\t<div class=\"elementor-widget-container\">\n\t\t\t\t\t\t\t\t\t\t\t\t\t\t\t<img decoding=\"async\" width=\"768\" height=\"769\" src=\"https:\/\/austinpartners.org\/wp-content\/uploads\/2024\/10\/Screenshot-2024-10-09-at-2.41.31\u202fPM-768x769.png\" class=\"attachment-medium_large size-medium_large wp-image-9158\" alt=\"\" srcset=\"https:\/\/austinpartners.org\/wp-content\/uploads\/2024\/10\/Screenshot-2024-10-09-at-2.41.31\u202fPM-768x769.png 768w, https:\/\/austinpartners.org\/wp-content\/uploads\/2024\/10\/Screenshot-2024-10-09-at-2.41.31\u202fPM-300x300.png 300w, https:\/\/austinpartners.org\/wp-content\/uploads\/2024\/10\/Screenshot-2024-10-09-at-2.41.31\u202fPM-150x150.png 150w, https:\/\/austinpartners.org\/wp-content\/uploads\/2024\/10\/Screenshot-2024-10-09-at-2.41.31\u202fPM-12x12.png 12w, https:\/\/austinpartners.org\/wp-content\/uploads\/2024\/10\/Screenshot-2024-10-09-at-2.41.31\u202fPM.png 818w\" sizes=\"(max-width: 768px) 100vw, 768px\" \/>\t\t\t\t\t\t\t\t\t\t\t\t\t\t\t<\/div>\n\t\t\t\t<\/div>\n\t\t\t\t\t<\/div>\n\t\t<\/div>\n\t\t\t\t\t<\/div>\n\t\t<\/section>\n\t\t\t\t<section class=\"elementor-section elementor-top-section elementor-element elementor-element-218031c elementor-section-boxed elementor-section-height-default elementor-section-height-default\" data-id=\"218031c\" data-element_type=\"section\">\n\t\t\t\t\t\t<div class=\"elementor-container elementor-column-gap-default\">\n\t\t\t\t\t<div class=\"elementor-column elementor-col-100 elementor-top-column elementor-element elementor-element-40241f2\" data-id=\"40241f2\" data-element_type=\"column\">\n\t\t\t<div class=\"elementor-widget-wrap elementor-element-populated\">\n\t\t\t\t\t\t<div class=\"elementor-element elementor-element-e62e897 elementor-widget elementor-widget-heading\" data-id=\"e62e897\" data-element_type=\"widget\" data-widget_type=\"heading.default\">\n\t\t\t\t<div class=\"elementor-widget-container\">\n\t\t\t\t\t<h2 class=\"elementor-heading-title elementor-size-default\">Merci \u00e0 nos sponsors 2025 :<\/h2>\t\t\t\t<\/div>\n\t\t\t\t<\/div>\n\t\t\t\t\t<\/div>\n\t\t<\/div>\n\t\t\t\t\t<\/div>\n\t\t<\/section>\n\t\t\t\t<section class=\"elementor-section elementor-top-section elementor-element elementor-element-3cb9a96 elementor-section-boxed elementor-section-height-default elementor-section-height-default\" data-id=\"3cb9a96\" data-element_type=\"section\">\n\t\t\t\t\t\t<div class=\"elementor-container elementor-column-gap-default\">\n\t\t\t\t\t<div class=\"elementor-column elementor-col-25 elementor-top-column elementor-element elementor-element-c0aba70\" data-id=\"c0aba70\" data-element_type=\"column\">\n\t\t\t<div class=\"elementor-widget-wrap\">\n\t\t\t\t\t\t\t<\/div>\n\t\t<\/div>\n\t\t\t\t<div class=\"elementor-column elementor-col-25 elementor-top-column elementor-element elementor-element-0c6df3d\" data-id=\"0c6df3d\" data-element_type=\"column\">\n\t\t\t<div class=\"elementor-widget-wrap elementor-element-populated\">\n\t\t\t\t\t\t<div class=\"elementor-element elementor-element-0ef165f elementor-widget elementor-widget-image\" data-id=\"0ef165f\" data-element_type=\"widget\" data-widget_type=\"image.default\">\n\t\t\t\t<div class=\"elementor-widget-container\">\n\t\t\t\t\t\t\t\t\t\t\t\t\t\t\t<img decoding=\"async\" width=\"235\" height=\"214\" src=\"https:\/\/austinpartners.org\/wp-content\/uploads\/2024\/10\/A-plus-credit-union.png\" class=\"attachment-large size-large wp-image-9137\" alt=\"\" srcset=\"https:\/\/austinpartners.org\/wp-content\/uploads\/2024\/10\/A-plus-credit-union.png 235w, https:\/\/austinpartners.org\/wp-content\/uploads\/2024\/10\/A-plus-credit-union-13x12.png 13w\" sizes=\"(max-width: 235px) 100vw, 235px\" \/>\t\t\t\t\t\t\t\t\t\t\t\t\t\t\t<\/div>\n\t\t\t\t<\/div>\n\t\t\t\t\t<\/div>\n\t\t<\/div>\n\t\t\t\t<div class=\"elementor-column elementor-col-25 elementor-top-column elementor-element elementor-element-cb8a1b6\" data-id=\"cb8a1b6\" data-element_type=\"column\">\n\t\t\t<div class=\"elementor-widget-wrap elementor-element-populated\">\n\t\t\t\t\t\t\t<\/div>\n\t\t<\/div>\n\t\t\t\t<div class=\"elementor-column elementor-col-25 elementor-top-column elementor-element elementor-element-c6de5c4\" data-id=\"c6de5c4\" data-element_type=\"column\">\n\t\t\t<div class=\"elementor-widget-wrap\">\n\t\t\t\t\t\t\t<\/div>\n\t\t<\/div>\n\t\t\t\t\t<\/div>\n\t\t<\/section>\n\t\t\t\t<section class=\"elementor-section elementor-top-section elementor-element elementor-element-26fb71d elementor-section-boxed elementor-section-height-default elementor-section-height-default\" data-id=\"26fb71d\" data-element_type=\"section\">\n\t\t\t\t\t\t<div class=\"elementor-container elementor-column-gap-default\">\n\t\t\t\t\t<div class=\"elementor-column elementor-col-100 elementor-top-column elementor-element elementor-element-db5f88e\" data-id=\"db5f88e\" data-element_type=\"column\">\n\t\t\t<div class=\"elementor-widget-wrap elementor-element-populated\">\n\t\t\t\t\t\t<div class=\"elementor-element elementor-element-a1f4110 elementor-widget elementor-widget-video\" data-id=\"a1f4110\" data-element_type=\"widget\" data-settings=\"{&quot;youtube_url&quot;:&quot;https:\\\/\\\/youtu.be\\\/bGxovL0Tbc0&quot;,&quot;video_type&quot;:&quot;youtube&quot;,&quot;controls&quot;:&quot;yes&quot;}\" data-widget_type=\"video.default\">\n\t\t\t\t<div class=\"elementor-widget-container\">\n\t\t\t\t\t\t\t<div class=\"elementor-wrapper elementor-open-inline\">\n\t\t\t<div class=\"elementor-video\"><\/div>\t\t<\/div>\n\t\t\t\t\t\t<\/div>\n\t\t\t\t<\/div>\n\t\t\t\t\t<\/div>\n\t\t<\/div>\n\t\t\t\t\t<\/div>\n\t\t<\/section>\n\t\t\t\t<\/div>","protected":false},"excerpt":{"rendered":"<p>L&#039;\u00e9ducation est un marathon, pas un sprint ! L&#039;APIE est honor\u00e9e d&#039;avoir \u00e9t\u00e9 s\u00e9lectionn\u00e9e comme association caritative officielle du programme Austin Marathon Gives pour l&#039;\u00e9dition 2025 du marathon d&#039;Austin. Cette ann\u00e9e, le marathon aura lieu le dimanche 16 f\u00e9vrier 2025. L&#039;ann\u00e9e derni\u00e8re, nous avons collect\u00e9 plus de 14\u00a0000\u00a0000\u00a0000\u00a0000\u00a0000\u00a0000\u00a0000 gr\u00e2ce \u00e0 une collecte de fonds entre pairs, deux parrainages et une g\u00e9n\u00e9reuse contribution de la Fondation Moody. [\u2026]<\/p>","protected":false},"author":2,"featured_media":0,"parent":0,"menu_order":0,"comment_status":"closed","ping_status":"closed","template":"","meta":{"_acf_changed":false,"inline_featured_image":false,"footnotes":""},"class_list":["post-9090","page","type-page","status-publish","hentry"],"acf":[],"yoast_head":"<!-- This site is optimized with the Yoast SEO plugin v24.9 - https:\/\/yoast.com\/wordpress\/plugins\/seo\/ -->\n<title>Austin Marathon 2025 - Austin Partners in Education<\/title>\n<meta name=\"robots\" content=\"index, follow, max-snippet:-1, max-image-preview:large, max-video-preview:-1\" \/>\n<link rel=\"canonical\" href=\"https:\/\/austinpartners.org\/fr\/austin-marathon-2025\/\" \/>\n<meta property=\"og:locale\" content=\"fr_FR\" \/>\n<meta property=\"og:type\" content=\"article\" \/>\n<meta property=\"og:title\" content=\"Austin Marathon 2025 - Austin Partners in Education\" \/>\n<meta property=\"og:description\" content=\"Education is a Marathon, Not a Sprint! APIE is honored to be selected as an official Austin Marathon Gives Charity for the 2025 Austin Marathon. This year\u2019s Marathon will take place on Sunday, February 16, 2025. Last year, we raised over $24,000 through peer-to-peer fundraising, two sponsorships, and a generous match from the Moody Foundation. [&hellip;]\" \/>\n<meta property=\"og:url\" content=\"https:\/\/austinpartners.org\/fr\/austin-marathon-2025\/\" \/>\n<meta property=\"og:site_name\" content=\"Austin Partners in Education\" \/>\n<meta property=\"article:modified_time\" content=\"2025-01-28T17:55:39+00:00\" \/>\n<meta property=\"og:image\" content=\"https:\/\/austinpartners.org\/wp-content\/uploads\/2024\/10\/Austin-Marathon-Picture.jpeg\" \/>\n\t<meta property=\"og:image:width\" content=\"1024\" \/>\n\t<meta property=\"og:image:height\" content=\"722\" \/>\n\t<meta property=\"og:image:type\" content=\"image\/jpeg\" \/>\n<meta name=\"twitter:card\" content=\"summary_large_image\" \/>\n<meta name=\"twitter:label1\" content=\"Dur\u00e9e de lecture estim\u00e9e\" \/>\n\t<meta name=\"twitter:data1\" content=\"3 minutes\" \/>\n<script type=\"application\/ld+json\" class=\"yoast-schema-graph\">{\"@context\":\"https:\/\/schema.org\",\"@graph\":[{\"@type\":\"WebPage\",\"@id\":\"https:\/\/austinpartners.org\/austin-marathon-2025\/\",\"url\":\"https:\/\/austinpartners.org\/austin-marathon-2025\/\",\"name\":\"Austin Marathon 2025 - Austin Partners in Education\",\"isPartOf\":{\"@id\":\"https:\/\/austinpartners.org\/#website\"},\"primaryImageOfPage\":{\"@id\":\"https:\/\/austinpartners.org\/austin-marathon-2025\/#primaryimage\"},\"image\":{\"@id\":\"https:\/\/austinpartners.org\/austin-marathon-2025\/#primaryimage\"},\"thumbnailUrl\":\"https:\/\/austinpartners.org\/wp-content\/uploads\/2024\/10\/Austin-Marathon-Picture.jpeg\",\"datePublished\":\"2024-10-09T17:04:07+00:00\",\"dateModified\":\"2025-01-28T17:55:39+00:00\",\"breadcrumb\":{\"@id\":\"https:\/\/austinpartners.org\/austin-marathon-2025\/#breadcrumb\"},\"inLanguage\":\"fr-FR\",\"potentialAction\":[{\"@type\":\"ReadAction\",\"target\":[\"https:\/\/austinpartners.org\/austin-marathon-2025\/\"]}]},{\"@type\":\"ImageObject\",\"inLanguage\":\"fr-FR\",\"@id\":\"https:\/\/austinpartners.org\/austin-marathon-2025\/#primaryimage\",\"url\":\"https:\/\/austinpartners.org\/wp-content\/uploads\/2024\/10\/Austin-Marathon-Picture.jpeg\",\"contentUrl\":\"https:\/\/austinpartners.org\/wp-content\/uploads\/2024\/10\/Austin-Marathon-Picture.jpeg\"},{\"@type\":\"BreadcrumbList\",\"@id\":\"https:\/\/austinpartners.org\/austin-marathon-2025\/#breadcrumb\",\"itemListElement\":[{\"@type\":\"ListItem\",\"position\":1,\"name\":\"Home\",\"item\":\"https:\/\/austinpartners.org\/\"},{\"@type\":\"ListItem\",\"position\":2,\"name\":\"Austin Marathon 2025\"}]},{\"@type\":\"WebSite\",\"@id\":\"https:\/\/austinpartners.org\/#website\",\"url\":\"https:\/\/austinpartners.org\/\",\"name\":\"Austin Partners in Education\",\"description\":\"Inspire students to prepare them for school and life\",\"potentialAction\":[{\"@type\":\"SearchAction\",\"target\":{\"@type\":\"EntryPoint\",\"urlTemplate\":\"https:\/\/austinpartners.org\/?s={search_term_string}\"},\"query-input\":{\"@type\":\"PropertyValueSpecification\",\"valueRequired\":true,\"valueName\":\"search_term_string\"}}],\"inLanguage\":\"fr-FR\"}]}<\/script>\n<!-- \/ Yoast SEO plugin. -->","yoast_head_json":{"title":"Austin Marathon 2025 - Austin Partners in Education","robots":{"index":"index","follow":"follow","max-snippet":"max-snippet:-1","max-image-preview":"max-image-preview:large","max-video-preview":"max-video-preview:-1"},"canonical":"https:\/\/austinpartners.org\/fr\/austin-marathon-2025\/","og_locale":"fr_FR","og_type":"article","og_title":"Austin Marathon 2025 - Austin Partners in Education","og_description":"Education is a Marathon, Not a Sprint! APIE is honored to be selected as an official Austin Marathon Gives Charity for the 2025 Austin Marathon. This year\u2019s Marathon will take place on Sunday, February 16, 2025. Last year, we raised over $24,000 through peer-to-peer fundraising, two sponsorships, and a generous match from the Moody Foundation. [&hellip;]","og_url":"https:\/\/austinpartners.org\/fr\/austin-marathon-2025\/","og_site_name":"Austin Partners in Education","article_modified_time":"2025-01-28T17:55:39+00:00","og_image":[{"width":1024,"height":722,"url":"https:\/\/austinpartners.org\/wp-content\/uploads\/2024\/10\/Austin-Marathon-Picture.jpeg","type":"image\/jpeg"}],"twitter_card":"summary_large_image","twitter_misc":{"Dur\u00e9e de lecture estim\u00e9e":"3 minutes"},"schema":{"@context":"https:\/\/schema.org","@graph":[{"@type":"WebPage","@id":"https:\/\/austinpartners.org\/austin-marathon-2025\/","url":"https:\/\/austinpartners.org\/austin-marathon-2025\/","name":"Austin Marathon 2025 - Austin Partners in Education","isPartOf":{"@id":"https:\/\/austinpartners.org\/#website"},"primaryImageOfPage":{"@id":"https:\/\/austinpartners.org\/austin-marathon-2025\/#primaryimage"},"image":{"@id":"https:\/\/austinpartners.org\/austin-marathon-2025\/#primaryimage"},"thumbnailUrl":"https:\/\/austinpartners.org\/wp-content\/uploads\/2024\/10\/Austin-Marathon-Picture.jpeg","datePublished":"2024-10-09T17:04:07+00:00","dateModified":"2025-01-28T17:55:39+00:00","breadcrumb":{"@id":"https:\/\/austinpartners.org\/austin-marathon-2025\/#breadcrumb"},"inLanguage":"fr-FR","potentialAction":[{"@type":"ReadAction","target":["https:\/\/austinpartners.org\/austin-marathon-2025\/"]}]},{"@type":"ImageObject","inLanguage":"fr-FR","@id":"https:\/\/austinpartners.org\/austin-marathon-2025\/#primaryimage","url":"https:\/\/austinpartners.org\/wp-content\/uploads\/2024\/10\/Austin-Marathon-Picture.jpeg","contentUrl":"https:\/\/austinpartners.org\/wp-content\/uploads\/2024\/10\/Austin-Marathon-Picture.jpeg"},{"@type":"BreadcrumbList","@id":"https:\/\/austinpartners.org\/austin-marathon-2025\/#breadcrumb","itemListElement":[{"@type":"ListItem","position":1,"name":"Home","item":"https:\/\/austinpartners.org\/"},{"@type":"ListItem","position":2,"name":"Austin Marathon 2025"}]},{"@type":"WebSite","@id":"https:\/\/austinpartners.org\/#website","url":"https:\/\/austinpartners.org\/","name":"Austin Partners in Education","description":"Inspire students to prepare them for school and life","potentialAction":[{"@type":"SearchAction","target":{"@type":"EntryPoint","urlTemplate":"https:\/\/austinpartners.org\/?s={search_term_string}"},"query-input":{"@type":"PropertyValueSpecification","valueRequired":true,"valueName":"search_term_string"}}],"inLanguage":"fr-FR"}]}},"_links":{"self":[{"href":"https:\/\/austinpartners.org\/fr\/wp-json\/wp\/v2\/pages\/9090"}],"collection":[{"href":"https:\/\/austinpartners.org\/fr\/wp-json\/wp\/v2\/pages"}],"about":[{"href":"https:\/\/austinpartners.org\/fr\/wp-json\/wp\/v2\/types\/page"}],"author":[{"embeddable":true,"href":"https:\/\/austinpartners.org\/fr\/wp-json\/wp\/v2\/users\/2"}],"replies":[{"embeddable":true,"href":"https:\/\/austinpartners.org\/fr\/wp-json\/wp\/v2\/comments?post=9090"}],"version-history":[{"count":29,"href":"https:\/\/austinpartners.org\/fr\/wp-json\/wp\/v2\/pages\/9090\/revisions"}],"predecessor-version":[{"id":9724,"href":"https:\/\/austinpartners.org\/fr\/wp-json\/wp\/v2\/pages\/9090\/revisions\/9724"}],"wp:attachment":[{"href":"https:\/\/austinpartners.org\/fr\/wp-json\/wp\/v2\/media?parent=9090"}],"curies":[{"name":"wp","href":"https:\/\/api.w.org\/{rel}","templated":true}]}}