{"id":525,"date":"2020-03-26T17:14:05","date_gmt":"2020-03-26T17:14:05","guid":{"rendered":"https:\/\/austinpartners.org\/?page_id=525"},"modified":"2023-01-19T16:36:05","modified_gmt":"2023-01-19T16:36:05","slug":"gear-up","status":"publish","type":"page","link":"https:\/\/austinpartners.org\/fr\/our-programs\/gear-up\/","title":{"rendered":"\u00c9QUIPEMENT DEBOUT"},"content":{"rendered":"<div data-elementor-type=\"wp-page\" data-elementor-id=\"525\" class=\"elementor elementor-525\" data-elementor-post-type=\"page\">\n\t\t\t\t\t\t<section class=\"elementor-section elementor-top-section elementor-element elementor-element-4fa0e54a elementor-section-content-middle elementor-section-boxed elementor-section-height-default elementor-section-height-default\" data-id=\"4fa0e54a\" data-element_type=\"section\" data-settings=\"{&quot;background_background&quot;:&quot;classic&quot;}\">\n\t\t\t\t\t\t\t<div class=\"elementor-background-overlay\"><\/div>\n\t\t\t\t\t\t\t<div class=\"elementor-container elementor-column-gap-default\">\n\t\t\t\t\t<div class=\"elementor-column elementor-col-100 elementor-top-column elementor-element elementor-element-5d1c0380\" data-id=\"5d1c0380\" data-element_type=\"column\">\n\t\t\t<div class=\"elementor-widget-wrap elementor-element-populated\">\n\t\t\t\t\t\t<div class=\"elementor-element elementor-element-55047453 elementor-widget elementor-widget-heading\" data-id=\"55047453\" data-element_type=\"widget\" data-widget_type=\"heading.default\">\n\t\t\t\t<div class=\"elementor-widget-container\">\n\t\t\t\t\t<h1 class=\"elementor-heading-title elementor-size-default\">Acqu\u00e9rir une sensibilisation et une pr\u00e9paration pr\u00e9coces pour les programmes de premier cycle<\/h1>\t\t\t\t<\/div>\n\t\t\t\t<\/div>\n\t\t\t\t<div class=\"elementor-element elementor-element-2e3e6752 elementor-widget elementor-widget-heading\" data-id=\"2e3e6752\" data-element_type=\"widget\" data-widget_type=\"heading.default\">\n\t\t\t\t<div class=\"elementor-widget-container\">\n\t\t\t\t\t<p class=\"elementor-heading-title elementor-size-default\">Tutorat acad\u00e9mique et soutien aux \u00e9tudiants<\/p>\t\t\t\t<\/div>\n\t\t\t\t<\/div>\n\t\t\t\t\t<\/div>\n\t\t<\/div>\n\t\t\t\t\t<\/div>\n\t\t<\/section>\n\t\t\t\t<section class=\"elementor-section elementor-top-section elementor-element elementor-element-2a97eb23 elementor-section-content-middle elementor-section-boxed elementor-section-height-default elementor-section-height-default\" data-id=\"2a97eb23\" data-element_type=\"section\" data-settings=\"{&quot;background_background&quot;:&quot;classic&quot;}\">\n\t\t\t\t\t\t<div class=\"elementor-container elementor-column-gap-default\">\n\t\t\t\t\t<div class=\"elementor-column elementor-col-50 elementor-top-column elementor-element elementor-element-451f287a\" data-id=\"451f287a\" data-element_type=\"column\">\n\t\t\t<div class=\"elementor-widget-wrap elementor-element-populated\">\n\t\t\t\t\t\t<div class=\"elementor-element elementor-element-515adc10 elementor-widget elementor-widget-heading\" data-id=\"515adc10\" data-element_type=\"widget\" data-widget_type=\"heading.default\">\n\t\t\t\t<div class=\"elementor-widget-container\">\n\t\t\t\t\t<h2 class=\"elementor-heading-title elementor-size-default\">Qu&#039;est-ce que GEAR UP?<\/h2>\t\t\t\t<\/div>\n\t\t\t\t<\/div>\n\t\t\t\t<div class=\"elementor-element elementor-element-3c12e403 elementor-widget elementor-widget-heading\" data-id=\"3c12e403\" data-element_type=\"widget\" data-widget_type=\"heading.default\">\n\t\t\t\t<div class=\"elementor-widget-container\">\n\t\t\t\t\t<p class=\"elementor-heading-title elementor-size-default\">GEAR UP signifie Gaining Early Awareness and Readiness for Undergraduate Programs. <\/p>\t\t\t\t<\/div>\n\t\t\t\t<\/div>\n\t\t\t\t<div class=\"elementor-element elementor-element-32484f0d elementor-widget elementor-widget-text-editor\" data-id=\"32484f0d\" data-element_type=\"widget\" data-widget_type=\"text-editor.default\">\n\t\t\t\t<div class=\"elementor-widget-container\">\n\t\t\t\t\t\t\t\t\t<p>Le programme GEAR UP de l&#039;APIE offre un tutorat en petits groupes et un mentorat informel sur les campus GEAR UP. Nos tuteurs APIE fournissent des instructions suppl\u00e9mentaires en lecture, en \u00e9criture et en math\u00e9matiques pendant la journ\u00e9e dans toutes les \u00e9coles desservies par <a href=\"https:\/\/www2.ed.gov\/programs\/gearup\/index.html\" target=\"_blank\" rel=\"noopener\">Bourse GEAR UP d&#039;Austin ISD<\/a>.<\/p>\t\t\t\t\t\t\t\t<\/div>\n\t\t\t\t<\/div>\n\t\t\t\t\t<\/div>\n\t\t<\/div>\n\t\t\t\t<div class=\"elementor-column elementor-col-50 elementor-top-column elementor-element elementor-element-77c4cf30\" data-id=\"77c4cf30\" data-element_type=\"column\">\n\t\t\t<div class=\"elementor-widget-wrap elementor-element-populated\">\n\t\t\t\t\t\t<div class=\"elementor-element elementor-element-61f9e372 elementor-widget elementor-widget-image\" data-id=\"61f9e372\" data-element_type=\"widget\" data-widget_type=\"image.default\">\n\t\t\t\t<div class=\"elementor-widget-container\">\n\t\t\t\t\t\t\t\t\t\t\t\t\t\t\t<img fetchpriority=\"high\" decoding=\"async\" width=\"1024\" height=\"512\" src=\"https:\/\/austinpartners.org\/wp-content\/uploads\/2020\/06\/mentor-helping-student-1024x512.jpg\" class=\"attachment-large size-large wp-image-3486\" alt=\"\" srcset=\"https:\/\/austinpartners.org\/wp-content\/uploads\/2020\/06\/mentor-helping-student-1024x512.jpg 1024w, https:\/\/austinpartners.org\/wp-content\/uploads\/2020\/06\/mentor-helping-student-300x150.jpg 300w, https:\/\/austinpartners.org\/wp-content\/uploads\/2020\/06\/mentor-helping-student-768x384.jpg 768w, https:\/\/austinpartners.org\/wp-content\/uploads\/2020\/06\/mentor-helping-student-1536x768.jpg 1536w, https:\/\/austinpartners.org\/wp-content\/uploads\/2020\/06\/mentor-helping-student.jpg 1600w\" sizes=\"(max-width: 1024px) 100vw, 1024px\" \/>\t\t\t\t\t\t\t\t\t\t\t\t\t\t\t<\/div>\n\t\t\t\t<\/div>\n\t\t\t\t\t<\/div>\n\t\t<\/div>\n\t\t\t\t\t<\/div>\n\t\t<\/section>\n\t\t\t\t<section class=\"elementor-section elementor-top-section elementor-element elementor-element-1758395c elementor-section-content-middle elementor-section-boxed elementor-section-height-default elementor-section-height-default\" data-id=\"1758395c\" data-element_type=\"section\" data-settings=\"{&quot;background_background&quot;:&quot;classic&quot;}\">\n\t\t\t\t\t\t<div class=\"elementor-container elementor-column-gap-wide\">\n\t\t\t\t\t<div class=\"elementor-column elementor-col-100 elementor-top-column elementor-element elementor-element-68b29785\" data-id=\"68b29785\" data-element_type=\"column\">\n\t\t\t<div class=\"elementor-widget-wrap elementor-element-populated\">\n\t\t\t\t\t\t<div class=\"elementor-element elementor-element-6cd32973 elementor-widget elementor-widget-heading\" data-id=\"6cd32973\" data-element_type=\"widget\" data-widget_type=\"heading.default\">\n\t\t\t\t<div class=\"elementor-widget-container\">\n\t\t\t\t\t<h2 class=\"elementor-heading-title elementor-size-default\">Faire \u00e9quipe pour la r\u00e9ussite scolaire des \u00e9tudiants<\/h2>\t\t\t\t<\/div>\n\t\t\t\t<\/div>\n\t\t\t\t<div class=\"elementor-element elementor-element-3b43c944 elementor-widget elementor-widget-text-editor\" data-id=\"3b43c944\" data-element_type=\"widget\" data-widget_type=\"text-editor.default\">\n\t\t\t\t<div class=\"elementor-widget-container\">\n\t\t\t\t\t\t\t\t\t<p>Austin ISD a accord\u00e9 une subvention GEAR UP en 2017 pour la promotion de 2024. Il s&#039;agit d&#039;une subvention f\u00e9d\u00e9rale de sept ans du minist\u00e8re de l&#039;\u00c9ducation des \u00c9tats-Unis qui promeut la pr\u00e9paration et la r\u00e9ussite des coll\u00e8ges gr\u00e2ce \u00e0 de multiples strat\u00e9gies et activit\u00e9s.<\/p><p>Depuis le printemps 2018, Austin Partners in Education a fourni un tutorat acad\u00e9mique aux \u00e9tudiants des campus GEAR UP. L&#039;APIE et l&#039;AISD collaborent sur les crit\u00e8res d&#039;\u00e9ligibilit\u00e9 au tutorat, la conception du programme et la mise en \u0153uvre. Alors que la promotion de 2024 passe au lyc\u00e9e, la collaboration entre l&#039;APIE et l&#039;AISD se poursuivra alors que nous nous assurons que les \u00e9tudiants de GEAR UP sont sur la bonne voie pour obtenir leur dipl\u00f4me universitaire.<\/p>\t\t\t\t\t\t\t\t<\/div>\n\t\t\t\t<\/div>\n\t\t\t\t<div class=\"elementor-element elementor-element-44aab54 elementor-widget elementor-widget-button\" data-id=\"44aab54\" data-element_type=\"widget\" data-widget_type=\"button.default\">\n\t\t\t\t<div class=\"elementor-widget-container\">\n\t\t\t\t\t\t\t\t\t<div class=\"elementor-button-wrapper\">\n\t\t\t\t\t<a class=\"elementor-button elementor-button-link elementor-size-sm elementor-animation-grow\" href=\"http:\/\/austinpartners.org\/fr\/about\/our-impact\/\">\n\t\t\t\t\t\t<span class=\"elementor-button-content-wrapper\">\n\t\t\t\t\t\t\t\t\t<span class=\"elementor-button-text\">En savoir plus sur notre impact<\/span>\n\t\t\t\t\t<\/span>\n\t\t\t\t\t<\/a>\n\t\t\t\t<\/div>\n\t\t\t\t\t\t\t\t<\/div>\n\t\t\t\t<\/div>\n\t\t\t\t\t<\/div>\n\t\t<\/div>\n\t\t\t\t\t<\/div>\n\t\t<\/section>\n\t\t\t\t<section class=\"elementor-section elementor-top-section elementor-element elementor-element-7b022556 elementor-section-content-middle elementor-section-boxed elementor-section-height-default elementor-section-height-default\" data-id=\"7b022556\" data-element_type=\"section\" data-settings=\"{&quot;background_background&quot;:&quot;classic&quot;}\">\n\t\t\t\t\t\t<div class=\"elementor-container elementor-column-gap-default\">\n\t\t\t\t\t<div class=\"elementor-column elementor-col-33 elementor-top-column elementor-element elementor-element-c471d86\" data-id=\"c471d86\" data-element_type=\"column\">\n\t\t\t<div class=\"elementor-widget-wrap\">\n\t\t\t\t\t\t\t<\/div>\n\t\t<\/div>\n\t\t\t\t<div class=\"elementor-column elementor-col-33 elementor-top-column elementor-element elementor-element-161f1120\" data-id=\"161f1120\" data-element_type=\"column\">\n\t\t\t<div class=\"elementor-widget-wrap elementor-element-populated\">\n\t\t\t\t\t\t<div class=\"elementor-element elementor-element-2cff400c elementor-widget elementor-widget-heading\" data-id=\"2cff400c\" data-element_type=\"widget\" data-widget_type=\"heading.default\">\n\t\t\t\t<div class=\"elementor-widget-container\">\n\t\t\t\t\t<h2 class=\"elementor-heading-title elementor-size-default\">Campus participants<\/h2>\t\t\t\t<\/div>\n\t\t\t\t<\/div>\n\t\t\t\t<div class=\"elementor-element elementor-element-047af5c elementor-widget elementor-widget-text-editor\" data-id=\"047af5c\" data-element_type=\"widget\" data-widget_type=\"text-editor.default\">\n\t\t\t\t<div class=\"elementor-widget-container\">\n\t\t\t\t\t\t\t\t\t<ul><li style=\"font-weight: 400;\"><a href=\"https:\/\/akinsechs.austinschools.org\/\" target=\"_blank\" rel=\"noopener\"><span style=\"font-weight: 400;\">\u00c9cole secondaire Akins Early College<\/span><\/a><\/li><li style=\"font-weight: 400;\"><a href=\"https:\/\/crockett.austinschools.org\/\" target=\"_blank\" rel=\"noopener\"><span style=\"font-weight: 400;\">Crockett Early College High School<\/span><\/a><\/li><li style=\"font-weight: 400;\"><a href=\"https:\/\/eastside.austinschools.org\/\" target=\"_blank\" rel=\"noopener\"><span style=\"font-weight: 400;\">Eastside Memorial Early College High School<\/span><\/a><\/li><li style=\"font-weight: 400;\"><a href=\"https:\/\/lbjechs.austinschools.org\/\" target=\"_blank\" rel=\"noopener\"><span style=\"font-weight: 400;\">Lyc\u00e9e LBJ Early College<\/span><\/a><\/li><li style=\"font-weight: 400;\"><a href=\"https:\/\/navarro.austinschools.org\/\" target=\"_blank\" rel=\"noopener\"><span style=\"font-weight: 400;\">Lyc\u00e9e Navarro Early College<\/span><\/a><\/li><li style=\"font-weight: 400;\"><a href=\"https:\/\/northeastechs.austinschools.org\/\" target=\"_blank\" rel=\"noopener\"><span style=\"font-weight: 400;\">\u00c9cole secondaire Northeast Early College<\/span><\/a><\/li><li style=\"font-weight: 400;\"><a href=\"https:\/\/travis.austinschools.org\/\" target=\"_blank\" rel=\"noopener\"><span style=\"font-weight: 400;\">\u00c9cole secondaire Travis Early College<\/span><\/a><\/li><\/ul>\t\t\t\t\t\t\t\t<\/div>\n\t\t\t\t<\/div>\n\t\t\t\t\t<\/div>\n\t\t<\/div>\n\t\t\t\t<div class=\"elementor-column elementor-col-33 elementor-top-column elementor-element elementor-element-6a8f9ae\" data-id=\"6a8f9ae\" data-element_type=\"column\">\n\t\t\t<div class=\"elementor-widget-wrap\">\n\t\t\t\t\t\t\t<\/div>\n\t\t<\/div>\n\t\t\t\t\t<\/div>\n\t\t<\/section>\n\t\t\t\t<\/div>","protected":false},"excerpt":{"rendered":"<p>Prise de conscience pr\u00e9coce et pr\u00e9paration aux programmes de premier cycle Tutorat acad\u00e9mique et soutien aux \u00e9tudiants Qu&#039;est-ce que GEAR UP? GEAR UP signifie Gaining Early Awareness and Readiness for Undergraduate Programs. Le programme GEAR UP de l&#039;APIE offre un tutorat en petits groupes et un mentorat informel sur les campus GEAR UP. Nos tuteurs APIE fournissent des instructions suppl\u00e9mentaires en lecture, \u00e9criture et math\u00e9matiques [\u2026]<\/p>","protected":false},"author":1,"featured_media":0,"parent":21,"menu_order":0,"comment_status":"closed","ping_status":"closed","template":"","meta":{"_acf_changed":false,"inline_featured_image":false,"footnotes":""},"class_list":["post-525","page","type-page","status-publish","hentry"],"acf":[],"yoast_head":"<!-- This site is optimized with the Yoast SEO plugin v24.9 - https:\/\/yoast.com\/wordpress\/plugins\/seo\/ -->\n<title>GEAR UP - Austin Partners in Education<\/title>\n<meta name=\"description\" content=\"APIE\u2019s GEAR UP program improves academic outcomes with small group tutoring in English and Math and informal mentoring for the GEAR UP cohort Class of 2024.\" \/>\n<meta name=\"robots\" content=\"index, follow, max-snippet:-1, max-image-preview:large, max-video-preview:-1\" \/>\n<link rel=\"canonical\" href=\"https:\/\/austinpartners.org\/fr\/our-programs\/gear-up\/\" \/>\n<meta property=\"og:locale\" content=\"fr_FR\" \/>\n<meta property=\"og:type\" content=\"article\" \/>\n<meta property=\"og:title\" content=\"GEAR UP - Austin Partners in Education\" \/>\n<meta property=\"og:description\" content=\"APIE\u2019s GEAR UP program improves academic outcomes with small group tutoring in English and Math and informal mentoring for the GEAR UP cohort Class of 2024.\" \/>\n<meta property=\"og:url\" content=\"https:\/\/austinpartners.org\/fr\/our-programs\/gear-up\/\" \/>\n<meta property=\"og:site_name\" content=\"Austin Partners in Education\" \/>\n<meta property=\"article:modified_time\" content=\"2023-01-19T16:36:05+00:00\" \/>\n<meta property=\"og:image\" content=\"https:\/\/austinpartners.org\/wp-content\/uploads\/2020\/06\/mentor-helping-student-1024x512.jpg\" \/>\n<meta name=\"twitter:card\" content=\"summary_large_image\" \/>\n<meta name=\"twitter:label1\" content=\"Dur\u00e9e de lecture estim\u00e9e\" \/>\n\t<meta name=\"twitter:data1\" content=\"2 minutes\" \/>\n<script type=\"application\/ld+json\" class=\"yoast-schema-graph\">{\"@context\":\"https:\/\/schema.org\",\"@graph\":[{\"@type\":\"WebPage\",\"@id\":\"https:\/\/austinpartners.org\/our-programs\/gear-up\/\",\"url\":\"https:\/\/austinpartners.org\/our-programs\/gear-up\/\",\"name\":\"GEAR UP - Austin Partners in Education\",\"isPartOf\":{\"@id\":\"https:\/\/austinpartners.org\/#website\"},\"primaryImageOfPage\":{\"@id\":\"https:\/\/austinpartners.org\/our-programs\/gear-up\/#primaryimage\"},\"image\":{\"@id\":\"https:\/\/austinpartners.org\/our-programs\/gear-up\/#primaryimage\"},\"thumbnailUrl\":\"https:\/\/austinpartners.org\/wp-content\/uploads\/2020\/06\/mentor-helping-student-1024x512.jpg\",\"datePublished\":\"2020-03-26T17:14:05+00:00\",\"dateModified\":\"2023-01-19T16:36:05+00:00\",\"description\":\"APIE\u2019s GEAR UP program improves academic outcomes with small group tutoring in English and Math and informal mentoring for the GEAR UP cohort Class of 2024.\",\"breadcrumb\":{\"@id\":\"https:\/\/austinpartners.org\/our-programs\/gear-up\/#breadcrumb\"},\"inLanguage\":\"fr-FR\",\"potentialAction\":[{\"@type\":\"ReadAction\",\"target\":[\"https:\/\/austinpartners.org\/our-programs\/gear-up\/\"]}]},{\"@type\":\"ImageObject\",\"inLanguage\":\"fr-FR\",\"@id\":\"https:\/\/austinpartners.org\/our-programs\/gear-up\/#primaryimage\",\"url\":\"https:\/\/austinpartners.org\/wp-content\/uploads\/2020\/06\/mentor-helping-student-1024x512.jpg\",\"contentUrl\":\"https:\/\/austinpartners.org\/wp-content\/uploads\/2020\/06\/mentor-helping-student-1024x512.jpg\"},{\"@type\":\"BreadcrumbList\",\"@id\":\"https:\/\/austinpartners.org\/our-programs\/gear-up\/#breadcrumb\",\"itemListElement\":[{\"@type\":\"ListItem\",\"position\":1,\"name\":\"Home\",\"item\":\"https:\/\/austinpartners.org\/\"},{\"@type\":\"ListItem\",\"position\":2,\"name\":\"Our Programs\",\"item\":\"https:\/\/austinpartners.org\/our-programs\/\"},{\"@type\":\"ListItem\",\"position\":3,\"name\":\"GEAR UP\"}]},{\"@type\":\"WebSite\",\"@id\":\"https:\/\/austinpartners.org\/#website\",\"url\":\"https:\/\/austinpartners.org\/\",\"name\":\"Austin Partners in Education\",\"description\":\"Inspire students to prepare them for school and life\",\"potentialAction\":[{\"@type\":\"SearchAction\",\"target\":{\"@type\":\"EntryPoint\",\"urlTemplate\":\"https:\/\/austinpartners.org\/?s={search_term_string}\"},\"query-input\":{\"@type\":\"PropertyValueSpecification\",\"valueRequired\":true,\"valueName\":\"search_term_string\"}}],\"inLanguage\":\"fr-FR\"}]}<\/script>\n<!-- \/ Yoast SEO plugin. -->","yoast_head_json":{"title":"GEAR UP - Austin Partners in Education","description":"APIE\u2019s GEAR UP program improves academic outcomes with small group tutoring in English and Math and informal mentoring for the GEAR UP cohort Class of 2024.","robots":{"index":"index","follow":"follow","max-snippet":"max-snippet:-1","max-image-preview":"max-image-preview:large","max-video-preview":"max-video-preview:-1"},"canonical":"https:\/\/austinpartners.org\/fr\/our-programs\/gear-up\/","og_locale":"fr_FR","og_type":"article","og_title":"GEAR UP - Austin Partners in Education","og_description":"APIE\u2019s GEAR UP program improves academic outcomes with small group tutoring in English and Math and informal mentoring for the GEAR UP cohort Class of 2024.","og_url":"https:\/\/austinpartners.org\/fr\/our-programs\/gear-up\/","og_site_name":"Austin Partners in Education","article_modified_time":"2023-01-19T16:36:05+00:00","og_image":[{"url":"https:\/\/austinpartners.org\/wp-content\/uploads\/2020\/06\/mentor-helping-student-1024x512.jpg","type":"","width":"","height":""}],"twitter_card":"summary_large_image","twitter_misc":{"Dur\u00e9e de lecture estim\u00e9e":"2 minutes"},"schema":{"@context":"https:\/\/schema.org","@graph":[{"@type":"WebPage","@id":"https:\/\/austinpartners.org\/our-programs\/gear-up\/","url":"https:\/\/austinpartners.org\/our-programs\/gear-up\/","name":"GEAR UP - Austin Partners in Education","isPartOf":{"@id":"https:\/\/austinpartners.org\/#website"},"primaryImageOfPage":{"@id":"https:\/\/austinpartners.org\/our-programs\/gear-up\/#primaryimage"},"image":{"@id":"https:\/\/austinpartners.org\/our-programs\/gear-up\/#primaryimage"},"thumbnailUrl":"https:\/\/austinpartners.org\/wp-content\/uploads\/2020\/06\/mentor-helping-student-1024x512.jpg","datePublished":"2020-03-26T17:14:05+00:00","dateModified":"2023-01-19T16:36:05+00:00","description":"APIE\u2019s GEAR UP program improves academic outcomes with small group tutoring in English and Math and informal mentoring for the GEAR UP cohort Class of 2024.","breadcrumb":{"@id":"https:\/\/austinpartners.org\/our-programs\/gear-up\/#breadcrumb"},"inLanguage":"fr-FR","potentialAction":[{"@type":"ReadAction","target":["https:\/\/austinpartners.org\/our-programs\/gear-up\/"]}]},{"@type":"ImageObject","inLanguage":"fr-FR","@id":"https:\/\/austinpartners.org\/our-programs\/gear-up\/#primaryimage","url":"https:\/\/austinpartners.org\/wp-content\/uploads\/2020\/06\/mentor-helping-student-1024x512.jpg","contentUrl":"https:\/\/austinpartners.org\/wp-content\/uploads\/2020\/06\/mentor-helping-student-1024x512.jpg"},{"@type":"BreadcrumbList","@id":"https:\/\/austinpartners.org\/our-programs\/gear-up\/#breadcrumb","itemListElement":[{"@type":"ListItem","position":1,"name":"Home","item":"https:\/\/austinpartners.org\/"},{"@type":"ListItem","position":2,"name":"Our Programs","item":"https:\/\/austinpartners.org\/our-programs\/"},{"@type":"ListItem","position":3,"name":"GEAR UP"}]},{"@type":"WebSite","@id":"https:\/\/austinpartners.org\/#website","url":"https:\/\/austinpartners.org\/","name":"Austin Partners in Education","description":"Inspire students to prepare them for school and life","potentialAction":[{"@type":"SearchAction","target":{"@type":"EntryPoint","urlTemplate":"https:\/\/austinpartners.org\/?s={search_term_string}"},"query-input":{"@type":"PropertyValueSpecification","valueRequired":true,"valueName":"search_term_string"}}],"inLanguage":"fr-FR"}]}},"_links":{"self":[{"href":"https:\/\/austinpartners.org\/fr\/wp-json\/wp\/v2\/pages\/525"}],"collection":[{"href":"https:\/\/austinpartners.org\/fr\/wp-json\/wp\/v2\/pages"}],"about":[{"href":"https:\/\/austinpartners.org\/fr\/wp-json\/wp\/v2\/types\/page"}],"author":[{"embeddable":true,"href":"https:\/\/austinpartners.org\/fr\/wp-json\/wp\/v2\/users\/1"}],"replies":[{"embeddable":true,"href":"https:\/\/austinpartners.org\/fr\/wp-json\/wp\/v2\/comments?post=525"}],"version-history":[{"count":11,"href":"https:\/\/austinpartners.org\/fr\/wp-json\/wp\/v2\/pages\/525\/revisions"}],"predecessor-version":[{"id":6143,"href":"https:\/\/austinpartners.org\/fr\/wp-json\/wp\/v2\/pages\/525\/revisions\/6143"}],"up":[{"embeddable":true,"href":"https:\/\/austinpartners.org\/fr\/wp-json\/wp\/v2\/pages\/21"}],"wp:attachment":[{"href":"https:\/\/austinpartners.org\/fr\/wp-json\/wp\/v2\/media?parent=525"}],"curies":[{"name":"wp","href":"https:\/\/api.w.org\/{rel}","templated":true}]}}