{"id":231,"date":"2020-03-05T15:57:41","date_gmt":"2020-03-05T15:57:41","guid":{"rendered":"http:\/\/austinpartners.org\/?page_id=231"},"modified":"2020-06-16T16:23:54","modified_gmt":"2020-06-16T16:23:54","slug":"terms","status":"publish","type":"page","link":"https:\/\/austinpartners.org\/fr\/terms\/","title":{"rendered":"termes"},"content":{"rendered":"<div data-elementor-type=\"wp-page\" data-elementor-id=\"231\" class=\"elementor elementor-231\" data-elementor-post-type=\"page\">\n\t\t\t\t\t\t<section class=\"elementor-section elementor-top-section elementor-element elementor-element-4605c5b6 elementor-section-content-middle elementor-section-boxed elementor-section-height-default elementor-section-height-default\" data-id=\"4605c5b6\" data-element_type=\"section\" data-settings=\"{&quot;background_background&quot;:&quot;classic&quot;}\">\n\t\t\t\t\t\t\t<div class=\"elementor-background-overlay\"><\/div>\n\t\t\t\t\t\t\t<div class=\"elementor-container elementor-column-gap-default\">\n\t\t\t\t\t<div class=\"elementor-column elementor-col-100 elementor-top-column elementor-element elementor-element-610b9fd6\" data-id=\"610b9fd6\" data-element_type=\"column\">\n\t\t\t<div class=\"elementor-widget-wrap elementor-element-populated\">\n\t\t\t\t\t\t<div class=\"elementor-element elementor-element-7498ba21 elementor-widget elementor-widget-heading\" data-id=\"7498ba21\" data-element_type=\"widget\" data-widget_type=\"heading.default\">\n\t\t\t\t<div class=\"elementor-widget-container\">\n\t\t\t\t\t<h1 class=\"elementor-heading-title elementor-size-default\">termes et conditions<\/h1>\t\t\t\t<\/div>\n\t\t\t\t<\/div>\n\t\t\t\t\t<\/div>\n\t\t<\/div>\n\t\t\t\t\t<\/div>\n\t\t<\/section>\n\t\t\t\t<section class=\"elementor-section elementor-top-section elementor-element elementor-element-60fb5c14 elementor-section-content-middle elementor-section-boxed elementor-section-height-default elementor-section-height-default\" data-id=\"60fb5c14\" data-element_type=\"section\" data-settings=\"{&quot;background_background&quot;:&quot;classic&quot;}\">\n\t\t\t\t\t\t<div class=\"elementor-container elementor-column-gap-default\">\n\t\t\t\t\t<div class=\"elementor-column elementor-col-100 elementor-top-column elementor-element elementor-element-7a2a807\" data-id=\"7a2a807\" data-element_type=\"column\">\n\t\t\t<div class=\"elementor-widget-wrap elementor-element-populated\">\n\t\t\t\t\t\t<div class=\"elementor-element elementor-element-6c2bdbc elementor-widget elementor-widget-text-editor\" data-id=\"6c2bdbc\" data-element_type=\"widget\" data-widget_type=\"text-editor.default\">\n\t\t\t\t<div class=\"elementor-widget-container\">\n\t\t\t\t\t\t\t\t\t<p>Derni\u00e8re mise \u00e0 jour: 16 juin 2020<\/p>\n\n<p>Veuillez lire attentivement ces termes et conditions avant d&#039;utiliser notre service.<\/p>\n\n<h1>Interpr\u00e9tation et d\u00e9finitions<\/h1>\n<h2>Interpr\u00e9tation<\/h2>\n<p>Les mots dont la lettre initiale est en majuscule ont des significations d\u00e9finies dans les conditions suivantes.<\/p>\n<p>Les d\u00e9finitions suivantes ont la m\u00eame signification, qu\u2019elles apparaissent au singulier ou au pluriel.<\/p>\n\n<h2>D\u00e9finitions<\/h2>\n<p>Aux fins des pr\u00e9sentes conditions g\u00e9n\u00e9rales:<\/p>\n<ul>\n        <li><strong>Affilier<\/strong> d\u00e9signe une entit\u00e9 qui contr\u00f4le, est contr\u00f4l\u00e9e par ou est sous contr\u00f4le commun avec une partie, o\u00f9 \u00abcontr\u00f4le\u00bb signifie la propri\u00e9t\u00e9 de 50% ou plus des actions, participations ou autres titres habilit\u00e9s \u00e0 voter pour l&#039;\u00e9lection des administrateurs ou d&#039;une autre autorit\u00e9 de gestion.<\/li>\n      <li><strong>Compagnie<\/strong> (d\u00e9nomm\u00e9e \u00abla Soci\u00e9t\u00e9\u00bb, \u00abNous\u00bb, \u00abNotre\u00bb ou \u00abNotre\u00bb dans le pr\u00e9sent Contrat) fait r\u00e9f\u00e9rence \u00e0 Austin Partners in Education, PO Box 6118 Austin, TX 78762.<\/li>\n      <li><strong>Pays<\/strong> se r\u00e9f\u00e8re \u00e0: Texas, \u00c9tats-Unis<\/li>\n  <li><strong>Dispositif<\/strong> d\u00e9signe tout appareil pouvant acc\u00e9der au Service tel qu&#039;un ordinateur, un t\u00e9l\u00e9phone portable ou une tablette num\u00e9rique.<\/li>\n                  <li><strong>Un service<\/strong> fait r\u00e9f\u00e9rence au site Web.<\/li>\n          <li><strong>Termes et conditions<\/strong> (\u00e9galement d\u00e9nomm\u00e9es \u00abConditions\u00bb) d\u00e9signent les pr\u00e9sentes Conditions g\u00e9n\u00e9rales qui forment l&#039;int\u00e9gralit\u00e9 de l&#039;accord entre Vous et la Soci\u00e9t\u00e9 concernant l&#039;utilisation du Service. Cet accord de conditions g\u00e9n\u00e9rales est maintenu par le <a href=\"https:\/\/www.freeprivacypolicy.com\/free-terms-conditions-generator\/\">G\u00e9n\u00e9rateur de conditions g\u00e9n\u00e9rales gratuit<\/a>.<\/li>\n    <li><strong>Service de m\u00e9dias sociaux tiers<\/strong> d\u00e9signe tout service ou contenu (y compris les donn\u00e9es, informations, produits ou services) fournis par un tiers qui peuvent \u00eatre affich\u00e9s, inclus ou mis \u00e0 disposition par le Service.<\/li>\n  <li><strong>Site Internet<\/strong> fait r\u00e9f\u00e9rence \u00e0 AustinPartners.org, accessible depuis http:\/\/austinpartners.org\/<\/li>    <li><strong>Tu<\/strong> d\u00e9signe la personne acc\u00e9dant ou utilisant le Service, ou la soci\u00e9t\u00e9, ou toute autre entit\u00e9 juridique au nom de laquelle cette personne acc\u00e8de ou utilise le Service, selon le cas.<\/li>\n<\/ul>\n\n<h1>Reconnaissance<\/h1>\n<p>Ce sont les conditions g\u00e9n\u00e9rales r\u00e9gissant l&#039;utilisation de ce service et l&#039;accord qui fonctionne entre vous et la soci\u00e9t\u00e9. Ces Termes et Conditions d\u00e9finissent les droits et obligations de tous les utilisateurs concernant l&#039;utilisation du Service.<\/p>\n<p>Votre acc\u00e8s et votre utilisation du service sont conditionn\u00e9s par votre acceptation et votre respect des pr\u00e9sentes conditions g\u00e9n\u00e9rales. Ces conditions g\u00e9n\u00e9rales s&#039;appliquent \u00e0 tous les visiteurs, utilisateurs et autres personnes qui acc\u00e8dent ou utilisent le service.<\/p>\n<p>En acc\u00e9dant ou en utilisant le Service, vous acceptez d&#039;\u00eatre li\u00e9 par ces Termes et Conditions. Si vous n&#039;\u00eates pas d&#039;accord avec une partie de ces conditions g\u00e9n\u00e9rales, vous ne pouvez pas acc\u00e9der au service.<\/p>\n<p>Vous d\u00e9clarez que vous avez plus de 18 ans. La Soci\u00e9t\u00e9 ne permet pas aux moins de 18 ans d&#039;utiliser le Service.<\/p>\n<p>Votre acc\u00e8s et votre utilisation du service sont \u00e9galement conditionn\u00e9s par votre acceptation et votre respect de la politique de confidentialit\u00e9 de la soci\u00e9t\u00e9. Notre politique de confidentialit\u00e9 d\u00e9crit nos politiques et proc\u00e9dures sur la collecte, l&#039;utilisation et la divulgation de vos informations personnelles lorsque vous utilisez l&#039;application ou le site Web et vous informe de vos droits \u00e0 la confidentialit\u00e9 et de la mani\u00e8re dont la loi vous prot\u00e8ge. Veuillez lire attentivement notre politique de confidentialit\u00e9 avant d&#039;utiliser notre service.<\/p>\n\n\n\n\n\n\n\n\n\n\n<h1>Liens vers d&#039;autres sites Web<\/h1>\n<p>Notre service peut contenir des liens vers des sites Web ou des services tiers qui ne sont ni d\u00e9tenus ni contr\u00f4l\u00e9s par la soci\u00e9t\u00e9.<\/p>\n<p>La Soci\u00e9t\u00e9 n&#039;a aucun contr\u00f4le sur, et n&#039;assume aucune responsabilit\u00e9 pour, le contenu, les politiques de confidentialit\u00e9 ou les pratiques de tout site Web ou service tiers. Vous reconnaissez et acceptez en outre que la Soci\u00e9t\u00e9 ne sera pas responsable, directement ou indirectement, de tout dommage ou perte caus\u00e9 ou suppos\u00e9 \u00eatre caus\u00e9 par ou en relation avec l&#039;utilisation ou la confiance en ces contenus, biens ou services disponibles sur ou par le biais de ces sites Web ou services.<\/p>\n<p>Nous vous conseillons vivement de lire les conditions g\u00e9n\u00e9rales et les politiques de confidentialit\u00e9 de tous les sites Web ou services tiers que vous visitez.<\/p>\n\n<h1>R\u00e9siliation<\/h1>\n    <p>Nous pouvons r\u00e9silier ou suspendre votre acc\u00e8s imm\u00e9diatement, sans pr\u00e9avis ni responsabilit\u00e9, pour quelque raison que ce soit, y compris, sans limitation, si vous enfreignez les pr\u00e9sentes conditions g\u00e9n\u00e9rales.<\/p>\n    <p>En cas de r\u00e9siliation, votre droit d&#039;utiliser le service cessera imm\u00e9diatement.<\/p>\n\n<h1>Limitation de responsabilit\u00e9<\/h1>\n<p>Nonobstant les dommages que vous pourriez subir, l&#039;enti\u00e8re responsabilit\u00e9 de la soci\u00e9t\u00e9 et de l&#039;un de ses fournisseurs en vertu de toute disposition des pr\u00e9sentes conditions et votre recours exclusif pour tout ce qui pr\u00e9c\u00e8de sera limit\u00e9 au montant r\u00e9ellement pay\u00e9 par vous via le service ou 100 USD si vous n&#039;avez rien achet\u00e9 via le service.<\/p>\n<p>Dans la mesure maximale permise par la loi applicable, en aucun cas la Soci\u00e9t\u00e9 ou ses fournisseurs ne pourront \u00eatre tenus responsables de tout dommage sp\u00e9cial, accidentel, indirect ou cons\u00e9cutif (y compris, mais sans s&#039;y limiter, les dommages pour perte de profits, perte de donn\u00e9es ou d&#039;autres informations, en cas d&#039;interruption d&#039;activit\u00e9, de blessure corporelle, de perte de confidentialit\u00e9 d\u00e9coulant de ou li\u00e9e de quelque mani\u00e8re que ce soit \u00e0 l&#039;utilisation ou \u00e0 l&#039;incapacit\u00e9 d&#039;utiliser le Service, un logiciel tiers et \/ ou du mat\u00e9riel tiers utilis\u00e9 avec le Service, ou autrement dans le cadre de toute disposition des pr\u00e9sentes Conditions), m\u00eame si la Soci\u00e9t\u00e9 ou tout fournisseur a \u00e9t\u00e9 inform\u00e9 de la possibilit\u00e9 de tels dommages et m\u00eame si le recours \u00e9choue \u00e0 son objectif essentiel.<\/p>\n<p>Certains \u00e9tats n&#039;autorisent pas l&#039;exclusion des garanties implicites ou la limitation de responsabilit\u00e9 pour les dommages accessoires ou cons\u00e9cutifs, ce qui signifie que certaines des limitations ci-dessus peuvent ne pas s&#039;appliquer. Dans ces \u00c9tats, la responsabilit\u00e9 de chaque partie sera limit\u00e9e dans la plus grande mesure permise par la loi.<\/p>\n\n<h1>Clause de non-responsabilit\u00e9 \u00abTEL QUEL\u00bb et \u00abTEL QUE DISPONIBLE\u00bb<\/h1>\n<p>Le Service vous est fourni \u00abTEL QUEL\u00bb et \u00abTEL QUE DISPONIBLE\u00bb et avec tous les d\u00e9fauts et d\u00e9fauts sans garantie d&#039;aucune sorte. Dans la mesure maximale permise par la loi applicable, la Soci\u00e9t\u00e9, en son nom propre et au nom de ses affili\u00e9s et de ses conc\u00e9dants de licence et fournisseurs de services respectifs, d\u00e9cline express\u00e9ment toute garantie, expresse, implicite, statutaire ou autre, en ce qui concerne le Service, y compris toutes les garanties implicites de qualit\u00e9 marchande, d&#039;ad\u00e9quation \u00e0 un usage particulier, de titre et de non-contrefa\u00e7on, et les garanties qui peuvent d\u00e9couler de la n\u00e9gociation, du cours des performances, de l&#039;utilisation ou des pratiques commerciales. Sans limitation de ce qui pr\u00e9c\u00e8de, la Soci\u00e9t\u00e9 ne fournit aucune garantie ou engagement, et ne fait aucune repr\u00e9sentation de quelque nature que ce soit que le Service r\u00e9pondra \u00e0 vos exigences, atteindra les r\u00e9sultats escompt\u00e9s, sera compatible ou fonctionnera avec tout autre logiciel, application, syst\u00e8me ou service, fonctionnera sans interruption, r\u00e9pondre aux normes de performance ou de fiabilit\u00e9 ou \u00eatre sans erreur ou que toute erreur ou d\u00e9faut peut ou sera corrig\u00e9.<\/p>\n<p>Sans limiter ce qui pr\u00e9c\u00e8de, ni la Soci\u00e9t\u00e9 ni aucun de ses fournisseurs ne font de repr\u00e9sentation ou de garantie de quelque nature que ce soit, expresse ou implicite: (i) quant au fonctionnement ou \u00e0 la disponibilit\u00e9 du Service, ou aux informations, contenus, mat\u00e9riels ou produits inclus dessus; (ii) que le Service sera ininterrompu ou sans erreur; (iii) quant \u00e0 l&#039;exactitude, la fiabilit\u00e9 ou l&#039;actualit\u00e9 de toute information ou contenu fourni via le Service; ou (iv) que le Service, ses serveurs, le contenu ou les e-mails envoy\u00e9s par ou au nom de la Soci\u00e9t\u00e9 sont exempts de virus, scripts, chevaux de Troie, vers, logiciels malveillants, bombes \u00e0 retardement ou autres composants nuisibles.<\/p>\n<p>Certaines juridictions n&#039;autorisent pas l&#039;exclusion de certains types de garanties ou de limitations des droits statutaires applicables d&#039;un consommateur, de sorte que certaines ou toutes les exclusions et limitations ci-dessus peuvent ne pas s&#039;appliquer \u00e0 Vous. Mais dans un tel cas, les exclusions et limitations \u00e9nonc\u00e9es dans cette section seront appliqu\u00e9es dans la plus grande mesure possible en vertu de la loi applicable.<\/p>\n\n<h1>Loi applicable<\/h1>\n<p>Les lois du pays, \u00e0 l&#039;exclusion de ses r\u00e8gles de conflit de lois, r\u00e9giront les pr\u00e9sentes conditions et votre utilisation du service. Votre utilisation de l&#039;Application peut \u00e9galement \u00eatre soumise \u00e0 d&#039;autres lois locales, r\u00e9gionales, nationales ou internationales.<\/p>\n\n<h1>R\u00e9solution des litiges<\/h1>\n<p>Si vous avez des inqui\u00e9tudes ou des diff\u00e9rends concernant le service, vous acceptez d&#039;essayer d&#039;abord de r\u00e9soudre le diff\u00e9rend de mani\u00e8re informelle en contactant la soci\u00e9t\u00e9.<\/p>\n\n<h1>Pour les utilisateurs de l&#039;Union europ\u00e9enne (UE)<\/h1>\n<p>Si vous \u00eates un consommateur de l&#039;Union europ\u00e9enne, vous b\u00e9n\u00e9ficierez de toutes les dispositions obligatoires de la loi du pays dans lequel vous r\u00e9sidez.<\/p>\n\n\n<h1>Conformit\u00e9 juridique aux \u00c9tats-Unis<\/h1>\n<p>Vous d\u00e9clarez et garantissez que (i) vous n&#039;\u00eates pas situ\u00e9 dans un pays soumis \u00e0 l&#039;embargo du gouvernement des \u00c9tats-Unis, ou qui a \u00e9t\u00e9 d\u00e9sign\u00e9 par le gouvernement des \u00c9tats-Unis comme un pays \u00absoutenant le terrorisme\u00bb, et (ii) vous n&#039;\u00eates pas figurant sur une liste gouvernementale des \u00c9tats-Unis de parties interdites ou restreintes.<\/p>\n\n<h1>Divisibilit\u00e9 et renonciation<\/h1>\n<h2>Divisibilit\u00e9<\/h2>\n<p>Si une disposition de ces Conditions est jug\u00e9e inapplicable ou invalide, cette disposition sera modifi\u00e9e et interpr\u00e9t\u00e9e pour atteindre les objectifs de cette disposition dans la mesure du possible en vertu de la loi applicable et les dispositions restantes resteront pleinement en vigueur.<\/p>\n\n<h2>Renonciation<\/h2>\n<p>Sauf dans les cas pr\u00e9vus aux pr\u00e9sentes, le d\u00e9faut d&#039;exercer un droit ou d&#039;exiger l&#039;ex\u00e9cution d&#039;une obligation en vertu des pr\u00e9sentes Conditions n&#039;affectera pas la capacit\u00e9 d&#039;une partie d&#039;exercer ce droit ou d&#039;exiger une telle ex\u00e9cution \u00e0 tout moment par la suite, et la renonciation \u00e0 une violation ne constituera pas une renonciation. de toute violation ult\u00e9rieure.<\/p>\n\n<h1>Traduction Interpr\u00e9tation<\/h1>\n<p>Ces termes et conditions peuvent avoir \u00e9t\u00e9 traduits si nous les avons mis \u00e0 votre disposition sur notre service.<\/p>\n<p>Vous acceptez que le texte anglais original pr\u00e9vaudra en cas de litige.<\/p>\n\n<h1>Modifications de ces termes et conditions<\/h1>\n<p>Nous nous r\u00e9servons le droit, \u00e0 notre seule discr\u00e9tion, de modifier ou de remplacer ces conditions \u00e0 tout moment. Si une r\u00e9vision est importante, nous ferons des efforts raisonnables pour fournir un pr\u00e9avis d&#039;au moins 30 jours avant l&#039;entr\u00e9e en vigueur de toute nouvelle condition. Ce qui constitue un changement important sera d\u00e9termin\u00e9 \u00e0 notre seule discr\u00e9tion.<\/p>\n<p>En continuant \u00e0 acc\u00e9der ou \u00e0 utiliser notre service apr\u00e8s l&#039;entr\u00e9e en vigueur de ces r\u00e9visions, vous acceptez d&#039;\u00eatre li\u00e9 par les conditions r\u00e9vis\u00e9es. Si vous n&#039;acceptez pas les nouvelles conditions, en tout ou en partie, veuillez cesser d&#039;utiliser le site Web et le service.<\/p>\n\n<h1>Nous contacter<\/h1>\n<p>Si vous avez des questions sur ces Termes et Conditions, vous pouvez nous contacter:<\/p>\n\n<ul>\n        <li>Par email: APIE@AustinPartners.org<\/li>\n          <li>En visitant cette page sur notre site Web\u00a0: http:\/\/austinpartners.org\/contact-us<\/li>\n          <li>Par t\u00e9l\u00e9phone: 512-637-0900<\/li>\n          <li>Par courrier: PO Box 6118 Austin, TX 78762<\/li>\n  <\/ul>\t\t\t\t\t\t\t\t<\/div>\n\t\t\t\t<\/div>\n\t\t\t\t\t<\/div>\n\t\t<\/div>\n\t\t\t\t\t<\/div>\n\t\t<\/section>\n\t\t\t\t<\/div>","protected":false},"excerpt":{"rendered":"<p>Conditions g\u00e9n\u00e9rales Derni\u00e8re mise \u00e0 jour: 16 juin 2020 Veuillez lire attentivement ces conditions g\u00e9n\u00e9rales avant d&#039;utiliser notre service. Interpr\u00e9tation et d\u00e9finitions Interpr\u00e9tation Les mots dont la lettre initiale est en majuscule ont des significations d\u00e9finies dans les conditions suivantes. Les d\u00e9finitions suivantes ont la m\u00eame signification qu\u2019elles apparaissent au singulier ou [\u2026]<\/p>","protected":false},"author":1,"featured_media":0,"parent":0,"menu_order":0,"comment_status":"closed","ping_status":"closed","template":"","meta":{"_acf_changed":false,"inline_featured_image":false,"footnotes":""},"class_list":["post-231","page","type-page","status-publish","hentry"],"acf":[],"yoast_head":"<!-- This site is optimized with the Yoast SEO plugin v24.9 - https:\/\/yoast.com\/wordpress\/plugins\/seo\/ -->\n<title>Terms - Austin Partners in Education<\/title>\n<meta name=\"robots\" content=\"index, follow, max-snippet:-1, max-image-preview:large, max-video-preview:-1\" \/>\n<link rel=\"canonical\" href=\"https:\/\/austinpartners.org\/fr\/terms\/\" \/>\n<meta property=\"og:locale\" content=\"fr_FR\" \/>\n<meta property=\"og:type\" content=\"article\" \/>\n<meta property=\"og:title\" content=\"Terms - Austin Partners in Education\" \/>\n<meta property=\"og:description\" content=\"Terms &#038; Conditions Last updated: June 16, 2020 Please read these terms and conditions carefully before using Our Service. Interpretation and Definitions Interpretation The words of which the initial letter is capitalized have meanings defined under the following conditions. The following definitions shall have the same meaning regardless of whether they appear in singular or [&hellip;]\" \/>\n<meta property=\"og:url\" content=\"https:\/\/austinpartners.org\/fr\/terms\/\" \/>\n<meta property=\"og:site_name\" content=\"Austin Partners in Education\" \/>\n<meta property=\"article:modified_time\" content=\"2020-06-16T16:23:54+00:00\" \/>\n<meta name=\"twitter:card\" content=\"summary_large_image\" \/>\n<meta name=\"twitter:label1\" content=\"Dur\u00e9e de lecture estim\u00e9e\" \/>\n\t<meta name=\"twitter:data1\" content=\"8 minutes\" \/>\n<script type=\"application\/ld+json\" class=\"yoast-schema-graph\">{\"@context\":\"https:\/\/schema.org\",\"@graph\":[{\"@type\":\"WebPage\",\"@id\":\"https:\/\/austinpartners.org\/terms\/\",\"url\":\"https:\/\/austinpartners.org\/terms\/\",\"name\":\"Terms - Austin Partners in Education\",\"isPartOf\":{\"@id\":\"https:\/\/austinpartners.org\/#website\"},\"datePublished\":\"2020-03-05T15:57:41+00:00\",\"dateModified\":\"2020-06-16T16:23:54+00:00\",\"breadcrumb\":{\"@id\":\"https:\/\/austinpartners.org\/terms\/#breadcrumb\"},\"inLanguage\":\"fr-FR\",\"potentialAction\":[{\"@type\":\"ReadAction\",\"target\":[\"https:\/\/austinpartners.org\/terms\/\"]}]},{\"@type\":\"BreadcrumbList\",\"@id\":\"https:\/\/austinpartners.org\/terms\/#breadcrumb\",\"itemListElement\":[{\"@type\":\"ListItem\",\"position\":1,\"name\":\"Home\",\"item\":\"https:\/\/austinpartners.org\/\"},{\"@type\":\"ListItem\",\"position\":2,\"name\":\"Terms\"}]},{\"@type\":\"WebSite\",\"@id\":\"https:\/\/austinpartners.org\/#website\",\"url\":\"https:\/\/austinpartners.org\/\",\"name\":\"Austin Partners in Education\",\"description\":\"Inspire students to prepare them for school and life\",\"potentialAction\":[{\"@type\":\"SearchAction\",\"target\":{\"@type\":\"EntryPoint\",\"urlTemplate\":\"https:\/\/austinpartners.org\/?s={search_term_string}\"},\"query-input\":{\"@type\":\"PropertyValueSpecification\",\"valueRequired\":true,\"valueName\":\"search_term_string\"}}],\"inLanguage\":\"fr-FR\"}]}<\/script>\n<!-- \/ Yoast SEO plugin. -->","yoast_head_json":{"title":"Terms - Austin Partners in Education","robots":{"index":"index","follow":"follow","max-snippet":"max-snippet:-1","max-image-preview":"max-image-preview:large","max-video-preview":"max-video-preview:-1"},"canonical":"https:\/\/austinpartners.org\/fr\/terms\/","og_locale":"fr_FR","og_type":"article","og_title":"Terms - Austin Partners in Education","og_description":"Terms &#038; Conditions Last updated: June 16, 2020 Please read these terms and conditions carefully before using Our Service. Interpretation and Definitions Interpretation The words of which the initial letter is capitalized have meanings defined under the following conditions. The following definitions shall have the same meaning regardless of whether they appear in singular or [&hellip;]","og_url":"https:\/\/austinpartners.org\/fr\/terms\/","og_site_name":"Austin Partners in Education","article_modified_time":"2020-06-16T16:23:54+00:00","twitter_card":"summary_large_image","twitter_misc":{"Dur\u00e9e de lecture estim\u00e9e":"8 minutes"},"schema":{"@context":"https:\/\/schema.org","@graph":[{"@type":"WebPage","@id":"https:\/\/austinpartners.org\/terms\/","url":"https:\/\/austinpartners.org\/terms\/","name":"Terms - Austin Partners in Education","isPartOf":{"@id":"https:\/\/austinpartners.org\/#website"},"datePublished":"2020-03-05T15:57:41+00:00","dateModified":"2020-06-16T16:23:54+00:00","breadcrumb":{"@id":"https:\/\/austinpartners.org\/terms\/#breadcrumb"},"inLanguage":"fr-FR","potentialAction":[{"@type":"ReadAction","target":["https:\/\/austinpartners.org\/terms\/"]}]},{"@type":"BreadcrumbList","@id":"https:\/\/austinpartners.org\/terms\/#breadcrumb","itemListElement":[{"@type":"ListItem","position":1,"name":"Home","item":"https:\/\/austinpartners.org\/"},{"@type":"ListItem","position":2,"name":"Terms"}]},{"@type":"WebSite","@id":"https:\/\/austinpartners.org\/#website","url":"https:\/\/austinpartners.org\/","name":"Austin Partners in Education","description":"Inspire students to prepare them for school and life","potentialAction":[{"@type":"SearchAction","target":{"@type":"EntryPoint","urlTemplate":"https:\/\/austinpartners.org\/?s={search_term_string}"},"query-input":{"@type":"PropertyValueSpecification","valueRequired":true,"valueName":"search_term_string"}}],"inLanguage":"fr-FR"}]}},"_links":{"self":[{"href":"https:\/\/austinpartners.org\/fr\/wp-json\/wp\/v2\/pages\/231"}],"collection":[{"href":"https:\/\/austinpartners.org\/fr\/wp-json\/wp\/v2\/pages"}],"about":[{"href":"https:\/\/austinpartners.org\/fr\/wp-json\/wp\/v2\/types\/page"}],"author":[{"embeddable":true,"href":"https:\/\/austinpartners.org\/fr\/wp-json\/wp\/v2\/users\/1"}],"replies":[{"embeddable":true,"href":"https:\/\/austinpartners.org\/fr\/wp-json\/wp\/v2\/comments?post=231"}],"version-history":[{"count":5,"href":"https:\/\/austinpartners.org\/fr\/wp-json\/wp\/v2\/pages\/231\/revisions"}],"predecessor-version":[{"id":3500,"href":"https:\/\/austinpartners.org\/fr\/wp-json\/wp\/v2\/pages\/231\/revisions\/3500"}],"wp:attachment":[{"href":"https:\/\/austinpartners.org\/fr\/wp-json\/wp\/v2\/media?parent=231"}],"curies":[{"name":"wp","href":"https:\/\/api.w.org\/{rel}","templated":true}]}}