{"id":9090,"date":"2024-10-09T17:04:07","date_gmt":"2024-10-09T17:04:07","guid":{"rendered":"https:\/\/austinpartners.org\/?page_id=9090"},"modified":"2025-01-28T17:55:39","modified_gmt":"2025-01-28T17:55:39","slug":"austin-marathon-2025","status":"publish","type":"page","link":"https:\/\/austinpartners.org\/es\/austin-marathon-2025\/","title":{"rendered":"Marat\u00f3n de Austin 2025"},"content":{"rendered":"<div data-elementor-type=\"wp-page\" data-elementor-id=\"9090\" class=\"elementor elementor-9090\" data-elementor-post-type=\"page\">\n\t\t\t\t\t\t<section class=\"elementor-section elementor-top-section elementor-element elementor-element-740c095 elementor-section-boxed elementor-section-height-default elementor-section-height-default\" data-id=\"740c095\" data-element_type=\"section\">\n\t\t\t\t\t\t<div class=\"elementor-container elementor-column-gap-default\">\n\t\t\t\t\t<div class=\"elementor-column elementor-col-100 elementor-top-column elementor-element elementor-element-c411327\" data-id=\"c411327\" data-element_type=\"column\">\n\t\t\t<div class=\"elementor-widget-wrap\">\n\t\t\t\t\t\t\t<\/div>\n\t\t<\/div>\n\t\t\t\t\t<\/div>\n\t\t<\/section>\n\t\t\t\t<section class=\"elementor-section elementor-top-section elementor-element elementor-element-7e2cd3df elementor-section-content-middle elementor-section-boxed elementor-section-height-default elementor-section-height-default\" data-id=\"7e2cd3df\" data-element_type=\"section\" data-settings=\"{&quot;background_background&quot;:&quot;classic&quot;}\">\n\t\t\t\t\t\t\t<div class=\"elementor-background-overlay\"><\/div>\n\t\t\t\t\t\t\t<div class=\"elementor-container elementor-column-gap-default\">\n\t\t\t\t\t<div class=\"elementor-column elementor-col-100 elementor-top-column elementor-element elementor-element-3b794c17\" data-id=\"3b794c17\" data-element_type=\"column\">\n\t\t\t<div class=\"elementor-widget-wrap elementor-element-populated\">\n\t\t\t\t\t\t<div class=\"elementor-element elementor-element-677530ca elementor-widget elementor-widget-heading\" data-id=\"677530ca\" data-element_type=\"widget\" data-widget_type=\"heading.default\">\n\t\t\t\t<div class=\"elementor-widget-container\">\n\t\t\t\t\t<h1 class=\"elementor-heading-title elementor-size-default\">Marat\u00f3n de Austin 2025<\/h1>\t\t\t\t<\/div>\n\t\t\t\t<\/div>\n\t\t\t\t\t<\/div>\n\t\t<\/div>\n\t\t\t\t\t<\/div>\n\t\t<\/section>\n\t\t\t\t<section class=\"elementor-section elementor-top-section elementor-element elementor-element-59cd473 elementor-section-boxed elementor-section-height-default elementor-section-height-default\" data-id=\"59cd473\" data-element_type=\"section\">\n\t\t\t\t\t\t<div class=\"elementor-container elementor-column-gap-default\">\n\t\t\t\t\t<div class=\"elementor-column elementor-col-100 elementor-top-column elementor-element elementor-element-a9ad5aa\" data-id=\"a9ad5aa\" data-element_type=\"column\">\n\t\t\t<div class=\"elementor-widget-wrap elementor-element-populated\">\n\t\t\t\t\t\t<div class=\"elementor-element elementor-element-108a23c elementor-widget elementor-widget-image\" data-id=\"108a23c\" data-element_type=\"widget\" data-widget_type=\"image.default\">\n\t\t\t\t<div class=\"elementor-widget-container\">\n\t\t\t\t\t\t\t\t\t\t\t\t\t\t\t<img fetchpriority=\"high\" decoding=\"async\" width=\"1024\" height=\"722\" src=\"https:\/\/austinpartners.org\/wp-content\/uploads\/2024\/10\/Austin-Marathon-Picture.jpeg\" class=\"attachment-large size-large wp-image-9101\" alt=\"\" srcset=\"https:\/\/austinpartners.org\/wp-content\/uploads\/2024\/10\/Austin-Marathon-Picture.jpeg 1024w, https:\/\/austinpartners.org\/wp-content\/uploads\/2024\/10\/Austin-Marathon-Picture-300x212.jpeg 300w, https:\/\/austinpartners.org\/wp-content\/uploads\/2024\/10\/Austin-Marathon-Picture-768x542.jpeg 768w, https:\/\/austinpartners.org\/wp-content\/uploads\/2024\/10\/Austin-Marathon-Picture-18x12.jpeg 18w\" sizes=\"(max-width: 1024px) 100vw, 1024px\" \/>\t\t\t\t\t\t\t\t\t\t\t\t\t\t\t<\/div>\n\t\t\t\t<\/div>\n\t\t\t\t\t<\/div>\n\t\t<\/div>\n\t\t\t\t\t<\/div>\n\t\t<\/section>\n\t\t\t\t<section class=\"elementor-section elementor-top-section elementor-element elementor-element-2324c21 elementor-section-boxed elementor-section-height-default elementor-section-height-default\" data-id=\"2324c21\" data-element_type=\"section\">\n\t\t\t\t\t\t<div class=\"elementor-container elementor-column-gap-default\">\n\t\t\t\t\t<div class=\"elementor-column elementor-col-100 elementor-top-column elementor-element elementor-element-c5c1d72\" data-id=\"c5c1d72\" data-element_type=\"column\">\n\t\t\t<div class=\"elementor-widget-wrap elementor-element-populated\">\n\t\t\t\t\t\t<div class=\"elementor-element elementor-element-a2a34de elementor-widget elementor-widget-spacer\" data-id=\"a2a34de\" data-element_type=\"widget\" data-widget_type=\"spacer.default\">\n\t\t\t\t<div class=\"elementor-widget-container\">\n\t\t\t\t\t\t\t<div class=\"elementor-spacer\">\n\t\t\t<div class=\"elementor-spacer-inner\"><\/div>\n\t\t<\/div>\n\t\t\t\t\t\t<\/div>\n\t\t\t\t<\/div>\n\t\t\t\t\t<\/div>\n\t\t<\/div>\n\t\t\t\t\t<\/div>\n\t\t<\/section>\n\t\t\t\t<section class=\"elementor-section elementor-top-section elementor-element elementor-element-e34be03 elementor-section-boxed elementor-section-height-default elementor-section-height-default\" data-id=\"e34be03\" data-element_type=\"section\">\n\t\t\t\t\t\t<div class=\"elementor-container elementor-column-gap-default\">\n\t\t\t\t\t<div class=\"elementor-column elementor-col-100 elementor-top-column elementor-element elementor-element-beb0ca2\" data-id=\"beb0ca2\" data-element_type=\"column\">\n\t\t\t<div class=\"elementor-widget-wrap elementor-element-populated\">\n\t\t\t\t\t\t<div class=\"elementor-element elementor-element-40a85d5 elementor-widget elementor-widget-heading\" data-id=\"40a85d5\" data-element_type=\"widget\" data-widget_type=\"heading.default\">\n\t\t\t\t<div class=\"elementor-widget-container\">\n\t\t\t\t\t<h2 class=\"elementor-heading-title elementor-size-default\">\u00a1La educaci\u00f3n es un marat\u00f3n, no un sprint!<\/h2>\t\t\t\t<\/div>\n\t\t\t\t<\/div>\n\t\t\t\t<div class=\"elementor-element elementor-element-d5789f5 elementor-widget elementor-widget-text-editor\" data-id=\"d5789f5\" data-element_type=\"widget\" data-widget_type=\"text-editor.default\">\n\t\t\t\t<div class=\"elementor-widget-container\">\n\t\t\t\t\t\t\t\t\t<p>Es un honor para APIE haber sido seleccionada como organizaci\u00f3n ben\u00e9fica oficial de Austin Marathon Gives para el Marat\u00f3n de Austin de 2025. El Marat\u00f3n de este a\u00f1o se celebrar\u00e1 el domingo 16 de febrero de 2025. El a\u00f1o pasado, recaudamos m\u00e1s de $24,000 mediante la recaudaci\u00f3n de fondos entre pares, dos patrocinios y una generosa contribuci\u00f3n de la Fundaci\u00f3n Moody. Adem\u00e1s, gestionamos el puesto de avituallamiento en la milla 5 el d\u00eda de la carrera con la ayuda de m\u00e1s de 80 voluntarios entusiastas.<\/p><p>Esperamos aprovechar este impulso para la campa\u00f1a de 2025, que culminar\u00e1 con el Marat\u00f3n de Austin el 16 de febrero de 2025. Aqu\u00ed tienes algunas maneras de participar:<\/p><p><strong>CORRER<\/strong>: <a href=\"https:\/\/eventdog.com\/a\/eventpage.php?eID=58961&amp;refData=topmenu\" target=\"_blank\" rel=\"noopener\">Reg\u00edstrate para correr<\/a> Una de las tres distancias (5k, media marat\u00f3n, marat\u00f3n completa). Durante la inscripci\u00f3n, aseg\u00farate de unirte a nuestro equipo, &quot;APIE Runners&quot;. Si tambi\u00e9n deseas recaudar fondos (ya sea para recibir una inscripci\u00f3n gratuita o simplemente para apoyar nuestra misi\u00f3n), al final del proceso de inscripci\u00f3n se te preguntar\u00e1 si deseas recaudar fondos en nombre de una organizaci\u00f3n ben\u00e9fica, lo que te permitir\u00e1 crear una p\u00e1gina personal de recaudaci\u00f3n de fondos a trav\u00e9s de GivenGain. Si te interesa que te reembolsemos la cuota de inscripci\u00f3n, \u00a1cont\u00e1ctanos! Disponemos de un n\u00famero limitado de c\u00f3digos de inscripci\u00f3n gratuitos a trav\u00e9s del sitio web del Marat\u00f3n de Austin. <a href=\"https:\/\/form.jotform.com\/highfiveevents\/2025RUNFORWARD\" target=\"_blank\" rel=\"noopener\">Correr hacia adelante<\/a> \u00a1Programa que te eximir\u00e1\/reembolsar\u00e1 la tarifa de inscripci\u00f3n a la carrera una vez que crees una p\u00e1gina de recaudaci\u00f3n de fondos y recaudes $$250! Contacto <a href=\"mailto:jjacobsohn@austinpartners.org\" target=\"_blank\" rel=\"noopener\">jjacobsohn@austinpartners.org<\/a> Para m\u00e1s informaci\u00f3n.<\/p><p><strong>RECAUDACI\u00d3N DE FONDOS<\/strong>:APIE es una organizaci\u00f3n ben\u00e9fica oficial de Austin Marathon Gives este a\u00f1o, por lo que nos ver\u00e1s en el <a href=\"https:\/\/youraustinmarathon.com\/austinmarathongives\/run-for-charity\/\" target=\"_blank\" rel=\"noopener\">Sitio web del Marat\u00f3n de Austin<\/a>Tambi\u00e9n puedes optar por ir directamente a <a href=\"https:\/\/www.givengain.com\/campaign\/apie-2025\" target=\"_blank\" rel=\"noopener\">P\u00e1gina de recaudaci\u00f3n de fondos de APIE<\/a> \u00a1Donde puedes crear una p\u00e1gina de recaudaci\u00f3n de fondos \u00fanica y personalizable que podr\u00e1s compartir f\u00e1cilmente con posibles donantes!* Simplemente haz clic en el bot\u00f3n &quot;Iniciar recaudaci\u00f3n de fondos&quot; en la esquina superior derecha de la p\u00e1gina. Se te pedir\u00e1 que crees una cuenta gratuita de GivenGain y luego podr\u00e1s configurar tu p\u00e1gina \u00fanica.<\/p><p>*Esta opci\u00f3n est\u00e1 disponible para todos, independientemente de si te has inscrito para correr, planeas inscribirte o ser voluntario el d\u00eda de la carrera, o simplemente quieres apoyar a distancia. Para obtener una gu\u00eda detallada sobre c\u00f3mo empezar, consulta esta pr\u00e1ctica gu\u00eda. <a href=\"https:\/\/austinpartners.org\/wp-content\/uploads\/2024\/09\/2025-Austin-Marathon-Fundraiser-Set-Up.pdf\" target=\"_blank\" rel=\"noopener\">Gu\u00eda paso a paso para organizar una recaudaci\u00f3n de fondos.<\/a><\/p><p><strong>VOLUNTARIO<\/strong>\u00a1\u00danete a nosotros en el recorrido el d\u00eda de la carrera! Estaremos a cargo del puesto de avituallamiento\/parada de agua ubicado en la milla #5 (1919 S. 1st St.) y necesitamos de 60 a 80 voluntarios para ayudar con el montaje, desmontaje y funcionamiento del puesto (es decir, llenar vasos de agua, preparar bebidas electrol\u00edticas y repartir bebidas a los participantes). Inf\u00f3rmate y reg\u00edstrate como voluntario. <a href=\"https:\/\/eventdog.com\/a\/eventpage.php?eID=60134\">aqu\u00ed.<\/a><\/p><p><strong>PATROCINADOR<\/strong>\u00a1Buscamos empresas y organizaciones que patrocinen al Equipo APIE! Hay varios niveles de patrocinio con diferentes beneficios. Esta es una gran oportunidad para involucrarse en la comunidad y dar a conocer el nombre de su empresa ante m\u00e1s de 80,000 corredores, voluntarios y espectadores el d\u00eda de la carrera.<\/p><p><strong>DAR<\/strong>:Haga una donaci\u00f3n deducible de impuestos a uno de nuestros incre\u00edbles campeones de recaudaci\u00f3n de fondos, todos los cuales est\u00e1n vinculados desde el sitio principal de APIE. <a href=\"https:\/\/www.givengain.com\/campaign\/apie-2025\" target=\"_blank\" rel=\"noopener\">campa\u00f1a de recaudaci\u00f3n de fondos<\/a> o, si lo prefieres, dona a la campa\u00f1a general. Todos los ingresos se destinar\u00e1n directamente a nuestro trabajo con los estudiantes de Austin.<\/p>\t\t\t\t\t\t\t\t<\/div>\n\t\t\t\t<\/div>\n\t\t\t\t\t<\/div>\n\t\t<\/div>\n\t\t\t\t\t<\/div>\n\t\t<\/section>\n\t\t\t\t<section class=\"elementor-section elementor-top-section elementor-element elementor-element-18bf2fa elementor-section-boxed elementor-section-height-default elementor-section-height-default\" data-id=\"18bf2fa\" data-element_type=\"section\">\n\t\t\t\t\t\t<div class=\"elementor-container elementor-column-gap-default\">\n\t\t\t\t\t<div class=\"elementor-column elementor-col-100 elementor-top-column elementor-element elementor-element-3f940af\" data-id=\"3f940af\" data-element_type=\"column\">\n\t\t\t<div class=\"elementor-widget-wrap elementor-element-populated\">\n\t\t\t\t\t\t<div class=\"elementor-element elementor-element-10c7bcd elementor-widget__width-initial elementor-widget elementor-widget-image\" data-id=\"10c7bcd\" data-element_type=\"widget\" data-widget_type=\"image.default\">\n\t\t\t\t<div class=\"elementor-widget-container\">\n\t\t\t\t\t\t\t\t\t\t\t\t\t\t\t<img decoding=\"async\" width=\"768\" height=\"769\" src=\"https:\/\/austinpartners.org\/wp-content\/uploads\/2024\/10\/Screenshot-2024-10-09-at-2.41.31\u202fPM-768x769.png\" class=\"attachment-medium_large size-medium_large wp-image-9158\" alt=\"\" srcset=\"https:\/\/austinpartners.org\/wp-content\/uploads\/2024\/10\/Screenshot-2024-10-09-at-2.41.31\u202fPM-768x769.png 768w, https:\/\/austinpartners.org\/wp-content\/uploads\/2024\/10\/Screenshot-2024-10-09-at-2.41.31\u202fPM-300x300.png 300w, https:\/\/austinpartners.org\/wp-content\/uploads\/2024\/10\/Screenshot-2024-10-09-at-2.41.31\u202fPM-150x150.png 150w, https:\/\/austinpartners.org\/wp-content\/uploads\/2024\/10\/Screenshot-2024-10-09-at-2.41.31\u202fPM-12x12.png 12w, https:\/\/austinpartners.org\/wp-content\/uploads\/2024\/10\/Screenshot-2024-10-09-at-2.41.31\u202fPM.png 818w\" sizes=\"(max-width: 768px) 100vw, 768px\" \/>\t\t\t\t\t\t\t\t\t\t\t\t\t\t\t<\/div>\n\t\t\t\t<\/div>\n\t\t\t\t\t<\/div>\n\t\t<\/div>\n\t\t\t\t\t<\/div>\n\t\t<\/section>\n\t\t\t\t<section class=\"elementor-section elementor-top-section elementor-element elementor-element-218031c elementor-section-boxed elementor-section-height-default elementor-section-height-default\" data-id=\"218031c\" data-element_type=\"section\">\n\t\t\t\t\t\t<div class=\"elementor-container elementor-column-gap-default\">\n\t\t\t\t\t<div class=\"elementor-column elementor-col-100 elementor-top-column elementor-element elementor-element-40241f2\" data-id=\"40241f2\" data-element_type=\"column\">\n\t\t\t<div class=\"elementor-widget-wrap elementor-element-populated\">\n\t\t\t\t\t\t<div class=\"elementor-element elementor-element-e62e897 elementor-widget elementor-widget-heading\" data-id=\"e62e897\" data-element_type=\"widget\" data-widget_type=\"heading.default\">\n\t\t\t\t<div class=\"elementor-widget-container\">\n\t\t\t\t\t<h2 class=\"elementor-heading-title elementor-size-default\">Gracias a nuestros patrocinadores del 2025:<\/h2>\t\t\t\t<\/div>\n\t\t\t\t<\/div>\n\t\t\t\t\t<\/div>\n\t\t<\/div>\n\t\t\t\t\t<\/div>\n\t\t<\/section>\n\t\t\t\t<section class=\"elementor-section elementor-top-section elementor-element elementor-element-3cb9a96 elementor-section-boxed elementor-section-height-default elementor-section-height-default\" data-id=\"3cb9a96\" data-element_type=\"section\">\n\t\t\t\t\t\t<div class=\"elementor-container elementor-column-gap-default\">\n\t\t\t\t\t<div class=\"elementor-column elementor-col-25 elementor-top-column elementor-element elementor-element-c0aba70\" data-id=\"c0aba70\" data-element_type=\"column\">\n\t\t\t<div class=\"elementor-widget-wrap\">\n\t\t\t\t\t\t\t<\/div>\n\t\t<\/div>\n\t\t\t\t<div class=\"elementor-column elementor-col-25 elementor-top-column elementor-element elementor-element-0c6df3d\" data-id=\"0c6df3d\" data-element_type=\"column\">\n\t\t\t<div class=\"elementor-widget-wrap elementor-element-populated\">\n\t\t\t\t\t\t<div class=\"elementor-element elementor-element-0ef165f elementor-widget elementor-widget-image\" data-id=\"0ef165f\" data-element_type=\"widget\" data-widget_type=\"image.default\">\n\t\t\t\t<div class=\"elementor-widget-container\">\n\t\t\t\t\t\t\t\t\t\t\t\t\t\t\t<img decoding=\"async\" width=\"235\" height=\"214\" src=\"https:\/\/austinpartners.org\/wp-content\/uploads\/2024\/10\/A-plus-credit-union.png\" class=\"attachment-large size-large wp-image-9137\" alt=\"\" srcset=\"https:\/\/austinpartners.org\/wp-content\/uploads\/2024\/10\/A-plus-credit-union.png 235w, https:\/\/austinpartners.org\/wp-content\/uploads\/2024\/10\/A-plus-credit-union-13x12.png 13w\" sizes=\"(max-width: 235px) 100vw, 235px\" \/>\t\t\t\t\t\t\t\t\t\t\t\t\t\t\t<\/div>\n\t\t\t\t<\/div>\n\t\t\t\t\t<\/div>\n\t\t<\/div>\n\t\t\t\t<div class=\"elementor-column elementor-col-25 elementor-top-column elementor-element elementor-element-cb8a1b6\" data-id=\"cb8a1b6\" data-element_type=\"column\">\n\t\t\t<div class=\"elementor-widget-wrap elementor-element-populated\">\n\t\t\t\t\t\t\t<\/div>\n\t\t<\/div>\n\t\t\t\t<div class=\"elementor-column elementor-col-25 elementor-top-column elementor-element elementor-element-c6de5c4\" data-id=\"c6de5c4\" data-element_type=\"column\">\n\t\t\t<div class=\"elementor-widget-wrap\">\n\t\t\t\t\t\t\t<\/div>\n\t\t<\/div>\n\t\t\t\t\t<\/div>\n\t\t<\/section>\n\t\t\t\t<section class=\"elementor-section elementor-top-section elementor-element elementor-element-26fb71d elementor-section-boxed elementor-section-height-default elementor-section-height-default\" data-id=\"26fb71d\" data-element_type=\"section\">\n\t\t\t\t\t\t<div class=\"elementor-container elementor-column-gap-default\">\n\t\t\t\t\t<div class=\"elementor-column elementor-col-100 elementor-top-column elementor-element elementor-element-db5f88e\" data-id=\"db5f88e\" data-element_type=\"column\">\n\t\t\t<div class=\"elementor-widget-wrap elementor-element-populated\">\n\t\t\t\t\t\t<div class=\"elementor-element elementor-element-a1f4110 elementor-widget elementor-widget-video\" data-id=\"a1f4110\" data-element_type=\"widget\" data-settings=\"{&quot;youtube_url&quot;:&quot;https:\\\/\\\/youtu.be\\\/bGxovL0Tbc0&quot;,&quot;video_type&quot;:&quot;youtube&quot;,&quot;controls&quot;:&quot;yes&quot;}\" data-widget_type=\"video.default\">\n\t\t\t\t<div class=\"elementor-widget-container\">\n\t\t\t\t\t\t\t<div class=\"elementor-wrapper elementor-open-inline\">\n\t\t\t<div class=\"elementor-video\"><\/div>\t\t<\/div>\n\t\t\t\t\t\t<\/div>\n\t\t\t\t<\/div>\n\t\t\t\t\t<\/div>\n\t\t<\/div>\n\t\t\t\t\t<\/div>\n\t\t<\/section>\n\t\t\t\t<\/div>","protected":false},"excerpt":{"rendered":"<p>\u00a1La educaci\u00f3n es un marat\u00f3n, no un sprint! APIE se enorgullece de haber sido seleccionada como organizaci\u00f3n ben\u00e9fica oficial de Austin Marathon Gives para el Marat\u00f3n de Austin de 2025. El Marat\u00f3n de este a\u00f1o se celebrar\u00e1 el domingo 16 de febrero de 2025. El a\u00f1o pasado, recaudamos m\u00e1s de $24,000 mediante la recaudaci\u00f3n de fondos entre pares, dos patrocinios y una generosa contribuci\u00f3n de la Fundaci\u00f3n Moody. [\u2026]<\/p>","protected":false},"author":2,"featured_media":0,"parent":0,"menu_order":0,"comment_status":"closed","ping_status":"closed","template":"","meta":{"_acf_changed":false,"inline_featured_image":false,"footnotes":""},"class_list":["post-9090","page","type-page","status-publish","hentry"],"acf":[],"yoast_head":"<!-- This site is optimized with the Yoast SEO plugin v24.9 - https:\/\/yoast.com\/wordpress\/plugins\/seo\/ -->\n<title>Austin Marathon 2025 - Austin Partners in Education<\/title>\n<meta name=\"robots\" content=\"index, follow, max-snippet:-1, max-image-preview:large, max-video-preview:-1\" \/>\n<link rel=\"canonical\" href=\"https:\/\/austinpartners.org\/es\/austin-marathon-2025\/\" \/>\n<meta property=\"og:locale\" content=\"es_MX\" \/>\n<meta property=\"og:type\" content=\"article\" \/>\n<meta property=\"og:title\" content=\"Austin Marathon 2025 - Austin Partners in Education\" \/>\n<meta property=\"og:description\" content=\"Education is a Marathon, Not a Sprint! APIE is honored to be selected as an official Austin Marathon Gives Charity for the 2025 Austin Marathon. This year\u2019s Marathon will take place on Sunday, February 16, 2025. Last year, we raised over $24,000 through peer-to-peer fundraising, two sponsorships, and a generous match from the Moody Foundation. [&hellip;]\" \/>\n<meta property=\"og:url\" content=\"https:\/\/austinpartners.org\/es\/austin-marathon-2025\/\" \/>\n<meta property=\"og:site_name\" content=\"Austin Partners in Education\" \/>\n<meta property=\"article:modified_time\" content=\"2025-01-28T17:55:39+00:00\" \/>\n<meta property=\"og:image\" content=\"https:\/\/austinpartners.org\/wp-content\/uploads\/2024\/10\/Austin-Marathon-Picture.jpeg\" \/>\n\t<meta property=\"og:image:width\" content=\"1024\" \/>\n\t<meta property=\"og:image:height\" content=\"722\" \/>\n\t<meta property=\"og:image:type\" content=\"image\/jpeg\" \/>\n<meta name=\"twitter:card\" content=\"summary_large_image\" \/>\n<meta name=\"twitter:label1\" content=\"Tiempo de lectura\" \/>\n\t<meta name=\"twitter:data1\" content=\"3 minutos\" \/>\n<script type=\"application\/ld+json\" class=\"yoast-schema-graph\">{\"@context\":\"https:\/\/schema.org\",\"@graph\":[{\"@type\":\"WebPage\",\"@id\":\"https:\/\/austinpartners.org\/austin-marathon-2025\/\",\"url\":\"https:\/\/austinpartners.org\/austin-marathon-2025\/\",\"name\":\"Austin Marathon 2025 - Austin Partners in Education\",\"isPartOf\":{\"@id\":\"https:\/\/austinpartners.org\/#website\"},\"primaryImageOfPage\":{\"@id\":\"https:\/\/austinpartners.org\/austin-marathon-2025\/#primaryimage\"},\"image\":{\"@id\":\"https:\/\/austinpartners.org\/austin-marathon-2025\/#primaryimage\"},\"thumbnailUrl\":\"https:\/\/austinpartners.org\/wp-content\/uploads\/2024\/10\/Austin-Marathon-Picture.jpeg\",\"datePublished\":\"2024-10-09T17:04:07+00:00\",\"dateModified\":\"2025-01-28T17:55:39+00:00\",\"breadcrumb\":{\"@id\":\"https:\/\/austinpartners.org\/austin-marathon-2025\/#breadcrumb\"},\"inLanguage\":\"es\",\"potentialAction\":[{\"@type\":\"ReadAction\",\"target\":[\"https:\/\/austinpartners.org\/austin-marathon-2025\/\"]}]},{\"@type\":\"ImageObject\",\"inLanguage\":\"es\",\"@id\":\"https:\/\/austinpartners.org\/austin-marathon-2025\/#primaryimage\",\"url\":\"https:\/\/austinpartners.org\/wp-content\/uploads\/2024\/10\/Austin-Marathon-Picture.jpeg\",\"contentUrl\":\"https:\/\/austinpartners.org\/wp-content\/uploads\/2024\/10\/Austin-Marathon-Picture.jpeg\"},{\"@type\":\"BreadcrumbList\",\"@id\":\"https:\/\/austinpartners.org\/austin-marathon-2025\/#breadcrumb\",\"itemListElement\":[{\"@type\":\"ListItem\",\"position\":1,\"name\":\"Home\",\"item\":\"https:\/\/austinpartners.org\/\"},{\"@type\":\"ListItem\",\"position\":2,\"name\":\"Austin Marathon 2025\"}]},{\"@type\":\"WebSite\",\"@id\":\"https:\/\/austinpartners.org\/#website\",\"url\":\"https:\/\/austinpartners.org\/\",\"name\":\"Austin Partners in Education\",\"description\":\"Inspire students to prepare them for school and life\",\"potentialAction\":[{\"@type\":\"SearchAction\",\"target\":{\"@type\":\"EntryPoint\",\"urlTemplate\":\"https:\/\/austinpartners.org\/?s={search_term_string}\"},\"query-input\":{\"@type\":\"PropertyValueSpecification\",\"valueRequired\":true,\"valueName\":\"search_term_string\"}}],\"inLanguage\":\"es\"}]}<\/script>\n<!-- \/ Yoast SEO plugin. -->","yoast_head_json":{"title":"Austin Marathon 2025 - Austin Partners in Education","robots":{"index":"index","follow":"follow","max-snippet":"max-snippet:-1","max-image-preview":"max-image-preview:large","max-video-preview":"max-video-preview:-1"},"canonical":"https:\/\/austinpartners.org\/es\/austin-marathon-2025\/","og_locale":"es_MX","og_type":"article","og_title":"Austin Marathon 2025 - Austin Partners in Education","og_description":"Education is a Marathon, Not a Sprint! APIE is honored to be selected as an official Austin Marathon Gives Charity for the 2025 Austin Marathon. This year\u2019s Marathon will take place on Sunday, February 16, 2025. Last year, we raised over $24,000 through peer-to-peer fundraising, two sponsorships, and a generous match from the Moody Foundation. [&hellip;]","og_url":"https:\/\/austinpartners.org\/es\/austin-marathon-2025\/","og_site_name":"Austin Partners in Education","article_modified_time":"2025-01-28T17:55:39+00:00","og_image":[{"width":1024,"height":722,"url":"https:\/\/austinpartners.org\/wp-content\/uploads\/2024\/10\/Austin-Marathon-Picture.jpeg","type":"image\/jpeg"}],"twitter_card":"summary_large_image","twitter_misc":{"Tiempo de lectura":"3 minutos"},"schema":{"@context":"https:\/\/schema.org","@graph":[{"@type":"WebPage","@id":"https:\/\/austinpartners.org\/austin-marathon-2025\/","url":"https:\/\/austinpartners.org\/austin-marathon-2025\/","name":"Austin Marathon 2025 - Austin Partners in Education","isPartOf":{"@id":"https:\/\/austinpartners.org\/#website"},"primaryImageOfPage":{"@id":"https:\/\/austinpartners.org\/austin-marathon-2025\/#primaryimage"},"image":{"@id":"https:\/\/austinpartners.org\/austin-marathon-2025\/#primaryimage"},"thumbnailUrl":"https:\/\/austinpartners.org\/wp-content\/uploads\/2024\/10\/Austin-Marathon-Picture.jpeg","datePublished":"2024-10-09T17:04:07+00:00","dateModified":"2025-01-28T17:55:39+00:00","breadcrumb":{"@id":"https:\/\/austinpartners.org\/austin-marathon-2025\/#breadcrumb"},"inLanguage":"es","potentialAction":[{"@type":"ReadAction","target":["https:\/\/austinpartners.org\/austin-marathon-2025\/"]}]},{"@type":"ImageObject","inLanguage":"es","@id":"https:\/\/austinpartners.org\/austin-marathon-2025\/#primaryimage","url":"https:\/\/austinpartners.org\/wp-content\/uploads\/2024\/10\/Austin-Marathon-Picture.jpeg","contentUrl":"https:\/\/austinpartners.org\/wp-content\/uploads\/2024\/10\/Austin-Marathon-Picture.jpeg"},{"@type":"BreadcrumbList","@id":"https:\/\/austinpartners.org\/austin-marathon-2025\/#breadcrumb","itemListElement":[{"@type":"ListItem","position":1,"name":"Home","item":"https:\/\/austinpartners.org\/"},{"@type":"ListItem","position":2,"name":"Austin Marathon 2025"}]},{"@type":"WebSite","@id":"https:\/\/austinpartners.org\/#website","url":"https:\/\/austinpartners.org\/","name":"Austin Partners in Education","description":"Inspire students to prepare them for school and life","potentialAction":[{"@type":"SearchAction","target":{"@type":"EntryPoint","urlTemplate":"https:\/\/austinpartners.org\/?s={search_term_string}"},"query-input":{"@type":"PropertyValueSpecification","valueRequired":true,"valueName":"search_term_string"}}],"inLanguage":"es"}]}},"_links":{"self":[{"href":"https:\/\/austinpartners.org\/es\/wp-json\/wp\/v2\/pages\/9090"}],"collection":[{"href":"https:\/\/austinpartners.org\/es\/wp-json\/wp\/v2\/pages"}],"about":[{"href":"https:\/\/austinpartners.org\/es\/wp-json\/wp\/v2\/types\/page"}],"author":[{"embeddable":true,"href":"https:\/\/austinpartners.org\/es\/wp-json\/wp\/v2\/users\/2"}],"replies":[{"embeddable":true,"href":"https:\/\/austinpartners.org\/es\/wp-json\/wp\/v2\/comments?post=9090"}],"version-history":[{"count":29,"href":"https:\/\/austinpartners.org\/es\/wp-json\/wp\/v2\/pages\/9090\/revisions"}],"predecessor-version":[{"id":9724,"href":"https:\/\/austinpartners.org\/es\/wp-json\/wp\/v2\/pages\/9090\/revisions\/9724"}],"wp:attachment":[{"href":"https:\/\/austinpartners.org\/es\/wp-json\/wp\/v2\/media?parent=9090"}],"curies":[{"name":"wp","href":"https:\/\/api.w.org\/{rel}","templated":true}]}}