{"id":5598,"date":"2022-08-02T17:11:51","date_gmt":"2022-08-02T17:11:51","guid":{"rendered":"https:\/\/austinpartners.org\/?page_id=5598"},"modified":"2024-10-16T22:57:23","modified_gmt":"2024-10-16T22:57:23","slug":"coordinator-forms","status":"publish","type":"page","link":"https:\/\/austinpartners.org\/es\/coordinator-forms\/","title":{"rendered":"Formularios de coordinador"},"content":{"rendered":"<div data-elementor-type=\"wp-page\" data-elementor-id=\"5598\" class=\"elementor elementor-5598\" data-elementor-post-type=\"page\">\n\t\t\t\t\t\t<section class=\"elementor-section elementor-top-section elementor-element elementor-element-5e8e874d elementor-section-content-middle elementor-section-boxed elementor-section-height-default elementor-section-height-default\" data-id=\"5e8e874d\" data-element_type=\"section\" data-settings=\"{&quot;background_background&quot;:&quot;classic&quot;}\">\n\t\t\t\t\t\t\t<div class=\"elementor-background-overlay\"><\/div>\n\t\t\t\t\t\t\t<div class=\"elementor-container elementor-column-gap-default\">\n\t\t\t\t\t<div class=\"elementor-column elementor-col-100 elementor-top-column elementor-element elementor-element-6b716b63\" data-id=\"6b716b63\" data-element_type=\"column\">\n\t\t\t<div class=\"elementor-widget-wrap elementor-element-populated\">\n\t\t\t\t\t\t<div class=\"elementor-element elementor-element-d40c51b elementor-headline--style-highlight elementor-widget elementor-widget-animated-headline\" data-id=\"d40c51b\" data-element_type=\"widget\" data-settings=\"{&quot;marker&quot;:&quot;underline&quot;,&quot;highlighted_text&quot;:&quot;Mentor Coordinator Forms&quot;,&quot;headline_style&quot;:&quot;highlight&quot;,&quot;loop&quot;:&quot;yes&quot;,&quot;highlight_animation_duration&quot;:1200,&quot;highlight_iteration_delay&quot;:8000}\" data-widget_type=\"animated-headline.default\">\n\t\t\t\t<div class=\"elementor-widget-container\">\n\t\t\t\t\t\t\t<h3 class=\"elementor-headline\">\n\t\t\t\t<span class=\"elementor-headline-dynamic-wrapper elementor-headline-text-wrapper\">\n\t\t\t\t\t<span class=\"elementor-headline-dynamic-text elementor-headline-text-active\">Formularios para coordinadores de mentores<\/span>\n\t\t\t\t<\/span>\n\t\t\t\t<\/h3>\n\t\t\t\t\t\t<\/div>\n\t\t\t\t<\/div>\n\t\t\t\t<div class=\"elementor-element elementor-element-bfccaf7 elementor-widget elementor-widget-text-editor\" data-id=\"bfccaf7\" data-element_type=\"widget\" data-widget_type=\"text-editor.default\">\n\t\t\t\t<div class=\"elementor-widget-container\">\n\t\t\t\t\t\t\t\t\t<p style=\"text-align: center;\"><span style=\"color: #ffffff;\"><span style=\"font-size: x-large;\">Los mentores pueden tener un impacto positivo en la vida de un estudiante.<\/span><\/span><\/p>\n<p><\/p>\t\t\t\t\t\t\t\t<\/div>\n\t\t\t\t<\/div>\n\t\t\t\t<div class=\"elementor-element elementor-element-df6f772 elementor-align-center elementor-widget elementor-widget-button\" data-id=\"df6f772\" data-element_type=\"widget\" data-widget_type=\"button.default\">\n\t\t\t\t<div class=\"elementor-widget-container\">\n\t\t\t\t\t\t\t\t\t<div class=\"elementor-button-wrapper\">\n\t\t\t\t\t<a class=\"elementor-button elementor-button-link elementor-size-sm\" href=\"#Forms\">\n\t\t\t\t\t\t<span class=\"elementor-button-content-wrapper\">\n\t\t\t\t\t\t\t\t\t<span class=\"elementor-button-text\">Ver formularios<\/span>\n\t\t\t\t\t<\/span>\n\t\t\t\t\t<\/a>\n\t\t\t\t<\/div>\n\t\t\t\t\t\t\t\t<\/div>\n\t\t\t\t<\/div>\n\t\t\t\t\t<\/div>\n\t\t<\/div>\n\t\t\t\t\t<\/div>\n\t\t<\/section>\n\t\t\t\t<section class=\"elementor-section elementor-top-section elementor-element elementor-element-6cad827 elementor-section-content-middle elementor-section-boxed elementor-section-height-default elementor-section-height-default\" data-id=\"6cad827\" data-element_type=\"section\" data-settings=\"{&quot;background_background&quot;:&quot;classic&quot;}\">\n\t\t\t\t\t\t<div class=\"elementor-container elementor-column-gap-default\">\n\t\t\t\t\t<div class=\"elementor-column elementor-col-100 elementor-top-column elementor-element elementor-element-3f14d7a\" data-id=\"3f14d7a\" data-element_type=\"column\">\n\t\t\t<div class=\"elementor-widget-wrap elementor-element-populated\">\n\t\t\t\t\t\t<div class=\"elementor-element elementor-element-4020996 elementor-widget elementor-widget-accordion\" data-id=\"4020996\" data-element_type=\"widget\" id=\"Forms\" data-widget_type=\"accordion.default\">\n\t\t\t\t<div class=\"elementor-widget-container\">\n\t\t\t\t\t\t\t<div class=\"elementor-accordion\">\n\t\t\t\t\t\t\t<div class=\"elementor-accordion-item\">\n\t\t\t\t\t<div id=\"elementor-tab-title-6721\" class=\"elementor-tab-title\" data-tab=\"1\" role=\"button\" aria-controls=\"elementor-tab-content-6721\" aria-expanded=\"false\">\n\t\t\t\t\t\t\t\t\t\t\t\t\t<span class=\"elementor-accordion-icon elementor-accordion-icon-left\" aria-hidden=\"true\">\n\t\t\t\t\t\t\t\t\t\t\t\t\t\t\t<span class=\"elementor-accordion-icon-closed\"><i class=\"fas fa-plus\"><\/i><\/span>\n\t\t\t\t\t\t\t\t<span class=\"elementor-accordion-icon-opened\"><i class=\"fas fa-minus\"><\/i><\/span>\n\t\t\t\t\t\t\t\t\t\t\t\t\t\t<\/span>\n\t\t\t\t\t\t\t\t\t\t\t\t<a class=\"elementor-accordion-title\" tabindex=\"0\">Coordinador de Mentores<\/a>\n\t\t\t\t\t<\/div>\n\t\t\t\t\t<div id=\"elementor-tab-content-6721\" class=\"elementor-tab-content elementor-clearfix\" data-tab=\"1\" role=\"region\" aria-labelledby=\"elementor-tab-title-6721\"><h4><strong>Gu\u00edas<\/strong><\/h4><ul><li><a href=\"https:\/\/austinpartners.org\/wp-content\/uploads\/2024\/08\/APIE-Mentor-Coordinator-Guide-24-25.pdf\">Gu\u00eda del Coordinador de Mentores 2024-2025<\/a><\/li><li><a href=\"https:\/\/austinpartners.org\/wp-content\/uploads\/2024\/08\/Mentor-Coordination-Process.pdf\">Gu\u00eda del coordinador de mentores_Una p\u00e1gina<\/a><\/li><li><a href=\"https:\/\/austinpartners.org\/wp-content\/uploads\/2024\/09\/Refugee-Student_Coordination-Process.pdf\">Coordinaci\u00f3n de la lista de prioridades de estudiantes refugiados_Dobie_Northeast_International_Webb Only<\/a><\/li><li><a href=\"https:\/\/austinpartners.org\/wp-content\/uploads\/2023\/08\/Mentor-Agreement_2023-2024-1.pdf\">Acuerdo de Mentor\u00eda 2024-2025 (<em>Los mentores firman este formulario con APIE<\/em>)<\/a><\/li><li><a href=\"https:\/\/austinpartners.org\/wp-content\/uploads\/2023\/08\/Volunteer-Confidentiality-Agreement-English-1.pdf\">Formulario de confidencialidad de AISD \u2013 Ingl\u00e9s (Los mentores firman este formulario junto con su solicitud de antecedentes)<\/a><\/li><li><a href=\"https:\/\/austinpartners.org\/wp-content\/uploads\/2023\/08\/Volunteer-Confidentiality-Agreement-Spanish-1.pdf\">Formulario de confidencialidad de AISD \u2013 Espa\u00f1ol <\/a><a href=\"https:\/\/austinpartners.org\/wp-content\/uploads\/2023\/08\/Volunteer-Confidentiality-Agreement-English-1.pdf\">(Los mentores firman este formulario junto con su solicitud de antecedentes)<\/a><\/li><li><a href=\"https:\/\/austinpartners.org\/wp-content\/uploads\/2023\/08\/Mentor-Sign-in-Sheet.xlsx\">Hoja de registro del mentor (opcional: los mentores completan un formulario en l\u00ednea cada semana que se re\u00fanen con su mentor)<\/a>\u00a0<\/li><\/ul><h4><strong>Formularios para estudiantes<\/strong><\/h4><ul><li><a href=\"https:\/\/austinpartners.org\/wp-content\/uploads\/2024\/10\/Student-Interest-and-Agreement-Form_Fillable_Bilingual.pdf\">Formularios para estudiantes: Formulario de inter\u00e9s y acuerdo del aprendiz (rellenable)<\/a><\/li><li><a href=\"https:\/\/austinpartners.org\/wp-content\/uploads\/2024\/08\/APIE-Mentor-Program_Student-Referral-2024-2025.pdf\">Formulario de recomendaci\u00f3n de estudiantes<\/a><\/li><\/ul><h4><strong>Formularios para padres<\/strong><\/h4><ul><li><a href=\"https:\/\/form.jotform.com\/242264263548156\">Formulario electr\u00f3nico de consentimiento de los padres_Ingl\u00e9s<\/a><\/li><li><a href=\"https:\/\/form.jotform.com\/242264913206149\">Formulario de consentimiento electr\u00f3nico de los padres_Espa\u00f1ol<\/a><\/li><li><a href=\"https:\/\/austinpartners.org\/wp-content\/uploads\/2024\/08\/Parent-Consent_APIE-Mentor-Program_2024-25-1.pdf\">Formulario de consentimiento de los padres imprimible (ingl\u00e9s\/espa\u00f1ol)<\/a><\/li><\/ul><h4><strong>Volantes<\/strong><\/h4><ul><li><a href=\"https:\/\/austinpartners.org\/wp-content\/uploads\/2024\/10\/High-School-Flyer.pdf\">Folleto para estudiantes<\/a><\/li><li><a href=\"https:\/\/austinpartners.org\/wp-content\/uploads\/2024\/10\/APIE-Mentor-Program_ParentTeacher-Flyer_Bilingual.pdf\">Folleto para el personal y los padres<\/a><\/li><li><a href=\"https:\/\/austinpartners.org\/wp-content\/uploads\/2024\/10\/APIE-Volunteer-Mentors_Recruitment-Flyer.pdf\">Folleto de reclutamiento de voluntarios (mentores de APIE)<\/a><\/li><\/ul><\/div>\n\t\t\t\t<\/div>\n\t\t\t\t\t\t\t\t<\/div>\n\t\t\t\t\t\t<\/div>\n\t\t\t\t<\/div>\n\t\t\t\t\t<\/div>\n\t\t<\/div>\n\t\t\t\t\t<\/div>\n\t\t<\/section>\n\t\t\t\t<\/div>","protected":false},"excerpt":{"rendered":"<p>Formularios para Coordinadores de Mentores. Los mentores pueden tener un impacto positivo en la vida de un estudiante. Consulte los formularios. Gu\u00edas para Coordinadores de Mentores. Gu\u00eda para Coordinadores de Mentores 2024-2025. Gu\u00eda para Coordinadores de Mentores_Una p\u00e1gina. Estudiantes refugiados_Lista de prioridades. Coordinaci\u00f3n_Dobie_Northeast_International_Webb. Acuerdo de Mentores 2024-2025 (los mentores firman este formulario con APIE). Formulario de confidencialidad de AISD (ingl\u00e9s). (Los mentores firman este formulario con sus antecedentes [\u2026]<\/p>","protected":false},"author":2,"featured_media":0,"parent":0,"menu_order":0,"comment_status":"closed","ping_status":"closed","template":"","meta":{"_acf_changed":false,"inline_featured_image":false,"footnotes":""},"class_list":["post-5598","page","type-page","status-publish","hentry"],"acf":[],"yoast_head":"<!-- This site is optimized with the Yoast SEO plugin v24.9 - https:\/\/yoast.com\/wordpress\/plugins\/seo\/ -->\n<title>Coordinator Forms - Austin Partners in Education<\/title>\n<meta name=\"description\" content=\"Mentors work with 6th through 12th grade students weekly to help strengthen their communication skills and build self-confidence.\" \/>\n<meta name=\"robots\" content=\"index, follow, max-snippet:-1, max-image-preview:large, max-video-preview:-1\" \/>\n<link rel=\"canonical\" href=\"https:\/\/austinpartners.org\/es\/coordinator-forms\/\" \/>\n<meta property=\"og:locale\" content=\"es_MX\" \/>\n<meta property=\"og:type\" content=\"article\" \/>\n<meta property=\"og:title\" content=\"Coordinator Forms - Austin Partners in Education\" \/>\n<meta property=\"og:description\" content=\"Mentors work with 6th through 12th grade students weekly to help strengthen their communication skills and build self-confidence.\" \/>\n<meta property=\"og:url\" content=\"https:\/\/austinpartners.org\/es\/coordinator-forms\/\" \/>\n<meta property=\"og:site_name\" content=\"Austin Partners in Education\" \/>\n<meta property=\"article:modified_time\" content=\"2024-10-16T22:57:23+00:00\" \/>\n<meta name=\"twitter:card\" content=\"summary_large_image\" \/>\n<meta name=\"twitter:label1\" content=\"Tiempo de lectura\" \/>\n\t<meta name=\"twitter:data1\" content=\"1 minuto\" \/>\n<script type=\"application\/ld+json\" class=\"yoast-schema-graph\">{\"@context\":\"https:\/\/schema.org\",\"@graph\":[{\"@type\":\"WebPage\",\"@id\":\"https:\/\/austinpartners.org\/coordinator-forms\/\",\"url\":\"https:\/\/austinpartners.org\/coordinator-forms\/\",\"name\":\"Coordinator Forms - Austin Partners in Education\",\"isPartOf\":{\"@id\":\"https:\/\/austinpartners.org\/#website\"},\"datePublished\":\"2022-08-02T17:11:51+00:00\",\"dateModified\":\"2024-10-16T22:57:23+00:00\",\"description\":\"Mentors work with 6th through 12th grade students weekly to help strengthen their communication skills and build self-confidence.\",\"breadcrumb\":{\"@id\":\"https:\/\/austinpartners.org\/coordinator-forms\/#breadcrumb\"},\"inLanguage\":\"es\",\"potentialAction\":[{\"@type\":\"ReadAction\",\"target\":[\"https:\/\/austinpartners.org\/coordinator-forms\/\"]}]},{\"@type\":\"BreadcrumbList\",\"@id\":\"https:\/\/austinpartners.org\/coordinator-forms\/#breadcrumb\",\"itemListElement\":[{\"@type\":\"ListItem\",\"position\":1,\"name\":\"Home\",\"item\":\"https:\/\/austinpartners.org\/\"},{\"@type\":\"ListItem\",\"position\":2,\"name\":\"Coordinator Forms\"}]},{\"@type\":\"WebSite\",\"@id\":\"https:\/\/austinpartners.org\/#website\",\"url\":\"https:\/\/austinpartners.org\/\",\"name\":\"Austin Partners in Education\",\"description\":\"Inspire students to prepare them for school and life\",\"potentialAction\":[{\"@type\":\"SearchAction\",\"target\":{\"@type\":\"EntryPoint\",\"urlTemplate\":\"https:\/\/austinpartners.org\/?s={search_term_string}\"},\"query-input\":{\"@type\":\"PropertyValueSpecification\",\"valueRequired\":true,\"valueName\":\"search_term_string\"}}],\"inLanguage\":\"es\"}]}<\/script>\n<!-- \/ Yoast SEO plugin. -->","yoast_head_json":{"title":"Coordinator Forms - Austin Partners in Education","description":"Mentors work with 6th through 12th grade students weekly to help strengthen their communication skills and build self-confidence.","robots":{"index":"index","follow":"follow","max-snippet":"max-snippet:-1","max-image-preview":"max-image-preview:large","max-video-preview":"max-video-preview:-1"},"canonical":"https:\/\/austinpartners.org\/es\/coordinator-forms\/","og_locale":"es_MX","og_type":"article","og_title":"Coordinator Forms - Austin Partners in Education","og_description":"Mentors work with 6th through 12th grade students weekly to help strengthen their communication skills and build self-confidence.","og_url":"https:\/\/austinpartners.org\/es\/coordinator-forms\/","og_site_name":"Austin Partners in Education","article_modified_time":"2024-10-16T22:57:23+00:00","twitter_card":"summary_large_image","twitter_misc":{"Tiempo de lectura":"1 minuto"},"schema":{"@context":"https:\/\/schema.org","@graph":[{"@type":"WebPage","@id":"https:\/\/austinpartners.org\/coordinator-forms\/","url":"https:\/\/austinpartners.org\/coordinator-forms\/","name":"Coordinator Forms - Austin Partners in Education","isPartOf":{"@id":"https:\/\/austinpartners.org\/#website"},"datePublished":"2022-08-02T17:11:51+00:00","dateModified":"2024-10-16T22:57:23+00:00","description":"Mentors work with 6th through 12th grade students weekly to help strengthen their communication skills and build self-confidence.","breadcrumb":{"@id":"https:\/\/austinpartners.org\/coordinator-forms\/#breadcrumb"},"inLanguage":"es","potentialAction":[{"@type":"ReadAction","target":["https:\/\/austinpartners.org\/coordinator-forms\/"]}]},{"@type":"BreadcrumbList","@id":"https:\/\/austinpartners.org\/coordinator-forms\/#breadcrumb","itemListElement":[{"@type":"ListItem","position":1,"name":"Home","item":"https:\/\/austinpartners.org\/"},{"@type":"ListItem","position":2,"name":"Coordinator Forms"}]},{"@type":"WebSite","@id":"https:\/\/austinpartners.org\/#website","url":"https:\/\/austinpartners.org\/","name":"Austin Partners in Education","description":"Inspire students to prepare them for school and life","potentialAction":[{"@type":"SearchAction","target":{"@type":"EntryPoint","urlTemplate":"https:\/\/austinpartners.org\/?s={search_term_string}"},"query-input":{"@type":"PropertyValueSpecification","valueRequired":true,"valueName":"search_term_string"}}],"inLanguage":"es"}]}},"_links":{"self":[{"href":"https:\/\/austinpartners.org\/es\/wp-json\/wp\/v2\/pages\/5598"}],"collection":[{"href":"https:\/\/austinpartners.org\/es\/wp-json\/wp\/v2\/pages"}],"about":[{"href":"https:\/\/austinpartners.org\/es\/wp-json\/wp\/v2\/types\/page"}],"author":[{"embeddable":true,"href":"https:\/\/austinpartners.org\/es\/wp-json\/wp\/v2\/users\/2"}],"replies":[{"embeddable":true,"href":"https:\/\/austinpartners.org\/es\/wp-json\/wp\/v2\/comments?post=5598"}],"version-history":[{"count":262,"href":"https:\/\/austinpartners.org\/es\/wp-json\/wp\/v2\/pages\/5598\/revisions"}],"predecessor-version":[{"id":9318,"href":"https:\/\/austinpartners.org\/es\/wp-json\/wp\/v2\/pages\/5598\/revisions\/9318"}],"wp:attachment":[{"href":"https:\/\/austinpartners.org\/es\/wp-json\/wp\/v2\/media?parent=5598"}],"curies":[{"name":"wp","href":"https:\/\/api.w.org\/{rel}","templated":true}]}}