{"id":529,"date":"2020-03-26T17:15:11","date_gmt":"2020-03-26T17:15:11","guid":{"rendered":"https:\/\/austinpartners.org\/?page_id=529"},"modified":"2025-08-04T15:33:50","modified_gmt":"2025-08-04T15:33:50","slug":"austin-isd-school-based-volunteer","status":"publish","type":"page","link":"https:\/\/austinpartners.org\/es\/austin-isd-school-based-volunteer\/","title":{"rendered":"Austin ISD Voluntariado escolar"},"content":{"rendered":"<div data-elementor-type=\"wp-page\" data-elementor-id=\"529\" class=\"elementor elementor-529\" data-elementor-post-type=\"page\">\n\t\t\t\t\t\t<section class=\"elementor-section elementor-top-section elementor-element elementor-element-c168a65 elementor-section-content-middle elementor-section-boxed elementor-section-height-default elementor-section-height-default\" data-id=\"c168a65\" data-element_type=\"section\" data-settings=\"{&quot;background_background&quot;:&quot;classic&quot;}\">\n\t\t\t\t\t\t\t<div class=\"elementor-background-overlay\"><\/div>\n\t\t\t\t\t\t\t<div class=\"elementor-container elementor-column-gap-default\">\n\t\t\t\t\t<div class=\"elementor-column elementor-col-100 elementor-top-column elementor-element elementor-element-13ecdaf8\" data-id=\"13ecdaf8\" data-element_type=\"column\">\n\t\t\t<div class=\"elementor-widget-wrap elementor-element-populated\">\n\t\t\t\t\t\t<div class=\"elementor-element elementor-element-320cb1ae elementor-widget elementor-widget-heading\" data-id=\"320cb1ae\" data-element_type=\"widget\" data-widget_type=\"heading.default\">\n\t\t\t\t<div class=\"elementor-widget-container\">\n\t\t\t\t\t<h1 class=\"elementor-heading-title elementor-size-default\">Austin ISD Voluntariado escolar<\/h1>\t\t\t\t<\/div>\n\t\t\t\t<\/div>\n\t\t\t\t<div class=\"elementor-element elementor-element-26d866e6 elementor-widget elementor-widget-heading\" data-id=\"26d866e6\" data-element_type=\"widget\" data-widget_type=\"heading.default\">\n\t\t\t\t<div class=\"elementor-widget-container\">\n\t\t\t\t\t<p class=\"elementor-heading-title elementor-size-default\">Nos complace anunciar la nueva plataforma de gesti\u00f3n de voluntarios de Austin ISD con VOLY. <\/p>\t\t\t\t<\/div>\n\t\t\t\t<\/div>\n\t\t\t\t<div class=\"elementor-element elementor-element-b1c9f4d elementor-align-center elementor-widget elementor-widget-button\" data-id=\"b1c9f4d\" data-element_type=\"widget\" data-widget_type=\"button.default\">\n\t\t\t\t<div class=\"elementor-widget-container\">\n\t\t\t\t\t\t\t\t\t<div class=\"elementor-button-wrapper\">\n\t\t\t\t\t<a class=\"elementor-button elementor-button-link elementor-size-sm elementor-animation-grow\" href=\"https:\/\/austinisd.voly.org\">\n\t\t\t\t\t\t<span class=\"elementor-button-content-wrapper\">\n\t\t\t\t\t\t\t\t\t<span class=\"elementor-button-text\">Visita la nueva plataforma<\/span>\n\t\t\t\t\t<\/span>\n\t\t\t\t\t<\/a>\n\t\t\t\t<\/div>\n\t\t\t\t\t\t\t\t<\/div>\n\t\t\t\t<\/div>\n\t\t\t\t\t<\/div>\n\t\t<\/div>\n\t\t\t\t\t<\/div>\n\t\t<\/section>\n\t\t\t\t<section class=\"elementor-section elementor-top-section elementor-element elementor-element-738ee34 elementor-section-content-middle elementor-section-boxed elementor-section-height-default elementor-section-height-default\" data-id=\"738ee34\" data-element_type=\"section\" data-settings=\"{&quot;background_background&quot;:&quot;classic&quot;}\">\n\t\t\t\t\t\t<div class=\"elementor-container elementor-column-gap-default\">\n\t\t\t\t\t<div class=\"elementor-column elementor-col-50 elementor-top-column elementor-element elementor-element-4776cf39\" data-id=\"4776cf39\" data-element_type=\"column\">\n\t\t\t<div class=\"elementor-widget-wrap elementor-element-populated\">\n\t\t\t\t\t\t<div class=\"elementor-element elementor-element-3682708d elementor-widget elementor-widget-text-editor\" data-id=\"3682708d\" data-element_type=\"widget\" data-widget_type=\"text-editor.default\">\n\t\t\t\t<div class=\"elementor-widget-container\">\n\t\t\t\t\t\t\t\t\t<h2>Nuevo proceso y plataforma de registro de voluntarios<\/h2>\n<div>\n<p>Durante veinte a\u00f1os, Austin Partners in Education colabor\u00f3 con Austin ISD para procesar m\u00e1s de 59,000 verificaciones de antecedentes penales para voluntarios dedicados que impactaron positivamente en nuestra comunidad escolar.<\/p>\n<p>Nos complace anunciar nuestra asociaci\u00f3n con Austin ISD para implementar una nueva plataforma de gesti\u00f3n de voluntarios en <a href=\"https:\/\/austinisd.voly.org\/\">austinisd.voly.org<\/a>. <strong>APIE ya no procesa registros de voluntarios ni verificaciones de antecedentes.<\/strong><\/p>\n<p>A partir del 8 de agosto de 2024, la plataforma de gesti\u00f3n de voluntarios del Austin ISD abrir\u00e1 las inscripciones. Las oportunidades de voluntariado y los programas del campus espec\u00edficos comenzar\u00e1n a aceptar solicitudes en agosto. Puede... <a href=\"http:\/\/austinisd.voly.org\">Reg\u00edstrese en la nueva plataforma de Austin ISD aqu\u00ed<\/a> ser voluntario.<\/p>\n<p>Seguimos comprometidos con el apoyo a los estudiantes, las escuelas y la comunidad del Distrito Escolar Independiente de Austin (AISD) a trav\u00e9s de nuestra gama de programas. Puede obtener m\u00e1s informaci\u00f3n sobre las iniciativas de voluntariado de APIE. <a href=\"https:\/\/austinpartners.org\/es\/\">aqu\u00ed<\/a>.<\/p>\n<\/div>\t\t\t\t\t\t\t\t<\/div>\n\t\t\t\t<\/div>\n\t\t\t\t\t<\/div>\n\t\t<\/div>\n\t\t\t\t<div class=\"elementor-column elementor-col-50 elementor-top-column elementor-element elementor-element-6076e13\" data-id=\"6076e13\" data-element_type=\"column\">\n\t\t\t<div class=\"elementor-widget-wrap elementor-element-populated\">\n\t\t\t\t\t\t<div class=\"elementor-element elementor-element-20a94cc elementor-widget elementor-widget-image\" data-id=\"20a94cc\" data-element_type=\"widget\" data-widget_type=\"image.default\">\n\t\t\t\t<div class=\"elementor-widget-container\">\n\t\t\t\t\t\t\t\t\t\t\t\t\t\t\t<img fetchpriority=\"high\" decoding=\"async\" width=\"766\" height=\"460\" src=\"https:\/\/austinpartners.org\/wp-content\/uploads\/2020\/03\/post-img-3@2x.png\" class=\"attachment-large size-large wp-image-197\" alt=\"\" srcset=\"https:\/\/austinpartners.org\/wp-content\/uploads\/2020\/03\/post-img-3@2x.png 766w, https:\/\/austinpartners.org\/wp-content\/uploads\/2020\/03\/post-img-3@2x-300x180.png 300w\" sizes=\"(max-width: 766px) 100vw, 766px\" \/>\t\t\t\t\t\t\t\t\t\t\t\t\t\t\t<\/div>\n\t\t\t\t<\/div>\n\t\t\t\t\t<\/div>\n\t\t<\/div>\n\t\t\t\t\t<\/div>\n\t\t<\/section>\n\t\t\t\t<\/div>","protected":false},"excerpt":{"rendered":"<p>Voluntariado Escolar del Distrito Escolar Independiente de Austin. Nos complace anunciar la nueva plataforma de gesti\u00f3n de voluntarios del Distrito Escolar Independiente de Austin con VOLY. Visite la nueva plataforma. Proceso y plataforma de registro de voluntarios. Durante veinte a\u00f1os, Austin Partners in Education colabor\u00f3 con el Distrito Escolar Independiente de Austin para procesar m\u00e1s de 59,000 verificaciones de antecedentes penales de voluntarios dedicados que tuvieron un impacto positivo en nuestra comunidad escolar. [\u2026]<\/p>","protected":false},"author":1,"featured_media":0,"parent":0,"menu_order":0,"comment_status":"closed","ping_status":"closed","template":"","meta":{"_acf_changed":false,"inline_featured_image":false,"footnotes":""},"class_list":["post-529","page","type-page","status-publish","hentry"],"acf":[],"yoast_head":"<!-- This site is optimized with the Yoast SEO plugin v24.9 - https:\/\/yoast.com\/wordpress\/plugins\/seo\/ -->\n<title>Austin ISD School-Based Volunteering - Austin Partners in Education<\/title>\n<meta name=\"description\" content=\"Austin ISD School-Based Volunteers help address specific campus needs. Austin ISD oversees these volunteer opportunities, but APIE processes background checks.\" \/>\n<meta name=\"robots\" content=\"index, follow, max-snippet:-1, max-image-preview:large, max-video-preview:-1\" \/>\n<link rel=\"canonical\" href=\"https:\/\/austinpartners.org\/es\/austin-isd-school-based-volunteer\/\" \/>\n<meta property=\"og:locale\" content=\"es_MX\" \/>\n<meta property=\"og:type\" content=\"article\" \/>\n<meta property=\"og:title\" content=\"Austin ISD School-Based Volunteering - Austin Partners in Education\" \/>\n<meta property=\"og:description\" content=\"Austin ISD School-Based Volunteers help address specific campus needs. Austin ISD oversees these volunteer opportunities, but APIE processes background checks.\" \/>\n<meta property=\"og:url\" content=\"https:\/\/austinpartners.org\/es\/austin-isd-school-based-volunteer\/\" \/>\n<meta property=\"og:site_name\" content=\"Austin Partners in Education\" \/>\n<meta property=\"article:modified_time\" content=\"2025-08-04T15:33:50+00:00\" \/>\n<meta property=\"og:image\" content=\"https:\/\/austinpartners.org\/wp-content\/uploads\/2020\/03\/post-img-3@2x.png\" \/>\n\t<meta property=\"og:image:width\" content=\"766\" \/>\n\t<meta property=\"og:image:height\" content=\"460\" \/>\n\t<meta property=\"og:image:type\" content=\"image\/png\" \/>\n<meta name=\"twitter:card\" content=\"summary_large_image\" \/>\n<meta name=\"twitter:label1\" content=\"Tiempo de lectura\" \/>\n\t<meta name=\"twitter:data1\" content=\"1 minuto\" \/>\n<script type=\"application\/ld+json\" class=\"yoast-schema-graph\">{\"@context\":\"https:\/\/schema.org\",\"@graph\":[{\"@type\":\"WebPage\",\"@id\":\"https:\/\/austinpartners.org\/austin-isd-school-based-volunteer\/\",\"url\":\"https:\/\/austinpartners.org\/austin-isd-school-based-volunteer\/\",\"name\":\"Austin ISD School-Based Volunteering - Austin Partners in Education\",\"isPartOf\":{\"@id\":\"https:\/\/austinpartners.org\/#website\"},\"primaryImageOfPage\":{\"@id\":\"https:\/\/austinpartners.org\/austin-isd-school-based-volunteer\/#primaryimage\"},\"image\":{\"@id\":\"https:\/\/austinpartners.org\/austin-isd-school-based-volunteer\/#primaryimage\"},\"thumbnailUrl\":\"https:\/\/austinpartners.org\/wp-content\/uploads\/2020\/03\/post-img-3@2x.png\",\"datePublished\":\"2020-03-26T17:15:11+00:00\",\"dateModified\":\"2025-08-04T15:33:50+00:00\",\"description\":\"Austin ISD School-Based Volunteers help address specific campus needs. Austin ISD oversees these volunteer opportunities, but APIE processes background checks.\",\"breadcrumb\":{\"@id\":\"https:\/\/austinpartners.org\/austin-isd-school-based-volunteer\/#breadcrumb\"},\"inLanguage\":\"es\",\"potentialAction\":[{\"@type\":\"ReadAction\",\"target\":[\"https:\/\/austinpartners.org\/austin-isd-school-based-volunteer\/\"]}]},{\"@type\":\"ImageObject\",\"inLanguage\":\"es\",\"@id\":\"https:\/\/austinpartners.org\/austin-isd-school-based-volunteer\/#primaryimage\",\"url\":\"https:\/\/austinpartners.org\/wp-content\/uploads\/2020\/03\/post-img-3@2x.png\",\"contentUrl\":\"https:\/\/austinpartners.org\/wp-content\/uploads\/2020\/03\/post-img-3@2x.png\"},{\"@type\":\"BreadcrumbList\",\"@id\":\"https:\/\/austinpartners.org\/austin-isd-school-based-volunteer\/#breadcrumb\",\"itemListElement\":[{\"@type\":\"ListItem\",\"position\":1,\"name\":\"Home\",\"item\":\"https:\/\/austinpartners.org\/\"},{\"@type\":\"ListItem\",\"position\":2,\"name\":\"Austin ISD School-Based Volunteering\"}]},{\"@type\":\"WebSite\",\"@id\":\"https:\/\/austinpartners.org\/#website\",\"url\":\"https:\/\/austinpartners.org\/\",\"name\":\"Austin Partners in Education\",\"description\":\"Inspire students to prepare them for school and life\",\"potentialAction\":[{\"@type\":\"SearchAction\",\"target\":{\"@type\":\"EntryPoint\",\"urlTemplate\":\"https:\/\/austinpartners.org\/?s={search_term_string}\"},\"query-input\":{\"@type\":\"PropertyValueSpecification\",\"valueRequired\":true,\"valueName\":\"search_term_string\"}}],\"inLanguage\":\"es\"}]}<\/script>\n<!-- \/ Yoast SEO plugin. -->","yoast_head_json":{"title":"Austin ISD School-Based Volunteering - Austin Partners in Education","description":"Austin ISD School-Based Volunteers help address specific campus needs. Austin ISD oversees these volunteer opportunities, but APIE processes background checks.","robots":{"index":"index","follow":"follow","max-snippet":"max-snippet:-1","max-image-preview":"max-image-preview:large","max-video-preview":"max-video-preview:-1"},"canonical":"https:\/\/austinpartners.org\/es\/austin-isd-school-based-volunteer\/","og_locale":"es_MX","og_type":"article","og_title":"Austin ISD School-Based Volunteering - Austin Partners in Education","og_description":"Austin ISD School-Based Volunteers help address specific campus needs. Austin ISD oversees these volunteer opportunities, but APIE processes background checks.","og_url":"https:\/\/austinpartners.org\/es\/austin-isd-school-based-volunteer\/","og_site_name":"Austin Partners in Education","article_modified_time":"2025-08-04T15:33:50+00:00","og_image":[{"width":766,"height":460,"url":"https:\/\/austinpartners.org\/wp-content\/uploads\/2020\/03\/post-img-3@2x.png","type":"image\/png"}],"twitter_card":"summary_large_image","twitter_misc":{"Tiempo de lectura":"1 minuto"},"schema":{"@context":"https:\/\/schema.org","@graph":[{"@type":"WebPage","@id":"https:\/\/austinpartners.org\/austin-isd-school-based-volunteer\/","url":"https:\/\/austinpartners.org\/austin-isd-school-based-volunteer\/","name":"Austin ISD School-Based Volunteering - Austin Partners in Education","isPartOf":{"@id":"https:\/\/austinpartners.org\/#website"},"primaryImageOfPage":{"@id":"https:\/\/austinpartners.org\/austin-isd-school-based-volunteer\/#primaryimage"},"image":{"@id":"https:\/\/austinpartners.org\/austin-isd-school-based-volunteer\/#primaryimage"},"thumbnailUrl":"https:\/\/austinpartners.org\/wp-content\/uploads\/2020\/03\/post-img-3@2x.png","datePublished":"2020-03-26T17:15:11+00:00","dateModified":"2025-08-04T15:33:50+00:00","description":"Austin ISD School-Based Volunteers help address specific campus needs. Austin ISD oversees these volunteer opportunities, but APIE processes background checks.","breadcrumb":{"@id":"https:\/\/austinpartners.org\/austin-isd-school-based-volunteer\/#breadcrumb"},"inLanguage":"es","potentialAction":[{"@type":"ReadAction","target":["https:\/\/austinpartners.org\/austin-isd-school-based-volunteer\/"]}]},{"@type":"ImageObject","inLanguage":"es","@id":"https:\/\/austinpartners.org\/austin-isd-school-based-volunteer\/#primaryimage","url":"https:\/\/austinpartners.org\/wp-content\/uploads\/2020\/03\/post-img-3@2x.png","contentUrl":"https:\/\/austinpartners.org\/wp-content\/uploads\/2020\/03\/post-img-3@2x.png"},{"@type":"BreadcrumbList","@id":"https:\/\/austinpartners.org\/austin-isd-school-based-volunteer\/#breadcrumb","itemListElement":[{"@type":"ListItem","position":1,"name":"Home","item":"https:\/\/austinpartners.org\/"},{"@type":"ListItem","position":2,"name":"Austin ISD School-Based Volunteering"}]},{"@type":"WebSite","@id":"https:\/\/austinpartners.org\/#website","url":"https:\/\/austinpartners.org\/","name":"Austin Partners in Education","description":"Inspire students to prepare them for school and life","potentialAction":[{"@type":"SearchAction","target":{"@type":"EntryPoint","urlTemplate":"https:\/\/austinpartners.org\/?s={search_term_string}"},"query-input":{"@type":"PropertyValueSpecification","valueRequired":true,"valueName":"search_term_string"}}],"inLanguage":"es"}]}},"_links":{"self":[{"href":"https:\/\/austinpartners.org\/es\/wp-json\/wp\/v2\/pages\/529"}],"collection":[{"href":"https:\/\/austinpartners.org\/es\/wp-json\/wp\/v2\/pages"}],"about":[{"href":"https:\/\/austinpartners.org\/es\/wp-json\/wp\/v2\/types\/page"}],"author":[{"embeddable":true,"href":"https:\/\/austinpartners.org\/es\/wp-json\/wp\/v2\/users\/1"}],"replies":[{"embeddable":true,"href":"https:\/\/austinpartners.org\/es\/wp-json\/wp\/v2\/comments?post=529"}],"version-history":[{"count":58,"href":"https:\/\/austinpartners.org\/es\/wp-json\/wp\/v2\/pages\/529\/revisions"}],"predecessor-version":[{"id":10167,"href":"https:\/\/austinpartners.org\/es\/wp-json\/wp\/v2\/pages\/529\/revisions\/10167"}],"wp:attachment":[{"href":"https:\/\/austinpartners.org\/es\/wp-json\/wp\/v2\/media?parent=529"}],"curies":[{"name":"wp","href":"https:\/\/api.w.org\/{rel}","templated":true}]}}