{"id":525,"date":"2020-03-26T17:14:05","date_gmt":"2020-03-26T17:14:05","guid":{"rendered":"https:\/\/austinpartners.org\/?page_id=525"},"modified":"2023-01-19T16:36:05","modified_gmt":"2023-01-19T16:36:05","slug":"gear-up","status":"publish","type":"page","link":"https:\/\/austinpartners.org\/es\/our-programs\/gear-up\/","title":{"rendered":"PREPARARSE"},"content":{"rendered":"<div data-elementor-type=\"wp-page\" data-elementor-id=\"525\" class=\"elementor elementor-525\" data-elementor-post-type=\"page\">\n\t\t\t\t\t\t<section class=\"elementor-section elementor-top-section elementor-element elementor-element-4fa0e54a elementor-section-content-middle elementor-section-boxed elementor-section-height-default elementor-section-height-default\" data-id=\"4fa0e54a\" data-element_type=\"section\" data-settings=\"{&quot;background_background&quot;:&quot;classic&quot;}\">\n\t\t\t\t\t\t\t<div class=\"elementor-background-overlay\"><\/div>\n\t\t\t\t\t\t\t<div class=\"elementor-container elementor-column-gap-default\">\n\t\t\t\t\t<div class=\"elementor-column elementor-col-100 elementor-top-column elementor-element elementor-element-5d1c0380\" data-id=\"5d1c0380\" data-element_type=\"column\">\n\t\t\t<div class=\"elementor-widget-wrap elementor-element-populated\">\n\t\t\t\t\t\t<div class=\"elementor-element elementor-element-55047453 elementor-widget elementor-widget-heading\" data-id=\"55047453\" data-element_type=\"widget\" data-widget_type=\"heading.default\">\n\t\t\t\t<div class=\"elementor-widget-container\">\n\t\t\t\t\t<h1 class=\"elementor-heading-title elementor-size-default\">Obtenci\u00f3n de conciencia y preparaci\u00f3n tempranas para programas de pregrado<\/h1>\t\t\t\t<\/div>\n\t\t\t\t<\/div>\n\t\t\t\t<div class=\"elementor-element elementor-element-2e3e6752 elementor-widget elementor-widget-heading\" data-id=\"2e3e6752\" data-element_type=\"widget\" data-widget_type=\"heading.default\">\n\t\t\t\t<div class=\"elementor-widget-container\">\n\t\t\t\t\t<p class=\"elementor-heading-title elementor-size-default\">Tutor\u00eda acad\u00e9mica y apoyo al estudiante<\/p>\t\t\t\t<\/div>\n\t\t\t\t<\/div>\n\t\t\t\t\t<\/div>\n\t\t<\/div>\n\t\t\t\t\t<\/div>\n\t\t<\/section>\n\t\t\t\t<section class=\"elementor-section elementor-top-section elementor-element elementor-element-2a97eb23 elementor-section-content-middle elementor-section-boxed elementor-section-height-default elementor-section-height-default\" data-id=\"2a97eb23\" data-element_type=\"section\" data-settings=\"{&quot;background_background&quot;:&quot;classic&quot;}\">\n\t\t\t\t\t\t<div class=\"elementor-container elementor-column-gap-default\">\n\t\t\t\t\t<div class=\"elementor-column elementor-col-50 elementor-top-column elementor-element elementor-element-451f287a\" data-id=\"451f287a\" data-element_type=\"column\">\n\t\t\t<div class=\"elementor-widget-wrap elementor-element-populated\">\n\t\t\t\t\t\t<div class=\"elementor-element elementor-element-515adc10 elementor-widget elementor-widget-heading\" data-id=\"515adc10\" data-element_type=\"widget\" data-widget_type=\"heading.default\">\n\t\t\t\t<div class=\"elementor-widget-container\">\n\t\t\t\t\t<h2 class=\"elementor-heading-title elementor-size-default\">\u00bfQu\u00e9 es GEAR UP?<\/h2>\t\t\t\t<\/div>\n\t\t\t\t<\/div>\n\t\t\t\t<div class=\"elementor-element elementor-element-3c12e403 elementor-widget elementor-widget-heading\" data-id=\"3c12e403\" data-element_type=\"widget\" data-widget_type=\"heading.default\">\n\t\t\t\t<div class=\"elementor-widget-container\">\n\t\t\t\t\t<p class=\"elementor-heading-title elementor-size-default\">GEAR UP son las siglas en ingl\u00e9s de Ganar conciencia y preparaci\u00f3n tempranas para programas de pregrado. <\/p>\t\t\t\t<\/div>\n\t\t\t\t<\/div>\n\t\t\t\t<div class=\"elementor-element elementor-element-32484f0d elementor-widget elementor-widget-text-editor\" data-id=\"32484f0d\" data-element_type=\"widget\" data-widget_type=\"text-editor.default\">\n\t\t\t\t<div class=\"elementor-widget-container\">\n\t\t\t\t\t\t\t\t\t<p>El programa GEAR UP de APIE ofrece tutor\u00eda en grupos peque\u00f1os y tutor\u00eda informal en los campus de GEAR UP. Nuestros tutores de APIE brindan instrucci\u00f3n adicional en lectura, escritura y matem\u00e1ticas durante el d\u00eda en todas las escuelas atendidas por <a href=\"https:\/\/www2.ed.gov\/programs\/gearup\/index.html\" target=\"_blank\" rel=\"noopener\">Beca GEAR UP de Austin ISD<\/a>.<\/p>\t\t\t\t\t\t\t\t<\/div>\n\t\t\t\t<\/div>\n\t\t\t\t\t<\/div>\n\t\t<\/div>\n\t\t\t\t<div class=\"elementor-column elementor-col-50 elementor-top-column elementor-element elementor-element-77c4cf30\" data-id=\"77c4cf30\" data-element_type=\"column\">\n\t\t\t<div class=\"elementor-widget-wrap elementor-element-populated\">\n\t\t\t\t\t\t<div class=\"elementor-element elementor-element-61f9e372 elementor-widget elementor-widget-image\" data-id=\"61f9e372\" data-element_type=\"widget\" data-widget_type=\"image.default\">\n\t\t\t\t<div class=\"elementor-widget-container\">\n\t\t\t\t\t\t\t\t\t\t\t\t\t\t\t<img fetchpriority=\"high\" decoding=\"async\" width=\"1024\" height=\"512\" src=\"https:\/\/austinpartners.org\/wp-content\/uploads\/2020\/06\/mentor-helping-student-1024x512.jpg\" class=\"attachment-large size-large wp-image-3486\" alt=\"\" srcset=\"https:\/\/austinpartners.org\/wp-content\/uploads\/2020\/06\/mentor-helping-student-1024x512.jpg 1024w, https:\/\/austinpartners.org\/wp-content\/uploads\/2020\/06\/mentor-helping-student-300x150.jpg 300w, https:\/\/austinpartners.org\/wp-content\/uploads\/2020\/06\/mentor-helping-student-768x384.jpg 768w, https:\/\/austinpartners.org\/wp-content\/uploads\/2020\/06\/mentor-helping-student-1536x768.jpg 1536w, https:\/\/austinpartners.org\/wp-content\/uploads\/2020\/06\/mentor-helping-student.jpg 1600w\" sizes=\"(max-width: 1024px) 100vw, 1024px\" \/>\t\t\t\t\t\t\t\t\t\t\t\t\t\t\t<\/div>\n\t\t\t\t<\/div>\n\t\t\t\t\t<\/div>\n\t\t<\/div>\n\t\t\t\t\t<\/div>\n\t\t<\/section>\n\t\t\t\t<section class=\"elementor-section elementor-top-section elementor-element elementor-element-1758395c elementor-section-content-middle elementor-section-boxed elementor-section-height-default elementor-section-height-default\" data-id=\"1758395c\" data-element_type=\"section\" data-settings=\"{&quot;background_background&quot;:&quot;classic&quot;}\">\n\t\t\t\t\t\t<div class=\"elementor-container elementor-column-gap-wide\">\n\t\t\t\t\t<div class=\"elementor-column elementor-col-100 elementor-top-column elementor-element elementor-element-68b29785\" data-id=\"68b29785\" data-element_type=\"column\">\n\t\t\t<div class=\"elementor-widget-wrap elementor-element-populated\">\n\t\t\t\t\t\t<div class=\"elementor-element elementor-element-6cd32973 elementor-widget elementor-widget-heading\" data-id=\"6cd32973\" data-element_type=\"widget\" data-widget_type=\"heading.default\">\n\t\t\t\t<div class=\"elementor-widget-container\">\n\t\t\t\t\t<h2 class=\"elementor-heading-title elementor-size-default\">Trabajando en equipo para el \u00e9xito acad\u00e9mico de los estudiantes<\/h2>\t\t\t\t<\/div>\n\t\t\t\t<\/div>\n\t\t\t\t<div class=\"elementor-element elementor-element-3b43c944 elementor-widget elementor-widget-text-editor\" data-id=\"3b43c944\" data-element_type=\"widget\" data-widget_type=\"text-editor.default\">\n\t\t\t\t<div class=\"elementor-widget-container\">\n\t\t\t\t\t\t\t\t\t<p>Austin ISD otorg\u00f3 una subvenci\u00f3n GEAR UP en 2017 para la promoci\u00f3n 2024. Es una subvenci\u00f3n federal de siete a\u00f1os del Departamento de Educaci\u00f3n de EE. UU. Que promueve la preparaci\u00f3n para la universidad y el \u00e9xito a trav\u00e9s de m\u00faltiples estrategias y actividades.<\/p><p>A partir de la primavera de 2018, Austin Partners in Education ha brindado tutor\u00eda acad\u00e9mica a los estudiantes en los campus de GEAR UP. APIE y AISD colaboran en los criterios de elegibilidad de tutor\u00eda, el dise\u00f1o y la implementaci\u00f3n del programa. A medida que la promoci\u00f3n 2024 se traslade a la escuela secundaria, la colaboraci\u00f3n entre APIE y AISD continuar\u00e1 a medida que nos aseguramos de que los estudiantes de GEAR UP est\u00e9n en camino de graduarse listos para la universidad.<\/p>\t\t\t\t\t\t\t\t<\/div>\n\t\t\t\t<\/div>\n\t\t\t\t<div class=\"elementor-element elementor-element-44aab54 elementor-widget elementor-widget-button\" data-id=\"44aab54\" data-element_type=\"widget\" data-widget_type=\"button.default\">\n\t\t\t\t<div class=\"elementor-widget-container\">\n\t\t\t\t\t\t\t\t\t<div class=\"elementor-button-wrapper\">\n\t\t\t\t\t<a class=\"elementor-button elementor-button-link elementor-size-sm elementor-animation-grow\" href=\"http:\/\/austinpartners.org\/es\/about\/our-impact\/\">\n\t\t\t\t\t\t<span class=\"elementor-button-content-wrapper\">\n\t\t\t\t\t\t\t\t\t<span class=\"elementor-button-text\">Leer m\u00e1s sobre nuestro impacto<\/span>\n\t\t\t\t\t<\/span>\n\t\t\t\t\t<\/a>\n\t\t\t\t<\/div>\n\t\t\t\t\t\t\t\t<\/div>\n\t\t\t\t<\/div>\n\t\t\t\t\t<\/div>\n\t\t<\/div>\n\t\t\t\t\t<\/div>\n\t\t<\/section>\n\t\t\t\t<section class=\"elementor-section elementor-top-section elementor-element elementor-element-7b022556 elementor-section-content-middle elementor-section-boxed elementor-section-height-default elementor-section-height-default\" data-id=\"7b022556\" data-element_type=\"section\" data-settings=\"{&quot;background_background&quot;:&quot;classic&quot;}\">\n\t\t\t\t\t\t<div class=\"elementor-container elementor-column-gap-default\">\n\t\t\t\t\t<div class=\"elementor-column elementor-col-33 elementor-top-column elementor-element elementor-element-c471d86\" data-id=\"c471d86\" data-element_type=\"column\">\n\t\t\t<div class=\"elementor-widget-wrap\">\n\t\t\t\t\t\t\t<\/div>\n\t\t<\/div>\n\t\t\t\t<div class=\"elementor-column elementor-col-33 elementor-top-column elementor-element elementor-element-161f1120\" data-id=\"161f1120\" data-element_type=\"column\">\n\t\t\t<div class=\"elementor-widget-wrap elementor-element-populated\">\n\t\t\t\t\t\t<div class=\"elementor-element elementor-element-2cff400c elementor-widget elementor-widget-heading\" data-id=\"2cff400c\" data-element_type=\"widget\" data-widget_type=\"heading.default\">\n\t\t\t\t<div class=\"elementor-widget-container\">\n\t\t\t\t\t<h2 class=\"elementor-heading-title elementor-size-default\">Campus participantes<\/h2>\t\t\t\t<\/div>\n\t\t\t\t<\/div>\n\t\t\t\t<div class=\"elementor-element elementor-element-047af5c elementor-widget elementor-widget-text-editor\" data-id=\"047af5c\" data-element_type=\"widget\" data-widget_type=\"text-editor.default\">\n\t\t\t\t<div class=\"elementor-widget-container\">\n\t\t\t\t\t\t\t\t\t<ul><li style=\"font-weight: 400;\"><a href=\"https:\/\/akinsechs.austinschools.org\/\" target=\"_blank\" rel=\"noopener\"><span style=\"font-weight: 400;\">Preparatoria Akins Early College<\/span><\/a><\/li><li style=\"font-weight: 400;\"><a href=\"https:\/\/crockett.austinschools.org\/\" target=\"_blank\" rel=\"noopener\"><span style=\"font-weight: 400;\">Preparatoria Crockett Early College<\/span><\/a><\/li><li style=\"font-weight: 400;\"><a href=\"https:\/\/eastside.austinschools.org\/\" target=\"_blank\" rel=\"noopener\"><span style=\"font-weight: 400;\">Escuela secundaria Eastside Memorial Early College<\/span><\/a><\/li><li style=\"font-weight: 400;\"><a href=\"https:\/\/lbjechs.austinschools.org\/\" target=\"_blank\" rel=\"noopener\"><span style=\"font-weight: 400;\">Preparatoria LBJ Early College<\/span><\/a><\/li><li style=\"font-weight: 400;\"><a href=\"https:\/\/navarro.austinschools.org\/\" target=\"_blank\" rel=\"noopener\"><span style=\"font-weight: 400;\">Preparatoria Navarro Early College<\/span><\/a><\/li><li style=\"font-weight: 400;\"><a href=\"https:\/\/northeastechs.austinschools.org\/\" target=\"_blank\" rel=\"noopener\"><span style=\"font-weight: 400;\">Escuela secundaria Northeast Early College<\/span><\/a><\/li><li style=\"font-weight: 400;\"><a href=\"https:\/\/travis.austinschools.org\/\" target=\"_blank\" rel=\"noopener\"><span style=\"font-weight: 400;\">Preparatoria Travis Early College<\/span><\/a><\/li><\/ul>\t\t\t\t\t\t\t\t<\/div>\n\t\t\t\t<\/div>\n\t\t\t\t\t<\/div>\n\t\t<\/div>\n\t\t\t\t<div class=\"elementor-column elementor-col-33 elementor-top-column elementor-element elementor-element-6a8f9ae\" data-id=\"6a8f9ae\" data-element_type=\"column\">\n\t\t\t<div class=\"elementor-widget-wrap\">\n\t\t\t\t\t\t\t<\/div>\n\t\t<\/div>\n\t\t\t\t\t<\/div>\n\t\t<\/section>\n\t\t\t\t<\/div>","protected":false},"excerpt":{"rendered":"<p>Obtenci\u00f3n de conciencia y preparaci\u00f3n tempranas para programas de pregrado Tutor\u00eda acad\u00e9mica y apoyo estudiantil \u00bfQu\u00e9 es GEAR UP? GEAR UP son las siglas en ingl\u00e9s de Ganar conciencia y preparaci\u00f3n tempranas para programas de pregrado. El programa GEAR UP de APIE ofrece tutor\u00eda en grupos peque\u00f1os y tutor\u00eda informal en los campus de GEAR UP. Nuestros tutores de APIE brindan instrucci\u00f3n adicional en lectura, escritura y matem\u00e1ticas [\u2026]<\/p>","protected":false},"author":1,"featured_media":0,"parent":21,"menu_order":0,"comment_status":"closed","ping_status":"closed","template":"","meta":{"_acf_changed":false,"inline_featured_image":false,"footnotes":""},"class_list":["post-525","page","type-page","status-publish","hentry"],"acf":[],"yoast_head":"<!-- This site is optimized with the Yoast SEO plugin v24.9 - https:\/\/yoast.com\/wordpress\/plugins\/seo\/ -->\n<title>GEAR UP - Austin Partners in Education<\/title>\n<meta name=\"description\" content=\"APIE\u2019s GEAR UP program improves academic outcomes with small group tutoring in English and Math and informal mentoring for the GEAR UP cohort Class of 2024.\" \/>\n<meta name=\"robots\" content=\"index, follow, max-snippet:-1, max-image-preview:large, max-video-preview:-1\" \/>\n<link rel=\"canonical\" href=\"https:\/\/austinpartners.org\/es\/our-programs\/gear-up\/\" \/>\n<meta property=\"og:locale\" content=\"es_MX\" \/>\n<meta property=\"og:type\" content=\"article\" \/>\n<meta property=\"og:title\" content=\"GEAR UP - Austin Partners in Education\" \/>\n<meta property=\"og:description\" content=\"APIE\u2019s GEAR UP program improves academic outcomes with small group tutoring in English and Math and informal mentoring for the GEAR UP cohort Class of 2024.\" \/>\n<meta property=\"og:url\" content=\"https:\/\/austinpartners.org\/es\/our-programs\/gear-up\/\" \/>\n<meta property=\"og:site_name\" content=\"Austin Partners in Education\" \/>\n<meta property=\"article:modified_time\" content=\"2023-01-19T16:36:05+00:00\" \/>\n<meta property=\"og:image\" content=\"https:\/\/austinpartners.org\/wp-content\/uploads\/2020\/06\/mentor-helping-student-1024x512.jpg\" \/>\n<meta name=\"twitter:card\" content=\"summary_large_image\" \/>\n<meta name=\"twitter:label1\" content=\"Tiempo de lectura\" \/>\n\t<meta name=\"twitter:data1\" content=\"2 minutos\" \/>\n<script type=\"application\/ld+json\" class=\"yoast-schema-graph\">{\"@context\":\"https:\/\/schema.org\",\"@graph\":[{\"@type\":\"WebPage\",\"@id\":\"https:\/\/austinpartners.org\/our-programs\/gear-up\/\",\"url\":\"https:\/\/austinpartners.org\/our-programs\/gear-up\/\",\"name\":\"GEAR UP - Austin Partners in Education\",\"isPartOf\":{\"@id\":\"https:\/\/austinpartners.org\/#website\"},\"primaryImageOfPage\":{\"@id\":\"https:\/\/austinpartners.org\/our-programs\/gear-up\/#primaryimage\"},\"image\":{\"@id\":\"https:\/\/austinpartners.org\/our-programs\/gear-up\/#primaryimage\"},\"thumbnailUrl\":\"https:\/\/austinpartners.org\/wp-content\/uploads\/2020\/06\/mentor-helping-student-1024x512.jpg\",\"datePublished\":\"2020-03-26T17:14:05+00:00\",\"dateModified\":\"2023-01-19T16:36:05+00:00\",\"description\":\"APIE\u2019s GEAR UP program improves academic outcomes with small group tutoring in English and Math and informal mentoring for the GEAR UP cohort Class of 2024.\",\"breadcrumb\":{\"@id\":\"https:\/\/austinpartners.org\/our-programs\/gear-up\/#breadcrumb\"},\"inLanguage\":\"es\",\"potentialAction\":[{\"@type\":\"ReadAction\",\"target\":[\"https:\/\/austinpartners.org\/our-programs\/gear-up\/\"]}]},{\"@type\":\"ImageObject\",\"inLanguage\":\"es\",\"@id\":\"https:\/\/austinpartners.org\/our-programs\/gear-up\/#primaryimage\",\"url\":\"https:\/\/austinpartners.org\/wp-content\/uploads\/2020\/06\/mentor-helping-student-1024x512.jpg\",\"contentUrl\":\"https:\/\/austinpartners.org\/wp-content\/uploads\/2020\/06\/mentor-helping-student-1024x512.jpg\"},{\"@type\":\"BreadcrumbList\",\"@id\":\"https:\/\/austinpartners.org\/our-programs\/gear-up\/#breadcrumb\",\"itemListElement\":[{\"@type\":\"ListItem\",\"position\":1,\"name\":\"Home\",\"item\":\"https:\/\/austinpartners.org\/\"},{\"@type\":\"ListItem\",\"position\":2,\"name\":\"Our Programs\",\"item\":\"https:\/\/austinpartners.org\/our-programs\/\"},{\"@type\":\"ListItem\",\"position\":3,\"name\":\"GEAR UP\"}]},{\"@type\":\"WebSite\",\"@id\":\"https:\/\/austinpartners.org\/#website\",\"url\":\"https:\/\/austinpartners.org\/\",\"name\":\"Austin Partners in Education\",\"description\":\"Inspire students to prepare them for school and life\",\"potentialAction\":[{\"@type\":\"SearchAction\",\"target\":{\"@type\":\"EntryPoint\",\"urlTemplate\":\"https:\/\/austinpartners.org\/?s={search_term_string}\"},\"query-input\":{\"@type\":\"PropertyValueSpecification\",\"valueRequired\":true,\"valueName\":\"search_term_string\"}}],\"inLanguage\":\"es\"}]}<\/script>\n<!-- \/ Yoast SEO plugin. -->","yoast_head_json":{"title":"GEAR UP - Austin Partners in Education","description":"APIE\u2019s GEAR UP program improves academic outcomes with small group tutoring in English and Math and informal mentoring for the GEAR UP cohort Class of 2024.","robots":{"index":"index","follow":"follow","max-snippet":"max-snippet:-1","max-image-preview":"max-image-preview:large","max-video-preview":"max-video-preview:-1"},"canonical":"https:\/\/austinpartners.org\/es\/our-programs\/gear-up\/","og_locale":"es_MX","og_type":"article","og_title":"GEAR UP - Austin Partners in Education","og_description":"APIE\u2019s GEAR UP program improves academic outcomes with small group tutoring in English and Math and informal mentoring for the GEAR UP cohort Class of 2024.","og_url":"https:\/\/austinpartners.org\/es\/our-programs\/gear-up\/","og_site_name":"Austin Partners in Education","article_modified_time":"2023-01-19T16:36:05+00:00","og_image":[{"url":"https:\/\/austinpartners.org\/wp-content\/uploads\/2020\/06\/mentor-helping-student-1024x512.jpg","type":"","width":"","height":""}],"twitter_card":"summary_large_image","twitter_misc":{"Tiempo de lectura":"2 minutos"},"schema":{"@context":"https:\/\/schema.org","@graph":[{"@type":"WebPage","@id":"https:\/\/austinpartners.org\/our-programs\/gear-up\/","url":"https:\/\/austinpartners.org\/our-programs\/gear-up\/","name":"GEAR UP - Austin Partners in Education","isPartOf":{"@id":"https:\/\/austinpartners.org\/#website"},"primaryImageOfPage":{"@id":"https:\/\/austinpartners.org\/our-programs\/gear-up\/#primaryimage"},"image":{"@id":"https:\/\/austinpartners.org\/our-programs\/gear-up\/#primaryimage"},"thumbnailUrl":"https:\/\/austinpartners.org\/wp-content\/uploads\/2020\/06\/mentor-helping-student-1024x512.jpg","datePublished":"2020-03-26T17:14:05+00:00","dateModified":"2023-01-19T16:36:05+00:00","description":"APIE\u2019s GEAR UP program improves academic outcomes with small group tutoring in English and Math and informal mentoring for the GEAR UP cohort Class of 2024.","breadcrumb":{"@id":"https:\/\/austinpartners.org\/our-programs\/gear-up\/#breadcrumb"},"inLanguage":"es","potentialAction":[{"@type":"ReadAction","target":["https:\/\/austinpartners.org\/our-programs\/gear-up\/"]}]},{"@type":"ImageObject","inLanguage":"es","@id":"https:\/\/austinpartners.org\/our-programs\/gear-up\/#primaryimage","url":"https:\/\/austinpartners.org\/wp-content\/uploads\/2020\/06\/mentor-helping-student-1024x512.jpg","contentUrl":"https:\/\/austinpartners.org\/wp-content\/uploads\/2020\/06\/mentor-helping-student-1024x512.jpg"},{"@type":"BreadcrumbList","@id":"https:\/\/austinpartners.org\/our-programs\/gear-up\/#breadcrumb","itemListElement":[{"@type":"ListItem","position":1,"name":"Home","item":"https:\/\/austinpartners.org\/"},{"@type":"ListItem","position":2,"name":"Our Programs","item":"https:\/\/austinpartners.org\/our-programs\/"},{"@type":"ListItem","position":3,"name":"GEAR UP"}]},{"@type":"WebSite","@id":"https:\/\/austinpartners.org\/#website","url":"https:\/\/austinpartners.org\/","name":"Austin Partners in Education","description":"Inspire students to prepare them for school and life","potentialAction":[{"@type":"SearchAction","target":{"@type":"EntryPoint","urlTemplate":"https:\/\/austinpartners.org\/?s={search_term_string}"},"query-input":{"@type":"PropertyValueSpecification","valueRequired":true,"valueName":"search_term_string"}}],"inLanguage":"es"}]}},"_links":{"self":[{"href":"https:\/\/austinpartners.org\/es\/wp-json\/wp\/v2\/pages\/525"}],"collection":[{"href":"https:\/\/austinpartners.org\/es\/wp-json\/wp\/v2\/pages"}],"about":[{"href":"https:\/\/austinpartners.org\/es\/wp-json\/wp\/v2\/types\/page"}],"author":[{"embeddable":true,"href":"https:\/\/austinpartners.org\/es\/wp-json\/wp\/v2\/users\/1"}],"replies":[{"embeddable":true,"href":"https:\/\/austinpartners.org\/es\/wp-json\/wp\/v2\/comments?post=525"}],"version-history":[{"count":11,"href":"https:\/\/austinpartners.org\/es\/wp-json\/wp\/v2\/pages\/525\/revisions"}],"predecessor-version":[{"id":6143,"href":"https:\/\/austinpartners.org\/es\/wp-json\/wp\/v2\/pages\/525\/revisions\/6143"}],"up":[{"embeddable":true,"href":"https:\/\/austinpartners.org\/es\/wp-json\/wp\/v2\/pages\/21"}],"wp:attachment":[{"href":"https:\/\/austinpartners.org\/es\/wp-json\/wp\/v2\/media?parent=525"}],"curies":[{"name":"wp","href":"https:\/\/api.w.org\/{rel}","templated":true}]}}