{"id":9090,"date":"2024-10-09T17:04:07","date_gmt":"2024-10-09T17:04:07","guid":{"rendered":"https:\/\/austinpartners.org\/?page_id=9090"},"modified":"2025-01-28T17:55:39","modified_gmt":"2025-01-28T17:55:39","slug":"austin-marathon-2025","status":"publish","type":"page","link":"https:\/\/austinpartners.org\/de\/austin-marathon-2025\/","title":{"rendered":"Austin Marathon 2025"},"content":{"rendered":"<div data-elementor-type=\"wp-page\" data-elementor-id=\"9090\" class=\"elementor elementor-9090\" data-elementor-post-type=\"page\">\n\t\t\t\t\t\t<section class=\"elementor-section elementor-top-section elementor-element elementor-element-740c095 elementor-section-boxed elementor-section-height-default elementor-section-height-default\" data-id=\"740c095\" data-element_type=\"section\">\n\t\t\t\t\t\t<div class=\"elementor-container elementor-column-gap-default\">\n\t\t\t\t\t<div class=\"elementor-column elementor-col-100 elementor-top-column elementor-element elementor-element-c411327\" data-id=\"c411327\" data-element_type=\"column\">\n\t\t\t<div class=\"elementor-widget-wrap\">\n\t\t\t\t\t\t\t<\/div>\n\t\t<\/div>\n\t\t\t\t\t<\/div>\n\t\t<\/section>\n\t\t\t\t<section class=\"elementor-section elementor-top-section elementor-element elementor-element-7e2cd3df elementor-section-content-middle elementor-section-boxed elementor-section-height-default elementor-section-height-default\" data-id=\"7e2cd3df\" data-element_type=\"section\" data-settings=\"{&quot;background_background&quot;:&quot;classic&quot;}\">\n\t\t\t\t\t\t\t<div class=\"elementor-background-overlay\"><\/div>\n\t\t\t\t\t\t\t<div class=\"elementor-container elementor-column-gap-default\">\n\t\t\t\t\t<div class=\"elementor-column elementor-col-100 elementor-top-column elementor-element elementor-element-3b794c17\" data-id=\"3b794c17\" data-element_type=\"column\">\n\t\t\t<div class=\"elementor-widget-wrap elementor-element-populated\">\n\t\t\t\t\t\t<div class=\"elementor-element elementor-element-677530ca elementor-widget elementor-widget-heading\" data-id=\"677530ca\" data-element_type=\"widget\" data-widget_type=\"heading.default\">\n\t\t\t\t<div class=\"elementor-widget-container\">\n\t\t\t\t\t<h1 class=\"elementor-heading-title elementor-size-default\">Austin Marathon 2025<\/h1>\t\t\t\t<\/div>\n\t\t\t\t<\/div>\n\t\t\t\t\t<\/div>\n\t\t<\/div>\n\t\t\t\t\t<\/div>\n\t\t<\/section>\n\t\t\t\t<section class=\"elementor-section elementor-top-section elementor-element elementor-element-59cd473 elementor-section-boxed elementor-section-height-default elementor-section-height-default\" data-id=\"59cd473\" data-element_type=\"section\">\n\t\t\t\t\t\t<div class=\"elementor-container elementor-column-gap-default\">\n\t\t\t\t\t<div class=\"elementor-column elementor-col-100 elementor-top-column elementor-element elementor-element-a9ad5aa\" data-id=\"a9ad5aa\" data-element_type=\"column\">\n\t\t\t<div class=\"elementor-widget-wrap elementor-element-populated\">\n\t\t\t\t\t\t<div class=\"elementor-element elementor-element-108a23c elementor-widget elementor-widget-image\" data-id=\"108a23c\" data-element_type=\"widget\" data-widget_type=\"image.default\">\n\t\t\t\t<div class=\"elementor-widget-container\">\n\t\t\t\t\t\t\t\t\t\t\t\t\t\t\t<img fetchpriority=\"high\" decoding=\"async\" width=\"1024\" height=\"722\" src=\"https:\/\/austinpartners.org\/wp-content\/uploads\/2024\/10\/Austin-Marathon-Picture.jpeg\" class=\"attachment-large size-large wp-image-9101\" alt=\"\" srcset=\"https:\/\/austinpartners.org\/wp-content\/uploads\/2024\/10\/Austin-Marathon-Picture.jpeg 1024w, https:\/\/austinpartners.org\/wp-content\/uploads\/2024\/10\/Austin-Marathon-Picture-300x212.jpeg 300w, https:\/\/austinpartners.org\/wp-content\/uploads\/2024\/10\/Austin-Marathon-Picture-768x542.jpeg 768w, https:\/\/austinpartners.org\/wp-content\/uploads\/2024\/10\/Austin-Marathon-Picture-18x12.jpeg 18w\" sizes=\"(max-width: 1024px) 100vw, 1024px\" \/>\t\t\t\t\t\t\t\t\t\t\t\t\t\t\t<\/div>\n\t\t\t\t<\/div>\n\t\t\t\t\t<\/div>\n\t\t<\/div>\n\t\t\t\t\t<\/div>\n\t\t<\/section>\n\t\t\t\t<section class=\"elementor-section elementor-top-section elementor-element elementor-element-2324c21 elementor-section-boxed elementor-section-height-default elementor-section-height-default\" data-id=\"2324c21\" data-element_type=\"section\">\n\t\t\t\t\t\t<div class=\"elementor-container elementor-column-gap-default\">\n\t\t\t\t\t<div class=\"elementor-column elementor-col-100 elementor-top-column elementor-element elementor-element-c5c1d72\" data-id=\"c5c1d72\" data-element_type=\"column\">\n\t\t\t<div class=\"elementor-widget-wrap elementor-element-populated\">\n\t\t\t\t\t\t<div class=\"elementor-element elementor-element-a2a34de elementor-widget elementor-widget-spacer\" data-id=\"a2a34de\" data-element_type=\"widget\" data-widget_type=\"spacer.default\">\n\t\t\t\t<div class=\"elementor-widget-container\">\n\t\t\t\t\t\t\t<div class=\"elementor-spacer\">\n\t\t\t<div class=\"elementor-spacer-inner\"><\/div>\n\t\t<\/div>\n\t\t\t\t\t\t<\/div>\n\t\t\t\t<\/div>\n\t\t\t\t\t<\/div>\n\t\t<\/div>\n\t\t\t\t\t<\/div>\n\t\t<\/section>\n\t\t\t\t<section class=\"elementor-section elementor-top-section elementor-element elementor-element-e34be03 elementor-section-boxed elementor-section-height-default elementor-section-height-default\" data-id=\"e34be03\" data-element_type=\"section\">\n\t\t\t\t\t\t<div class=\"elementor-container elementor-column-gap-default\">\n\t\t\t\t\t<div class=\"elementor-column elementor-col-100 elementor-top-column elementor-element elementor-element-beb0ca2\" data-id=\"beb0ca2\" data-element_type=\"column\">\n\t\t\t<div class=\"elementor-widget-wrap elementor-element-populated\">\n\t\t\t\t\t\t<div class=\"elementor-element elementor-element-40a85d5 elementor-widget elementor-widget-heading\" data-id=\"40a85d5\" data-element_type=\"widget\" data-widget_type=\"heading.default\">\n\t\t\t\t<div class=\"elementor-widget-container\">\n\t\t\t\t\t<h2 class=\"elementor-heading-title elementor-size-default\">Bildung ist ein Marathon, kein Sprint!<\/h2>\t\t\t\t<\/div>\n\t\t\t\t<\/div>\n\t\t\t\t<div class=\"elementor-element elementor-element-d5789f5 elementor-widget elementor-widget-text-editor\" data-id=\"d5789f5\" data-element_type=\"widget\" data-widget_type=\"text-editor.default\">\n\t\t\t\t<div class=\"elementor-widget-container\">\n\t\t\t\t\t\t\t\t\t<p>APIE f\u00fchlt sich geehrt, als offizielle Austin Marathon Gives Charity-Organisation f\u00fcr den Austin Marathon 2025 ausgew\u00e4hlt worden zu sein. Der diesj\u00e4hrige Marathon findet am Sonntag, den 16. Februar 2025, statt. Letztes Jahr sammelten wir \u00fcber $24.000 durch Peer-to-Peer-Spendenaktionen, zwei Sponsorings und eine gro\u00dfz\u00fcgige Spende der Moody Foundation. Au\u00dferdem betreuten wir am Renntag mit Hilfe von \u00fcber 80 tatkr\u00e4ftigen Freiwilligen die Verpflegungsstation bei Meile 5!<\/p><p>Wir freuen uns darauf, diese Dynamik f\u00fcr die Kampagne 2025 weiter auszubauen, die mit dem Austin-Marathon am 16. Februar 2025 ihren H\u00f6hepunkt erreichen wird! Hier sind einige M\u00f6glichkeiten, wie Sie sich engagieren k\u00f6nnen:<\/p><p><strong>LAUFEN<\/strong>: <a href=\"https:\/\/eventdog.com\/a\/eventpage.php?eID=58961&amp;refData=topmenu\" target=\"_blank\" rel=\"noopener\">Zum Laufen anmelden<\/a> Nehmen Sie an einer von drei Distanzen (5 km, Halbmarathon, Marathon) teil und melden Sie sich bei der Anmeldung unbedingt bei unserem Team \u201eAPIE Runners\u201c an. Wenn Sie zus\u00e4tzlich Spenden sammeln m\u00f6chten (entweder f\u00fcr einen kostenlosen Startplatz oder einfach zur Unterst\u00fctzung unserer Mission), werden Sie am Ende der Anmeldung gefragt, ob Sie f\u00fcr eine Wohlt\u00e4tigkeitsorganisation Spenden sammeln m\u00f6chten. Anschlie\u00dfend k\u00f6nnen Sie \u00fcber GivenGain eine pers\u00f6nliche Spendenseite erstellen. Wenn Sie Ihre Anmeldegeb\u00fchr vollst\u00e4ndig erstattet bekommen m\u00f6chten, kontaktieren Sie uns bitte! Wir verf\u00fcgen \u00fcber eine begrenzte Anzahl kostenloser Registrierungscodes, die uns \u00fcber den Austin Marathon zur Verf\u00fcgung gestellt werden. <a href=\"https:\/\/form.jotform.com\/highfiveevents\/2025RUNFORWARD\" target=\"_blank\" rel=\"noopener\">Vorw\u00e4rts laufen<\/a> Programm, das Ihre Rennregistrierungsgeb\u00fchr vollst\u00e4ndig erl\u00e4sst\/erstattet, sobald Sie eine Spendenseite erstellen und $250 sammeln! Kontakt <a href=\"mailto:jjacobsohn@austinpartners.org\" target=\"_blank\" rel=\"noopener\">jjacobsohn@austinpartners.org<\/a> f\u00fcr weitere Informationen.<\/p><p><strong>Spenden sammeln<\/strong>: APIE ist dieses Jahr eine offizielle Wohlt\u00e4tigkeitsorganisation des Austin Marathon Gives, Sie werden uns also auf der <a href=\"https:\/\/youraustinmarathon.com\/austinmarathongives\/run-for-charity\/\" target=\"_blank\" rel=\"noopener\">Austin Marathon-Website<\/a>Sie k\u00f6nnen auch direkt zu <a href=\"https:\/\/www.givengain.com\/campaign\/apie-2025\" target=\"_blank\" rel=\"noopener\">APIEs Spendenseite<\/a> Hier k\u00f6nnen Sie eine individuelle Spendenseite erstellen, die Sie ganz einfach mit potenziellen Spendern teilen k\u00f6nnen!* Klicken Sie einfach oben rechts auf der Seite auf \u201eSpendenaktion starten\u201c. Sie werden aufgefordert, ein kostenloses GivenGain-Konto zu erstellen und k\u00f6nnen dann Ihre individuelle Seite einrichten.<\/p><p>*Diese Option steht allen offen, unabh\u00e4ngig davon, ob Sie sich bereits angemeldet haben, sich am Lauftag anmelden, sich als Freiwilliger engagieren oder einfach nur aus der Ferne unterst\u00fctzen m\u00f6chten! Eine ausf\u00fchrliche Anleitung zum Einstieg finden Sie in diesem praktischen <a href=\"https:\/\/austinpartners.org\/wp-content\/uploads\/2024\/09\/2025-Austin-Marathon-Fundraiser-Set-Up.pdf\" target=\"_blank\" rel=\"noopener\">Schritt-f\u00fcr-Schritt-Anleitung zum Einrichten einer Spendenaktion.<\/a><\/p><p><strong>FREIWILLIGER<\/strong>Begleiten Sie uns am Renntag auf der Strecke! Wir betreuen die Verpflegungsstation\/Wasserstation bei Meile #5 (1919 S. 1st St.) und ben\u00f6tigen 60\u201380 Freiwillige f\u00fcr den Auf- und Abbau sowie die Bedienung (z. B. Bef\u00fcllen der Wasserbecher, Mischen von Elektrolytgetr\u00e4nken und Ausgeben von Getr\u00e4nken an die Rennteilnehmer). Erfahren Sie mehr und melden Sie sich als Freiwilliger an. <a href=\"https:\/\/eventdog.com\/a\/eventpage.php?eID=60134\">Hier.<\/a><\/p><p><strong>SPONSOR<\/strong>Wir suchen Unternehmen und Organisationen, die das Team APIE sponsern! Es gibt verschiedene Sponsoring-Stufen mit unterschiedlichen Vorteilen. Dies ist eine gro\u00dfartige Gelegenheit, sich in der Community zu engagieren und Ihren Firmennamen am Renntag vor \u00fcber 80.000 L\u00e4ufern, Freiwilligen und Zuschauern bekannt zu machen.<\/p><p><strong>GEBEN<\/strong>: Machen Sie eine steuerlich absetzbare Spende an einen unserer gro\u00dfartigen Fundraising-Champions, die alle \u00fcber APIEs Hauptwebsite verlinkt sind. <a href=\"https:\/\/www.givengain.com\/campaign\/apie-2025\" target=\"_blank\" rel=\"noopener\">Spendenaktion<\/a> Seite oder spenden Sie alternativ f\u00fcr die allgemeine Kampagne. Der gesamte Erl\u00f6s kommt unserer Arbeit mit Studenten in Austin zugute.<\/p>\t\t\t\t\t\t\t\t<\/div>\n\t\t\t\t<\/div>\n\t\t\t\t\t<\/div>\n\t\t<\/div>\n\t\t\t\t\t<\/div>\n\t\t<\/section>\n\t\t\t\t<section class=\"elementor-section elementor-top-section elementor-element elementor-element-18bf2fa elementor-section-boxed elementor-section-height-default elementor-section-height-default\" data-id=\"18bf2fa\" data-element_type=\"section\">\n\t\t\t\t\t\t<div class=\"elementor-container elementor-column-gap-default\">\n\t\t\t\t\t<div class=\"elementor-column elementor-col-100 elementor-top-column elementor-element elementor-element-3f940af\" data-id=\"3f940af\" data-element_type=\"column\">\n\t\t\t<div class=\"elementor-widget-wrap elementor-element-populated\">\n\t\t\t\t\t\t<div class=\"elementor-element elementor-element-10c7bcd elementor-widget__width-initial elementor-widget elementor-widget-image\" data-id=\"10c7bcd\" data-element_type=\"widget\" data-widget_type=\"image.default\">\n\t\t\t\t<div class=\"elementor-widget-container\">\n\t\t\t\t\t\t\t\t\t\t\t\t\t\t\t<img decoding=\"async\" width=\"768\" height=\"769\" src=\"https:\/\/austinpartners.org\/wp-content\/uploads\/2024\/10\/Screenshot-2024-10-09-at-2.41.31\u202fPM-768x769.png\" class=\"attachment-medium_large size-medium_large wp-image-9158\" alt=\"\" srcset=\"https:\/\/austinpartners.org\/wp-content\/uploads\/2024\/10\/Screenshot-2024-10-09-at-2.41.31\u202fPM-768x769.png 768w, https:\/\/austinpartners.org\/wp-content\/uploads\/2024\/10\/Screenshot-2024-10-09-at-2.41.31\u202fPM-300x300.png 300w, https:\/\/austinpartners.org\/wp-content\/uploads\/2024\/10\/Screenshot-2024-10-09-at-2.41.31\u202fPM-150x150.png 150w, https:\/\/austinpartners.org\/wp-content\/uploads\/2024\/10\/Screenshot-2024-10-09-at-2.41.31\u202fPM-12x12.png 12w, https:\/\/austinpartners.org\/wp-content\/uploads\/2024\/10\/Screenshot-2024-10-09-at-2.41.31\u202fPM.png 818w\" sizes=\"(max-width: 768px) 100vw, 768px\" \/>\t\t\t\t\t\t\t\t\t\t\t\t\t\t\t<\/div>\n\t\t\t\t<\/div>\n\t\t\t\t\t<\/div>\n\t\t<\/div>\n\t\t\t\t\t<\/div>\n\t\t<\/section>\n\t\t\t\t<section class=\"elementor-section elementor-top-section elementor-element elementor-element-218031c elementor-section-boxed elementor-section-height-default elementor-section-height-default\" data-id=\"218031c\" data-element_type=\"section\">\n\t\t\t\t\t\t<div class=\"elementor-container elementor-column-gap-default\">\n\t\t\t\t\t<div class=\"elementor-column elementor-col-100 elementor-top-column elementor-element elementor-element-40241f2\" data-id=\"40241f2\" data-element_type=\"column\">\n\t\t\t<div class=\"elementor-widget-wrap elementor-element-populated\">\n\t\t\t\t\t\t<div class=\"elementor-element elementor-element-e62e897 elementor-widget elementor-widget-heading\" data-id=\"e62e897\" data-element_type=\"widget\" data-widget_type=\"heading.default\">\n\t\t\t\t<div class=\"elementor-widget-container\">\n\t\t\t\t\t<h2 class=\"elementor-heading-title elementor-size-default\">Vielen Dank an unsere Sponsoren 2025:<\/h2>\t\t\t\t<\/div>\n\t\t\t\t<\/div>\n\t\t\t\t\t<\/div>\n\t\t<\/div>\n\t\t\t\t\t<\/div>\n\t\t<\/section>\n\t\t\t\t<section class=\"elementor-section elementor-top-section elementor-element elementor-element-3cb9a96 elementor-section-boxed elementor-section-height-default elementor-section-height-default\" data-id=\"3cb9a96\" data-element_type=\"section\">\n\t\t\t\t\t\t<div class=\"elementor-container elementor-column-gap-default\">\n\t\t\t\t\t<div class=\"elementor-column elementor-col-25 elementor-top-column elementor-element elementor-element-c0aba70\" data-id=\"c0aba70\" data-element_type=\"column\">\n\t\t\t<div class=\"elementor-widget-wrap\">\n\t\t\t\t\t\t\t<\/div>\n\t\t<\/div>\n\t\t\t\t<div class=\"elementor-column elementor-col-25 elementor-top-column elementor-element elementor-element-0c6df3d\" data-id=\"0c6df3d\" data-element_type=\"column\">\n\t\t\t<div class=\"elementor-widget-wrap elementor-element-populated\">\n\t\t\t\t\t\t<div class=\"elementor-element elementor-element-0ef165f elementor-widget elementor-widget-image\" data-id=\"0ef165f\" data-element_type=\"widget\" data-widget_type=\"image.default\">\n\t\t\t\t<div class=\"elementor-widget-container\">\n\t\t\t\t\t\t\t\t\t\t\t\t\t\t\t<img decoding=\"async\" width=\"235\" height=\"214\" src=\"https:\/\/austinpartners.org\/wp-content\/uploads\/2024\/10\/A-plus-credit-union.png\" class=\"attachment-large size-large wp-image-9137\" alt=\"\" srcset=\"https:\/\/austinpartners.org\/wp-content\/uploads\/2024\/10\/A-plus-credit-union.png 235w, https:\/\/austinpartners.org\/wp-content\/uploads\/2024\/10\/A-plus-credit-union-13x12.png 13w\" sizes=\"(max-width: 235px) 100vw, 235px\" \/>\t\t\t\t\t\t\t\t\t\t\t\t\t\t\t<\/div>\n\t\t\t\t<\/div>\n\t\t\t\t\t<\/div>\n\t\t<\/div>\n\t\t\t\t<div class=\"elementor-column elementor-col-25 elementor-top-column elementor-element elementor-element-cb8a1b6\" data-id=\"cb8a1b6\" data-element_type=\"column\">\n\t\t\t<div class=\"elementor-widget-wrap elementor-element-populated\">\n\t\t\t\t\t\t\t<\/div>\n\t\t<\/div>\n\t\t\t\t<div class=\"elementor-column elementor-col-25 elementor-top-column elementor-element elementor-element-c6de5c4\" data-id=\"c6de5c4\" data-element_type=\"column\">\n\t\t\t<div class=\"elementor-widget-wrap\">\n\t\t\t\t\t\t\t<\/div>\n\t\t<\/div>\n\t\t\t\t\t<\/div>\n\t\t<\/section>\n\t\t\t\t<section class=\"elementor-section elementor-top-section elementor-element elementor-element-26fb71d elementor-section-boxed elementor-section-height-default elementor-section-height-default\" data-id=\"26fb71d\" data-element_type=\"section\">\n\t\t\t\t\t\t<div class=\"elementor-container elementor-column-gap-default\">\n\t\t\t\t\t<div class=\"elementor-column elementor-col-100 elementor-top-column elementor-element elementor-element-db5f88e\" data-id=\"db5f88e\" data-element_type=\"column\">\n\t\t\t<div class=\"elementor-widget-wrap elementor-element-populated\">\n\t\t\t\t\t\t<div class=\"elementor-element elementor-element-a1f4110 elementor-widget elementor-widget-video\" data-id=\"a1f4110\" data-element_type=\"widget\" data-settings=\"{&quot;youtube_url&quot;:&quot;https:\\\/\\\/youtu.be\\\/bGxovL0Tbc0&quot;,&quot;video_type&quot;:&quot;youtube&quot;,&quot;controls&quot;:&quot;yes&quot;}\" data-widget_type=\"video.default\">\n\t\t\t\t<div class=\"elementor-widget-container\">\n\t\t\t\t\t\t\t<div class=\"elementor-wrapper elementor-open-inline\">\n\t\t\t<div class=\"elementor-video\"><\/div>\t\t<\/div>\n\t\t\t\t\t\t<\/div>\n\t\t\t\t<\/div>\n\t\t\t\t\t<\/div>\n\t\t<\/div>\n\t\t\t\t\t<\/div>\n\t\t<\/section>\n\t\t\t\t<\/div>","protected":false},"excerpt":{"rendered":"<p>Bildung ist ein Marathon, kein Sprint! APIE ist stolz, als offizielle Austin Marathon Gives Charity-Organisation f\u00fcr den Austin Marathon 2025 ausgew\u00e4hlt worden zu sein. Der diesj\u00e4hrige Marathon findet am Sonntag, den 16. Februar 2025 statt. Im vergangenen Jahr haben wir \u00fcber $24.000 durch Peer-to-Peer-Fundraising, zwei Sponsorings und eine gro\u00dfz\u00fcgige Spende der Moody Foundation gesammelt. [\u2026]<\/p>","protected":false},"author":2,"featured_media":0,"parent":0,"menu_order":0,"comment_status":"closed","ping_status":"closed","template":"","meta":{"_acf_changed":false,"inline_featured_image":false,"footnotes":""},"class_list":["post-9090","page","type-page","status-publish","hentry"],"acf":[],"yoast_head":"<!-- This site is optimized with the Yoast SEO plugin v24.9 - https:\/\/yoast.com\/wordpress\/plugins\/seo\/ -->\n<title>Austin Marathon 2025 - Austin Partners in Education<\/title>\n<meta name=\"robots\" content=\"index, follow, max-snippet:-1, max-image-preview:large, max-video-preview:-1\" \/>\n<link rel=\"canonical\" href=\"https:\/\/austinpartners.org\/de\/austin-marathon-2025\/\" \/>\n<meta property=\"og:locale\" content=\"de_DE\" \/>\n<meta property=\"og:type\" content=\"article\" \/>\n<meta property=\"og:title\" content=\"Austin Marathon 2025 - Austin Partners in Education\" \/>\n<meta property=\"og:description\" content=\"Education is a Marathon, Not a Sprint! APIE is honored to be selected as an official Austin Marathon Gives Charity for the 2025 Austin Marathon. This year\u2019s Marathon will take place on Sunday, February 16, 2025. Last year, we raised over $24,000 through peer-to-peer fundraising, two sponsorships, and a generous match from the Moody Foundation. [&hellip;]\" \/>\n<meta property=\"og:url\" content=\"https:\/\/austinpartners.org\/de\/austin-marathon-2025\/\" \/>\n<meta property=\"og:site_name\" content=\"Austin Partners in Education\" \/>\n<meta property=\"article:modified_time\" content=\"2025-01-28T17:55:39+00:00\" \/>\n<meta property=\"og:image\" content=\"https:\/\/austinpartners.org\/wp-content\/uploads\/2024\/10\/Austin-Marathon-Picture.jpeg\" \/>\n\t<meta property=\"og:image:width\" content=\"1024\" \/>\n\t<meta property=\"og:image:height\" content=\"722\" \/>\n\t<meta property=\"og:image:type\" content=\"image\/jpeg\" \/>\n<meta name=\"twitter:card\" content=\"summary_large_image\" \/>\n<meta name=\"twitter:label1\" content=\"Gesch\u00e4tzte Lesezeit\" \/>\n\t<meta name=\"twitter:data1\" content=\"3\u00a0Minuten\" \/>\n<script type=\"application\/ld+json\" class=\"yoast-schema-graph\">{\"@context\":\"https:\/\/schema.org\",\"@graph\":[{\"@type\":\"WebPage\",\"@id\":\"https:\/\/austinpartners.org\/austin-marathon-2025\/\",\"url\":\"https:\/\/austinpartners.org\/austin-marathon-2025\/\",\"name\":\"Austin Marathon 2025 - Austin Partners in Education\",\"isPartOf\":{\"@id\":\"https:\/\/austinpartners.org\/#website\"},\"primaryImageOfPage\":{\"@id\":\"https:\/\/austinpartners.org\/austin-marathon-2025\/#primaryimage\"},\"image\":{\"@id\":\"https:\/\/austinpartners.org\/austin-marathon-2025\/#primaryimage\"},\"thumbnailUrl\":\"https:\/\/austinpartners.org\/wp-content\/uploads\/2024\/10\/Austin-Marathon-Picture.jpeg\",\"datePublished\":\"2024-10-09T17:04:07+00:00\",\"dateModified\":\"2025-01-28T17:55:39+00:00\",\"breadcrumb\":{\"@id\":\"https:\/\/austinpartners.org\/austin-marathon-2025\/#breadcrumb\"},\"inLanguage\":\"de\",\"potentialAction\":[{\"@type\":\"ReadAction\",\"target\":[\"https:\/\/austinpartners.org\/austin-marathon-2025\/\"]}]},{\"@type\":\"ImageObject\",\"inLanguage\":\"de\",\"@id\":\"https:\/\/austinpartners.org\/austin-marathon-2025\/#primaryimage\",\"url\":\"https:\/\/austinpartners.org\/wp-content\/uploads\/2024\/10\/Austin-Marathon-Picture.jpeg\",\"contentUrl\":\"https:\/\/austinpartners.org\/wp-content\/uploads\/2024\/10\/Austin-Marathon-Picture.jpeg\"},{\"@type\":\"BreadcrumbList\",\"@id\":\"https:\/\/austinpartners.org\/austin-marathon-2025\/#breadcrumb\",\"itemListElement\":[{\"@type\":\"ListItem\",\"position\":1,\"name\":\"Home\",\"item\":\"https:\/\/austinpartners.org\/\"},{\"@type\":\"ListItem\",\"position\":2,\"name\":\"Austin Marathon 2025\"}]},{\"@type\":\"WebSite\",\"@id\":\"https:\/\/austinpartners.org\/#website\",\"url\":\"https:\/\/austinpartners.org\/\",\"name\":\"Austin Partners in Education\",\"description\":\"Inspire students to prepare them for school and life\",\"potentialAction\":[{\"@type\":\"SearchAction\",\"target\":{\"@type\":\"EntryPoint\",\"urlTemplate\":\"https:\/\/austinpartners.org\/?s={search_term_string}\"},\"query-input\":{\"@type\":\"PropertyValueSpecification\",\"valueRequired\":true,\"valueName\":\"search_term_string\"}}],\"inLanguage\":\"de\"}]}<\/script>\n<!-- \/ Yoast SEO plugin. -->","yoast_head_json":{"title":"Austin Marathon 2025 - Austin Partners in Education","robots":{"index":"index","follow":"follow","max-snippet":"max-snippet:-1","max-image-preview":"max-image-preview:large","max-video-preview":"max-video-preview:-1"},"canonical":"https:\/\/austinpartners.org\/de\/austin-marathon-2025\/","og_locale":"de_DE","og_type":"article","og_title":"Austin Marathon 2025 - Austin Partners in Education","og_description":"Education is a Marathon, Not a Sprint! APIE is honored to be selected as an official Austin Marathon Gives Charity for the 2025 Austin Marathon. This year\u2019s Marathon will take place on Sunday, February 16, 2025. Last year, we raised over $24,000 through peer-to-peer fundraising, two sponsorships, and a generous match from the Moody Foundation. [&hellip;]","og_url":"https:\/\/austinpartners.org\/de\/austin-marathon-2025\/","og_site_name":"Austin Partners in Education","article_modified_time":"2025-01-28T17:55:39+00:00","og_image":[{"width":1024,"height":722,"url":"https:\/\/austinpartners.org\/wp-content\/uploads\/2024\/10\/Austin-Marathon-Picture.jpeg","type":"image\/jpeg"}],"twitter_card":"summary_large_image","twitter_misc":{"Gesch\u00e4tzte Lesezeit":"3\u00a0Minuten"},"schema":{"@context":"https:\/\/schema.org","@graph":[{"@type":"WebPage","@id":"https:\/\/austinpartners.org\/austin-marathon-2025\/","url":"https:\/\/austinpartners.org\/austin-marathon-2025\/","name":"Austin Marathon 2025 - Austin Partners in Education","isPartOf":{"@id":"https:\/\/austinpartners.org\/#website"},"primaryImageOfPage":{"@id":"https:\/\/austinpartners.org\/austin-marathon-2025\/#primaryimage"},"image":{"@id":"https:\/\/austinpartners.org\/austin-marathon-2025\/#primaryimage"},"thumbnailUrl":"https:\/\/austinpartners.org\/wp-content\/uploads\/2024\/10\/Austin-Marathon-Picture.jpeg","datePublished":"2024-10-09T17:04:07+00:00","dateModified":"2025-01-28T17:55:39+00:00","breadcrumb":{"@id":"https:\/\/austinpartners.org\/austin-marathon-2025\/#breadcrumb"},"inLanguage":"de","potentialAction":[{"@type":"ReadAction","target":["https:\/\/austinpartners.org\/austin-marathon-2025\/"]}]},{"@type":"ImageObject","inLanguage":"de","@id":"https:\/\/austinpartners.org\/austin-marathon-2025\/#primaryimage","url":"https:\/\/austinpartners.org\/wp-content\/uploads\/2024\/10\/Austin-Marathon-Picture.jpeg","contentUrl":"https:\/\/austinpartners.org\/wp-content\/uploads\/2024\/10\/Austin-Marathon-Picture.jpeg"},{"@type":"BreadcrumbList","@id":"https:\/\/austinpartners.org\/austin-marathon-2025\/#breadcrumb","itemListElement":[{"@type":"ListItem","position":1,"name":"Home","item":"https:\/\/austinpartners.org\/"},{"@type":"ListItem","position":2,"name":"Austin Marathon 2025"}]},{"@type":"WebSite","@id":"https:\/\/austinpartners.org\/#website","url":"https:\/\/austinpartners.org\/","name":"Austin Partners in Education","description":"Inspire students to prepare them for school and life","potentialAction":[{"@type":"SearchAction","target":{"@type":"EntryPoint","urlTemplate":"https:\/\/austinpartners.org\/?s={search_term_string}"},"query-input":{"@type":"PropertyValueSpecification","valueRequired":true,"valueName":"search_term_string"}}],"inLanguage":"de"}]}},"_links":{"self":[{"href":"https:\/\/austinpartners.org\/de\/wp-json\/wp\/v2\/pages\/9090"}],"collection":[{"href":"https:\/\/austinpartners.org\/de\/wp-json\/wp\/v2\/pages"}],"about":[{"href":"https:\/\/austinpartners.org\/de\/wp-json\/wp\/v2\/types\/page"}],"author":[{"embeddable":true,"href":"https:\/\/austinpartners.org\/de\/wp-json\/wp\/v2\/users\/2"}],"replies":[{"embeddable":true,"href":"https:\/\/austinpartners.org\/de\/wp-json\/wp\/v2\/comments?post=9090"}],"version-history":[{"count":29,"href":"https:\/\/austinpartners.org\/de\/wp-json\/wp\/v2\/pages\/9090\/revisions"}],"predecessor-version":[{"id":9724,"href":"https:\/\/austinpartners.org\/de\/wp-json\/wp\/v2\/pages\/9090\/revisions\/9724"}],"wp:attachment":[{"href":"https:\/\/austinpartners.org\/de\/wp-json\/wp\/v2\/media?parent=9090"}],"curies":[{"name":"wp","href":"https:\/\/api.w.org\/{rel}","templated":true}]}}