{"id":8278,"date":"2024-08-17T19:38:31","date_gmt":"2024-08-17T19:38:31","guid":{"rendered":"https:\/\/austinpartners.org\/?page_id=8278"},"modified":"2025-07-31T23:47:45","modified_gmt":"2025-07-31T23:47:45","slug":"volunteer-opportunities","status":"publish","type":"page","link":"https:\/\/austinpartners.org\/de\/volunteer-opportunities\/","title":{"rendered":"Freiwilligenarbeit"},"content":{"rendered":"<div data-elementor-type=\"wp-page\" data-elementor-id=\"8278\" class=\"elementor elementor-8278\" data-elementor-post-type=\"page\">\n\t\t\t\t\t\t<section class=\"elementor-section elementor-top-section elementor-element elementor-element-d17237a elementor-section-content-middle elementor-section-boxed elementor-section-height-default elementor-section-height-default\" data-id=\"d17237a\" data-element_type=\"section\" data-settings=\"{&quot;background_background&quot;:&quot;classic&quot;}\">\n\t\t\t\t\t\t\t<div class=\"elementor-background-overlay\"><\/div>\n\t\t\t\t\t\t\t<div class=\"elementor-container elementor-column-gap-default\">\n\t\t\t\t\t<div class=\"elementor-column elementor-col-100 elementor-top-column elementor-element elementor-element-760d79c8\" data-id=\"760d79c8\" data-element_type=\"column\">\n\t\t\t<div class=\"elementor-widget-wrap elementor-element-populated\">\n\t\t\t\t\t\t<div class=\"elementor-element elementor-element-168ae2a elementor-widget elementor-widget-heading\" data-id=\"168ae2a\" data-element_type=\"widget\" data-widget_type=\"heading.default\">\n\t\t\t\t<div class=\"elementor-widget-container\">\n\t\t\t\t\t<h1 class=\"elementor-heading-title elementor-size-default\">Freiwilligenarbeit<\/h1>\t\t\t\t<\/div>\n\t\t\t\t<\/div>\n\t\t\t\t<div class=\"elementor-element elementor-element-91f04ef elementor-widget elementor-widget-heading\" data-id=\"91f04ef\" data-element_type=\"widget\" data-widget_type=\"heading.default\">\n\t\t\t\t<div class=\"elementor-widget-container\">\n\t\t\t\t\t<p class=\"elementor-heading-title elementor-size-default\">Wir alle m\u00fcssen den Sch\u00fclern des Austin ISD zum Erfolg verhelfen. <\/p>\t\t\t\t<\/div>\n\t\t\t\t<\/div>\n\t\t\t\t\t<\/div>\n\t\t<\/div>\n\t\t\t\t\t<\/div>\n\t\t<\/section>\n\t\t\t\t<section class=\"elementor-section elementor-top-section elementor-element elementor-element-b04caf7 elementor-section-content-middle elementor-section-boxed elementor-section-height-default elementor-section-height-default\" data-id=\"b04caf7\" data-element_type=\"section\" data-settings=\"{&quot;background_background&quot;:&quot;classic&quot;}\">\n\t\t\t\t\t\t<div class=\"elementor-container elementor-column-gap-default\">\n\t\t\t\t\t<div class=\"elementor-column elementor-col-100 elementor-top-column elementor-element elementor-element-68b407e6\" data-id=\"68b407e6\" data-element_type=\"column\">\n\t\t\t<div class=\"elementor-widget-wrap elementor-element-populated\">\n\t\t\t\t\t\t<div class=\"elementor-element elementor-element-3176c4f5 elementor-widget elementor-widget-heading\" data-id=\"3176c4f5\" data-element_type=\"widget\" data-widget_type=\"heading.default\">\n\t\t\t\t<div class=\"elementor-widget-container\">\n\t\t\t\t\t<h2 class=\"elementor-heading-title elementor-size-default\">Machen Sie einen Unterschied und unterst\u00fctzen Sie Studierende<\/h2>\t\t\t\t<\/div>\n\t\t\t\t<\/div>\n\t\t\t\t<section class=\"elementor-section elementor-inner-section elementor-element elementor-element-2d039b91 elementor-section-boxed elementor-section-height-default elementor-section-height-default\" data-id=\"2d039b91\" data-element_type=\"section\">\n\t\t\t\t\t\t<div class=\"elementor-container elementor-column-gap-wider\">\n\t\t\t\t\t<div class=\"elementor-column elementor-col-33 elementor-inner-column elementor-element elementor-element-70daa1d4\" data-id=\"70daa1d4\" data-element_type=\"column\" data-settings=\"{&quot;background_background&quot;:&quot;classic&quot;}\">\n\t\t\t<div class=\"elementor-widget-wrap elementor-element-populated\">\n\t\t\t\t\t\t<div class=\"elementor-element elementor-element-3cdeae6c elementor-widget elementor-widget-image\" data-id=\"3cdeae6c\" data-element_type=\"widget\" data-widget_type=\"image.default\">\n\t\t\t\t<div class=\"elementor-widget-container\">\n\t\t\t\t\t\t\t\t\t\t\t\t\t\t\t<img fetchpriority=\"high\" decoding=\"async\" width=\"1024\" height=\"512\" src=\"https:\/\/austinpartners.org\/wp-content\/uploads\/2020\/06\/math-equations-and-pencil-2-1024x512.jpg\" class=\"attachment-large size-large wp-image-3462\" alt=\"\" srcset=\"https:\/\/austinpartners.org\/wp-content\/uploads\/2020\/06\/math-equations-and-pencil-2-1024x512.jpg 1024w, https:\/\/austinpartners.org\/wp-content\/uploads\/2020\/06\/math-equations-and-pencil-2-300x150.jpg 300w, https:\/\/austinpartners.org\/wp-content\/uploads\/2020\/06\/math-equations-and-pencil-2-768x384.jpg 768w, https:\/\/austinpartners.org\/wp-content\/uploads\/2020\/06\/math-equations-and-pencil-2-1536x768.jpg 1536w, https:\/\/austinpartners.org\/wp-content\/uploads\/2020\/06\/math-equations-and-pencil-2.jpg 1600w\" sizes=\"(max-width: 1024px) 100vw, 1024px\" \/>\t\t\t\t\t\t\t\t\t\t\t\t\t\t\t<\/div>\n\t\t\t\t<\/div>\n\t\t\t\t<div class=\"elementor-element elementor-element-57e968e8 elementor-widget elementor-widget-heading\" data-id=\"57e968e8\" data-element_type=\"widget\" data-widget_type=\"heading.default\">\n\t\t\t\t<div class=\"elementor-widget-container\">\n\t\t\t\t\t<h3 class=\"elementor-heading-title elementor-size-medium\"><a href=\"http:\/\/austinpartners.org\/de\/our-programs\/math-classroom-coaching\/\">APIEs Mathematik-Unterrichtscoaching-Programm<\/a><\/h3>\t\t\t\t<\/div>\n\t\t\t\t<\/div>\n\t\t\t\t<div class=\"elementor-element elementor-element-d06add2 elementor-widget elementor-widget-text-editor\" data-id=\"d06add2\" data-element_type=\"widget\" data-widget_type=\"text-editor.default\">\n\t\t\t\t<div class=\"elementor-widget-container\">\n\t\t\t\t\t\t\t\t\t<p>APIE-Mathematik-Coaches treffen sich w\u00f6chentlich mit kleinen Gruppen von Mittelsch\u00fclern im Mathematikunterricht, um ihr mathematisches Verst\u00e4ndnis zu verbessern. Erfahren Sie mehr \u00fcber dieses Programm <a href=\"https:\/\/austinpartners.org\/de\/get-involved\/math-classroom-coaching\/\">Hier.\u00a0<\/a><\/p><p><strong>Die Anmeldung f\u00fcr dieses Schuljahr ist geschlossen.<\/strong> Melden Sie sich an, um benachrichtigt zu werden, wenn die Registrierung f\u00fcr Herbst 2025 wieder ge\u00f6ffnet wird.\u00a0<\/p>\t\t\t\t\t\t\t\t<\/div>\n\t\t\t\t<\/div>\n\t\t\t\t<div class=\"elementor-element elementor-element-446adb4a elementor-align-left elementor-widget elementor-widget-button\" data-id=\"446adb4a\" data-element_type=\"widget\" data-widget_type=\"button.default\">\n\t\t\t\t<div class=\"elementor-widget-container\">\n\t\t\t\t\t\t\t\t\t<div class=\"elementor-button-wrapper\">\n\t\t\t\t\t<a class=\"elementor-button elementor-button-link elementor-size-sm elementor-animation-grow\" href=\"https:\/\/form.jotform.com\/241646458027056\">\n\t\t\t\t\t\t<span class=\"elementor-button-content-wrapper\">\n\t\t\t\t\t\t\t\t\t<span class=\"elementor-button-text\">APIE-Mathematik-Coach<\/span>\n\t\t\t\t\t<\/span>\n\t\t\t\t\t<\/a>\n\t\t\t\t<\/div>\n\t\t\t\t\t\t\t\t<\/div>\n\t\t\t\t<\/div>\n\t\t\t\t\t<\/div>\n\t\t<\/div>\n\t\t\t\t<div class=\"elementor-column elementor-col-33 elementor-inner-column elementor-element elementor-element-6a326699\" data-id=\"6a326699\" data-element_type=\"column\" data-settings=\"{&quot;background_background&quot;:&quot;classic&quot;}\">\n\t\t\t<div class=\"elementor-widget-wrap elementor-element-populated\">\n\t\t\t\t\t\t<div class=\"elementor-element elementor-element-19ba14a elementor-widget elementor-widget-image\" data-id=\"19ba14a\" data-element_type=\"widget\" data-widget_type=\"image.default\">\n\t\t\t\t<div class=\"elementor-widget-container\">\n\t\t\t\t\t\t\t\t\t\t\t\t\t\t\t<img decoding=\"async\" width=\"1024\" height=\"534\" src=\"https:\/\/austinpartners.org\/wp-content\/uploads\/2024\/06\/mentor-photo_1600-x-942-cropped-1024x534.png\" class=\"attachment-large size-large wp-image-7488\" alt=\"\" srcset=\"https:\/\/austinpartners.org\/wp-content\/uploads\/2024\/06\/mentor-photo_1600-x-942-cropped-1024x534.png 1024w, https:\/\/austinpartners.org\/wp-content\/uploads\/2024\/06\/mentor-photo_1600-x-942-cropped-300x157.png 300w, https:\/\/austinpartners.org\/wp-content\/uploads\/2024\/06\/mentor-photo_1600-x-942-cropped-768x401.png 768w, https:\/\/austinpartners.org\/wp-content\/uploads\/2024\/06\/mentor-photo_1600-x-942-cropped-1536x802.png 1536w, https:\/\/austinpartners.org\/wp-content\/uploads\/2024\/06\/mentor-photo_1600-x-942-cropped-18x9.png 18w, https:\/\/austinpartners.org\/wp-content\/uploads\/2024\/06\/mentor-photo_1600-x-942-cropped.png 1600w\" sizes=\"(max-width: 1024px) 100vw, 1024px\" \/>\t\t\t\t\t\t\t\t\t\t\t\t\t\t\t<\/div>\n\t\t\t\t<\/div>\n\t\t\t\t<div class=\"elementor-element elementor-element-35781655 elementor-widget elementor-widget-heading\" data-id=\"35781655\" data-element_type=\"widget\" data-widget_type=\"heading.default\">\n\t\t\t\t<div class=\"elementor-widget-container\">\n\t\t\t\t\t<h3 class=\"elementor-heading-title elementor-size-medium\"><a href=\"http:\/\/austinpartners.org\/de\/our-programs\/mentoring\/\">APIEs Mentorenprogramm: Sekundarschulen<\/a><\/h3>\t\t\t\t<\/div>\n\t\t\t\t<\/div>\n\t\t\t\t<div class=\"elementor-element elementor-element-7b4b6dd7 elementor-widget elementor-widget-text-editor\" data-id=\"7b4b6dd7\" data-element_type=\"widget\" data-widget_type=\"text-editor.default\">\n\t\t\t\t<div class=\"elementor-widget-container\">\n\t\t\t\t\t\t\t\t\t<p><span data-contrast=\"none\">Seit 2004 haben wir Tausende von Studenten mit f\u00fcrsorglichen ehrenamtlichen Mentoren aus unserer Community zusammengebracht.<\/span>\u00a0<\/p><p><span data-contrast=\"none\">Aufgrund von Finanzierungsk\u00fcrzungen und -verschiebungen in den Bereichen, die AISD am dringendsten ben\u00f6tigt, APIE <\/span><span data-contrast=\"none\">kann nicht fortgesetzt werden<\/span><span data-contrast=\"none\"> unser Mentorenprogramm f\u00fcr das Schuljahr 2025-2026.<\/span><\/p>\t\t\t\t\t\t\t\t<\/div>\n\t\t\t\t<\/div>\n\t\t\t\t<div class=\"elementor-element elementor-element-46f55f0e elementor-align-left elementor-widget elementor-widget-button\" data-id=\"46f55f0e\" data-element_type=\"widget\" data-widget_type=\"button.default\">\n\t\t\t\t<div class=\"elementor-widget-container\">\n\t\t\t\t\t\t\t\t\t<div class=\"elementor-button-wrapper\">\n\t\t\t\t\t<a class=\"elementor-button elementor-button-link elementor-size-sm elementor-animation-grow\" href=\"https:\/\/austinpartners.org\/de\/mentoring-with-aisd-students\/\">\n\t\t\t\t\t\t<span class=\"elementor-button-content-wrapper\">\n\t\t\t\t\t\t\t\t\t<span class=\"elementor-button-text\">Weiterlesen<\/span>\n\t\t\t\t\t<\/span>\n\t\t\t\t\t<\/a>\n\t\t\t\t<\/div>\n\t\t\t\t\t\t\t\t<\/div>\n\t\t\t\t<\/div>\n\t\t\t\t\t<\/div>\n\t\t<\/div>\n\t\t\t\t<div class=\"elementor-column elementor-col-33 elementor-inner-column elementor-element elementor-element-4d1a6cb3\" data-id=\"4d1a6cb3\" data-element_type=\"column\" data-settings=\"{&quot;background_background&quot;:&quot;classic&quot;}\">\n\t\t\t<div class=\"elementor-widget-wrap elementor-element-populated\">\n\t\t\t\t\t\t<div class=\"elementor-element elementor-element-705933af elementor-widget elementor-widget-image\" data-id=\"705933af\" data-element_type=\"widget\" data-widget_type=\"image.default\">\n\t\t\t\t<div class=\"elementor-widget-container\">\n\t\t\t\t\t\t\t\t\t\t\t\t\t\t\t<img decoding=\"async\" width=\"360\" height=\"121\" src=\"https:\/\/austinpartners.org\/wp-content\/uploads\/2024\/08\/AISD__4_color_Horizontal.png\" class=\"attachment-large size-large wp-image-8320\" alt=\"\" srcset=\"https:\/\/austinpartners.org\/wp-content\/uploads\/2024\/08\/AISD__4_color_Horizontal.png 360w, https:\/\/austinpartners.org\/wp-content\/uploads\/2024\/08\/AISD__4_color_Horizontal-300x101.png 300w, https:\/\/austinpartners.org\/wp-content\/uploads\/2024\/08\/AISD__4_color_Horizontal-18x6.png 18w\" sizes=\"(max-width: 360px) 100vw, 360px\" \/>\t\t\t\t\t\t\t\t\t\t\t\t\t\t\t<\/div>\n\t\t\t\t<\/div>\n\t\t\t\t<div class=\"elementor-element elementor-element-5cdfed1f elementor-widget elementor-widget-heading\" data-id=\"5cdfed1f\" data-element_type=\"widget\" data-widget_type=\"heading.default\">\n\t\t\t\t<div class=\"elementor-widget-container\">\n\t\t\t\t\t<h3 class=\"elementor-heading-title elementor-size-medium\"><a href=\"http:\/\/austinpartners.org\/de\/get-involved\/austin-isd-school-volunteers-background-checks\/\">Freiwillige auf dem AISD-Campus<\/a><\/h3>\t\t\t\t<\/div>\n\t\t\t\t<\/div>\n\t\t\t\t<div class=\"elementor-element elementor-element-2010dfe7 elementor-widget elementor-widget-text-editor\" data-id=\"2010dfe7\" data-element_type=\"widget\" data-widget_type=\"text-editor.default\">\n\t\t\t\t<div class=\"elementor-widget-container\">\n\t\t\t\t\t\t\t\t\t<p>APIE f\u00fchrt keine Freiwilligenregistrierung oder Hintergrund\u00fcberpr\u00fcfungen mehr durch. AISD Campus-Freiwillige sind Eltern und Gemeindemitglieder<span style=\"font-family: Nunito, sans-serif; font-size: 16px; color: var( --e-global-color-text );\">\u00a0daran interessiert, einer Schule bei ihrem Bedarf an Freiwilligen zu helfen.\u00a0<\/span><\/p><p><span style=\"color: var( --e-global-color-text ); font-family: Nunito, sans-serif; font-size: 16px;\">Klicken Sie auf die Schaltfl\u00e4che unten, um sich anzumelden!<\/span><\/p><p><span style=\"color: var( --e-global-color-text ); font-family: Nunito, sans-serif; font-size: 16px;\">\u00a0<\/span><\/p>\t\t\t\t\t\t\t\t<\/div>\n\t\t\t\t<\/div>\n\t\t\t\t<div class=\"elementor-element elementor-element-7bf11ec1 elementor-widget elementor-widget-button\" data-id=\"7bf11ec1\" data-element_type=\"widget\" data-widget_type=\"button.default\">\n\t\t\t\t<div class=\"elementor-widget-container\">\n\t\t\t\t\t\t\t\t\t<div class=\"elementor-button-wrapper\">\n\t\t\t\t\t<a class=\"elementor-button elementor-button-link elementor-size-sm elementor-animation-grow\" href=\"https:\/\/austinisd.voly.org\/\">\n\t\t\t\t\t\t<span class=\"elementor-button-content-wrapper\">\n\t\t\t\t\t\t\t\t\t<span class=\"elementor-button-text\">Freiwilliger auf dem AISD-Campus<\/span>\n\t\t\t\t\t<\/span>\n\t\t\t\t\t<\/a>\n\t\t\t\t<\/div>\n\t\t\t\t\t\t\t\t<\/div>\n\t\t\t\t<\/div>\n\t\t\t\t\t<\/div>\n\t\t<\/div>\n\t\t\t\t\t<\/div>\n\t\t<\/section>\n\t\t\t\t\t<\/div>\n\t\t<\/div>\n\t\t\t\t\t<\/div>\n\t\t<\/section>\n\t\t\t\t<\/div>","protected":false},"excerpt":{"rendered":"<p>Freiwilligenarbeit Wir alle sind gefragt, um den Sch\u00fclern des Austin ISD zum Erfolg zu verhelfen. Unterst\u00fctzen Sie Ihre Sch\u00fcler mit dem Mathematik-Coaching-Programm von APIE. Die Mathematik-Coaches von APIE treffen sich w\u00f6chentlich mit kleinen Gruppen von Mittelstufensch\u00fclern im Mathematikunterricht, um ihr mathematisches Verst\u00e4ndnis zu verbessern. Erfahren Sie hier mehr \u00fcber dieses Programm. Die Anmeldung ist geschlossen [\u2026]<\/p>","protected":false},"author":2,"featured_media":0,"parent":0,"menu_order":0,"comment_status":"closed","ping_status":"closed","template":"","meta":{"_acf_changed":false,"inline_featured_image":false,"footnotes":""},"class_list":["post-8278","page","type-page","status-publish","hentry"],"acf":[],"yoast_head":"<!-- This site is optimized with the Yoast SEO plugin v24.9 - https:\/\/yoast.com\/wordpress\/plugins\/seo\/ -->\n<title>Volunteer Opportunities - Austin Partners in Education<\/title>\n<meta name=\"robots\" content=\"index, follow, max-snippet:-1, max-image-preview:large, max-video-preview:-1\" \/>\n<link rel=\"canonical\" href=\"https:\/\/austinpartners.org\/de\/volunteer-opportunities\/\" \/>\n<meta property=\"og:locale\" content=\"de_DE\" \/>\n<meta property=\"og:type\" content=\"article\" \/>\n<meta property=\"og:title\" content=\"Volunteer Opportunities - Austin Partners in Education\" \/>\n<meta property=\"og:description\" content=\"Volunteer Opportunities It takes all of us to help Austin ISD students succeed. Make a Difference and Support Students APIE&#8217;s Math Classroom Coaching Program APIE Math Coaches meet weekly with small groups of middle school students during math class to help increase their understanding of math. Learn more about this program here.\u00a0 Registration is closed [&hellip;]\" \/>\n<meta property=\"og:url\" content=\"https:\/\/austinpartners.org\/de\/volunteer-opportunities\/\" \/>\n<meta property=\"og:site_name\" content=\"Austin Partners in Education\" \/>\n<meta property=\"article:modified_time\" content=\"2025-07-31T23:47:45+00:00\" \/>\n<meta property=\"og:image\" content=\"https:\/\/austinpartners.org\/wp-content\/uploads\/2020\/06\/math-equations-and-pencil-2.jpg\" \/>\n\t<meta property=\"og:image:width\" content=\"1600\" \/>\n\t<meta property=\"og:image:height\" content=\"800\" \/>\n\t<meta property=\"og:image:type\" content=\"image\/jpeg\" \/>\n<meta name=\"twitter:card\" content=\"summary_large_image\" \/>\n<meta name=\"twitter:label1\" content=\"Gesch\u00e4tzte Lesezeit\" \/>\n\t<meta name=\"twitter:data1\" content=\"2\u00a0Minuten\" \/>\n<script type=\"application\/ld+json\" class=\"yoast-schema-graph\">{\"@context\":\"https:\/\/schema.org\",\"@graph\":[{\"@type\":\"WebPage\",\"@id\":\"https:\/\/austinpartners.org\/volunteer-opportunities\/\",\"url\":\"https:\/\/austinpartners.org\/volunteer-opportunities\/\",\"name\":\"Volunteer Opportunities - Austin Partners in Education\",\"isPartOf\":{\"@id\":\"https:\/\/austinpartners.org\/#website\"},\"primaryImageOfPage\":{\"@id\":\"https:\/\/austinpartners.org\/volunteer-opportunities\/#primaryimage\"},\"image\":{\"@id\":\"https:\/\/austinpartners.org\/volunteer-opportunities\/#primaryimage\"},\"thumbnailUrl\":\"https:\/\/austinpartners.org\/wp-content\/uploads\/2020\/06\/math-equations-and-pencil-2-1024x512.jpg\",\"datePublished\":\"2024-08-17T19:38:31+00:00\",\"dateModified\":\"2025-07-31T23:47:45+00:00\",\"breadcrumb\":{\"@id\":\"https:\/\/austinpartners.org\/volunteer-opportunities\/#breadcrumb\"},\"inLanguage\":\"de\",\"potentialAction\":[{\"@type\":\"ReadAction\",\"target\":[\"https:\/\/austinpartners.org\/volunteer-opportunities\/\"]}]},{\"@type\":\"ImageObject\",\"inLanguage\":\"de\",\"@id\":\"https:\/\/austinpartners.org\/volunteer-opportunities\/#primaryimage\",\"url\":\"https:\/\/austinpartners.org\/wp-content\/uploads\/2020\/06\/math-equations-and-pencil-2-1024x512.jpg\",\"contentUrl\":\"https:\/\/austinpartners.org\/wp-content\/uploads\/2020\/06\/math-equations-and-pencil-2-1024x512.jpg\"},{\"@type\":\"BreadcrumbList\",\"@id\":\"https:\/\/austinpartners.org\/volunteer-opportunities\/#breadcrumb\",\"itemListElement\":[{\"@type\":\"ListItem\",\"position\":1,\"name\":\"Home\",\"item\":\"https:\/\/austinpartners.org\/\"},{\"@type\":\"ListItem\",\"position\":2,\"name\":\"Volunteer Opportunities\"}]},{\"@type\":\"WebSite\",\"@id\":\"https:\/\/austinpartners.org\/#website\",\"url\":\"https:\/\/austinpartners.org\/\",\"name\":\"Austin Partners in Education\",\"description\":\"Inspire students to prepare them for school and life\",\"potentialAction\":[{\"@type\":\"SearchAction\",\"target\":{\"@type\":\"EntryPoint\",\"urlTemplate\":\"https:\/\/austinpartners.org\/?s={search_term_string}\"},\"query-input\":{\"@type\":\"PropertyValueSpecification\",\"valueRequired\":true,\"valueName\":\"search_term_string\"}}],\"inLanguage\":\"de\"}]}<\/script>\n<!-- \/ Yoast SEO plugin. -->","yoast_head_json":{"title":"Volunteer Opportunities - Austin Partners in Education","robots":{"index":"index","follow":"follow","max-snippet":"max-snippet:-1","max-image-preview":"max-image-preview:large","max-video-preview":"max-video-preview:-1"},"canonical":"https:\/\/austinpartners.org\/de\/volunteer-opportunities\/","og_locale":"de_DE","og_type":"article","og_title":"Volunteer Opportunities - Austin Partners in Education","og_description":"Volunteer Opportunities It takes all of us to help Austin ISD students succeed. Make a Difference and Support Students APIE&#8217;s Math Classroom Coaching Program APIE Math Coaches meet weekly with small groups of middle school students during math class to help increase their understanding of math. Learn more about this program here.\u00a0 Registration is closed [&hellip;]","og_url":"https:\/\/austinpartners.org\/de\/volunteer-opportunities\/","og_site_name":"Austin Partners in Education","article_modified_time":"2025-07-31T23:47:45+00:00","og_image":[{"width":1600,"height":800,"url":"https:\/\/austinpartners.org\/wp-content\/uploads\/2020\/06\/math-equations-and-pencil-2.jpg","type":"image\/jpeg"}],"twitter_card":"summary_large_image","twitter_misc":{"Gesch\u00e4tzte Lesezeit":"2\u00a0Minuten"},"schema":{"@context":"https:\/\/schema.org","@graph":[{"@type":"WebPage","@id":"https:\/\/austinpartners.org\/volunteer-opportunities\/","url":"https:\/\/austinpartners.org\/volunteer-opportunities\/","name":"Volunteer Opportunities - Austin Partners in Education","isPartOf":{"@id":"https:\/\/austinpartners.org\/#website"},"primaryImageOfPage":{"@id":"https:\/\/austinpartners.org\/volunteer-opportunities\/#primaryimage"},"image":{"@id":"https:\/\/austinpartners.org\/volunteer-opportunities\/#primaryimage"},"thumbnailUrl":"https:\/\/austinpartners.org\/wp-content\/uploads\/2020\/06\/math-equations-and-pencil-2-1024x512.jpg","datePublished":"2024-08-17T19:38:31+00:00","dateModified":"2025-07-31T23:47:45+00:00","breadcrumb":{"@id":"https:\/\/austinpartners.org\/volunteer-opportunities\/#breadcrumb"},"inLanguage":"de","potentialAction":[{"@type":"ReadAction","target":["https:\/\/austinpartners.org\/volunteer-opportunities\/"]}]},{"@type":"ImageObject","inLanguage":"de","@id":"https:\/\/austinpartners.org\/volunteer-opportunities\/#primaryimage","url":"https:\/\/austinpartners.org\/wp-content\/uploads\/2020\/06\/math-equations-and-pencil-2-1024x512.jpg","contentUrl":"https:\/\/austinpartners.org\/wp-content\/uploads\/2020\/06\/math-equations-and-pencil-2-1024x512.jpg"},{"@type":"BreadcrumbList","@id":"https:\/\/austinpartners.org\/volunteer-opportunities\/#breadcrumb","itemListElement":[{"@type":"ListItem","position":1,"name":"Home","item":"https:\/\/austinpartners.org\/"},{"@type":"ListItem","position":2,"name":"Volunteer Opportunities"}]},{"@type":"WebSite","@id":"https:\/\/austinpartners.org\/#website","url":"https:\/\/austinpartners.org\/","name":"Austin Partners in Education","description":"Inspire students to prepare them for school and life","potentialAction":[{"@type":"SearchAction","target":{"@type":"EntryPoint","urlTemplate":"https:\/\/austinpartners.org\/?s={search_term_string}"},"query-input":{"@type":"PropertyValueSpecification","valueRequired":true,"valueName":"search_term_string"}}],"inLanguage":"de"}]}},"_links":{"self":[{"href":"https:\/\/austinpartners.org\/de\/wp-json\/wp\/v2\/pages\/8278"}],"collection":[{"href":"https:\/\/austinpartners.org\/de\/wp-json\/wp\/v2\/pages"}],"about":[{"href":"https:\/\/austinpartners.org\/de\/wp-json\/wp\/v2\/types\/page"}],"author":[{"embeddable":true,"href":"https:\/\/austinpartners.org\/de\/wp-json\/wp\/v2\/users\/2"}],"replies":[{"embeddable":true,"href":"https:\/\/austinpartners.org\/de\/wp-json\/wp\/v2\/comments?post=8278"}],"version-history":[{"count":164,"href":"https:\/\/austinpartners.org\/de\/wp-json\/wp\/v2\/pages\/8278\/revisions"}],"predecessor-version":[{"id":10164,"href":"https:\/\/austinpartners.org\/de\/wp-json\/wp\/v2\/pages\/8278\/revisions\/10164"}],"wp:attachment":[{"href":"https:\/\/austinpartners.org\/de\/wp-json\/wp\/v2\/media?parent=8278"}],"curies":[{"name":"wp","href":"https:\/\/api.w.org\/{rel}","templated":true}]}}