{"id":4494,"date":"2021-08-17T15:07:39","date_gmt":"2021-08-17T15:07:39","guid":{"rendered":"https:\/\/austinpartners.org\/?page_id=4494"},"modified":"2024-10-30T18:46:43","modified_gmt":"2024-10-30T18:46:43","slug":"donate-to-apie","status":"publish","type":"page","link":"https:\/\/austinpartners.org\/de\/donate-to-apie\/","title":{"rendered":"Jetzt spenden"},"content":{"rendered":"<div data-elementor-type=\"wp-page\" data-elementor-id=\"4494\" class=\"elementor elementor-4494\" data-elementor-post-type=\"page\">\n\t\t\t\t\t\t<section class=\"elementor-section elementor-top-section elementor-element elementor-element-3d20d836 elementor-section-content-middle elementor-section-boxed elementor-section-height-default elementor-section-height-default\" data-id=\"3d20d836\" data-element_type=\"section\" data-settings=\"{&quot;background_background&quot;:&quot;classic&quot;}\">\n\t\t\t\t\t\t\t<div class=\"elementor-background-overlay\"><\/div>\n\t\t\t\t\t\t\t<div class=\"elementor-container elementor-column-gap-default\">\n\t\t\t\t\t<div class=\"elementor-column elementor-col-100 elementor-top-column elementor-element elementor-element-3ca668a8\" data-id=\"3ca668a8\" data-element_type=\"column\">\n\t\t\t<div class=\"elementor-widget-wrap elementor-element-populated\">\n\t\t\t\t\t\t<div class=\"elementor-element elementor-element-337165e elementor-headline--style-highlight elementor-widget elementor-widget-animated-headline\" data-id=\"337165e\" data-element_type=\"widget\" data-settings=\"{&quot;marker&quot;:&quot;underline&quot;,&quot;highlighted_text&quot;:&quot;Thank You for Your Support!&quot;,&quot;headline_style&quot;:&quot;highlight&quot;,&quot;loop&quot;:&quot;yes&quot;,&quot;highlight_animation_duration&quot;:1200,&quot;highlight_iteration_delay&quot;:8000}\" data-widget_type=\"animated-headline.default\">\n\t\t\t\t<div class=\"elementor-widget-container\">\n\t\t\t\t\t\t\t<h3 class=\"elementor-headline\">\n\t\t\t\t<span class=\"elementor-headline-dynamic-wrapper elementor-headline-text-wrapper\">\n\t\t\t\t\t<span class=\"elementor-headline-dynamic-text elementor-headline-text-active\">Vielen Dank f\u00fcr Ihre Unterst\u00fctzung!<\/span>\n\t\t\t\t<\/span>\n\t\t\t\t<\/h3>\n\t\t\t\t\t\t<\/div>\n\t\t\t\t<\/div>\n\t\t\t\t\t<\/div>\n\t\t<\/div>\n\t\t\t\t\t<\/div>\n\t\t<\/section>\n\t\t\t\t<section class=\"elementor-section elementor-top-section elementor-element elementor-element-6e4ff6ac elementor-section-content-middle elementor-section-boxed elementor-section-height-default elementor-section-height-default\" data-id=\"6e4ff6ac\" data-element_type=\"section\" data-settings=\"{&quot;background_background&quot;:&quot;classic&quot;}\">\n\t\t\t\t\t\t<div class=\"elementor-container elementor-column-gap-default\">\n\t\t\t\t\t<div class=\"elementor-column elementor-col-100 elementor-top-column elementor-element elementor-element-a19064e\" data-id=\"a19064e\" data-element_type=\"column\">\n\t\t\t<div class=\"elementor-widget-wrap elementor-element-populated\">\n\t\t\t\t\t\t<section class=\"elementor-section elementor-inner-section elementor-element elementor-element-0200a6d elementor-section-boxed elementor-section-height-default elementor-section-height-default\" data-id=\"0200a6d\" data-element_type=\"section\">\n\t\t\t\t\t\t<div class=\"elementor-container elementor-column-gap-default\">\n\t\t\t\t\t<div class=\"elementor-column elementor-col-100 elementor-inner-column elementor-element elementor-element-f8e7090\" data-id=\"f8e7090\" data-element_type=\"column\">\n\t\t\t<div class=\"elementor-widget-wrap elementor-element-populated\">\n\t\t\t\t\t\t<div class=\"elementor-element elementor-element-ce1ccf2 elementor-widget elementor-widget-text-editor\" data-id=\"ce1ccf2\" data-element_type=\"widget\" data-widget_type=\"text-editor.default\">\n\t\t\t\t<div class=\"elementor-widget-container\">\n\t\t\t\t\t\t\t\t\t<span style=\"font-size: large;\"><strong>Mit einer Spende an Austin Partners in Education bieten Sie Sch\u00fclern in Austin individuelle Nachhilfe und Mentoring und unterst\u00fctzen sie so auf dem Weg zu lebenslangem Erfolg. Als gemeinn\u00fctzige Organisation ist APIE auf externe Unterst\u00fctzung von Einzelpersonen, Unternehmen und privaten Stiftungen angewiesen, um j\u00e4hrlich \u00fcber 2.500 Sch\u00fclern des Austin ISD zu helfen.<\/strong><\/span>\t\t\t\t\t\t\t\t<\/div>\n\t\t\t\t<\/div>\n\t\t\t\t\t<\/div>\n\t\t<\/div>\n\t\t\t\t\t<\/div>\n\t\t<\/section>\n\t\t\t\t<div class=\"elementor-element elementor-element-32ce9a7 elementor-widget elementor-widget-shortcode\" data-id=\"32ce9a7\" data-element_type=\"widget\" data-widget_type=\"shortcode.default\">\n\t\t\t\t<div class=\"elementor-widget-container\">\n\t\t\t\t\t\t\t<div class=\"elementor-shortcode\"><div data-fundraising-form=\"8NDR96EK\" data-inline><\/div><\/div>\n\t\t\t\t\t\t<\/div>\n\t\t\t\t<\/div>\n\t\t\t\t\t<\/div>\n\t\t<\/div>\n\t\t\t\t\t<\/div>\n\t\t<\/section>\n\t\t\t\t<\/div>","protected":false},"excerpt":{"rendered":"<p>Vielen Dank f\u00fcr Ihre Unterst\u00fctzung! Mit Ihrer Spende an Austin Partners in Education erm\u00f6glichen Sie Sch\u00fclern in Austin individuelle Nachhilfe und Mentoring und unterst\u00fctzen sie so auf dem Weg zu lebenslangem Erfolg. Als gemeinn\u00fctzige Organisation ist APIE auf externe Unterst\u00fctzung von Einzelpersonen, Unternehmen und privaten Stiftungen angewiesen, um mehr als 2.500 Sch\u00fclern des Austin ISD zu unterst\u00fctzen [\u2026]<\/p>","protected":false},"author":2,"featured_media":0,"parent":0,"menu_order":0,"comment_status":"closed","ping_status":"closed","template":"","meta":{"_acf_changed":false,"inline_featured_image":false,"footnotes":""},"class_list":["post-4494","page","type-page","status-publish","hentry"],"acf":[],"yoast_head":"<!-- This site is optimized with the Yoast SEO plugin v24.9 - https:\/\/yoast.com\/wordpress\/plugins\/seo\/ -->\n<title>Donate Now - Austin Partners in Education<\/title>\n<meta name=\"robots\" content=\"index, follow, max-snippet:-1, max-image-preview:large, max-video-preview:-1\" \/>\n<link rel=\"canonical\" href=\"https:\/\/austinpartners.org\/de\/donate-to-apie\/\" \/>\n<meta property=\"og:locale\" content=\"de_DE\" \/>\n<meta property=\"og:type\" content=\"article\" \/>\n<meta property=\"og:title\" content=\"Donate Now - Austin Partners in Education\" \/>\n<meta property=\"og:description\" content=\"Thank You for Your Support! When you give to Austin Partners in Education, you give individualized tutoring and mentoring support to Austin students \u2013 putting them on the path to lifelong success. As a nonprofit organization, APIE relies on outside support from individuals, businesses, and private foundations to serve more than 2,500 Austin ISD students [&hellip;]\" \/>\n<meta property=\"og:url\" content=\"https:\/\/austinpartners.org\/de\/donate-to-apie\/\" \/>\n<meta property=\"og:site_name\" content=\"Austin Partners in Education\" \/>\n<meta property=\"article:modified_time\" content=\"2024-10-30T18:46:43+00:00\" \/>\n<meta name=\"twitter:card\" content=\"summary_large_image\" \/>\n<meta name=\"twitter:label1\" content=\"Gesch\u00e4tzte Lesezeit\" \/>\n\t<meta name=\"twitter:data1\" content=\"1\u00a0Minute\" \/>\n<script type=\"application\/ld+json\" class=\"yoast-schema-graph\">{\"@context\":\"https:\/\/schema.org\",\"@graph\":[{\"@type\":\"WebPage\",\"@id\":\"https:\/\/austinpartners.org\/donate-to-apie\/\",\"url\":\"https:\/\/austinpartners.org\/donate-to-apie\/\",\"name\":\"Donate Now - Austin Partners in Education\",\"isPartOf\":{\"@id\":\"https:\/\/austinpartners.org\/#website\"},\"datePublished\":\"2021-08-17T15:07:39+00:00\",\"dateModified\":\"2024-10-30T18:46:43+00:00\",\"breadcrumb\":{\"@id\":\"https:\/\/austinpartners.org\/donate-to-apie\/#breadcrumb\"},\"inLanguage\":\"de\",\"potentialAction\":[{\"@type\":\"ReadAction\",\"target\":[\"https:\/\/austinpartners.org\/donate-to-apie\/\"]}]},{\"@type\":\"BreadcrumbList\",\"@id\":\"https:\/\/austinpartners.org\/donate-to-apie\/#breadcrumb\",\"itemListElement\":[{\"@type\":\"ListItem\",\"position\":1,\"name\":\"Home\",\"item\":\"https:\/\/austinpartners.org\/\"},{\"@type\":\"ListItem\",\"position\":2,\"name\":\"Donate Now\"}]},{\"@type\":\"WebSite\",\"@id\":\"https:\/\/austinpartners.org\/#website\",\"url\":\"https:\/\/austinpartners.org\/\",\"name\":\"Austin Partners in Education\",\"description\":\"Inspire students to prepare them for school and life\",\"potentialAction\":[{\"@type\":\"SearchAction\",\"target\":{\"@type\":\"EntryPoint\",\"urlTemplate\":\"https:\/\/austinpartners.org\/?s={search_term_string}\"},\"query-input\":{\"@type\":\"PropertyValueSpecification\",\"valueRequired\":true,\"valueName\":\"search_term_string\"}}],\"inLanguage\":\"de\"}]}<\/script>\n<!-- \/ Yoast SEO plugin. -->","yoast_head_json":{"title":"Donate Now - Austin Partners in Education","robots":{"index":"index","follow":"follow","max-snippet":"max-snippet:-1","max-image-preview":"max-image-preview:large","max-video-preview":"max-video-preview:-1"},"canonical":"https:\/\/austinpartners.org\/de\/donate-to-apie\/","og_locale":"de_DE","og_type":"article","og_title":"Donate Now - Austin Partners in Education","og_description":"Thank You for Your Support! When you give to Austin Partners in Education, you give individualized tutoring and mentoring support to Austin students \u2013 putting them on the path to lifelong success. As a nonprofit organization, APIE relies on outside support from individuals, businesses, and private foundations to serve more than 2,500 Austin ISD students [&hellip;]","og_url":"https:\/\/austinpartners.org\/de\/donate-to-apie\/","og_site_name":"Austin Partners in Education","article_modified_time":"2024-10-30T18:46:43+00:00","twitter_card":"summary_large_image","twitter_misc":{"Gesch\u00e4tzte Lesezeit":"1\u00a0Minute"},"schema":{"@context":"https:\/\/schema.org","@graph":[{"@type":"WebPage","@id":"https:\/\/austinpartners.org\/donate-to-apie\/","url":"https:\/\/austinpartners.org\/donate-to-apie\/","name":"Donate Now - Austin Partners in Education","isPartOf":{"@id":"https:\/\/austinpartners.org\/#website"},"datePublished":"2021-08-17T15:07:39+00:00","dateModified":"2024-10-30T18:46:43+00:00","breadcrumb":{"@id":"https:\/\/austinpartners.org\/donate-to-apie\/#breadcrumb"},"inLanguage":"de","potentialAction":[{"@type":"ReadAction","target":["https:\/\/austinpartners.org\/donate-to-apie\/"]}]},{"@type":"BreadcrumbList","@id":"https:\/\/austinpartners.org\/donate-to-apie\/#breadcrumb","itemListElement":[{"@type":"ListItem","position":1,"name":"Home","item":"https:\/\/austinpartners.org\/"},{"@type":"ListItem","position":2,"name":"Donate Now"}]},{"@type":"WebSite","@id":"https:\/\/austinpartners.org\/#website","url":"https:\/\/austinpartners.org\/","name":"Austin Partners in Education","description":"Inspire students to prepare them for school and life","potentialAction":[{"@type":"SearchAction","target":{"@type":"EntryPoint","urlTemplate":"https:\/\/austinpartners.org\/?s={search_term_string}"},"query-input":{"@type":"PropertyValueSpecification","valueRequired":true,"valueName":"search_term_string"}}],"inLanguage":"de"}]}},"_links":{"self":[{"href":"https:\/\/austinpartners.org\/de\/wp-json\/wp\/v2\/pages\/4494"}],"collection":[{"href":"https:\/\/austinpartners.org\/de\/wp-json\/wp\/v2\/pages"}],"about":[{"href":"https:\/\/austinpartners.org\/de\/wp-json\/wp\/v2\/types\/page"}],"author":[{"embeddable":true,"href":"https:\/\/austinpartners.org\/de\/wp-json\/wp\/v2\/users\/2"}],"replies":[{"embeddable":true,"href":"https:\/\/austinpartners.org\/de\/wp-json\/wp\/v2\/comments?post=4494"}],"version-history":[{"count":55,"href":"https:\/\/austinpartners.org\/de\/wp-json\/wp\/v2\/pages\/4494\/revisions"}],"predecessor-version":[{"id":9339,"href":"https:\/\/austinpartners.org\/de\/wp-json\/wp\/v2\/pages\/4494\/revisions\/9339"}],"wp:attachment":[{"href":"https:\/\/austinpartners.org\/de\/wp-json\/wp\/v2\/media?parent=4494"}],"curies":[{"name":"wp","href":"https:\/\/api.w.org\/{rel}","templated":true}]}}