{"id":3509,"date":"2020-06-23T15:57:29","date_gmt":"2020-06-23T15:57:29","guid":{"rendered":"https:\/\/austinpartners.org\/?page_id=3509"},"modified":"2024-11-22T22:30:50","modified_gmt":"2024-11-22T22:30:50","slug":"make-a-difference","status":"publish","type":"page","link":"https:\/\/austinpartners.org\/de\/make-a-difference\/","title":{"rendered":"Machen Sie einen Unterschied"},"content":{"rendered":"<div data-elementor-type=\"wp-page\" data-elementor-id=\"3509\" class=\"elementor elementor-3509\" data-elementor-post-type=\"page\">\n\t\t\t\t\t\t<section class=\"elementor-section elementor-top-section elementor-element elementor-element-3d20d836 elementor-section-content-middle elementor-section-boxed elementor-section-height-default elementor-section-height-default\" data-id=\"3d20d836\" data-element_type=\"section\" data-settings=\"{&quot;background_background&quot;:&quot;classic&quot;}\">\n\t\t\t\t\t\t\t<div class=\"elementor-background-overlay\"><\/div>\n\t\t\t\t\t\t\t<div class=\"elementor-container elementor-column-gap-default\">\n\t\t\t\t\t<div class=\"elementor-column elementor-col-100 elementor-top-column elementor-element elementor-element-3ca668a8\" data-id=\"3ca668a8\" data-element_type=\"column\">\n\t\t\t<div class=\"elementor-widget-wrap elementor-element-populated\">\n\t\t\t\t\t\t<div class=\"elementor-element elementor-element-d25b8dd elementor-widget elementor-widget-heading\" data-id=\"d25b8dd\" data-element_type=\"widget\" data-widget_type=\"heading.default\">\n\t\t\t\t<div class=\"elementor-widget-container\">\n\t\t\t\t\t<h1 class=\"elementor-heading-title elementor-size-default\">MACHEN SIE HEUTE EINEN UNTERSCHIED!<\/h1>\t\t\t\t<\/div>\n\t\t\t\t<\/div>\n\t\t\t\t<div class=\"elementor-element elementor-element-3c2ffd59 elementor-widget elementor-widget-heading\" data-id=\"3c2ffd59\" data-element_type=\"widget\" data-widget_type=\"heading.default\">\n\t\t\t\t<div class=\"elementor-widget-container\">\n\t\t\t\t\t<p class=\"elementor-heading-title elementor-size-default\">Seit 2004 hat Austin Partners in Education das Leben Tausender ISD-Studenten in Austin durch Nachhilfe- und Mentoring-Unterst\u00fctzung beeinflusst.<\/p>\t\t\t\t<\/div>\n\t\t\t\t<\/div>\n\t\t\t\t\t<\/div>\n\t\t<\/div>\n\t\t\t\t\t<\/div>\n\t\t<\/section>\n\t\t\t\t<section class=\"elementor-section elementor-top-section elementor-element elementor-element-6e4ff6ac elementor-section-content-middle elementor-section-boxed elementor-section-height-default elementor-section-height-default\" data-id=\"6e4ff6ac\" data-element_type=\"section\" data-settings=\"{&quot;background_background&quot;:&quot;classic&quot;}\">\n\t\t\t\t\t\t<div class=\"elementor-container elementor-column-gap-default\">\n\t\t\t\t\t<div class=\"elementor-column elementor-col-50 elementor-top-column elementor-element elementor-element-1ab0022f\" data-id=\"1ab0022f\" data-element_type=\"column\">\n\t\t\t<div class=\"elementor-widget-wrap elementor-element-populated\">\n\t\t\t\t\t\t<div class=\"elementor-element elementor-element-4274b75e elementor-widget elementor-widget-heading\" data-id=\"4274b75e\" data-element_type=\"widget\" data-widget_type=\"heading.default\">\n\t\t\t\t<div class=\"elementor-widget-container\">\n\t\t\t\t\t<h2 class=\"elementor-heading-title elementor-size-default\">Wir k\u00f6nnen diese wichtige Arbeit nicht ohne Sie erledigen!<\/h2>\t\t\t\t<\/div>\n\t\t\t\t<\/div>\n\t\t\t\t\t<\/div>\n\t\t<\/div>\n\t\t\t\t<div class=\"elementor-column elementor-col-50 elementor-top-column elementor-element elementor-element-57023ef9\" data-id=\"57023ef9\" data-element_type=\"column\">\n\t\t\t<div class=\"elementor-widget-wrap elementor-element-populated\">\n\t\t\t\t\t\t<section class=\"elementor-section elementor-inner-section elementor-element elementor-element-4c0e93d7 elementor-section-content-middle elementor-section-boxed elementor-section-height-default elementor-section-height-default\" data-id=\"4c0e93d7\" data-element_type=\"section\">\n\t\t\t\t\t\t<div class=\"elementor-container elementor-column-gap-default\">\n\t\t\t\t\t<div class=\"elementor-column elementor-col-50 elementor-inner-column elementor-element elementor-element-435efc09\" data-id=\"435efc09\" data-element_type=\"column\">\n\t\t\t<div class=\"elementor-widget-wrap elementor-element-populated\">\n\t\t\t\t\t\t<div class=\"elementor-element elementor-element-1e0f62c5 elementor-widget elementor-widget-image\" data-id=\"1e0f62c5\" data-element_type=\"widget\" data-widget_type=\"image.default\">\n\t\t\t\t<div class=\"elementor-widget-container\">\n\t\t\t\t\t\t\t\t\t\t\t\t\t\t\t<img fetchpriority=\"high\" decoding=\"async\" width=\"1024\" height=\"1024\" src=\"https:\/\/austinpartners.org\/wp-content\/uploads\/2020\/03\/positive-and-caring.svg\" class=\"attachment-large size-large wp-image-578\" alt=\"\" \/>\t\t\t\t\t\t\t\t\t\t\t\t\t\t\t<\/div>\n\t\t\t\t<\/div>\n\t\t\t\t\t<\/div>\n\t\t<\/div>\n\t\t\t\t<div class=\"elementor-column elementor-col-50 elementor-inner-column elementor-element elementor-element-7cfe2ecd\" data-id=\"7cfe2ecd\" data-element_type=\"column\">\n\t\t\t<div class=\"elementor-widget-wrap elementor-element-populated\">\n\t\t\t\t\t\t<div class=\"elementor-element elementor-element-667044bc elementor-widget elementor-widget-counter\" data-id=\"667044bc\" data-element_type=\"widget\" data-widget_type=\"counter.default\">\n\t\t\t\t<div class=\"elementor-widget-container\">\n\t\t\t\t\t\t\t<div class=\"elementor-counter\">\n\t\t\t\t\t\t<div class=\"elementor-counter-number-wrapper\">\n\t\t\t\t<span class=\"elementor-counter-number-prefix\"><\/span>\n\t\t\t\t<span class=\"elementor-counter-number\" data-duration=\"2000\" data-to-value=\"2500\" data-from-value=\"0\" data-delimiter=\",\">0<\/span>\n\t\t\t\t<span class=\"elementor-counter-number-suffix\"><\/span>\n\t\t\t<\/div>\n\t\t<\/div>\n\t\t\t\t\t\t<\/div>\n\t\t\t\t<\/div>\n\t\t\t\t<div class=\"elementor-element elementor-element-4e3f87 elementor-widget elementor-widget-heading\" data-id=\"4e3f87\" data-element_type=\"widget\" data-widget_type=\"heading.default\">\n\t\t\t\t<div class=\"elementor-widget-container\">\n\t\t\t\t\t<h3 class=\"elementor-heading-title elementor-size-default\">Sch\u00fcler werden jedes Jahr unterrichtet und betreut<\/h3>\t\t\t\t<\/div>\n\t\t\t\t<\/div>\n\t\t\t\t\t<\/div>\n\t\t<\/div>\n\t\t\t\t\t<\/div>\n\t\t<\/section>\n\t\t\t\t\t<\/div>\n\t\t<\/div>\n\t\t\t\t\t<\/div>\n\t\t<\/section>\n\t\t\t\t<section class=\"elementor-section elementor-top-section elementor-element elementor-element-41d5ce2b elementor-section-content-middle elementor-section-boxed elementor-section-height-default elementor-section-height-default\" data-id=\"41d5ce2b\" data-element_type=\"section\" data-settings=\"{&quot;background_background&quot;:&quot;classic&quot;}\">\n\t\t\t\t\t\t<div class=\"elementor-container elementor-column-gap-default\">\n\t\t\t\t\t<div class=\"elementor-column elementor-col-50 elementor-top-column elementor-element elementor-element-1371121e\" data-id=\"1371121e\" data-element_type=\"column\">\n\t\t\t<div class=\"elementor-widget-wrap elementor-element-populated\">\n\t\t\t\t\t\t<div class=\"elementor-element elementor-element-437fd24 elementor-widget elementor-widget-heading\" data-id=\"437fd24\" data-element_type=\"widget\" data-widget_type=\"heading.default\">\n\t\t\t\t<div class=\"elementor-widget-container\">\n\t\t\t\t\t<h3 class=\"elementor-heading-title elementor-size-default\">Spenden Sie noch heute<\/h3>\t\t\t\t<\/div>\n\t\t\t\t<\/div>\n\t\t\t\t<div class=\"elementor-element elementor-element-7a247d27 elementor-widget elementor-widget-text-editor\" data-id=\"7a247d27\" data-element_type=\"widget\" data-widget_type=\"text-editor.default\">\n\t\t\t\t<div class=\"elementor-widget-container\">\n\t\t\t\t\t\t\t\t\t<p>Als eigenst\u00e4ndige 501 (c) 3 ist APIE auf die Unterst\u00fctzung von Einzelpersonen, Unternehmen und privaten Stiftungen von au\u00dfen angewiesen, um jedes Jahr mehr als 2.500 ISD-Studenten in Austin zu betreuen. Ihre Spenden helfen uns, unsere Programme, die das Leben der Sch\u00fcler ver\u00e4ndern, aufrechtzuerhalten und weiter auszubauen.<\/p><p>\u00a0<\/p><p><strong>R<i>R\u00fcckerstattungsrichtlinie<br \/><\/i><\/strong><i>R\u00fcckerstattungsantr\u00e4ge k\u00f6nnen erst nach Eingang Ihrer Spende bearbeitet werden. Vielen Dank f\u00fcr Ihr Verst\u00e4ndnis und Ihre Unterst\u00fctzung unserer Mission.<\/i><\/p>\t\t\t\t\t\t\t\t<\/div>\n\t\t\t\t<\/div>\n\t\t\t\t\t<\/div>\n\t\t<\/div>\n\t\t\t\t<div class=\"elementor-column elementor-col-50 elementor-top-column elementor-element elementor-element-582a696a\" data-id=\"582a696a\" data-element_type=\"column\">\n\t\t\t<div class=\"elementor-widget-wrap elementor-element-populated\">\n\t\t\t\t\t\t<div class=\"elementor-element elementor-element-1cb2fa4 elementor-align-center elementor-widget elementor-widget-button\" data-id=\"1cb2fa4\" data-element_type=\"widget\" data-widget_type=\"button.default\">\n\t\t\t\t<div class=\"elementor-widget-container\">\n\t\t\t\t\t\t\t\t\t<div class=\"elementor-button-wrapper\">\n\t\t\t\t\t<a class=\"elementor-button elementor-button-link elementor-size-sm elementor-animation-grow\" href=\"https:\/\/gcld.co\/8gjXBvZ\" target=\"_blank\">\n\t\t\t\t\t\t<span class=\"elementor-button-content-wrapper\">\n\t\t\t\t\t\t\t\t\t<span class=\"elementor-button-text\">Spenden<\/span>\n\t\t\t\t\t<\/span>\n\t\t\t\t\t<\/a>\n\t\t\t\t<\/div>\n\t\t\t\t\t\t\t\t<\/div>\n\t\t\t\t<\/div>\n\t\t\t\t\t<\/div>\n\t\t<\/div>\n\t\t\t\t\t<\/div>\n\t\t<\/section>\n\t\t\t\t<\/div>","protected":false},"excerpt":{"rendered":"<p>BEWEGEN SIE HEUTE ETWAS! Seit 2004 hat Austin Partners in Education das Leben Tausender Sch\u00fcler des Austin ISD durch Nachhilfe und Mentoring positiv beeinflusst. Ohne Sie w\u00e4re diese wichtige Arbeit nicht m\u00f6glich! Jedes Jahr erhalten 0 Sch\u00fcler Nachhilfe und Mentoring. Spenden Sie noch heute. Als eigenst\u00e4ndige 501(c) 3-Organisation ist APIE auf externe Unterst\u00fctzung von Einzelpersonen angewiesen, [\u2026]<\/p>","protected":false},"author":1,"featured_media":0,"parent":0,"menu_order":0,"comment_status":"closed","ping_status":"closed","template":"","meta":{"_acf_changed":false,"inline_featured_image":false,"footnotes":""},"class_list":["post-3509","page","type-page","status-publish","hentry"],"acf":[],"yoast_head":"<!-- This site is optimized with the Yoast SEO plugin v24.9 - https:\/\/yoast.com\/wordpress\/plugins\/seo\/ -->\n<title>Make a Difference - Austin Partners in Education<\/title>\n<meta name=\"robots\" content=\"index, follow, max-snippet:-1, max-image-preview:large, max-video-preview:-1\" \/>\n<link rel=\"canonical\" href=\"https:\/\/austinpartners.org\/de\/make-a-difference\/\" \/>\n<meta property=\"og:locale\" content=\"de_DE\" \/>\n<meta property=\"og:type\" content=\"article\" \/>\n<meta property=\"og:title\" content=\"Make a Difference - Austin Partners in Education\" \/>\n<meta property=\"og:description\" content=\"MAKE A DIFFERENCE TODAY! Since 2004, Austin Partners in Education has impacted the lives of thousands of Austin ISD students by providing tutoring and mentoring support. We can\u2019t do this important work without you! 0 Students Tutored &amp; Mentored Every Year Donate Today As a stand-alone 501(c) 3, APIE relies on outside support from individuals, [&hellip;]\" \/>\n<meta property=\"og:url\" content=\"https:\/\/austinpartners.org\/de\/make-a-difference\/\" \/>\n<meta property=\"og:site_name\" content=\"Austin Partners in Education\" \/>\n<meta property=\"article:modified_time\" content=\"2024-11-22T22:30:50+00:00\" \/>\n<meta name=\"twitter:card\" content=\"summary_large_image\" \/>\n<meta name=\"twitter:label1\" content=\"Gesch\u00e4tzte Lesezeit\" \/>\n\t<meta name=\"twitter:data1\" content=\"1\u00a0Minute\" \/>\n<script type=\"application\/ld+json\" class=\"yoast-schema-graph\">{\"@context\":\"https:\/\/schema.org\",\"@graph\":[{\"@type\":\"WebPage\",\"@id\":\"https:\/\/austinpartners.org\/make-a-difference\/\",\"url\":\"https:\/\/austinpartners.org\/make-a-difference\/\",\"name\":\"Make a Difference - Austin Partners in Education\",\"isPartOf\":{\"@id\":\"https:\/\/austinpartners.org\/#website\"},\"primaryImageOfPage\":{\"@id\":\"https:\/\/austinpartners.org\/make-a-difference\/#primaryimage\"},\"image\":{\"@id\":\"https:\/\/austinpartners.org\/make-a-difference\/#primaryimage\"},\"thumbnailUrl\":\"https:\/\/austinpartners.org\/wp-content\/uploads\/2020\/03\/positive-and-caring.svg\",\"datePublished\":\"2020-06-23T15:57:29+00:00\",\"dateModified\":\"2024-11-22T22:30:50+00:00\",\"breadcrumb\":{\"@id\":\"https:\/\/austinpartners.org\/make-a-difference\/#breadcrumb\"},\"inLanguage\":\"de\",\"potentialAction\":[{\"@type\":\"ReadAction\",\"target\":[\"https:\/\/austinpartners.org\/make-a-difference\/\"]}]},{\"@type\":\"ImageObject\",\"inLanguage\":\"de\",\"@id\":\"https:\/\/austinpartners.org\/make-a-difference\/#primaryimage\",\"url\":\"https:\/\/austinpartners.org\/wp-content\/uploads\/2020\/03\/positive-and-caring.svg\",\"contentUrl\":\"https:\/\/austinpartners.org\/wp-content\/uploads\/2020\/03\/positive-and-caring.svg\"},{\"@type\":\"BreadcrumbList\",\"@id\":\"https:\/\/austinpartners.org\/make-a-difference\/#breadcrumb\",\"itemListElement\":[{\"@type\":\"ListItem\",\"position\":1,\"name\":\"Home\",\"item\":\"https:\/\/austinpartners.org\/\"},{\"@type\":\"ListItem\",\"position\":2,\"name\":\"Make a Difference\"}]},{\"@type\":\"WebSite\",\"@id\":\"https:\/\/austinpartners.org\/#website\",\"url\":\"https:\/\/austinpartners.org\/\",\"name\":\"Austin Partners in Education\",\"description\":\"Inspire students to prepare them for school and life\",\"potentialAction\":[{\"@type\":\"SearchAction\",\"target\":{\"@type\":\"EntryPoint\",\"urlTemplate\":\"https:\/\/austinpartners.org\/?s={search_term_string}\"},\"query-input\":{\"@type\":\"PropertyValueSpecification\",\"valueRequired\":true,\"valueName\":\"search_term_string\"}}],\"inLanguage\":\"de\"}]}<\/script>\n<!-- \/ Yoast SEO plugin. -->","yoast_head_json":{"title":"Make a Difference - Austin Partners in Education","robots":{"index":"index","follow":"follow","max-snippet":"max-snippet:-1","max-image-preview":"max-image-preview:large","max-video-preview":"max-video-preview:-1"},"canonical":"https:\/\/austinpartners.org\/de\/make-a-difference\/","og_locale":"de_DE","og_type":"article","og_title":"Make a Difference - Austin Partners in Education","og_description":"MAKE A DIFFERENCE TODAY! Since 2004, Austin Partners in Education has impacted the lives of thousands of Austin ISD students by providing tutoring and mentoring support. We can\u2019t do this important work without you! 0 Students Tutored &amp; Mentored Every Year Donate Today As a stand-alone 501(c) 3, APIE relies on outside support from individuals, [&hellip;]","og_url":"https:\/\/austinpartners.org\/de\/make-a-difference\/","og_site_name":"Austin Partners in Education","article_modified_time":"2024-11-22T22:30:50+00:00","twitter_card":"summary_large_image","twitter_misc":{"Gesch\u00e4tzte Lesezeit":"1\u00a0Minute"},"schema":{"@context":"https:\/\/schema.org","@graph":[{"@type":"WebPage","@id":"https:\/\/austinpartners.org\/make-a-difference\/","url":"https:\/\/austinpartners.org\/make-a-difference\/","name":"Make a Difference - Austin Partners in Education","isPartOf":{"@id":"https:\/\/austinpartners.org\/#website"},"primaryImageOfPage":{"@id":"https:\/\/austinpartners.org\/make-a-difference\/#primaryimage"},"image":{"@id":"https:\/\/austinpartners.org\/make-a-difference\/#primaryimage"},"thumbnailUrl":"https:\/\/austinpartners.org\/wp-content\/uploads\/2020\/03\/positive-and-caring.svg","datePublished":"2020-06-23T15:57:29+00:00","dateModified":"2024-11-22T22:30:50+00:00","breadcrumb":{"@id":"https:\/\/austinpartners.org\/make-a-difference\/#breadcrumb"},"inLanguage":"de","potentialAction":[{"@type":"ReadAction","target":["https:\/\/austinpartners.org\/make-a-difference\/"]}]},{"@type":"ImageObject","inLanguage":"de","@id":"https:\/\/austinpartners.org\/make-a-difference\/#primaryimage","url":"https:\/\/austinpartners.org\/wp-content\/uploads\/2020\/03\/positive-and-caring.svg","contentUrl":"https:\/\/austinpartners.org\/wp-content\/uploads\/2020\/03\/positive-and-caring.svg"},{"@type":"BreadcrumbList","@id":"https:\/\/austinpartners.org\/make-a-difference\/#breadcrumb","itemListElement":[{"@type":"ListItem","position":1,"name":"Home","item":"https:\/\/austinpartners.org\/"},{"@type":"ListItem","position":2,"name":"Make a Difference"}]},{"@type":"WebSite","@id":"https:\/\/austinpartners.org\/#website","url":"https:\/\/austinpartners.org\/","name":"Austin Partners in Education","description":"Inspire students to prepare them for school and life","potentialAction":[{"@type":"SearchAction","target":{"@type":"EntryPoint","urlTemplate":"https:\/\/austinpartners.org\/?s={search_term_string}"},"query-input":{"@type":"PropertyValueSpecification","valueRequired":true,"valueName":"search_term_string"}}],"inLanguage":"de"}]}},"_links":{"self":[{"href":"https:\/\/austinpartners.org\/de\/wp-json\/wp\/v2\/pages\/3509"}],"collection":[{"href":"https:\/\/austinpartners.org\/de\/wp-json\/wp\/v2\/pages"}],"about":[{"href":"https:\/\/austinpartners.org\/de\/wp-json\/wp\/v2\/types\/page"}],"author":[{"embeddable":true,"href":"https:\/\/austinpartners.org\/de\/wp-json\/wp\/v2\/users\/1"}],"replies":[{"embeddable":true,"href":"https:\/\/austinpartners.org\/de\/wp-json\/wp\/v2\/comments?post=3509"}],"version-history":[{"count":35,"href":"https:\/\/austinpartners.org\/de\/wp-json\/wp\/v2\/pages\/3509\/revisions"}],"predecessor-version":[{"id":9390,"href":"https:\/\/austinpartners.org\/de\/wp-json\/wp\/v2\/pages\/3509\/revisions\/9390"}],"wp:attachment":[{"href":"https:\/\/austinpartners.org\/de\/wp-json\/wp\/v2\/media?parent=3509"}],"curies":[{"name":"wp","href":"https:\/\/api.w.org\/{rel}","templated":true}]}}