{"id":231,"date":"2020-03-05T15:57:41","date_gmt":"2020-03-05T15:57:41","guid":{"rendered":"http:\/\/austinpartners.org\/?page_id=231"},"modified":"2020-06-16T16:23:54","modified_gmt":"2020-06-16T16:23:54","slug":"terms","status":"publish","type":"page","link":"https:\/\/austinpartners.org\/de\/terms\/","title":{"rendered":"Bedingungen"},"content":{"rendered":"<div data-elementor-type=\"wp-page\" data-elementor-id=\"231\" class=\"elementor elementor-231\" data-elementor-post-type=\"page\">\n\t\t\t\t\t\t<section class=\"elementor-section elementor-top-section elementor-element elementor-element-4605c5b6 elementor-section-content-middle elementor-section-boxed elementor-section-height-default elementor-section-height-default\" data-id=\"4605c5b6\" data-element_type=\"section\" data-settings=\"{&quot;background_background&quot;:&quot;classic&quot;}\">\n\t\t\t\t\t\t\t<div class=\"elementor-background-overlay\"><\/div>\n\t\t\t\t\t\t\t<div class=\"elementor-container elementor-column-gap-default\">\n\t\t\t\t\t<div class=\"elementor-column elementor-col-100 elementor-top-column elementor-element elementor-element-610b9fd6\" data-id=\"610b9fd6\" data-element_type=\"column\">\n\t\t\t<div class=\"elementor-widget-wrap elementor-element-populated\">\n\t\t\t\t\t\t<div class=\"elementor-element elementor-element-7498ba21 elementor-widget elementor-widget-heading\" data-id=\"7498ba21\" data-element_type=\"widget\" data-widget_type=\"heading.default\">\n\t\t\t\t<div class=\"elementor-widget-container\">\n\t\t\t\t\t<h1 class=\"elementor-heading-title elementor-size-default\">Terms &amp; amp; Bedingungen<\/h1>\t\t\t\t<\/div>\n\t\t\t\t<\/div>\n\t\t\t\t\t<\/div>\n\t\t<\/div>\n\t\t\t\t\t<\/div>\n\t\t<\/section>\n\t\t\t\t<section class=\"elementor-section elementor-top-section elementor-element elementor-element-60fb5c14 elementor-section-content-middle elementor-section-boxed elementor-section-height-default elementor-section-height-default\" data-id=\"60fb5c14\" data-element_type=\"section\" data-settings=\"{&quot;background_background&quot;:&quot;classic&quot;}\">\n\t\t\t\t\t\t<div class=\"elementor-container elementor-column-gap-default\">\n\t\t\t\t\t<div class=\"elementor-column elementor-col-100 elementor-top-column elementor-element elementor-element-7a2a807\" data-id=\"7a2a807\" data-element_type=\"column\">\n\t\t\t<div class=\"elementor-widget-wrap elementor-element-populated\">\n\t\t\t\t\t\t<div class=\"elementor-element elementor-element-6c2bdbc elementor-widget elementor-widget-text-editor\" data-id=\"6c2bdbc\" data-element_type=\"widget\" data-widget_type=\"text-editor.default\">\n\t\t\t\t<div class=\"elementor-widget-container\">\n\t\t\t\t\t\t\t\t\t<p>Letzte Aktualisierung: 16. Juni 2020<\/p>\n\n<p>Bitte lesen Sie diese Allgemeinen Gesch\u00e4ftsbedingungen sorgf\u00e4ltig durch, bevor Sie unseren Service nutzen.<\/p>\n\n<h1>Interpretation und Definitionen<\/h1>\n<h2>Deutung<\/h2>\n<p>Die W\u00f6rter, deren Anfangsbuchstabe gro\u00df geschrieben wird, haben unter den folgenden Bedingungen definierte Bedeutungen.<\/p>\n<p>Die folgenden Definitionen haben dieselbe Bedeutung, unabh\u00e4ngig davon, ob sie im Singular oder im Plural erscheinen.<\/p>\n\n<h2>Definitionen<\/h2>\n<p>F\u00fcr die Zwecke dieser Allgemeinen Gesch\u00e4ftsbedingungen:<\/p>\n<ul>\n        <li><strong>Affiliate<\/strong> bezeichnet ein Unternehmen, das eine Partei kontrolliert, von dieser kontrolliert wird oder unter gemeinsamer Kontrolle mit einer Partei steht, wobei \u201eKontrolle\u201c das Eigentum an 50% oder mehr der Aktien, Beteiligungen oder anderen Wertpapiere bedeutet, die zur Wahl von Direktoren oder anderen Verwaltungsbeh\u00f6rden berechtigt sind.<\/li>\n      <li><strong>Unternehmen<\/strong> (in dieser Vereinbarung entweder als \u201edas Unternehmen\u201c, \u201ewir\u201c, \u201euns\u201c oder \u201eunser\u201c bezeichnet) bezieht sich auf Austin Partners in Education, Postfach 6118 Austin, TX 78762.<\/li>\n      <li><strong>Land<\/strong> bezieht sich auf: Texas, USA<\/li>\n  <li><strong>Ger\u00e4t<\/strong> bezeichnet jedes Ger\u00e4t, das auf den Dienst zugreifen kann, z. B. einen Computer, ein Mobiltelefon oder ein digitales Tablet.<\/li>\n                  <li><strong>Bedienung<\/strong> verweist auf die Website.<\/li>\n          <li><strong>Gesch\u00e4ftsbedingungen<\/strong> (auch als &quot;Bedingungen&quot; bezeichnet) bezeichnet diese Allgemeinen Gesch\u00e4ftsbedingungen, die die gesamte Vereinbarung zwischen Ihnen und dem Unternehmen \u00fcber die Nutzung des Dienstes bilden. Diese Allgemeinen Gesch\u00e4ftsbedingungen werden von der <a href=\"https:\/\/www.freeprivacypolicy.com\/free-terms-conditions-generator\/\">Generator f\u00fcr kostenlose Gesch\u00e4ftsbedingungen<\/a>.<\/li>\n    <li><strong>Social Media-Dienst eines Drittanbieters<\/strong> bezeichnet alle Dienste oder Inhalte (einschlie\u00dflich Daten, Informationen, Produkte oder Dienstleistungen), die von Dritten bereitgestellt werden und vom Dienst angezeigt, eingeschlossen oder verf\u00fcgbar gemacht werden k\u00f6nnen.<\/li>\n  <li><strong>Webseite<\/strong> verweist auf AustinPartners.org, erreichbar \u00fcber http:\/\/austinpartners.org\/<\/li>    <li><strong>Du<\/strong> bezeichnet die Person, die auf den Service zugreift oder diesen nutzt, oder das Unternehmen oder eine andere juristische Person, f\u00fcr die diese Person gegebenenfalls auf den Service zugreift oder diesen nutzt.<\/li>\n<\/ul>\n\n<h1>Wissen<\/h1>\n<p>Dies sind die Allgemeinen Gesch\u00e4ftsbedingungen f\u00fcr die Nutzung dieses Dienstes und die Vereinbarung, die zwischen Ihnen und dem Unternehmen besteht. Diese Allgemeinen Gesch\u00e4ftsbedingungen legen die Rechte und Pflichten aller Benutzer in Bezug auf die Nutzung des Dienstes fest.<\/p>\n<p>Ihr Zugang zu und Ihre Nutzung des Dienstes h\u00e4ngen davon ab, dass Sie diese Allgemeinen Gesch\u00e4ftsbedingungen akzeptieren und einhalten. Diese Allgemeinen Gesch\u00e4ftsbedingungen gelten f\u00fcr alle Besucher, Benutzer und andere Personen, die auf den Service zugreifen oder ihn nutzen.<\/p>\n<p>Durch den Zugriff auf oder die Nutzung des Dienstes erkl\u00e4ren Sie sich mit diesen Allgemeinen Gesch\u00e4ftsbedingungen einverstanden. Wenn Sie mit einem Teil dieser Allgemeinen Gesch\u00e4ftsbedingungen nicht einverstanden sind, k\u00f6nnen Sie m\u00f6glicherweise nicht auf den Service zugreifen.<\/p>\n<p>Sie erkl\u00e4ren, dass Sie \u00fcber 18 Jahre alt sind. Das Unternehmen gestattet Personen unter 18 Jahren nicht, den Service zu nutzen.<\/p>\n<p>Ihr Zugang zu und Ihre Nutzung des Dienstes h\u00e4ngen auch davon ab, dass Sie die Datenschutzrichtlinien des Unternehmens akzeptieren und einhalten. Unsere Datenschutzrichtlinie beschreibt unsere Richtlinien und Verfahren zur Erfassung, Verwendung und Offenlegung Ihrer pers\u00f6nlichen Daten bei der Nutzung der Anwendung oder der Website und informiert Sie \u00fcber Ihre Datenschutzrechte und dar\u00fcber, wie das Gesetz Sie sch\u00fctzt. Bitte lesen Sie unsere Datenschutzbestimmungen sorgf\u00e4ltig durch, bevor Sie unseren Service nutzen.<\/p>\n\n\n\n\n\n\n\n\n\n\n<h1>Links zu anderen Websites<\/h1>\n<p>Unser Service kann Links zu Websites oder Services von Drittanbietern enthalten, die nicht Eigentum des Unternehmens sind oder von diesem kontrolliert werden.<\/p>\n<p>Das Unternehmen hat keine Kontrolle \u00fcber den Inhalt, die Datenschutzrichtlinien oder die Praktiken von Websites oder Diensten Dritter und \u00fcbernimmt keine Verantwortung daf\u00fcr. Sie erkennen ferner an und erkl\u00e4ren sich damit einverstanden, dass das Unternehmen weder direkt noch indirekt f\u00fcr Sch\u00e4den oder Verluste verantwortlich oder haftbar ist, die durch oder im Zusammenhang mit der Nutzung oder dem Vertrauen auf solche Inhalte, Waren oder Dienstleistungen verursacht werden, die auf verf\u00fcgbar sind oder \u00fcber solche Websites oder Dienste.<\/p>\n<p>Wir empfehlen Ihnen dringend, die Allgemeinen Gesch\u00e4ftsbedingungen und Datenschutzrichtlinien der von Ihnen besuchten Websites oder Dienste von Drittanbietern zu lesen.<\/p>\n\n<h1>Beendigung<\/h1>\n    <p>Wir k\u00f6nnen Ihren Zugang ohne vorherige Ank\u00fcndigung oder Haftung aus irgendeinem Grund sofort beenden oder sperren, auch ohne Einschr\u00e4nkung, wenn Sie gegen diese Allgemeinen Gesch\u00e4ftsbedingungen versto\u00dfen.<\/p>\n    <p>Mit der K\u00fcndigung erlischt Ihr Recht zur Nutzung des Dienstes sofort.<\/p>\n\n<h1>Haftungsbeschr\u00e4nkung<\/h1>\n<p>Ungeachtet etwaiger Sch\u00e4den, die Ihnen entstehen k\u00f6nnten, ist die gesamte Haftung des Unternehmens und eines seiner Lieferanten gem\u00e4\u00df einer Bestimmung dieser Bedingungen und Ihr ausschlie\u00dflicher Rechtsbehelf f\u00fcr all das Vorstehende auf den tats\u00e4chlich von Ihnen \u00fcber den Service gezahlten Betrag oder 100 USD begrenzt wenn Sie nichts \u00fcber den Service gekauft haben.<\/p>\n<p>Soweit gesetzlich zul\u00e4ssig, haften das Unternehmen oder seine Lieferanten in keinem Fall f\u00fcr besondere, zuf\u00e4llige, indirekte oder Folgesch\u00e4den (einschlie\u00dflich, aber nicht beschr\u00e4nkt auf Sch\u00e4den f\u00fcr entgangenen Gewinn, entgangenen Daten oder sonstige Informationen, f\u00fcr Betriebsunterbrechungen, f\u00fcr Personensch\u00e4den, f\u00fcr den Verlust der Privatsph\u00e4re, die sich aus oder in irgendeiner Weise im Zusammenhang mit der Nutzung oder Unf\u00e4higkeit zur Nutzung des Dienstes, der mit dem Dienst verwendeten Software und \/ oder Hardware von Drittanbietern ergeben, oder andernfalls im Zusammenhang mit einer Bestimmung dieser Bedingungen), selbst wenn das Unternehmen oder ein Lieferant auf die M\u00f6glichkeit solcher Sch\u00e4den hingewiesen wurde und selbst wenn das Rechtsmittel seinen wesentlichen Zweck nicht erf\u00fcllt.<\/p>\n<p>Einige Staaten erlauben nicht den Ausschluss stillschweigender Garantien oder die Haftungsbeschr\u00e4nkung f\u00fcr Neben- oder Folgesch\u00e4den, was bedeutet, dass einige der oben genannten Einschr\u00e4nkungen m\u00f6glicherweise nicht gelten. In diesen Staaten ist die Haftung jeder Partei auf das gesetzlich zul\u00e4ssige Ma\u00df beschr\u00e4nkt.<\/p>\n\n<h1>Haftungsausschluss &quot;WIE BESEHEN&quot; und &quot;WIE VERF\u00dcGBAR&quot;<\/h1>\n<p>Der Service wird Ihnen &quot;WIE BESEHEN&quot; und &quot;WIE VERF\u00dcGBAR&quot; und mit allen Fehlern und M\u00e4ngeln ohne jegliche Gew\u00e4hrleistung zur Verf\u00fcgung gestellt. Soweit dies nach geltendem Recht zul\u00e4ssig ist, lehnt das Unternehmen in seinem eigenen Namen und im Namen seiner verbundenen Unternehmen sowie seiner und ihrer jeweiligen Lizenzgeber und Dienstleister ausdr\u00fccklich alle ausdr\u00fccklichen, stillschweigenden, gesetzlichen oder sonstigen Garantien in Bezug auf das Unternehmen ab Service, einschlie\u00dflich aller impliziten Garantien f\u00fcr Marktg\u00e4ngigkeit, Eignung f\u00fcr einen bestimmten Zweck, Titel und Nichtverletzung sowie Garantien, die sich aus dem Handel, dem Leistungsverlauf, der Nutzung oder der Handelspraxis ergeben k\u00f6nnen. Ohne Einschr\u00e4nkung des Vorstehenden gew\u00e4hrt das Unternehmen keine Garantie oder Zusicherung und gibt keinerlei Zusicherungen ab, dass der Service Ihren Anforderungen entspricht, beabsichtigte Ergebnisse erzielt, kompatibel ist oder mit anderer Software, Anwendungen, Systemen oder Diensten arbeitet, betrieben wird ohne Unterbrechung Leistungs- oder Zuverl\u00e4ssigkeitsstandards erf\u00fcllen oder fehlerfrei sein oder dass Fehler oder M\u00e4ngel behoben werden k\u00f6nnen oder werden.<\/p>\n<p>Ohne das Vorstehende einzuschr\u00e4nken, geben weder das Unternehmen noch einer der Anbieter des Unternehmens ausdr\u00fcckliche oder stillschweigende Zusicherungen oder Garantien jeglicher Art ab: (i) hinsichtlich des Betriebs oder der Verf\u00fcgbarkeit des Dienstes oder der Informationen, Inhalte und Materialien oder Produkte darauf enthalten; (ii) dass der Dienst ununterbrochen oder fehlerfrei ist; (iii) hinsichtlich der Richtigkeit, Zuverl\u00e4ssigkeit oder Aktualit\u00e4t von Informationen oder Inhalten, die \u00fcber den Service bereitgestellt werden; oder (iv) dass der Dienst, seine Server, der Inhalt oder die E-Mails, die von oder im Auftrag des Unternehmens gesendet werden, frei von Viren, Skripten, Trojanern, W\u00fcrmern, Malware, Zeitbomben oder anderen sch\u00e4dlichen Komponenten sind.<\/p>\n<p>In einigen L\u00e4ndern ist der Ausschluss bestimmter Arten von Garantien oder Einschr\u00e4nkungen der geltenden gesetzlichen Rechte eines Verbrauchers nicht zul\u00e4ssig. Daher gelten einige oder alle der oben genannten Ausschl\u00fcsse und Einschr\u00e4nkungen m\u00f6glicherweise nicht f\u00fcr Sie. In diesem Fall gelten jedoch die in diesem Abschnitt aufgef\u00fchrten Ausschl\u00fcsse und Beschr\u00e4nkungen so weit wie m\u00f6glich nach geltendem Recht.<\/p>\n\n<h1>Geltendes Recht<\/h1>\n<p>Die Gesetze des Landes unter Ausschluss seiner Kollisionsnormen regeln diese Bedingungen und Ihre Nutzung des Dienstes. Ihre Nutzung der Anwendung kann auch anderen lokalen, staatlichen, nationalen oder internationalen Gesetzen unterliegen.<\/p>\n\n<h1>Streitbeilegung<\/h1>\n<p>Wenn Sie Bedenken oder Streitigkeiten bez\u00fcglich des Service haben, erkl\u00e4ren Sie sich damit einverstanden, zun\u00e4chst zu versuchen, den Streit informell beizulegen, indem Sie sich an das Unternehmen wenden.<\/p>\n\n<h1>F\u00fcr Benutzer der Europ\u00e4ischen Union (EU)<\/h1>\n<p>Wenn Sie Verbraucher in der Europ\u00e4ischen Union sind, profitieren Sie von allen zwingenden Bestimmungen des Rechts des Landes, in dem Sie Ihren Wohnsitz haben.<\/p>\n\n\n<h1>Einhaltung der gesetzlichen Bestimmungen in den USA<\/h1>\n<p>Sie versichern und garantieren, dass (i) Sie sich nicht in einem Land befinden, das dem Embargo der US-Regierung unterliegt oder das von der US-Regierung als Land zur Unterst\u00fctzung von Terroristen ausgewiesen wurde, und (ii) nicht aufgef\u00fchrt auf einer Liste der verbotenen oder eingeschr\u00e4nkten Parteien der US-Regierung.<\/p>\n\n<h1>Salvatorische Klausel und Verzicht<\/h1>\n<h2>Salvatorische Klausel<\/h2>\n<p>Sollte eine Bestimmung dieser Bedingungen nicht durchsetzbar oder ung\u00fcltig sein, wird diese Bestimmung ge\u00e4ndert und interpretiert, um die Ziele dieser Bestimmung nach geltendem Recht so weit wie m\u00f6glich zu erreichen, und die \u00fcbrigen Bestimmungen bleiben in vollem Umfang in Kraft und wirksam.<\/p>\n\n<h2>Verzicht<\/h2>\n<p>Sofern hierin nicht anders angegeben, hat das Vers\u00e4umnis, ein Recht auszu\u00fcben oder die Erf\u00fcllung einer Verpflichtung gem\u00e4\u00df diesen Bedingungen zu verlangen, keine Auswirkungen auf die F\u00e4higkeit einer Partei, dieses Recht auszu\u00fcben oder diese Erf\u00fcllung zu einem sp\u00e4teren Zeitpunkt zu verlangen, und der Verzicht auf einen Versto\u00df stellt keinen Verzicht dar eines sp\u00e4teren Versto\u00dfes.<\/p>\n\n<h1>\u00dcbersetzung Interpretation<\/h1>\n<p>Diese Allgemeinen Gesch\u00e4ftsbedingungen wurden m\u00f6glicherweise \u00fcbersetzt, wenn wir sie Ihnen in unserem Service zur Verf\u00fcgung gestellt haben.<\/p>\n<p>Sie stimmen zu, dass im Streitfall der englische Originaltext Vorrang hat.<\/p>\n\n<h1>\u00c4nderungen dieser Allgemeinen Gesch\u00e4ftsbedingungen<\/h1>\n<p>Wir behalten uns das Recht vor, diese Bedingungen nach eigenem Ermessen jederzeit zu \u00e4ndern oder zu ersetzen. Wenn eine \u00dcberarbeitung wesentlich ist, werden wir angemessene Anstrengungen unternehmen, um eine Frist von mindestens 30 Tagen einzuhalten, bevor neue Bedingungen in Kraft treten. Was eine wesentliche \u00c4nderung darstellt, wird nach unserem alleinigen Ermessen festgelegt.<\/p>\n<p>Indem Sie nach Inkrafttreten dieser \u00c4nderungen weiterhin auf unseren Service zugreifen oder diesen nutzen, stimmen Sie zu, an die \u00fcberarbeiteten Bedingungen gebunden zu sein. Wenn Sie den neuen Bedingungen weder ganz noch teilweise zustimmen, stellen Sie bitte die Nutzung der Website und des Dienstes ein.<\/p>\n\n<h1>Kontaktiere uns<\/h1>\n<p>Wenn Sie Fragen zu diesen Allgemeinen Gesch\u00e4ftsbedingungen haben, k\u00f6nnen Sie uns kontaktieren:<\/p>\n\n<ul>\n        <li>Per E-Mail: APIE@AustinPartners.org<\/li>\n          <li>Besuchen Sie diese Seite auf unserer Website: http:\/\/austinpartners.org\/contact-us<\/li>\n          <li>Per Telefonnummer: 512-637-0900<\/li>\n          <li>Per Post: Postfach 6118 Austin, TX 78762<\/li>\n  <\/ul>\t\t\t\t\t\t\t\t<\/div>\n\t\t\t\t<\/div>\n\t\t\t\t\t<\/div>\n\t\t<\/div>\n\t\t\t\t\t<\/div>\n\t\t<\/section>\n\t\t\t\t<\/div>","protected":false},"excerpt":{"rendered":"<p>Allgemeine Gesch\u00e4ftsbedingungen Letzte Aktualisierung: 16. Juni 2020 Bitte lesen Sie diese Allgemeinen Gesch\u00e4ftsbedingungen sorgf\u00e4ltig durch, bevor Sie unseren Service nutzen. Interpretation und Definitionen Interpretation Die W\u00f6rter, deren Anfangsbuchstabe gro\u00df geschrieben wird, haben unter den folgenden Bedingungen definierte Bedeutungen. Die folgenden Definitionen haben dieselbe Bedeutung, unabh\u00e4ngig davon, ob sie im Singular oder [\u2026] erscheinen.<\/p>","protected":false},"author":1,"featured_media":0,"parent":0,"menu_order":0,"comment_status":"closed","ping_status":"closed","template":"","meta":{"_acf_changed":false,"inline_featured_image":false,"footnotes":""},"class_list":["post-231","page","type-page","status-publish","hentry"],"acf":[],"yoast_head":"<!-- This site is optimized with the Yoast SEO plugin v24.9 - https:\/\/yoast.com\/wordpress\/plugins\/seo\/ -->\n<title>Terms - Austin Partners in Education<\/title>\n<meta name=\"robots\" content=\"index, follow, max-snippet:-1, max-image-preview:large, max-video-preview:-1\" \/>\n<link rel=\"canonical\" href=\"https:\/\/austinpartners.org\/de\/terms\/\" \/>\n<meta property=\"og:locale\" content=\"de_DE\" \/>\n<meta property=\"og:type\" content=\"article\" \/>\n<meta property=\"og:title\" content=\"Terms - Austin Partners in Education\" \/>\n<meta property=\"og:description\" content=\"Terms &#038; Conditions Last updated: June 16, 2020 Please read these terms and conditions carefully before using Our Service. Interpretation and Definitions Interpretation The words of which the initial letter is capitalized have meanings defined under the following conditions. The following definitions shall have the same meaning regardless of whether they appear in singular or [&hellip;]\" \/>\n<meta property=\"og:url\" content=\"https:\/\/austinpartners.org\/de\/terms\/\" \/>\n<meta property=\"og:site_name\" content=\"Austin Partners in Education\" \/>\n<meta property=\"article:modified_time\" content=\"2020-06-16T16:23:54+00:00\" \/>\n<meta name=\"twitter:card\" content=\"summary_large_image\" \/>\n<meta name=\"twitter:label1\" content=\"Gesch\u00e4tzte Lesezeit\" \/>\n\t<meta name=\"twitter:data1\" content=\"8\u00a0Minuten\" \/>\n<script type=\"application\/ld+json\" class=\"yoast-schema-graph\">{\"@context\":\"https:\/\/schema.org\",\"@graph\":[{\"@type\":\"WebPage\",\"@id\":\"https:\/\/austinpartners.org\/terms\/\",\"url\":\"https:\/\/austinpartners.org\/terms\/\",\"name\":\"Terms - Austin Partners in Education\",\"isPartOf\":{\"@id\":\"https:\/\/austinpartners.org\/#website\"},\"datePublished\":\"2020-03-05T15:57:41+00:00\",\"dateModified\":\"2020-06-16T16:23:54+00:00\",\"breadcrumb\":{\"@id\":\"https:\/\/austinpartners.org\/terms\/#breadcrumb\"},\"inLanguage\":\"de\",\"potentialAction\":[{\"@type\":\"ReadAction\",\"target\":[\"https:\/\/austinpartners.org\/terms\/\"]}]},{\"@type\":\"BreadcrumbList\",\"@id\":\"https:\/\/austinpartners.org\/terms\/#breadcrumb\",\"itemListElement\":[{\"@type\":\"ListItem\",\"position\":1,\"name\":\"Home\",\"item\":\"https:\/\/austinpartners.org\/\"},{\"@type\":\"ListItem\",\"position\":2,\"name\":\"Terms\"}]},{\"@type\":\"WebSite\",\"@id\":\"https:\/\/austinpartners.org\/#website\",\"url\":\"https:\/\/austinpartners.org\/\",\"name\":\"Austin Partners in Education\",\"description\":\"Inspire students to prepare them for school and life\",\"potentialAction\":[{\"@type\":\"SearchAction\",\"target\":{\"@type\":\"EntryPoint\",\"urlTemplate\":\"https:\/\/austinpartners.org\/?s={search_term_string}\"},\"query-input\":{\"@type\":\"PropertyValueSpecification\",\"valueRequired\":true,\"valueName\":\"search_term_string\"}}],\"inLanguage\":\"de\"}]}<\/script>\n<!-- \/ Yoast SEO plugin. -->","yoast_head_json":{"title":"Terms - Austin Partners in Education","robots":{"index":"index","follow":"follow","max-snippet":"max-snippet:-1","max-image-preview":"max-image-preview:large","max-video-preview":"max-video-preview:-1"},"canonical":"https:\/\/austinpartners.org\/de\/terms\/","og_locale":"de_DE","og_type":"article","og_title":"Terms - Austin Partners in Education","og_description":"Terms &#038; Conditions Last updated: June 16, 2020 Please read these terms and conditions carefully before using Our Service. Interpretation and Definitions Interpretation The words of which the initial letter is capitalized have meanings defined under the following conditions. The following definitions shall have the same meaning regardless of whether they appear in singular or [&hellip;]","og_url":"https:\/\/austinpartners.org\/de\/terms\/","og_site_name":"Austin Partners in Education","article_modified_time":"2020-06-16T16:23:54+00:00","twitter_card":"summary_large_image","twitter_misc":{"Gesch\u00e4tzte Lesezeit":"8\u00a0Minuten"},"schema":{"@context":"https:\/\/schema.org","@graph":[{"@type":"WebPage","@id":"https:\/\/austinpartners.org\/terms\/","url":"https:\/\/austinpartners.org\/terms\/","name":"Terms - Austin Partners in Education","isPartOf":{"@id":"https:\/\/austinpartners.org\/#website"},"datePublished":"2020-03-05T15:57:41+00:00","dateModified":"2020-06-16T16:23:54+00:00","breadcrumb":{"@id":"https:\/\/austinpartners.org\/terms\/#breadcrumb"},"inLanguage":"de","potentialAction":[{"@type":"ReadAction","target":["https:\/\/austinpartners.org\/terms\/"]}]},{"@type":"BreadcrumbList","@id":"https:\/\/austinpartners.org\/terms\/#breadcrumb","itemListElement":[{"@type":"ListItem","position":1,"name":"Home","item":"https:\/\/austinpartners.org\/"},{"@type":"ListItem","position":2,"name":"Terms"}]},{"@type":"WebSite","@id":"https:\/\/austinpartners.org\/#website","url":"https:\/\/austinpartners.org\/","name":"Austin Partners in Education","description":"Inspire students to prepare them for school and life","potentialAction":[{"@type":"SearchAction","target":{"@type":"EntryPoint","urlTemplate":"https:\/\/austinpartners.org\/?s={search_term_string}"},"query-input":{"@type":"PropertyValueSpecification","valueRequired":true,"valueName":"search_term_string"}}],"inLanguage":"de"}]}},"_links":{"self":[{"href":"https:\/\/austinpartners.org\/de\/wp-json\/wp\/v2\/pages\/231"}],"collection":[{"href":"https:\/\/austinpartners.org\/de\/wp-json\/wp\/v2\/pages"}],"about":[{"href":"https:\/\/austinpartners.org\/de\/wp-json\/wp\/v2\/types\/page"}],"author":[{"embeddable":true,"href":"https:\/\/austinpartners.org\/de\/wp-json\/wp\/v2\/users\/1"}],"replies":[{"embeddable":true,"href":"https:\/\/austinpartners.org\/de\/wp-json\/wp\/v2\/comments?post=231"}],"version-history":[{"count":5,"href":"https:\/\/austinpartners.org\/de\/wp-json\/wp\/v2\/pages\/231\/revisions"}],"predecessor-version":[{"id":3500,"href":"https:\/\/austinpartners.org\/de\/wp-json\/wp\/v2\/pages\/231\/revisions\/3500"}],"wp:attachment":[{"href":"https:\/\/austinpartners.org\/de\/wp-json\/wp\/v2\/media?parent=231"}],"curies":[{"name":"wp","href":"https:\/\/api.w.org\/{rel}","templated":true}]}}